{"id":11623,"date":"2024-01-17T17:13:23","date_gmt":"2024-01-17T16:13:23","guid":{"rendered":"https:\/\/trendsandvision.nl\/de\/product\/esschert-design-giessbrause-ball-mintgruen-l\/"},"modified":"2026-04-07T10:48:42","modified_gmt":"2026-04-07T08:48:42","slug":"esschert-design-giessbrause-ball-mintgruen-l","status":"publish","type":"product","link":"https:\/\/trendsandvision.nl\/de\/product\/esschert-design-giessbrause-ball-mintgruen-l\/","title":{"rendered":"Esschert Design Gie\u00dfbrause Ball mintgr\u00fcn L"},"content":{"rendered":"<p>Artikelname Gie\u00dfbrause Ball mintgr\u00fcn L<\/p>\n<p>Diese mintgr\u00fcne Wassersprinkler kugel in L-Gr\u00f6\u00dfe eignet sich perfekt zum Bew\u00e4ssern junger Setzlinge.<br \/>\nDr\u00fccken Sie den Ball zusammen und halten Sie die Dusche unter Wasser.<br \/>\nLassen Sie los, damit sich der Ball f\u00fcllen kann. Dr\u00fccken Sie leicht, um die Setzlinge zu gie\u00dfen.<\/p>\n<p>Artikelnummer TG342<br \/>\nProduktgruppe(n) Garten&amp;Terrasse, Gartenger\u00e4te, Handwerkzeuge<br \/>\nProduktabmessungen in cm L 10,3 x T 10,3 x H 20,7<br \/>\nVolumen in Litern 0.490<br \/>\nMaterial PVC, Edelstahl<br \/>\nBruttogewicht 0,183 kg<br \/>\nNettogewicht 0,166 kg<br \/>\nBarcode 8714982261824<\/p>\n","protected":false},"excerpt":{"rendered":"<p>Artikelnummer TG342<br \/>\nL 10,3 x T 10,3 x H 20,7 cm<br \/>\nVolumen in Litern 0.490<br \/>\nMaterial PVC, Edelstahl<br \/>\nNettogewicht 0,166 kg<br \/>\nBarcode 8714982261824<\/p>\n","protected":false},"featured_media":11624,"template":"","meta":[],"product_brand":[9597,9598],"product_cat":[1284],"product_tag":[7536,6755,6786,6890],"class_list":{"0":"post-11623","1":"product","2":"type-product","3":"status-publish","4":"has-post-thumbnail","6":"product_brand-esschert-design","7":"product_brand-trends-and-vision","8":"product_cat-water-in-the-garden","9":"product_tag-brause","10":"product_tag-gartengeraete","11":"product_tag-giesskannen","12":"product_tag-spruehgeraete","13":"pa_anbieter-esschert-design","14":"pa_ean-code-6524","15":"pa_gewicht-6521","16":"pa_material-pvc-stainless-steel","17":"pa_messungen-103x103x207-cm","19":"first","20":"instock","21":"sale","22":"taxable","23":"shipping-taxable","24":"purchasable","25":"product-type-simple","26":"czr-hentry"},"yoast_head":"<!-- This site is optimized with the Yoast SEO Premium plugin v26.4 (Yoast SEO v27.4) - https:\/\/yoast.com\/product\/yoast-seo-premium-wordpress\/ -->\n<title>Esschert Design Gie\u00dfbrause Ball mintgr\u00fcn L (TG342 8714982261824) | Trends &amp; Vision<\/title>\n<meta name=\"description\" content=\"Esschert Design Gie\u00dfbrause Ball mintgr\u00fcn L (TG342 8714982261824)\" \/>\n<meta name=\"robots\" content=\"index, follow, max-snippet:-1, max-image-preview:large, max-video-preview:-1\" \/>\n<link rel=\"canonical\" href=\"https:\/\/trendsandvision.nl\/de\/product\/esschert-design-giessbrause-ball-mintgruen-l\/\" \/>\n<meta property=\"og:locale\" content=\"de_DE\" \/>\n<meta property=\"og:type\" content=\"article\" \/>\n<meta property=\"og:title\" content=\"Esschert Design Gie\u00dfbrause Ball mintgr\u00fcn L\" \/>\n<meta property=\"og:description\" content=\"Esschert Design Gie\u00dfbrause Ball mintgr\u00fcn L (TG342 8714982261824)\" \/>\n<meta property=\"og:url\" content=\"https:\/\/trendsandvision.nl\/de\/product\/esschert-design-giessbrause-ball-mintgruen-l\/\" \/>\n<meta property=\"og:site_name\" content=\"Trends &amp; Vision (DE)\" \/>\n<meta property=\"article:modified_time\" content=\"2026-04-07T08:48:42+00:00\" \/>\n<meta property=\"og:image\" content=\"https:\/\/trendsandvision.nl\/de\/wp-content\/uploads\/sites\/3\/2024\/01\/TG342_01.jpg\" \/>\n\t<meta property=\"og:image:width\" content=\"800\" \/>\n\t<meta property=\"og:image:height\" content=\"800\" \/>\n\t<meta property=\"og:image:type\" content=\"image\/jpeg\" \/>\n<meta name=\"twitter:card\" content=\"summary_large_image\" \/>\n<meta name=\"twitter:label1\" content=\"Gesch\u00e4tzte Lesezeit\" \/>\n\t<meta name=\"twitter:data1\" content=\"1\u00a0Minute\" \/>\n<script type=\"application\/ld+json\" class=\"yoast-schema-graph\">{\"@context\":\"https:\\\/\\\/schema.org\",\"@graph\":[{\"@type\":\"WebPage\",\"@id\":\"https:\\\/\\\/trendsandvision.nl\\\/de\\\/product\\\/esschert-design-giessbrause-ball-mintgruen-l\\\/\",\"url\":\"https:\\\/\\\/trendsandvision.nl\\\/de\\\/product\\\/esschert-design-giessbrause-ball-mintgruen-l\\\/\",\"name\":\"Esschert Design Gie\u00dfbrause Ball mintgr\u00fcn L (TG342 8714982261824) | Trends & Vision\",\"isPartOf\":{\"@id\":\"https:\\\/\\\/trendsandvision.nl\\\/de\\\/#website\"},\"primaryImageOfPage\":{\"@id\":\"https:\\\/\\\/trendsandvision.nl\\\/de\\\/product\\\/esschert-design-giessbrause-ball-mintgruen-l\\\/#primaryimage\"},\"image\":{\"@id\":\"https:\\\/\\\/trendsandvision.nl\\\/de\\\/product\\\/esschert-design-giessbrause-ball-mintgruen-l\\\/#primaryimage\"},\"thumbnailUrl\":\"https:\\\/\\\/trendsandvision.nl\\\/de\\\/wp-content\\\/uploads\\\/sites\\\/3\\\/2024\\\/01\\\/TG342_01.jpg\",\"datePublished\":\"2024-01-17T16:13:23+00:00\",\"dateModified\":\"2026-04-07T08:48:42+00:00\",\"description\":\"Esschert Design Gie\u00dfbrause Ball mintgr\u00fcn L (TG342 8714982261824)\",\"breadcrumb\":{\"@id\":\"https:\\\/\\\/trendsandvision.nl\\\/de\\\/product\\\/esschert-design-giessbrause-ball-mintgruen-l\\\/#breadcrumb\"},\"inLanguage\":\"de\",\"potentialAction\":[{\"@type\":\"ReadAction\",\"target\":[\"https:\\\/\\\/trendsandvision.nl\\\/de\\\/product\\\/esschert-design-giessbrause-ball-mintgruen-l\\\/\"]}]},{\"@type\":\"ImageObject\",\"inLanguage\":\"de\",\"@id\":\"https:\\\/\\\/trendsandvision.nl\\\/de\\\/product\\\/esschert-design-giessbrause-ball-mintgruen-l\\\/#primaryimage\",\"url\":\"https:\\\/\\\/trendsandvision.nl\\\/de\\\/wp-content\\\/uploads\\\/sites\\\/3\\\/2024\\\/01\\\/TG342_01.jpg\",\"contentUrl\":\"https:\\\/\\\/trendsandvision.nl\\\/de\\\/wp-content\\\/uploads\\\/sites\\\/3\\\/2024\\\/01\\\/TG342_01.jpg\",\"width\":800,\"height\":800,\"caption\":\"Esschert Design Gie\u00dfbrause Ball mintgr\u00fcn L (TG342 8714982261824) - 01\"},{\"@type\":\"BreadcrumbList\",\"@id\":\"https:\\\/\\\/trendsandvision.nl\\\/de\\\/product\\\/esschert-design-giessbrause-ball-mintgruen-l\\\/#breadcrumb\",\"itemListElement\":[{\"@type\":\"ListItem\",\"position\":1,\"name\":\"Home\",\"item\":\"https:\\\/\\\/trendsandvision.nl\\\/de\\\/\"},{\"@type\":\"ListItem\",\"position\":2,\"name\":\"Gesch\u00e4ft\",\"item\":\"https:\\\/\\\/trendsandvision.nl\\\/de\\\/geschaft\\\/\"},{\"@type\":\"ListItem\",\"position\":3,\"name\":\"Esschert Design Gie\u00dfbrause Ball mintgr\u00fcn L\"}]},{\"@type\":\"WebSite\",\"@id\":\"https:\\\/\\\/trendsandvision.nl\\\/de\\\/#website\",\"url\":\"https:\\\/\\\/trendsandvision.nl\\\/de\\\/\",\"name\":\"Trends &amp; Vision (DE)\",\"description\":\"Der Webshop f\u00fcr Esschert Design Artikel\",\"publisher\":{\"@id\":\"https:\\\/\\\/trendsandvision.nl\\\/de\\\/#organization\"},\"potentialAction\":[{\"@type\":\"SearchAction\",\"target\":{\"@type\":\"EntryPoint\",\"urlTemplate\":\"https:\\\/\\\/trendsandvision.nl\\\/de\\\/?s={search_term_string}\"},\"query-input\":{\"@type\":\"PropertyValueSpecification\",\"valueRequired\":true,\"valueName\":\"search_term_string\"}}],\"inLanguage\":\"de\"},{\"@type\":\"Organization\",\"@id\":\"https:\\\/\\\/trendsandvision.nl\\\/de\\\/#organization\",\"name\":\"Trends &amp; Vision (DE)\",\"url\":\"https:\\\/\\\/trendsandvision.nl\\\/de\\\/\",\"logo\":{\"@type\":\"ImageObject\",\"inLanguage\":\"de\",\"@id\":\"https:\\\/\\\/trendsandvision.nl\\\/de\\\/#\\\/schema\\\/logo\\\/image\\\/\",\"url\":\"https:\\\/\\\/trendsandvision.nl\\\/de\\\/wp-content\\\/uploads\\\/sites\\\/3\\\/2022\\\/04\\\/trends-and-vision-logo.jpg\",\"contentUrl\":\"https:\\\/\\\/trendsandvision.nl\\\/de\\\/wp-content\\\/uploads\\\/sites\\\/3\\\/2022\\\/04\\\/trends-and-vision-logo.jpg\",\"width\":213,\"height\":100,\"caption\":\"Trends &amp; Vision (DE)\"},\"image\":{\"@id\":\"https:\\\/\\\/trendsandvision.nl\\\/de\\\/#\\\/schema\\\/logo\\\/image\\\/\"}}]}<\/script>\n<!-- \/ Yoast SEO Premium plugin. -->","yoast_head_json":{"title":"Esschert Design Gie\u00dfbrause Ball mintgr\u00fcn L (TG342 8714982261824) | Trends & Vision","description":"Esschert Design Gie\u00dfbrause Ball mintgr\u00fcn L (TG342 8714982261824)","robots":{"index":"index","follow":"follow","max-snippet":"max-snippet:-1","max-image-preview":"max-image-preview:large","max-video-preview":"max-video-preview:-1"},"canonical":"https:\/\/trendsandvision.nl\/de\/product\/esschert-design-giessbrause-ball-mintgruen-l\/","og_locale":"de_DE","og_type":"article","og_title":"Esschert Design Gie\u00dfbrause Ball mintgr\u00fcn L","og_description":"Esschert Design Gie\u00dfbrause Ball mintgr\u00fcn L (TG342 8714982261824)","og_url":"https:\/\/trendsandvision.nl\/de\/product\/esschert-design-giessbrause-ball-mintgruen-l\/","og_site_name":"Trends &amp; Vision (DE)","article_modified_time":"2026-04-07T08:48:42+00:00","og_image":[{"width":800,"height":800,"url":"https:\/\/trendsandvision.nl\/de\/wp-content\/uploads\/sites\/3\/2024\/01\/TG342_01.jpg","type":"image\/jpeg"}],"twitter_card":"summary_large_image","twitter_misc":{"Gesch\u00e4tzte Lesezeit":"1\u00a0Minute"},"schema":{"@context":"https:\/\/schema.org","@graph":[{"@type":"WebPage","@id":"https:\/\/trendsandvision.nl\/de\/product\/esschert-design-giessbrause-ball-mintgruen-l\/","url":"https:\/\/trendsandvision.nl\/de\/product\/esschert-design-giessbrause-ball-mintgruen-l\/","name":"Esschert Design Gie\u00dfbrause Ball mintgr\u00fcn L (TG342 8714982261824) | Trends & Vision","isPartOf":{"@id":"https:\/\/trendsandvision.nl\/de\/#website"},"primaryImageOfPage":{"@id":"https:\/\/trendsandvision.nl\/de\/product\/esschert-design-giessbrause-ball-mintgruen-l\/#primaryimage"},"image":{"@id":"https:\/\/trendsandvision.nl\/de\/product\/esschert-design-giessbrause-ball-mintgruen-l\/#primaryimage"},"thumbnailUrl":"https:\/\/trendsandvision.nl\/de\/wp-content\/uploads\/sites\/3\/2024\/01\/TG342_01.jpg","datePublished":"2024-01-17T16:13:23+00:00","dateModified":"2026-04-07T08:48:42+00:00","description":"Esschert Design Gie\u00dfbrause Ball mintgr\u00fcn L (TG342 8714982261824)","breadcrumb":{"@id":"https:\/\/trendsandvision.nl\/de\/product\/esschert-design-giessbrause-ball-mintgruen-l\/#breadcrumb"},"inLanguage":"de","potentialAction":[{"@type":"ReadAction","target":["https:\/\/trendsandvision.nl\/de\/product\/esschert-design-giessbrause-ball-mintgruen-l\/"]}]},{"@type":"ImageObject","inLanguage":"de","@id":"https:\/\/trendsandvision.nl\/de\/product\/esschert-design-giessbrause-ball-mintgruen-l\/#primaryimage","url":"https:\/\/trendsandvision.nl\/de\/wp-content\/uploads\/sites\/3\/2024\/01\/TG342_01.jpg","contentUrl":"https:\/\/trendsandvision.nl\/de\/wp-content\/uploads\/sites\/3\/2024\/01\/TG342_01.jpg","width":800,"height":800,"caption":"Esschert Design Gie\u00dfbrause Ball mintgr\u00fcn L (TG342 8714982261824) - 01"},{"@type":"BreadcrumbList","@id":"https:\/\/trendsandvision.nl\/de\/product\/esschert-design-giessbrause-ball-mintgruen-l\/#breadcrumb","itemListElement":[{"@type":"ListItem","position":1,"name":"Home","item":"https:\/\/trendsandvision.nl\/de\/"},{"@type":"ListItem","position":2,"name":"Gesch\u00e4ft","item":"https:\/\/trendsandvision.nl\/de\/geschaft\/"},{"@type":"ListItem","position":3,"name":"Esschert Design Gie\u00dfbrause Ball mintgr\u00fcn L"}]},{"@type":"WebSite","@id":"https:\/\/trendsandvision.nl\/de\/#website","url":"https:\/\/trendsandvision.nl\/de\/","name":"Trends &amp; Vision (DE)","description":"Der Webshop f\u00fcr Esschert Design Artikel","publisher":{"@id":"https:\/\/trendsandvision.nl\/de\/#organization"},"potentialAction":[{"@type":"SearchAction","target":{"@type":"EntryPoint","urlTemplate":"https:\/\/trendsandvision.nl\/de\/?s={search_term_string}"},"query-input":{"@type":"PropertyValueSpecification","valueRequired":true,"valueName":"search_term_string"}}],"inLanguage":"de"},{"@type":"Organization","@id":"https:\/\/trendsandvision.nl\/de\/#organization","name":"Trends &amp; Vision (DE)","url":"https:\/\/trendsandvision.nl\/de\/","logo":{"@type":"ImageObject","inLanguage":"de","@id":"https:\/\/trendsandvision.nl\/de\/#\/schema\/logo\/image\/","url":"https:\/\/trendsandvision.nl\/de\/wp-content\/uploads\/sites\/3\/2022\/04\/trends-and-vision-logo.jpg","contentUrl":"https:\/\/trendsandvision.nl\/de\/wp-content\/uploads\/sites\/3\/2022\/04\/trends-and-vision-logo.jpg","width":213,"height":100,"caption":"Trends &amp; Vision (DE)"},"image":{"@id":"https:\/\/trendsandvision.nl\/de\/#\/schema\/logo\/image\/"}}]}},"_links":{"self":[{"href":"https:\/\/trendsandvision.nl\/de\/wp-json\/wp\/v2\/product\/11623","targetHints":{"allow":["GET"]}}],"collection":[{"href":"https:\/\/trendsandvision.nl\/de\/wp-json\/wp\/v2\/product"}],"about":[{"href":"https:\/\/trendsandvision.nl\/de\/wp-json\/wp\/v2\/types\/product"}],"wp:featuredmedia":[{"embeddable":true,"href":"https:\/\/trendsandvision.nl\/de\/wp-json\/wp\/v2\/media\/11624"}],"wp:attachment":[{"href":"https:\/\/trendsandvision.nl\/de\/wp-json\/wp\/v2\/media?parent=11623"}],"wp:term":[{"taxonomy":"product_brand","embeddable":true,"href":"https:\/\/trendsandvision.nl\/de\/wp-json\/wp\/v2\/product_brand?post=11623"},{"taxonomy":"product_cat","embeddable":true,"href":"https:\/\/trendsandvision.nl\/de\/wp-json\/wp\/v2\/product_cat?post=11623"},{"taxonomy":"product_tag","embeddable":true,"href":"https:\/\/trendsandvision.nl\/de\/wp-json\/wp\/v2\/product_tag?post=11623"}],"curies":[{"name":"wp","href":"https:\/\/api.w.org\/{rel}","templated":true}]}}