{"id":11619,"date":"2024-01-17T17:13:12","date_gmt":"2024-01-17T16:13:12","guid":{"rendered":"https:\/\/trendsandvision.nl\/de\/product\/esschert-design-schlauchhalter-wand-gruen\/"},"modified":"2026-04-07T10:48:39","modified_gmt":"2026-04-07T08:48:39","slug":"esschert-design-schlauchhalter-wand-gruen","status":"publish","type":"product","link":"https:\/\/trendsandvision.nl\/de\/product\/esschert-design-schlauchhalter-wand-gruen\/","title":{"rendered":"Esschert Design Schlauchhalter Wand gr\u00fcn"},"content":{"rendered":"<p>Mit diesem strong&gt;<a href=\"https:\/\/trendsandvision.nl\/de\/?s=Schlauchhalter&amp;post_type=product&amp;dgwt_wcas=1\">Schlauchhalter<\/a><\/strong> k\u00f6nnen Sie den Gartenschlauch ganz einfach aufh\u00e4ngen. Die erh\u00f6hte Vorder und hinterseite des Halters sorgt daf\u00fcr, dass der Schlauch an seinem Platz bleibt und nicht abrutscht. Der Halter ist mit einem lasergeschnittenen Silhouettenmotiv versehen.<\/p>\n<p>Artikelname strong&gt;<a href=\"https:\/\/trendsandvision.nl\/de\/?s=Schlauchhalter&amp;post_type=product&amp;dgwt_wcas=1\">Schlauchhalter<\/a><\/strong> Wand gr\u00fcn<br \/>\nArtikelnummer TG337<br \/>\nProduktgruppe(n) Garten&amp;Terrasse, Gartenger\u00e4te, Praktisches Zubeh\u00f6r<br \/>\nProduktabmessungen in cm L 28,1 x T 12,9 x H 13,8<br \/>\nMaterial Weichstahl<br \/>\nBruttogewicht 0,52 kg<br \/>\nNettogewicht 0,473 kg<br \/>\nBarcode 8714982255656<\/p>\n","protected":false},"excerpt":{"rendered":"<p>Artikelnummer TG337<br \/>\nL 28,1 x T 12,9 x H 13,8 cm<br \/>\nMaterial Weichstahl<br \/>\nNettogewicht 0,473 kg<br \/>\nBarcode 8714982255656<\/p>\n","protected":false},"featured_media":11827,"template":"","meta":[],"product_brand":[9597,9598],"product_cat":[1284],"product_tag":[7539,6855],"class_list":{"0":"post-11619","1":"product","2":"type-product","3":"status-publish","4":"has-post-thumbnail","6":"product_brand-esschert-design","7":"product_brand-trends-and-vision","8":"product_cat-water-in-the-garden","9":"product_tag-schlauchhalter","10":"product_tag-wand","11":"pa_anbieter-esschert-design","12":"pa_ean-code-6510","13":"pa_gewicht-6508","14":"pa_messungen-281x129x138-cm","16":"first","17":"instock","18":"sale","19":"taxable","20":"shipping-taxable","21":"purchasable","22":"product-type-simple","23":"czr-hentry"},"yoast_head":"<!-- This site is optimized with the Yoast SEO Premium plugin v26.4 (Yoast SEO v27.4) - https:\/\/yoast.com\/product\/yoast-seo-premium-wordpress\/ -->\n<title>Esschert Design Schlauchhalter Wand gr\u00fcn (TG337 8714982255656) | Trends &amp; Vision<\/title>\n<meta name=\"description\" content=\"Esschert Design Schlauchhalter Wand gr\u00fcn (TG337 8714982255656)\" \/>\n<meta name=\"robots\" content=\"index, follow, max-snippet:-1, max-image-preview:large, max-video-preview:-1\" \/>\n<link rel=\"canonical\" href=\"https:\/\/trendsandvision.nl\/de\/product\/esschert-design-schlauchhalter-wand-gruen\/\" \/>\n<meta property=\"og:locale\" content=\"de_DE\" \/>\n<meta property=\"og:type\" content=\"article\" \/>\n<meta property=\"og:title\" content=\"Esschert Design Schlauchhalter Wand gr\u00fcn\" \/>\n<meta property=\"og:description\" content=\"Esschert Design Schlauchhalter Wand gr\u00fcn (TG337 8714982255656)\" \/>\n<meta property=\"og:url\" content=\"https:\/\/trendsandvision.nl\/de\/product\/esschert-design-schlauchhalter-wand-gruen\/\" \/>\n<meta property=\"og:site_name\" content=\"Trends &amp; Vision (DE)\" \/>\n<meta property=\"article:modified_time\" content=\"2026-04-07T08:48:39+00:00\" \/>\n<meta property=\"og:image\" content=\"https:\/\/trendsandvision.nl\/de\/wp-content\/uploads\/sites\/3\/2024\/01\/Scherm\u00adafbeelding-2024-07-01-om-13.29.15.png\" \/>\n\t<meta property=\"og:image:width\" content=\"922\" \/>\n\t<meta property=\"og:image:height\" content=\"626\" \/>\n\t<meta property=\"og:image:type\" content=\"image\/png\" \/>\n<meta name=\"twitter:card\" content=\"summary_large_image\" \/>\n<meta name=\"twitter:label1\" content=\"Gesch\u00e4tzte Lesezeit\" \/>\n\t<meta name=\"twitter:data1\" content=\"1\u00a0Minute\" \/>\n<script type=\"application\/ld+json\" class=\"yoast-schema-graph\">{\"@context\":\"https:\\\/\\\/schema.org\",\"@graph\":[{\"@type\":\"WebPage\",\"@id\":\"https:\\\/\\\/trendsandvision.nl\\\/de\\\/product\\\/esschert-design-schlauchhalter-wand-gruen\\\/\",\"url\":\"https:\\\/\\\/trendsandvision.nl\\\/de\\\/product\\\/esschert-design-schlauchhalter-wand-gruen\\\/\",\"name\":\"Esschert Design Schlauchhalter Wand gr\u00fcn (TG337 8714982255656) | Trends & Vision\",\"isPartOf\":{\"@id\":\"https:\\\/\\\/trendsandvision.nl\\\/de\\\/#website\"},\"primaryImageOfPage\":{\"@id\":\"https:\\\/\\\/trendsandvision.nl\\\/de\\\/product\\\/esschert-design-schlauchhalter-wand-gruen\\\/#primaryimage\"},\"image\":{\"@id\":\"https:\\\/\\\/trendsandvision.nl\\\/de\\\/product\\\/esschert-design-schlauchhalter-wand-gruen\\\/#primaryimage\"},\"thumbnailUrl\":\"https:\\\/\\\/trendsandvision.nl\\\/de\\\/wp-content\\\/uploads\\\/sites\\\/3\\\/2024\\\/01\\\/Scherm\u00adafbeelding-2024-07-01-om-13.29.15.png\",\"datePublished\":\"2024-01-17T16:13:12+00:00\",\"dateModified\":\"2026-04-07T08:48:39+00:00\",\"description\":\"Esschert Design Schlauchhalter Wand gr\u00fcn (TG337 8714982255656)\",\"breadcrumb\":{\"@id\":\"https:\\\/\\\/trendsandvision.nl\\\/de\\\/product\\\/esschert-design-schlauchhalter-wand-gruen\\\/#breadcrumb\"},\"inLanguage\":\"de\",\"potentialAction\":[{\"@type\":\"ReadAction\",\"target\":[\"https:\\\/\\\/trendsandvision.nl\\\/de\\\/product\\\/esschert-design-schlauchhalter-wand-gruen\\\/\"]}]},{\"@type\":\"ImageObject\",\"inLanguage\":\"de\",\"@id\":\"https:\\\/\\\/trendsandvision.nl\\\/de\\\/product\\\/esschert-design-schlauchhalter-wand-gruen\\\/#primaryimage\",\"url\":\"https:\\\/\\\/trendsandvision.nl\\\/de\\\/wp-content\\\/uploads\\\/sites\\\/3\\\/2024\\\/01\\\/Scherm\u00adafbeelding-2024-07-01-om-13.29.15.png\",\"contentUrl\":\"https:\\\/\\\/trendsandvision.nl\\\/de\\\/wp-content\\\/uploads\\\/sites\\\/3\\\/2024\\\/01\\\/Scherm\u00adafbeelding-2024-07-01-om-13.29.15.png\",\"width\":922,\"height\":626},{\"@type\":\"BreadcrumbList\",\"@id\":\"https:\\\/\\\/trendsandvision.nl\\\/de\\\/product\\\/esschert-design-schlauchhalter-wand-gruen\\\/#breadcrumb\",\"itemListElement\":[{\"@type\":\"ListItem\",\"position\":1,\"name\":\"Home\",\"item\":\"https:\\\/\\\/trendsandvision.nl\\\/de\\\/\"},{\"@type\":\"ListItem\",\"position\":2,\"name\":\"Gesch\u00e4ft\",\"item\":\"https:\\\/\\\/trendsandvision.nl\\\/de\\\/geschaft\\\/\"},{\"@type\":\"ListItem\",\"position\":3,\"name\":\"Esschert Design Schlauchhalter Wand gr\u00fcn\"}]},{\"@type\":\"WebSite\",\"@id\":\"https:\\\/\\\/trendsandvision.nl\\\/de\\\/#website\",\"url\":\"https:\\\/\\\/trendsandvision.nl\\\/de\\\/\",\"name\":\"Trends &amp; Vision (DE)\",\"description\":\"Der Webshop f\u00fcr Esschert Design Artikel\",\"publisher\":{\"@id\":\"https:\\\/\\\/trendsandvision.nl\\\/de\\\/#organization\"},\"potentialAction\":[{\"@type\":\"SearchAction\",\"target\":{\"@type\":\"EntryPoint\",\"urlTemplate\":\"https:\\\/\\\/trendsandvision.nl\\\/de\\\/?s={search_term_string}\"},\"query-input\":{\"@type\":\"PropertyValueSpecification\",\"valueRequired\":true,\"valueName\":\"search_term_string\"}}],\"inLanguage\":\"de\"},{\"@type\":\"Organization\",\"@id\":\"https:\\\/\\\/trendsandvision.nl\\\/de\\\/#organization\",\"name\":\"Trends &amp; Vision (DE)\",\"url\":\"https:\\\/\\\/trendsandvision.nl\\\/de\\\/\",\"logo\":{\"@type\":\"ImageObject\",\"inLanguage\":\"de\",\"@id\":\"https:\\\/\\\/trendsandvision.nl\\\/de\\\/#\\\/schema\\\/logo\\\/image\\\/\",\"url\":\"https:\\\/\\\/trendsandvision.nl\\\/de\\\/wp-content\\\/uploads\\\/sites\\\/3\\\/2022\\\/04\\\/trends-and-vision-logo.jpg\",\"contentUrl\":\"https:\\\/\\\/trendsandvision.nl\\\/de\\\/wp-content\\\/uploads\\\/sites\\\/3\\\/2022\\\/04\\\/trends-and-vision-logo.jpg\",\"width\":213,\"height\":100,\"caption\":\"Trends &amp; Vision (DE)\"},\"image\":{\"@id\":\"https:\\\/\\\/trendsandvision.nl\\\/de\\\/#\\\/schema\\\/logo\\\/image\\\/\"}}]}<\/script>\n<!-- \/ Yoast SEO Premium plugin. -->","yoast_head_json":{"title":"Esschert Design Schlauchhalter Wand gr\u00fcn (TG337 8714982255656) | Trends & Vision","description":"Esschert Design Schlauchhalter Wand gr\u00fcn (TG337 8714982255656)","robots":{"index":"index","follow":"follow","max-snippet":"max-snippet:-1","max-image-preview":"max-image-preview:large","max-video-preview":"max-video-preview:-1"},"canonical":"https:\/\/trendsandvision.nl\/de\/product\/esschert-design-schlauchhalter-wand-gruen\/","og_locale":"de_DE","og_type":"article","og_title":"Esschert Design Schlauchhalter Wand gr\u00fcn","og_description":"Esschert Design Schlauchhalter Wand gr\u00fcn (TG337 8714982255656)","og_url":"https:\/\/trendsandvision.nl\/de\/product\/esschert-design-schlauchhalter-wand-gruen\/","og_site_name":"Trends &amp; Vision (DE)","article_modified_time":"2026-04-07T08:48:39+00:00","og_image":[{"width":922,"height":626,"url":"https:\/\/trendsandvision.nl\/de\/wp-content\/uploads\/sites\/3\/2024\/01\/Scherm\u00adafbeelding-2024-07-01-om-13.29.15.png","type":"image\/png"}],"twitter_card":"summary_large_image","twitter_misc":{"Gesch\u00e4tzte Lesezeit":"1\u00a0Minute"},"schema":{"@context":"https:\/\/schema.org","@graph":[{"@type":"WebPage","@id":"https:\/\/trendsandvision.nl\/de\/product\/esschert-design-schlauchhalter-wand-gruen\/","url":"https:\/\/trendsandvision.nl\/de\/product\/esschert-design-schlauchhalter-wand-gruen\/","name":"Esschert Design Schlauchhalter Wand gr\u00fcn (TG337 8714982255656) | Trends & Vision","isPartOf":{"@id":"https:\/\/trendsandvision.nl\/de\/#website"},"primaryImageOfPage":{"@id":"https:\/\/trendsandvision.nl\/de\/product\/esschert-design-schlauchhalter-wand-gruen\/#primaryimage"},"image":{"@id":"https:\/\/trendsandvision.nl\/de\/product\/esschert-design-schlauchhalter-wand-gruen\/#primaryimage"},"thumbnailUrl":"https:\/\/trendsandvision.nl\/de\/wp-content\/uploads\/sites\/3\/2024\/01\/Scherm\u00adafbeelding-2024-07-01-om-13.29.15.png","datePublished":"2024-01-17T16:13:12+00:00","dateModified":"2026-04-07T08:48:39+00:00","description":"Esschert Design Schlauchhalter Wand gr\u00fcn (TG337 8714982255656)","breadcrumb":{"@id":"https:\/\/trendsandvision.nl\/de\/product\/esschert-design-schlauchhalter-wand-gruen\/#breadcrumb"},"inLanguage":"de","potentialAction":[{"@type":"ReadAction","target":["https:\/\/trendsandvision.nl\/de\/product\/esschert-design-schlauchhalter-wand-gruen\/"]}]},{"@type":"ImageObject","inLanguage":"de","@id":"https:\/\/trendsandvision.nl\/de\/product\/esschert-design-schlauchhalter-wand-gruen\/#primaryimage","url":"https:\/\/trendsandvision.nl\/de\/wp-content\/uploads\/sites\/3\/2024\/01\/Scherm\u00adafbeelding-2024-07-01-om-13.29.15.png","contentUrl":"https:\/\/trendsandvision.nl\/de\/wp-content\/uploads\/sites\/3\/2024\/01\/Scherm\u00adafbeelding-2024-07-01-om-13.29.15.png","width":922,"height":626},{"@type":"BreadcrumbList","@id":"https:\/\/trendsandvision.nl\/de\/product\/esschert-design-schlauchhalter-wand-gruen\/#breadcrumb","itemListElement":[{"@type":"ListItem","position":1,"name":"Home","item":"https:\/\/trendsandvision.nl\/de\/"},{"@type":"ListItem","position":2,"name":"Gesch\u00e4ft","item":"https:\/\/trendsandvision.nl\/de\/geschaft\/"},{"@type":"ListItem","position":3,"name":"Esschert Design Schlauchhalter Wand gr\u00fcn"}]},{"@type":"WebSite","@id":"https:\/\/trendsandvision.nl\/de\/#website","url":"https:\/\/trendsandvision.nl\/de\/","name":"Trends &amp; Vision (DE)","description":"Der Webshop f\u00fcr Esschert Design Artikel","publisher":{"@id":"https:\/\/trendsandvision.nl\/de\/#organization"},"potentialAction":[{"@type":"SearchAction","target":{"@type":"EntryPoint","urlTemplate":"https:\/\/trendsandvision.nl\/de\/?s={search_term_string}"},"query-input":{"@type":"PropertyValueSpecification","valueRequired":true,"valueName":"search_term_string"}}],"inLanguage":"de"},{"@type":"Organization","@id":"https:\/\/trendsandvision.nl\/de\/#organization","name":"Trends &amp; Vision (DE)","url":"https:\/\/trendsandvision.nl\/de\/","logo":{"@type":"ImageObject","inLanguage":"de","@id":"https:\/\/trendsandvision.nl\/de\/#\/schema\/logo\/image\/","url":"https:\/\/trendsandvision.nl\/de\/wp-content\/uploads\/sites\/3\/2022\/04\/trends-and-vision-logo.jpg","contentUrl":"https:\/\/trendsandvision.nl\/de\/wp-content\/uploads\/sites\/3\/2022\/04\/trends-and-vision-logo.jpg","width":213,"height":100,"caption":"Trends &amp; Vision (DE)"},"image":{"@id":"https:\/\/trendsandvision.nl\/de\/#\/schema\/logo\/image\/"}}]}},"_links":{"self":[{"href":"https:\/\/trendsandvision.nl\/de\/wp-json\/wp\/v2\/product\/11619","targetHints":{"allow":["GET"]}}],"collection":[{"href":"https:\/\/trendsandvision.nl\/de\/wp-json\/wp\/v2\/product"}],"about":[{"href":"https:\/\/trendsandvision.nl\/de\/wp-json\/wp\/v2\/types\/product"}],"wp:featuredmedia":[{"embeddable":true,"href":"https:\/\/trendsandvision.nl\/de\/wp-json\/wp\/v2\/media\/11827"}],"wp:attachment":[{"href":"https:\/\/trendsandvision.nl\/de\/wp-json\/wp\/v2\/media?parent=11619"}],"wp:term":[{"taxonomy":"product_brand","embeddable":true,"href":"https:\/\/trendsandvision.nl\/de\/wp-json\/wp\/v2\/product_brand?post=11619"},{"taxonomy":"product_cat","embeddable":true,"href":"https:\/\/trendsandvision.nl\/de\/wp-json\/wp\/v2\/product_cat?post=11619"},{"taxonomy":"product_tag","embeddable":true,"href":"https:\/\/trendsandvision.nl\/de\/wp-json\/wp\/v2\/product_tag?post=11619"}],"curies":[{"name":"wp","href":"https:\/\/api.w.org\/{rel}","templated":true}]}}