{"id":11618,"date":"2024-01-17T17:13:09","date_gmt":"2024-01-17T16:13:09","guid":{"rendered":"https:\/\/trendsandvision.nl\/de\/product\/esschert-design-schlauchhalter-kran-guen\/"},"modified":"2026-04-07T10:48:38","modified_gmt":"2026-04-07T08:48:38","slug":"esschert-design-schlauchhalter-kran-gruen","status":"publish","type":"product","link":"https:\/\/trendsandvision.nl\/de\/product\/esschert-design-schlauchhalter-kran-gruen\/","title":{"rendered":"Esschert Design Schlauchhalter Kran gr\u00fcn"},"content":{"rendered":"<p>Mit diesem <strong><a href=\"https:\/\/trendsandvision.nl\/de\/?s=Schlauchhalter&amp;post_type=product&amp;dgwt_wcas=1\">Schlauchhalter<\/a><\/strong> k\u00f6nnen Sie den Gartenschlauch ganz einfach am Wasserhahn aufh\u00e4ngen. Die erh\u00f6hte Vorderseite des Halters sorgt daf\u00fcr, dass der Schlauch an seinem Platz bleibt und nicht abrutscht. Der Halter ist mit einem lasergeschnittenen Silhouettenmotiv versehen.<\/p>\n<p>Artikelname <strong><a href=\"https:\/\/trendsandvision.nl\/de\/?s=Schlauchhalter&amp;post_type=product&amp;dgwt_wcas=1\">Schlauchhalter<\/a><\/strong> Kran gr\u00fcn<br \/>\nArtikelnummer TG336<br \/>\nProduktgruppe(n) Garten&amp;Terrasse, Gartenger\u00e4te, Praktisches Zubeh\u00f6r<br \/>\nProduktabmessungen in cm L 9 x T 12 x H 25,3<br \/>\nMaterial Weichstahl<br \/>\nBruttogewicht 0,334 kg<br \/>\nNettogewicht 0,304 kg<br \/>\nBarcode 8714982255649<\/p>\n<p>Alle Schlauchhalter, klicken Sie <strong><a href=\"https:\/\/trendsandvision.nl\/de\/?s=schlauchh&amp;post_type=product&amp;dgwt_wcas=1\">HIER<\/a><\/strong><\/p>\n","protected":false},"excerpt":{"rendered":"<p>&#8211; Artikelnummer TG336<br \/>\n&#8211; Lasergeschnittene Silhouette<br \/>\n&#8211; Gartenschlauch rutscht nicht ab<br \/>\n&#8211; Erh\u00f6hte Vorderkante<br \/>\n&#8211; L 9 x T 12,5 x H 25,3 cm<br \/>\n&#8211; Material Weichstahl<br \/>\n&#8211; Nettogewicht 0,304 kg<br \/>\n&#8211; Barcode 8714982255649<\/p>\n","protected":false},"featured_media":11829,"template":"","meta":[],"product_brand":[9597,9598],"product_cat":[1284],"product_tag":[7539,6855],"class_list":{"0":"post-11618","1":"product","2":"type-product","3":"status-publish","4":"has-post-thumbnail","6":"product_brand-esschert-design","7":"product_brand-trends-and-vision","8":"product_cat-water-in-the-garden","9":"product_tag-schlauchhalter","10":"product_tag-wand","11":"pa_anbieter-esschert-design","12":"pa_ean-code-6507","13":"pa_gewicht-6505","14":"pa_messungen-90x125x253-cm","16":"first","17":"instock","18":"sale","19":"taxable","20":"shipping-taxable","21":"purchasable","22":"product-type-simple","23":"czr-hentry"},"yoast_head":"<!-- This site is optimized with the Yoast SEO Premium plugin v26.4 (Yoast SEO v27.4) - https:\/\/yoast.com\/product\/yoast-seo-premium-wordpress\/ -->\n<title>Esschert Design Schlauchhalter Kran g\u00fcn (TG336 8714982255649) | Trends &amp; Vision<\/title>\n<meta name=\"description\" content=\"Esschert Design Schlauchhalter Kran g\u00fcn (TG336 8714982255649)\" \/>\n<meta name=\"robots\" content=\"index, follow, max-snippet:-1, max-image-preview:large, max-video-preview:-1\" \/>\n<link rel=\"canonical\" href=\"https:\/\/trendsandvision.nl\/de\/product\/esschert-design-schlauchhalter-kran-gruen\/\" \/>\n<meta property=\"og:locale\" content=\"de_DE\" \/>\n<meta property=\"og:type\" content=\"article\" \/>\n<meta property=\"og:title\" content=\"Esschert Design Schlauchhalter Kran gr\u00fcn\" \/>\n<meta property=\"og:description\" content=\"Esschert Design Schlauchhalter Kran g\u00fcn (TG336 8714982255649)\" \/>\n<meta property=\"og:url\" content=\"https:\/\/trendsandvision.nl\/de\/product\/esschert-design-schlauchhalter-kran-gruen\/\" \/>\n<meta property=\"og:site_name\" content=\"Trends &amp; Vision (DE)\" \/>\n<meta property=\"article:modified_time\" content=\"2026-04-07T08:48:38+00:00\" \/>\n<meta property=\"og:image\" content=\"https:\/\/trendsandvision.nl\/de\/wp-content\/uploads\/sites\/3\/2024\/01\/Scherm\u00adafbeelding-2024-07-01-om-13.41.11.png\" \/>\n\t<meta property=\"og:image:width\" content=\"768\" \/>\n\t<meta property=\"og:image:height\" content=\"940\" \/>\n\t<meta property=\"og:image:type\" content=\"image\/png\" \/>\n<meta name=\"twitter:card\" content=\"summary_large_image\" \/>\n<meta name=\"twitter:label1\" content=\"Gesch\u00e4tzte Lesezeit\" \/>\n\t<meta name=\"twitter:data1\" content=\"1\u00a0Minute\" \/>\n<script type=\"application\/ld+json\" class=\"yoast-schema-graph\">{\"@context\":\"https:\\\/\\\/schema.org\",\"@graph\":[{\"@type\":\"WebPage\",\"@id\":\"https:\\\/\\\/trendsandvision.nl\\\/de\\\/product\\\/esschert-design-schlauchhalter-kran-gruen\\\/\",\"url\":\"https:\\\/\\\/trendsandvision.nl\\\/de\\\/product\\\/esschert-design-schlauchhalter-kran-gruen\\\/\",\"name\":\"Esschert Design Schlauchhalter Kran g\u00fcn (TG336 8714982255649) | Trends & Vision\",\"isPartOf\":{\"@id\":\"https:\\\/\\\/trendsandvision.nl\\\/de\\\/#website\"},\"primaryImageOfPage\":{\"@id\":\"https:\\\/\\\/trendsandvision.nl\\\/de\\\/product\\\/esschert-design-schlauchhalter-kran-gruen\\\/#primaryimage\"},\"image\":{\"@id\":\"https:\\\/\\\/trendsandvision.nl\\\/de\\\/product\\\/esschert-design-schlauchhalter-kran-gruen\\\/#primaryimage\"},\"thumbnailUrl\":\"https:\\\/\\\/trendsandvision.nl\\\/de\\\/wp-content\\\/uploads\\\/sites\\\/3\\\/2024\\\/01\\\/Scherm\u00adafbeelding-2024-07-01-om-13.41.11.png\",\"datePublished\":\"2024-01-17T16:13:09+00:00\",\"dateModified\":\"2026-04-07T08:48:38+00:00\",\"description\":\"Esschert Design Schlauchhalter Kran g\u00fcn (TG336 8714982255649)\",\"breadcrumb\":{\"@id\":\"https:\\\/\\\/trendsandvision.nl\\\/de\\\/product\\\/esschert-design-schlauchhalter-kran-gruen\\\/#breadcrumb\"},\"inLanguage\":\"de\",\"potentialAction\":[{\"@type\":\"ReadAction\",\"target\":[\"https:\\\/\\\/trendsandvision.nl\\\/de\\\/product\\\/esschert-design-schlauchhalter-kran-gruen\\\/\"]}]},{\"@type\":\"ImageObject\",\"inLanguage\":\"de\",\"@id\":\"https:\\\/\\\/trendsandvision.nl\\\/de\\\/product\\\/esschert-design-schlauchhalter-kran-gruen\\\/#primaryimage\",\"url\":\"https:\\\/\\\/trendsandvision.nl\\\/de\\\/wp-content\\\/uploads\\\/sites\\\/3\\\/2024\\\/01\\\/Scherm\u00adafbeelding-2024-07-01-om-13.41.11.png\",\"contentUrl\":\"https:\\\/\\\/trendsandvision.nl\\\/de\\\/wp-content\\\/uploads\\\/sites\\\/3\\\/2024\\\/01\\\/Scherm\u00adafbeelding-2024-07-01-om-13.41.11.png\",\"width\":768,\"height\":940},{\"@type\":\"BreadcrumbList\",\"@id\":\"https:\\\/\\\/trendsandvision.nl\\\/de\\\/product\\\/esschert-design-schlauchhalter-kran-gruen\\\/#breadcrumb\",\"itemListElement\":[{\"@type\":\"ListItem\",\"position\":1,\"name\":\"Home\",\"item\":\"https:\\\/\\\/trendsandvision.nl\\\/de\\\/\"},{\"@type\":\"ListItem\",\"position\":2,\"name\":\"Gesch\u00e4ft\",\"item\":\"https:\\\/\\\/trendsandvision.nl\\\/de\\\/geschaft\\\/\"},{\"@type\":\"ListItem\",\"position\":3,\"name\":\"Esschert Design Schlauchhalter Kran gr\u00fcn\"}]},{\"@type\":\"WebSite\",\"@id\":\"https:\\\/\\\/trendsandvision.nl\\\/de\\\/#website\",\"url\":\"https:\\\/\\\/trendsandvision.nl\\\/de\\\/\",\"name\":\"Trends &amp; Vision (DE)\",\"description\":\"Der Webshop f\u00fcr Esschert Design Artikel\",\"publisher\":{\"@id\":\"https:\\\/\\\/trendsandvision.nl\\\/de\\\/#organization\"},\"potentialAction\":[{\"@type\":\"SearchAction\",\"target\":{\"@type\":\"EntryPoint\",\"urlTemplate\":\"https:\\\/\\\/trendsandvision.nl\\\/de\\\/?s={search_term_string}\"},\"query-input\":{\"@type\":\"PropertyValueSpecification\",\"valueRequired\":true,\"valueName\":\"search_term_string\"}}],\"inLanguage\":\"de\"},{\"@type\":\"Organization\",\"@id\":\"https:\\\/\\\/trendsandvision.nl\\\/de\\\/#organization\",\"name\":\"Trends &amp; Vision (DE)\",\"url\":\"https:\\\/\\\/trendsandvision.nl\\\/de\\\/\",\"logo\":{\"@type\":\"ImageObject\",\"inLanguage\":\"de\",\"@id\":\"https:\\\/\\\/trendsandvision.nl\\\/de\\\/#\\\/schema\\\/logo\\\/image\\\/\",\"url\":\"https:\\\/\\\/trendsandvision.nl\\\/de\\\/wp-content\\\/uploads\\\/sites\\\/3\\\/2022\\\/04\\\/trends-and-vision-logo.jpg\",\"contentUrl\":\"https:\\\/\\\/trendsandvision.nl\\\/de\\\/wp-content\\\/uploads\\\/sites\\\/3\\\/2022\\\/04\\\/trends-and-vision-logo.jpg\",\"width\":213,\"height\":100,\"caption\":\"Trends &amp; Vision (DE)\"},\"image\":{\"@id\":\"https:\\\/\\\/trendsandvision.nl\\\/de\\\/#\\\/schema\\\/logo\\\/image\\\/\"}}]}<\/script>\n<!-- \/ Yoast SEO Premium plugin. -->","yoast_head_json":{"title":"Esschert Design Schlauchhalter Kran g\u00fcn (TG336 8714982255649) | Trends & Vision","description":"Esschert Design Schlauchhalter Kran g\u00fcn (TG336 8714982255649)","robots":{"index":"index","follow":"follow","max-snippet":"max-snippet:-1","max-image-preview":"max-image-preview:large","max-video-preview":"max-video-preview:-1"},"canonical":"https:\/\/trendsandvision.nl\/de\/product\/esschert-design-schlauchhalter-kran-gruen\/","og_locale":"de_DE","og_type":"article","og_title":"Esschert Design Schlauchhalter Kran gr\u00fcn","og_description":"Esschert Design Schlauchhalter Kran g\u00fcn (TG336 8714982255649)","og_url":"https:\/\/trendsandvision.nl\/de\/product\/esschert-design-schlauchhalter-kran-gruen\/","og_site_name":"Trends &amp; Vision (DE)","article_modified_time":"2026-04-07T08:48:38+00:00","og_image":[{"width":768,"height":940,"url":"https:\/\/trendsandvision.nl\/de\/wp-content\/uploads\/sites\/3\/2024\/01\/Scherm\u00adafbeelding-2024-07-01-om-13.41.11.png","type":"image\/png"}],"twitter_card":"summary_large_image","twitter_misc":{"Gesch\u00e4tzte Lesezeit":"1\u00a0Minute"},"schema":{"@context":"https:\/\/schema.org","@graph":[{"@type":"WebPage","@id":"https:\/\/trendsandvision.nl\/de\/product\/esschert-design-schlauchhalter-kran-gruen\/","url":"https:\/\/trendsandvision.nl\/de\/product\/esschert-design-schlauchhalter-kran-gruen\/","name":"Esschert Design Schlauchhalter Kran g\u00fcn (TG336 8714982255649) | Trends & Vision","isPartOf":{"@id":"https:\/\/trendsandvision.nl\/de\/#website"},"primaryImageOfPage":{"@id":"https:\/\/trendsandvision.nl\/de\/product\/esschert-design-schlauchhalter-kran-gruen\/#primaryimage"},"image":{"@id":"https:\/\/trendsandvision.nl\/de\/product\/esschert-design-schlauchhalter-kran-gruen\/#primaryimage"},"thumbnailUrl":"https:\/\/trendsandvision.nl\/de\/wp-content\/uploads\/sites\/3\/2024\/01\/Scherm\u00adafbeelding-2024-07-01-om-13.41.11.png","datePublished":"2024-01-17T16:13:09+00:00","dateModified":"2026-04-07T08:48:38+00:00","description":"Esschert Design Schlauchhalter Kran g\u00fcn (TG336 8714982255649)","breadcrumb":{"@id":"https:\/\/trendsandvision.nl\/de\/product\/esschert-design-schlauchhalter-kran-gruen\/#breadcrumb"},"inLanguage":"de","potentialAction":[{"@type":"ReadAction","target":["https:\/\/trendsandvision.nl\/de\/product\/esschert-design-schlauchhalter-kran-gruen\/"]}]},{"@type":"ImageObject","inLanguage":"de","@id":"https:\/\/trendsandvision.nl\/de\/product\/esschert-design-schlauchhalter-kran-gruen\/#primaryimage","url":"https:\/\/trendsandvision.nl\/de\/wp-content\/uploads\/sites\/3\/2024\/01\/Scherm\u00adafbeelding-2024-07-01-om-13.41.11.png","contentUrl":"https:\/\/trendsandvision.nl\/de\/wp-content\/uploads\/sites\/3\/2024\/01\/Scherm\u00adafbeelding-2024-07-01-om-13.41.11.png","width":768,"height":940},{"@type":"BreadcrumbList","@id":"https:\/\/trendsandvision.nl\/de\/product\/esschert-design-schlauchhalter-kran-gruen\/#breadcrumb","itemListElement":[{"@type":"ListItem","position":1,"name":"Home","item":"https:\/\/trendsandvision.nl\/de\/"},{"@type":"ListItem","position":2,"name":"Gesch\u00e4ft","item":"https:\/\/trendsandvision.nl\/de\/geschaft\/"},{"@type":"ListItem","position":3,"name":"Esschert Design Schlauchhalter Kran gr\u00fcn"}]},{"@type":"WebSite","@id":"https:\/\/trendsandvision.nl\/de\/#website","url":"https:\/\/trendsandvision.nl\/de\/","name":"Trends &amp; Vision (DE)","description":"Der Webshop f\u00fcr Esschert Design Artikel","publisher":{"@id":"https:\/\/trendsandvision.nl\/de\/#organization"},"potentialAction":[{"@type":"SearchAction","target":{"@type":"EntryPoint","urlTemplate":"https:\/\/trendsandvision.nl\/de\/?s={search_term_string}"},"query-input":{"@type":"PropertyValueSpecification","valueRequired":true,"valueName":"search_term_string"}}],"inLanguage":"de"},{"@type":"Organization","@id":"https:\/\/trendsandvision.nl\/de\/#organization","name":"Trends &amp; Vision (DE)","url":"https:\/\/trendsandvision.nl\/de\/","logo":{"@type":"ImageObject","inLanguage":"de","@id":"https:\/\/trendsandvision.nl\/de\/#\/schema\/logo\/image\/","url":"https:\/\/trendsandvision.nl\/de\/wp-content\/uploads\/sites\/3\/2022\/04\/trends-and-vision-logo.jpg","contentUrl":"https:\/\/trendsandvision.nl\/de\/wp-content\/uploads\/sites\/3\/2022\/04\/trends-and-vision-logo.jpg","width":213,"height":100,"caption":"Trends &amp; Vision (DE)"},"image":{"@id":"https:\/\/trendsandvision.nl\/de\/#\/schema\/logo\/image\/"}}]}},"_links":{"self":[{"href":"https:\/\/trendsandvision.nl\/de\/wp-json\/wp\/v2\/product\/11618","targetHints":{"allow":["GET"]}}],"collection":[{"href":"https:\/\/trendsandvision.nl\/de\/wp-json\/wp\/v2\/product"}],"about":[{"href":"https:\/\/trendsandvision.nl\/de\/wp-json\/wp\/v2\/types\/product"}],"wp:featuredmedia":[{"embeddable":true,"href":"https:\/\/trendsandvision.nl\/de\/wp-json\/wp\/v2\/media\/11829"}],"wp:attachment":[{"href":"https:\/\/trendsandvision.nl\/de\/wp-json\/wp\/v2\/media?parent=11618"}],"wp:term":[{"taxonomy":"product_brand","embeddable":true,"href":"https:\/\/trendsandvision.nl\/de\/wp-json\/wp\/v2\/product_brand?post=11618"},{"taxonomy":"product_cat","embeddable":true,"href":"https:\/\/trendsandvision.nl\/de\/wp-json\/wp\/v2\/product_cat?post=11618"},{"taxonomy":"product_tag","embeddable":true,"href":"https:\/\/trendsandvision.nl\/de\/wp-json\/wp\/v2\/product_tag?post=11618"}],"curies":[{"name":"wp","href":"https:\/\/api.w.org\/{rel}","templated":true}]}}