{"id":11513,"date":"2024-01-17T17:08:43","date_gmt":"2024-01-17T16:08:43","guid":{"rendered":"https:\/\/trendsandvision.nl\/de\/product\/esschert-design-entdeckertasche-insekten\/"},"modified":"2026-04-07T10:38:21","modified_gmt":"2026-04-07T08:38:21","slug":"esschert-design-entdeckertasche-insekten","status":"publish","type":"product","link":"https:\/\/trendsandvision.nl\/de\/product\/esschert-design-entdeckertasche-insekten\/","title":{"rendered":"Esschert Design Entdeckertasche Insekten"},"content":{"rendered":"<p>Artikelname Entdeckertasche Insekten<br \/>\nArtikelnummer KG310<br \/>\nProduktgruppe(n) Kinder, Entdeckungssets<br \/>\nProduktabmessungen in cm L 23 x T 3 x H 12,8<br \/>\nBruttogewicht 0,221 kg<br \/>\nNettogewicht 0,201 kg<br \/>\nBarcode 8714982262579<br \/>\nFSC\u00ae 100%<\/p>\n<p>P\u00e4dagogisch konzipiert, um die kognitiven F\u00e4higkeiten eines Kindes zu stimulieren und es so optimal wie m\u00f6glich zu entwickeln. Dazu geh\u00f6ren F\u00e4higkeiten wie logisches Denken, Rechnen, Lesen, Schreiben, Pl\u00e4ne schmieden und Initiative ergreifen. Beim Spielen mit Lernspielzeug werden diese Funktionen st\u00e4ndig genutzt.<\/p>\n","protected":false},"excerpt":{"rendered":"<p>L 23 x T 3 x H 12,8 cm<br \/>\nNettogewicht 0,201 kg<br \/>\nBarcode 8714982262579<br \/>\nFSC\u00ae 100%<\/p>\n","protected":false},"featured_media":11904,"template":"","meta":[],"product_brand":[9597,9598],"product_cat":[3056],"product_tag":[7025,7528,7251,9833],"class_list":{"0":"post-11513","1":"product","2":"type-product","3":"status-publish","4":"has-post-thumbnail","6":"product_brand-esschert-design","7":"product_brand-trends-and-vision","8":"product_cat-kids-in-the-garden","9":"product_tag-edukativ","10":"product_tag-entdecken","11":"product_tag-insekten","12":"product_tag-paedagogisch-konzipiert","13":"pa_anbieter-esschert-design","14":"pa_ean-code-6392","15":"pa_messungen-230x30x128-cm","17":"first","18":"instock","19":"sale","20":"taxable","21":"shipping-taxable","22":"purchasable","23":"product-type-simple","24":"czr-hentry"},"yoast_head":"<!-- This site is optimized with the Yoast SEO Premium plugin v26.4 (Yoast SEO v27.4) - https:\/\/yoast.com\/product\/yoast-seo-premium-wordpress\/ -->\n<title>Esschert Design Entdeckertasche Insekten (KG310 8714982262579) | Trends &amp; Vision<\/title>\n<meta name=\"description\" content=\"Esschert Design Entdeckertasche Insekten (KG310 8714982262579)\" \/>\n<meta name=\"robots\" content=\"index, follow, max-snippet:-1, max-image-preview:large, max-video-preview:-1\" \/>\n<link rel=\"canonical\" href=\"https:\/\/trendsandvision.nl\/de\/product\/esschert-design-entdeckertasche-insekten\/\" \/>\n<meta property=\"og:locale\" content=\"de_DE\" \/>\n<meta property=\"og:type\" content=\"article\" \/>\n<meta property=\"og:title\" content=\"Esschert Design Entdeckertasche Insekten\" \/>\n<meta property=\"og:description\" content=\"Esschert Design Entdeckertasche Insekten (KG310 8714982262579)\" \/>\n<meta property=\"og:url\" content=\"https:\/\/trendsandvision.nl\/de\/product\/esschert-design-entdeckertasche-insekten\/\" \/>\n<meta property=\"og:site_name\" content=\"Trends &amp; Vision (DE)\" \/>\n<meta property=\"article:modified_time\" content=\"2026-04-07T08:38:21+00:00\" \/>\n<meta property=\"og:image\" content=\"https:\/\/trendsandvision.nl\/de\/wp-content\/uploads\/sites\/3\/2024\/01\/Scherm\u00adafbeelding-2024-07-03-om-16.17.28.png\" \/>\n\t<meta property=\"og:image:width\" content=\"962\" \/>\n\t<meta property=\"og:image:height\" content=\"956\" \/>\n\t<meta property=\"og:image:type\" content=\"image\/png\" \/>\n<meta name=\"twitter:card\" content=\"summary_large_image\" \/>\n<meta name=\"twitter:label1\" content=\"Gesch\u00e4tzte Lesezeit\" \/>\n\t<meta name=\"twitter:data1\" content=\"1\u00a0Minute\" \/>\n<script type=\"application\/ld+json\" class=\"yoast-schema-graph\">{\"@context\":\"https:\\\/\\\/schema.org\",\"@graph\":[{\"@type\":\"WebPage\",\"@id\":\"https:\\\/\\\/trendsandvision.nl\\\/de\\\/product\\\/esschert-design-entdeckertasche-insekten\\\/\",\"url\":\"https:\\\/\\\/trendsandvision.nl\\\/de\\\/product\\\/esschert-design-entdeckertasche-insekten\\\/\",\"name\":\"Esschert Design Entdeckertasche Insekten (KG310 8714982262579) | Trends & Vision\",\"isPartOf\":{\"@id\":\"https:\\\/\\\/trendsandvision.nl\\\/de\\\/#website\"},\"primaryImageOfPage\":{\"@id\":\"https:\\\/\\\/trendsandvision.nl\\\/de\\\/product\\\/esschert-design-entdeckertasche-insekten\\\/#primaryimage\"},\"image\":{\"@id\":\"https:\\\/\\\/trendsandvision.nl\\\/de\\\/product\\\/esschert-design-entdeckertasche-insekten\\\/#primaryimage\"},\"thumbnailUrl\":\"https:\\\/\\\/trendsandvision.nl\\\/de\\\/wp-content\\\/uploads\\\/sites\\\/3\\\/2024\\\/01\\\/Scherm\u00adafbeelding-2024-07-03-om-16.17.28.png\",\"datePublished\":\"2024-01-17T16:08:43+00:00\",\"dateModified\":\"2026-04-07T08:38:21+00:00\",\"description\":\"Esschert Design Entdeckertasche Insekten (KG310 8714982262579)\",\"breadcrumb\":{\"@id\":\"https:\\\/\\\/trendsandvision.nl\\\/de\\\/product\\\/esschert-design-entdeckertasche-insekten\\\/#breadcrumb\"},\"inLanguage\":\"de\",\"potentialAction\":[{\"@type\":\"ReadAction\",\"target\":[\"https:\\\/\\\/trendsandvision.nl\\\/de\\\/product\\\/esschert-design-entdeckertasche-insekten\\\/\"]}]},{\"@type\":\"ImageObject\",\"inLanguage\":\"de\",\"@id\":\"https:\\\/\\\/trendsandvision.nl\\\/de\\\/product\\\/esschert-design-entdeckertasche-insekten\\\/#primaryimage\",\"url\":\"https:\\\/\\\/trendsandvision.nl\\\/de\\\/wp-content\\\/uploads\\\/sites\\\/3\\\/2024\\\/01\\\/Scherm\u00adafbeelding-2024-07-03-om-16.17.28.png\",\"contentUrl\":\"https:\\\/\\\/trendsandvision.nl\\\/de\\\/wp-content\\\/uploads\\\/sites\\\/3\\\/2024\\\/01\\\/Scherm\u00adafbeelding-2024-07-03-om-16.17.28.png\",\"width\":962,\"height\":956},{\"@type\":\"BreadcrumbList\",\"@id\":\"https:\\\/\\\/trendsandvision.nl\\\/de\\\/product\\\/esschert-design-entdeckertasche-insekten\\\/#breadcrumb\",\"itemListElement\":[{\"@type\":\"ListItem\",\"position\":1,\"name\":\"Home\",\"item\":\"https:\\\/\\\/trendsandvision.nl\\\/de\\\/\"},{\"@type\":\"ListItem\",\"position\":2,\"name\":\"Gesch\u00e4ft\",\"item\":\"https:\\\/\\\/trendsandvision.nl\\\/de\\\/geschaft\\\/\"},{\"@type\":\"ListItem\",\"position\":3,\"name\":\"Esschert Design Entdeckertasche Insekten\"}]},{\"@type\":\"WebSite\",\"@id\":\"https:\\\/\\\/trendsandvision.nl\\\/de\\\/#website\",\"url\":\"https:\\\/\\\/trendsandvision.nl\\\/de\\\/\",\"name\":\"Trends &amp; Vision (DE)\",\"description\":\"Der Webshop f\u00fcr Esschert Design Artikel\",\"publisher\":{\"@id\":\"https:\\\/\\\/trendsandvision.nl\\\/de\\\/#organization\"},\"potentialAction\":[{\"@type\":\"SearchAction\",\"target\":{\"@type\":\"EntryPoint\",\"urlTemplate\":\"https:\\\/\\\/trendsandvision.nl\\\/de\\\/?s={search_term_string}\"},\"query-input\":{\"@type\":\"PropertyValueSpecification\",\"valueRequired\":true,\"valueName\":\"search_term_string\"}}],\"inLanguage\":\"de\"},{\"@type\":\"Organization\",\"@id\":\"https:\\\/\\\/trendsandvision.nl\\\/de\\\/#organization\",\"name\":\"Trends &amp; Vision (DE)\",\"url\":\"https:\\\/\\\/trendsandvision.nl\\\/de\\\/\",\"logo\":{\"@type\":\"ImageObject\",\"inLanguage\":\"de\",\"@id\":\"https:\\\/\\\/trendsandvision.nl\\\/de\\\/#\\\/schema\\\/logo\\\/image\\\/\",\"url\":\"https:\\\/\\\/trendsandvision.nl\\\/de\\\/wp-content\\\/uploads\\\/sites\\\/3\\\/2022\\\/04\\\/trends-and-vision-logo.jpg\",\"contentUrl\":\"https:\\\/\\\/trendsandvision.nl\\\/de\\\/wp-content\\\/uploads\\\/sites\\\/3\\\/2022\\\/04\\\/trends-and-vision-logo.jpg\",\"width\":213,\"height\":100,\"caption\":\"Trends &amp; Vision (DE)\"},\"image\":{\"@id\":\"https:\\\/\\\/trendsandvision.nl\\\/de\\\/#\\\/schema\\\/logo\\\/image\\\/\"}}]}<\/script>\n<!-- \/ Yoast SEO Premium plugin. -->","yoast_head_json":{"title":"Esschert Design Entdeckertasche Insekten (KG310 8714982262579) | Trends & Vision","description":"Esschert Design Entdeckertasche Insekten (KG310 8714982262579)","robots":{"index":"index","follow":"follow","max-snippet":"max-snippet:-1","max-image-preview":"max-image-preview:large","max-video-preview":"max-video-preview:-1"},"canonical":"https:\/\/trendsandvision.nl\/de\/product\/esschert-design-entdeckertasche-insekten\/","og_locale":"de_DE","og_type":"article","og_title":"Esschert Design Entdeckertasche Insekten","og_description":"Esschert Design Entdeckertasche Insekten (KG310 8714982262579)","og_url":"https:\/\/trendsandvision.nl\/de\/product\/esschert-design-entdeckertasche-insekten\/","og_site_name":"Trends &amp; Vision (DE)","article_modified_time":"2026-04-07T08:38:21+00:00","og_image":[{"width":962,"height":956,"url":"https:\/\/trendsandvision.nl\/de\/wp-content\/uploads\/sites\/3\/2024\/01\/Scherm\u00adafbeelding-2024-07-03-om-16.17.28.png","type":"image\/png"}],"twitter_card":"summary_large_image","twitter_misc":{"Gesch\u00e4tzte Lesezeit":"1\u00a0Minute"},"schema":{"@context":"https:\/\/schema.org","@graph":[{"@type":"WebPage","@id":"https:\/\/trendsandvision.nl\/de\/product\/esschert-design-entdeckertasche-insekten\/","url":"https:\/\/trendsandvision.nl\/de\/product\/esschert-design-entdeckertasche-insekten\/","name":"Esschert Design Entdeckertasche Insekten (KG310 8714982262579) | Trends & Vision","isPartOf":{"@id":"https:\/\/trendsandvision.nl\/de\/#website"},"primaryImageOfPage":{"@id":"https:\/\/trendsandvision.nl\/de\/product\/esschert-design-entdeckertasche-insekten\/#primaryimage"},"image":{"@id":"https:\/\/trendsandvision.nl\/de\/product\/esschert-design-entdeckertasche-insekten\/#primaryimage"},"thumbnailUrl":"https:\/\/trendsandvision.nl\/de\/wp-content\/uploads\/sites\/3\/2024\/01\/Scherm\u00adafbeelding-2024-07-03-om-16.17.28.png","datePublished":"2024-01-17T16:08:43+00:00","dateModified":"2026-04-07T08:38:21+00:00","description":"Esschert Design Entdeckertasche Insekten (KG310 8714982262579)","breadcrumb":{"@id":"https:\/\/trendsandvision.nl\/de\/product\/esschert-design-entdeckertasche-insekten\/#breadcrumb"},"inLanguage":"de","potentialAction":[{"@type":"ReadAction","target":["https:\/\/trendsandvision.nl\/de\/product\/esschert-design-entdeckertasche-insekten\/"]}]},{"@type":"ImageObject","inLanguage":"de","@id":"https:\/\/trendsandvision.nl\/de\/product\/esschert-design-entdeckertasche-insekten\/#primaryimage","url":"https:\/\/trendsandvision.nl\/de\/wp-content\/uploads\/sites\/3\/2024\/01\/Scherm\u00adafbeelding-2024-07-03-om-16.17.28.png","contentUrl":"https:\/\/trendsandvision.nl\/de\/wp-content\/uploads\/sites\/3\/2024\/01\/Scherm\u00adafbeelding-2024-07-03-om-16.17.28.png","width":962,"height":956},{"@type":"BreadcrumbList","@id":"https:\/\/trendsandvision.nl\/de\/product\/esschert-design-entdeckertasche-insekten\/#breadcrumb","itemListElement":[{"@type":"ListItem","position":1,"name":"Home","item":"https:\/\/trendsandvision.nl\/de\/"},{"@type":"ListItem","position":2,"name":"Gesch\u00e4ft","item":"https:\/\/trendsandvision.nl\/de\/geschaft\/"},{"@type":"ListItem","position":3,"name":"Esschert Design Entdeckertasche Insekten"}]},{"@type":"WebSite","@id":"https:\/\/trendsandvision.nl\/de\/#website","url":"https:\/\/trendsandvision.nl\/de\/","name":"Trends &amp; Vision (DE)","description":"Der Webshop f\u00fcr Esschert Design Artikel","publisher":{"@id":"https:\/\/trendsandvision.nl\/de\/#organization"},"potentialAction":[{"@type":"SearchAction","target":{"@type":"EntryPoint","urlTemplate":"https:\/\/trendsandvision.nl\/de\/?s={search_term_string}"},"query-input":{"@type":"PropertyValueSpecification","valueRequired":true,"valueName":"search_term_string"}}],"inLanguage":"de"},{"@type":"Organization","@id":"https:\/\/trendsandvision.nl\/de\/#organization","name":"Trends &amp; Vision (DE)","url":"https:\/\/trendsandvision.nl\/de\/","logo":{"@type":"ImageObject","inLanguage":"de","@id":"https:\/\/trendsandvision.nl\/de\/#\/schema\/logo\/image\/","url":"https:\/\/trendsandvision.nl\/de\/wp-content\/uploads\/sites\/3\/2022\/04\/trends-and-vision-logo.jpg","contentUrl":"https:\/\/trendsandvision.nl\/de\/wp-content\/uploads\/sites\/3\/2022\/04\/trends-and-vision-logo.jpg","width":213,"height":100,"caption":"Trends &amp; Vision (DE)"},"image":{"@id":"https:\/\/trendsandvision.nl\/de\/#\/schema\/logo\/image\/"}}]}},"_links":{"self":[{"href":"https:\/\/trendsandvision.nl\/de\/wp-json\/wp\/v2\/product\/11513","targetHints":{"allow":["GET"]}}],"collection":[{"href":"https:\/\/trendsandvision.nl\/de\/wp-json\/wp\/v2\/product"}],"about":[{"href":"https:\/\/trendsandvision.nl\/de\/wp-json\/wp\/v2\/types\/product"}],"wp:featuredmedia":[{"embeddable":true,"href":"https:\/\/trendsandvision.nl\/de\/wp-json\/wp\/v2\/media\/11904"}],"wp:attachment":[{"href":"https:\/\/trendsandvision.nl\/de\/wp-json\/wp\/v2\/media?parent=11513"}],"wp:term":[{"taxonomy":"product_brand","embeddable":true,"href":"https:\/\/trendsandvision.nl\/de\/wp-json\/wp\/v2\/product_brand?post=11513"},{"taxonomy":"product_cat","embeddable":true,"href":"https:\/\/trendsandvision.nl\/de\/wp-json\/wp\/v2\/product_cat?post=11513"},{"taxonomy":"product_tag","embeddable":true,"href":"https:\/\/trendsandvision.nl\/de\/wp-json\/wp\/v2\/product_tag?post=11513"}],"curies":[{"name":"wp","href":"https:\/\/api.w.org\/{rel}","templated":true}]}}