{"id":11503,"date":"2024-01-17T17:08:19","date_gmt":"2024-01-17T16:08:19","guid":{"rendered":"https:\/\/trendsandvision.nl\/de\/product\/esschert-design-pflanzen-staubhandschuhe-gruen\/"},"modified":"2026-04-07T10:36:30","modified_gmt":"2026-04-07T08:36:30","slug":"esschert-design-pflanzen-staubhandschuhe-gruen","status":"publish","type":"product","link":"https:\/\/trendsandvision.nl\/de\/product\/esschert-design-pflanzen-staubhandschuhe-gruen\/","title":{"rendered":"Esschert Design Pflanzen- Staubhandschuhe gr\u00fcn"},"content":{"rendered":"<p>Pflanzen abstauben, das geht mit diesen beiden gr\u00fcnen Kerlen! Sehr weiche Mikrofaserhandschuhe zum Abstauben der Bl\u00e4tter Ihrer Pflanzen und um sie wieder zum Gl\u00e4nzen zu bringen. K\u00f6stlich nachhaltig, hergestellt aus recycelten PET-Flaschen. Diese gr\u00fcnen Fingerhandschuhe sind ein Muss f\u00fcr jeden Pflanzenliebhaber, der seine Pflanzen gesund und gedeihend halten m\u00f6chte.<br \/>\nDie Reinigung von Pflanzenbl\u00e4ttern ist \u00e4u\u00dferst wichtig. Sie werden von Staub befreit, k\u00f6nnen besser atmen und die Photosynthese effizienter durchf\u00fchren. Ein sanftes Wischen mit dem Handschuh \u00fcber das Blatt reicht aus, um Bl\u00e4tter gr\u00fcndlich zu s\u00e4ubern.<\/p>\n<p>Auch interessant, unsere weitere <strong><a href=\"https:\/\/trendsandvision.nl\/de\/?s=handschu&amp;post_type=product&amp;dgwt_wcas=1\">Handschuhkollektion<\/a><\/strong><\/p>\n<p>Artikelname Pflanzen- Staubhandschuhe gr\u00fcn<br \/>\nArtikelnummer JB037<br \/>\nProduktgruppe(n) Indoor, Sonstiges<br \/>\nProduktabmessungen in cm L 13,8 x T 1,6 x H 22,8<br \/>\nMaterial Mikrofaser (100% Polyester)<br \/>\nBruttogewicht 0,061 kg<br \/>\nNettogewicht 0,055 kg<br \/>\nBarcode 8714982258817<\/p>\n<p><a href=\"https:\/\/www.bfn.de\" target=\"_blank\" rel=\"noopener\">Unsere Umwelt sch\u00fctzen<\/a><\/p>\n<p>In die Presse:<\/p>\n<p>Burda Garden &amp; Living-Zeitschriften: mein sch\u00f6ner Garten \u2219 Wohnen &amp; Garten \u2219 mein sch\u00f6nes Land \u2219 Lisa Wohnen &amp; Dekorieren \u2219 Das Haus \u2219 mein sch\u00f6ner Garten Spezial \u2219 mein sch\u00f6ner Garten Edition \u2219 Garten &amp; Wohnen Tr\u00e4ume \u2219 Wohnen &amp; Garten Weihnachtszauber \u2219 mein sch\u00f6nes Land Sonderhefte \u2219 GartenSpa\u00df \u2219 mein sch\u00f6ner LandGarten \u2219 Lisa Blumen &amp; Pflanzen \u2219 Frau im Trend wohnen &amp; wohlf\u00fchlen<\/p>\n","protected":false},"excerpt":{"rendered":"<p>&#8211; Befreit Pflanzen von Staub<br \/>\n&#8211; Waschmaschinengeeignet<br \/>\n&#8211; Einheitsgr\u00f6\u00dfe<br \/>\n&#8211; L 13,8 x T 1,6 x H 22,8 cm<br \/>\n&#8211; Mikrofaser (100% Polyester)<br \/>\n&#8211; Nettogewicht 0,055 kg<br \/>\n&#8211; Barcode 8714982258817<\/p>\n","protected":false},"featured_media":23430,"template":"","meta":[],"product_brand":[9597,9598],"product_cat":[503],"product_tag":[10720,7560,6990,7504,10840,6972,10841,7319],"class_list":{"0":"post-11503","1":"product","2":"type-product","3":"status-publish","4":"has-post-thumbnail","6":"product_brand-esschert-design","7":"product_brand-trends-and-vision","8":"product_cat-esscherts-garden","9":"product_tag-100-recycled","10":"product_tag-handschuhe","11":"product_tag-indoor","12":"product_tag-outdoor","13":"product_tag-publikationen","14":"product_tag-recycled","15":"product_tag-staubhandschuhe","16":"product_tag-umweltfreundlich","17":"pa_anbieter-esschert-design","18":"pa_ean-code-6370","19":"pa_gewicht-6367","20":"pa_material-microfibre-100-polyester","21":"pa_messungen-138x16x228-cm","23":"first","24":"outofstock","25":"sale","26":"taxable","27":"shipping-taxable","28":"purchasable","29":"product-type-simple","30":"czr-hentry"},"yoast_head":"<!-- This site is optimized with the Yoast SEO Premium plugin v26.4 (Yoast SEO v27.3) - https:\/\/yoast.com\/product\/yoast-seo-premium-wordpress\/ -->\n<title>Esschert Design Pflanzen- Staubhandschuhe gr\u00fcn (JB037 8714982258817) | Trends &amp; Vision<\/title>\n<meta name=\"description\" content=\"Esschert Design Pflanzen- Staubhandschuhe gr\u00fcn (JB037 8714982258817)\" \/>\n<meta name=\"robots\" content=\"index, follow, max-snippet:-1, max-image-preview:large, max-video-preview:-1\" \/>\n<link rel=\"canonical\" href=\"https:\/\/trendsandvision.nl\/de\/product\/esschert-design-pflanzen-staubhandschuhe-gruen\/\" \/>\n<meta property=\"og:locale\" content=\"de_DE\" \/>\n<meta property=\"og:type\" content=\"article\" \/>\n<meta property=\"og:title\" content=\"Esschert Design Pflanzen- Staubhandschuhe gr\u00fcn\" \/>\n<meta property=\"og:description\" content=\"Esschert Design Pflanzen- Staubhandschuhe gr\u00fcn (JB037 8714982258817)\" \/>\n<meta property=\"og:url\" content=\"https:\/\/trendsandvision.nl\/de\/product\/esschert-design-pflanzen-staubhandschuhe-gruen\/\" \/>\n<meta property=\"og:site_name\" content=\"Trends &amp; Vision (DE)\" \/>\n<meta property=\"article:modified_time\" content=\"2026-04-07T08:36:30+00:00\" \/>\n<meta property=\"og:image\" content=\"https:\/\/trendsandvision.nl\/de\/wp-content\/uploads\/sites\/3\/2024\/01\/JB0372.png\" \/>\n\t<meta property=\"og:image:width\" content=\"686\" \/>\n\t<meta property=\"og:image:height\" content=\"704\" \/>\n\t<meta property=\"og:image:type\" content=\"image\/png\" \/>\n<meta name=\"twitter:card\" content=\"summary_large_image\" \/>\n<meta name=\"twitter:label1\" content=\"Gesch\u00e4tzte Lesezeit\" \/>\n\t<meta name=\"twitter:data1\" content=\"2\u00a0Minuten\" \/>\n<script type=\"application\/ld+json\" class=\"yoast-schema-graph\">{\"@context\":\"https:\\\/\\\/schema.org\",\"@graph\":[{\"@type\":\"WebPage\",\"@id\":\"https:\\\/\\\/trendsandvision.nl\\\/de\\\/product\\\/esschert-design-pflanzen-staubhandschuhe-gruen\\\/\",\"url\":\"https:\\\/\\\/trendsandvision.nl\\\/de\\\/product\\\/esschert-design-pflanzen-staubhandschuhe-gruen\\\/\",\"name\":\"Esschert Design Pflanzen- Staubhandschuhe gr\u00fcn (JB037 8714982258817) | Trends & Vision\",\"isPartOf\":{\"@id\":\"https:\\\/\\\/trendsandvision.nl\\\/de\\\/#website\"},\"primaryImageOfPage\":{\"@id\":\"https:\\\/\\\/trendsandvision.nl\\\/de\\\/product\\\/esschert-design-pflanzen-staubhandschuhe-gruen\\\/#primaryimage\"},\"image\":{\"@id\":\"https:\\\/\\\/trendsandvision.nl\\\/de\\\/product\\\/esschert-design-pflanzen-staubhandschuhe-gruen\\\/#primaryimage\"},\"thumbnailUrl\":\"https:\\\/\\\/trendsandvision.nl\\\/de\\\/wp-content\\\/uploads\\\/sites\\\/3\\\/2024\\\/01\\\/JB0372.png\",\"datePublished\":\"2024-01-17T16:08:19+00:00\",\"dateModified\":\"2026-04-07T08:36:30+00:00\",\"description\":\"Esschert Design Pflanzen- Staubhandschuhe gr\u00fcn (JB037 8714982258817)\",\"breadcrumb\":{\"@id\":\"https:\\\/\\\/trendsandvision.nl\\\/de\\\/product\\\/esschert-design-pflanzen-staubhandschuhe-gruen\\\/#breadcrumb\"},\"inLanguage\":\"de\",\"potentialAction\":[{\"@type\":\"ReadAction\",\"target\":[\"https:\\\/\\\/trendsandvision.nl\\\/de\\\/product\\\/esschert-design-pflanzen-staubhandschuhe-gruen\\\/\"]}]},{\"@type\":\"ImageObject\",\"inLanguage\":\"de\",\"@id\":\"https:\\\/\\\/trendsandvision.nl\\\/de\\\/product\\\/esschert-design-pflanzen-staubhandschuhe-gruen\\\/#primaryimage\",\"url\":\"https:\\\/\\\/trendsandvision.nl\\\/de\\\/wp-content\\\/uploads\\\/sites\\\/3\\\/2024\\\/01\\\/JB0372.png\",\"contentUrl\":\"https:\\\/\\\/trendsandvision.nl\\\/de\\\/wp-content\\\/uploads\\\/sites\\\/3\\\/2024\\\/01\\\/JB0372.png\",\"width\":686,\"height\":704},{\"@type\":\"BreadcrumbList\",\"@id\":\"https:\\\/\\\/trendsandvision.nl\\\/de\\\/product\\\/esschert-design-pflanzen-staubhandschuhe-gruen\\\/#breadcrumb\",\"itemListElement\":[{\"@type\":\"ListItem\",\"position\":1,\"name\":\"Home\",\"item\":\"https:\\\/\\\/trendsandvision.nl\\\/de\\\/\"},{\"@type\":\"ListItem\",\"position\":2,\"name\":\"Gesch\u00e4ft\",\"item\":\"https:\\\/\\\/trendsandvision.nl\\\/de\\\/geschaft\\\/\"},{\"@type\":\"ListItem\",\"position\":3,\"name\":\"Esschert Design Pflanzen- Staubhandschuhe gr\u00fcn\"}]},{\"@type\":\"WebSite\",\"@id\":\"https:\\\/\\\/trendsandvision.nl\\\/de\\\/#website\",\"url\":\"https:\\\/\\\/trendsandvision.nl\\\/de\\\/\",\"name\":\"Trends &amp; Vision (DE)\",\"description\":\"Der Webshop f\u00fcr Esschert Design Artikel\",\"publisher\":{\"@id\":\"https:\\\/\\\/trendsandvision.nl\\\/de\\\/#organization\"},\"potentialAction\":[{\"@type\":\"SearchAction\",\"target\":{\"@type\":\"EntryPoint\",\"urlTemplate\":\"https:\\\/\\\/trendsandvision.nl\\\/de\\\/?s={search_term_string}\"},\"query-input\":{\"@type\":\"PropertyValueSpecification\",\"valueRequired\":true,\"valueName\":\"search_term_string\"}}],\"inLanguage\":\"de\"},{\"@type\":\"Organization\",\"@id\":\"https:\\\/\\\/trendsandvision.nl\\\/de\\\/#organization\",\"name\":\"Trends &amp; Vision (DE)\",\"url\":\"https:\\\/\\\/trendsandvision.nl\\\/de\\\/\",\"logo\":{\"@type\":\"ImageObject\",\"inLanguage\":\"de\",\"@id\":\"https:\\\/\\\/trendsandvision.nl\\\/de\\\/#\\\/schema\\\/logo\\\/image\\\/\",\"url\":\"https:\\\/\\\/trendsandvision.nl\\\/de\\\/wp-content\\\/uploads\\\/sites\\\/3\\\/2022\\\/04\\\/trends-and-vision-logo.jpg\",\"contentUrl\":\"https:\\\/\\\/trendsandvision.nl\\\/de\\\/wp-content\\\/uploads\\\/sites\\\/3\\\/2022\\\/04\\\/trends-and-vision-logo.jpg\",\"width\":213,\"height\":100,\"caption\":\"Trends &amp; Vision (DE)\"},\"image\":{\"@id\":\"https:\\\/\\\/trendsandvision.nl\\\/de\\\/#\\\/schema\\\/logo\\\/image\\\/\"}}]}<\/script>\n<!-- \/ Yoast SEO Premium plugin. -->","yoast_head_json":{"title":"Esschert Design Pflanzen- Staubhandschuhe gr\u00fcn (JB037 8714982258817) | Trends & Vision","description":"Esschert Design Pflanzen- Staubhandschuhe gr\u00fcn (JB037 8714982258817)","robots":{"index":"index","follow":"follow","max-snippet":"max-snippet:-1","max-image-preview":"max-image-preview:large","max-video-preview":"max-video-preview:-1"},"canonical":"https:\/\/trendsandvision.nl\/de\/product\/esschert-design-pflanzen-staubhandschuhe-gruen\/","og_locale":"de_DE","og_type":"article","og_title":"Esschert Design Pflanzen- Staubhandschuhe gr\u00fcn","og_description":"Esschert Design Pflanzen- Staubhandschuhe gr\u00fcn (JB037 8714982258817)","og_url":"https:\/\/trendsandvision.nl\/de\/product\/esschert-design-pflanzen-staubhandschuhe-gruen\/","og_site_name":"Trends &amp; Vision (DE)","article_modified_time":"2026-04-07T08:36:30+00:00","og_image":[{"width":686,"height":704,"url":"https:\/\/trendsandvision.nl\/de\/wp-content\/uploads\/sites\/3\/2024\/01\/JB0372.png","type":"image\/png"}],"twitter_card":"summary_large_image","twitter_misc":{"Gesch\u00e4tzte Lesezeit":"2\u00a0Minuten"},"schema":{"@context":"https:\/\/schema.org","@graph":[{"@type":"WebPage","@id":"https:\/\/trendsandvision.nl\/de\/product\/esschert-design-pflanzen-staubhandschuhe-gruen\/","url":"https:\/\/trendsandvision.nl\/de\/product\/esschert-design-pflanzen-staubhandschuhe-gruen\/","name":"Esschert Design Pflanzen- Staubhandschuhe gr\u00fcn (JB037 8714982258817) | Trends & Vision","isPartOf":{"@id":"https:\/\/trendsandvision.nl\/de\/#website"},"primaryImageOfPage":{"@id":"https:\/\/trendsandvision.nl\/de\/product\/esschert-design-pflanzen-staubhandschuhe-gruen\/#primaryimage"},"image":{"@id":"https:\/\/trendsandvision.nl\/de\/product\/esschert-design-pflanzen-staubhandschuhe-gruen\/#primaryimage"},"thumbnailUrl":"https:\/\/trendsandvision.nl\/de\/wp-content\/uploads\/sites\/3\/2024\/01\/JB0372.png","datePublished":"2024-01-17T16:08:19+00:00","dateModified":"2026-04-07T08:36:30+00:00","description":"Esschert Design Pflanzen- Staubhandschuhe gr\u00fcn (JB037 8714982258817)","breadcrumb":{"@id":"https:\/\/trendsandvision.nl\/de\/product\/esschert-design-pflanzen-staubhandschuhe-gruen\/#breadcrumb"},"inLanguage":"de","potentialAction":[{"@type":"ReadAction","target":["https:\/\/trendsandvision.nl\/de\/product\/esschert-design-pflanzen-staubhandschuhe-gruen\/"]}]},{"@type":"ImageObject","inLanguage":"de","@id":"https:\/\/trendsandvision.nl\/de\/product\/esschert-design-pflanzen-staubhandschuhe-gruen\/#primaryimage","url":"https:\/\/trendsandvision.nl\/de\/wp-content\/uploads\/sites\/3\/2024\/01\/JB0372.png","contentUrl":"https:\/\/trendsandvision.nl\/de\/wp-content\/uploads\/sites\/3\/2024\/01\/JB0372.png","width":686,"height":704},{"@type":"BreadcrumbList","@id":"https:\/\/trendsandvision.nl\/de\/product\/esschert-design-pflanzen-staubhandschuhe-gruen\/#breadcrumb","itemListElement":[{"@type":"ListItem","position":1,"name":"Home","item":"https:\/\/trendsandvision.nl\/de\/"},{"@type":"ListItem","position":2,"name":"Gesch\u00e4ft","item":"https:\/\/trendsandvision.nl\/de\/geschaft\/"},{"@type":"ListItem","position":3,"name":"Esschert Design Pflanzen- Staubhandschuhe gr\u00fcn"}]},{"@type":"WebSite","@id":"https:\/\/trendsandvision.nl\/de\/#website","url":"https:\/\/trendsandvision.nl\/de\/","name":"Trends &amp; Vision (DE)","description":"Der Webshop f\u00fcr Esschert Design Artikel","publisher":{"@id":"https:\/\/trendsandvision.nl\/de\/#organization"},"potentialAction":[{"@type":"SearchAction","target":{"@type":"EntryPoint","urlTemplate":"https:\/\/trendsandvision.nl\/de\/?s={search_term_string}"},"query-input":{"@type":"PropertyValueSpecification","valueRequired":true,"valueName":"search_term_string"}}],"inLanguage":"de"},{"@type":"Organization","@id":"https:\/\/trendsandvision.nl\/de\/#organization","name":"Trends &amp; Vision (DE)","url":"https:\/\/trendsandvision.nl\/de\/","logo":{"@type":"ImageObject","inLanguage":"de","@id":"https:\/\/trendsandvision.nl\/de\/#\/schema\/logo\/image\/","url":"https:\/\/trendsandvision.nl\/de\/wp-content\/uploads\/sites\/3\/2022\/04\/trends-and-vision-logo.jpg","contentUrl":"https:\/\/trendsandvision.nl\/de\/wp-content\/uploads\/sites\/3\/2022\/04\/trends-and-vision-logo.jpg","width":213,"height":100,"caption":"Trends &amp; Vision (DE)"},"image":{"@id":"https:\/\/trendsandvision.nl\/de\/#\/schema\/logo\/image\/"}}]}},"_links":{"self":[{"href":"https:\/\/trendsandvision.nl\/de\/wp-json\/wp\/v2\/product\/11503","targetHints":{"allow":["GET"]}}],"collection":[{"href":"https:\/\/trendsandvision.nl\/de\/wp-json\/wp\/v2\/product"}],"about":[{"href":"https:\/\/trendsandvision.nl\/de\/wp-json\/wp\/v2\/types\/product"}],"wp:featuredmedia":[{"embeddable":true,"href":"https:\/\/trendsandvision.nl\/de\/wp-json\/wp\/v2\/media\/23430"}],"wp:attachment":[{"href":"https:\/\/trendsandvision.nl\/de\/wp-json\/wp\/v2\/media?parent=11503"}],"wp:term":[{"taxonomy":"product_brand","embeddable":true,"href":"https:\/\/trendsandvision.nl\/de\/wp-json\/wp\/v2\/product_brand?post=11503"},{"taxonomy":"product_cat","embeddable":true,"href":"https:\/\/trendsandvision.nl\/de\/wp-json\/wp\/v2\/product_cat?post=11503"},{"taxonomy":"product_tag","embeddable":true,"href":"https:\/\/trendsandvision.nl\/de\/wp-json\/wp\/v2\/product_tag?post=11503"}],"curies":[{"name":"wp","href":"https:\/\/api.w.org\/{rel}","templated":true}]}}