{"id":11500,"date":"2024-01-17T17:08:10","date_gmt":"2024-01-17T16:08:10","guid":{"rendered":"https:\/\/trendsandvision.nl\/de\/product\/esschert-design-kappe-mit-nackensonnenschutz-erw\/"},"modified":"2026-04-07T10:34:30","modified_gmt":"2026-04-07T08:34:30","slug":"esschert-design-kappe-mit-nackensonnenschutz-erw","status":"publish","type":"product","link":"https:\/\/trendsandvision.nl\/de\/product\/esschert-design-kappe-mit-nackensonnenschutz-erw\/","title":{"rendered":"Esschert Design Kappe mit Nackensonnenschutz Erwachsene"},"content":{"rendered":"<p>Esschert Design Kappe mit Nackensonnenschutz Erwachsene.<br \/>\nEine Kappe mit Nackenschutz hat den gro\u00dfen Vorteil, dass sie zus\u00e4tzlichen Schutz f\u00fcr Nacken und Hinterkopf vor den sch\u00e4dlichen UV-Strahlen der Sonne bietet. Die verl\u00e4ngerte Nackenklappe dieser Kappe spendet Schatten und h\u00e4lt die Sonne vom Nacken fern. Die Nackenklappen sind faltbar Daneben mit Bel\u00fcftungsl\u00f6chern und feuchtigkeitsableitenden Stoffen, die Kopf und Nacken k\u00fchl und angenehm halten.<br \/>\nAus unsere <strong><a href=\"https:\/\/trendsandvision.nl\/de\/?s=hutkollektion&amp;post_type=product&amp;dgwt_wcas=1\">Hutkollektion<\/a><\/strong>.<\/p>\n<p>Artikelname Kappe mit Nackensonnenschutz Erwachsene (gegen Sonnenstich).<br \/>\n(<strong><a href=\"https:\/\/trendsandvision.nl\/de\/product\/esschert-design-kappe-mit-nackensonnenschutz-kinder\/\">F\u00fcr Kinder<\/a><\/strong> und) Erwachsene guter Schutz vor der Sonne eine Sonnenkappe mit Nackenschutz beim Aufenthalt in der Sonne.<br \/>\nArtikelnummer GT349<br \/>\nBarcode 8714982263743<br \/>\nProduktgruppe(n) Kultivierung, Werkzeuge, Schutz<br \/>\nProduktabmessungen in cm L 18,6 x T 26,8 x H 34<br \/>\nMaterial Mikrofaser (100% Polyester)<br \/>\nNettogewicht 0,056 kg<br \/>\nProduzent <a href=\"https:\/\/www.esschertdesign.com\/shop\/de\/zonnehoed-met-nekbescherming-volw-gt349\" target=\"_blank\">Esschert Design<\/a><\/p>\n<p><a href=\"https:\/\/www.bundesregierung.de\/breg-de\/aktuelles\/hitzeschutz-2198598\" target=\"_blank\">Gut gesch\u00fctzt!<\/a><\/p>\n","protected":false},"excerpt":{"rendered":"<p>Integrierter UV-Schutz<br \/>\nBel\u00fcftungsl\u00f6cher und feuchtigkeitsableitende Stoffe<br \/>\nFaltbare Nackenklappen<br \/>\nL 18,6 x T 26,8 x H 34 cm<br \/>\nMaterial Mikrofaser (100% Polyester)<br \/>\nNettogewicht 0,056 kg<br \/>\nBarcode 8714982263743<\/p>\n","protected":false},"featured_media":11927,"template":"","meta":[],"product_brand":[9597,9598],"product_cat":[503],"product_tag":[7562,8251,7955,7561],"class_list":{"0":"post-11500","1":"product","2":"type-product","3":"status-publish","4":"has-post-thumbnail","6":"product_brand-esschert-design","7":"product_brand-trends-and-vision","8":"product_cat-esscherts-garden","9":"product_tag-erwachsenen","10":"product_tag-huete","11":"product_tag-kappen","12":"product_tag-sonnenschutz","13":"pa_anbieter-esschert-design","14":"pa_ean-code-6359","15":"pa_gewicht-6357","16":"pa_messungen-186x268x340-cm","18":"first","19":"instock","20":"sale","21":"taxable","22":"shipping-taxable","23":"purchasable","24":"product-type-simple","25":"czr-hentry"},"yoast_head":"<!-- This site is optimized with the Yoast SEO Premium plugin v26.4 (Yoast SEO v27.3) - https:\/\/yoast.com\/product\/yoast-seo-premium-wordpress\/ -->\n<title>Esschert Design Kappe mit Nackensonnenschutz Erwachsene<\/title>\n<meta name=\"description\" content=\"Esschert Design Kappe mit Nackensonnenschutz Erwachsene (GT349 EAN 8714982263743) Faltbare NackenklappenL 18,6 x T 26,8 x H 34 cm\" \/>\n<meta name=\"robots\" content=\"index, follow, max-snippet:-1, max-image-preview:large, max-video-preview:-1\" \/>\n<link rel=\"canonical\" href=\"https:\/\/trendsandvision.nl\/de\/product\/esschert-design-kappe-mit-nackensonnenschutz-erw\/\" \/>\n<meta property=\"og:locale\" content=\"de_DE\" \/>\n<meta property=\"og:type\" content=\"article\" \/>\n<meta property=\"og:title\" content=\"Esschert Design Kappe mit Nackensonnenschutz Erwachsene\" \/>\n<meta property=\"og:description\" content=\"Esschert Design Kappe mit Nackensonnenschutz Erwachsene (GT349 EAN 8714982263743) Faltbare NackenklappenL 18,6 x T 26,8 x H 34 cm\" \/>\n<meta property=\"og:url\" content=\"https:\/\/trendsandvision.nl\/de\/product\/esschert-design-kappe-mit-nackensonnenschutz-erw\/\" \/>\n<meta property=\"og:site_name\" content=\"Trends &amp; Vision (DE)\" \/>\n<meta property=\"article:modified_time\" content=\"2026-04-07T08:34:30+00:00\" \/>\n<meta property=\"og:image\" content=\"https:\/\/trendsandvision.nl\/de\/wp-content\/uploads\/sites\/3\/2024\/01\/GT349.png\" \/>\n\t<meta property=\"og:image:width\" content=\"868\" \/>\n\t<meta property=\"og:image:height\" content=\"924\" \/>\n\t<meta property=\"og:image:type\" content=\"image\/png\" \/>\n<meta name=\"twitter:card\" content=\"summary_large_image\" \/>\n<meta name=\"twitter:label1\" content=\"Gesch\u00e4tzte Lesezeit\" \/>\n\t<meta name=\"twitter:data1\" content=\"1\u00a0Minute\" \/>\n<script type=\"application\/ld+json\" class=\"yoast-schema-graph\">{\"@context\":\"https:\\\/\\\/schema.org\",\"@graph\":[{\"@type\":\"WebPage\",\"@id\":\"https:\\\/\\\/trendsandvision.nl\\\/de\\\/product\\\/esschert-design-kappe-mit-nackensonnenschutz-erw\\\/\",\"url\":\"https:\\\/\\\/trendsandvision.nl\\\/de\\\/product\\\/esschert-design-kappe-mit-nackensonnenschutz-erw\\\/\",\"name\":\"Esschert Design Kappe mit Nackensonnenschutz Erwachsene\",\"isPartOf\":{\"@id\":\"https:\\\/\\\/trendsandvision.nl\\\/de\\\/#website\"},\"primaryImageOfPage\":{\"@id\":\"https:\\\/\\\/trendsandvision.nl\\\/de\\\/product\\\/esschert-design-kappe-mit-nackensonnenschutz-erw\\\/#primaryimage\"},\"image\":{\"@id\":\"https:\\\/\\\/trendsandvision.nl\\\/de\\\/product\\\/esschert-design-kappe-mit-nackensonnenschutz-erw\\\/#primaryimage\"},\"thumbnailUrl\":\"https:\\\/\\\/trendsandvision.nl\\\/de\\\/wp-content\\\/uploads\\\/sites\\\/3\\\/2024\\\/01\\\/GT349.png\",\"datePublished\":\"2024-01-17T16:08:10+00:00\",\"dateModified\":\"2026-04-07T08:34:30+00:00\",\"description\":\"Esschert Design Kappe mit Nackensonnenschutz Erwachsene (GT349 EAN 8714982263743) Faltbare NackenklappenL 18,6 x T 26,8 x H 34 cm\",\"breadcrumb\":{\"@id\":\"https:\\\/\\\/trendsandvision.nl\\\/de\\\/product\\\/esschert-design-kappe-mit-nackensonnenschutz-erw\\\/#breadcrumb\"},\"inLanguage\":\"de\",\"potentialAction\":[{\"@type\":\"ReadAction\",\"target\":[\"https:\\\/\\\/trendsandvision.nl\\\/de\\\/product\\\/esschert-design-kappe-mit-nackensonnenschutz-erw\\\/\"]}]},{\"@type\":\"ImageObject\",\"inLanguage\":\"de\",\"@id\":\"https:\\\/\\\/trendsandvision.nl\\\/de\\\/product\\\/esschert-design-kappe-mit-nackensonnenschutz-erw\\\/#primaryimage\",\"url\":\"https:\\\/\\\/trendsandvision.nl\\\/de\\\/wp-content\\\/uploads\\\/sites\\\/3\\\/2024\\\/01\\\/GT349.png\",\"contentUrl\":\"https:\\\/\\\/trendsandvision.nl\\\/de\\\/wp-content\\\/uploads\\\/sites\\\/3\\\/2024\\\/01\\\/GT349.png\",\"width\":868,\"height\":924,\"caption\":\"Trends and Vision Kappe mit Nackensonnenschutz Erwachsene (GT349 EAN 8714982263743) Faltbare NackenklappenL 18,6 x T 26,8 x H 34 cm\"},{\"@type\":\"BreadcrumbList\",\"@id\":\"https:\\\/\\\/trendsandvision.nl\\\/de\\\/product\\\/esschert-design-kappe-mit-nackensonnenschutz-erw\\\/#breadcrumb\",\"itemListElement\":[{\"@type\":\"ListItem\",\"position\":1,\"name\":\"Home\",\"item\":\"https:\\\/\\\/trendsandvision.nl\\\/de\\\/\"},{\"@type\":\"ListItem\",\"position\":2,\"name\":\"Gesch\u00e4ft\",\"item\":\"https:\\\/\\\/trendsandvision.nl\\\/de\\\/geschaft\\\/\"},{\"@type\":\"ListItem\",\"position\":3,\"name\":\"Esschert Design Kappe mit Nackensonnenschutz Erwachsene\"}]},{\"@type\":\"WebSite\",\"@id\":\"https:\\\/\\\/trendsandvision.nl\\\/de\\\/#website\",\"url\":\"https:\\\/\\\/trendsandvision.nl\\\/de\\\/\",\"name\":\"Trends &amp; Vision (DE)\",\"description\":\"Der Webshop f\u00fcr Esschert Design Artikel\",\"publisher\":{\"@id\":\"https:\\\/\\\/trendsandvision.nl\\\/de\\\/#organization\"},\"potentialAction\":[{\"@type\":\"SearchAction\",\"target\":{\"@type\":\"EntryPoint\",\"urlTemplate\":\"https:\\\/\\\/trendsandvision.nl\\\/de\\\/?s={search_term_string}\"},\"query-input\":{\"@type\":\"PropertyValueSpecification\",\"valueRequired\":true,\"valueName\":\"search_term_string\"}}],\"inLanguage\":\"de\"},{\"@type\":\"Organization\",\"@id\":\"https:\\\/\\\/trendsandvision.nl\\\/de\\\/#organization\",\"name\":\"Trends &amp; Vision (DE)\",\"url\":\"https:\\\/\\\/trendsandvision.nl\\\/de\\\/\",\"logo\":{\"@type\":\"ImageObject\",\"inLanguage\":\"de\",\"@id\":\"https:\\\/\\\/trendsandvision.nl\\\/de\\\/#\\\/schema\\\/logo\\\/image\\\/\",\"url\":\"https:\\\/\\\/trendsandvision.nl\\\/de\\\/wp-content\\\/uploads\\\/sites\\\/3\\\/2022\\\/04\\\/trends-and-vision-logo.jpg\",\"contentUrl\":\"https:\\\/\\\/trendsandvision.nl\\\/de\\\/wp-content\\\/uploads\\\/sites\\\/3\\\/2022\\\/04\\\/trends-and-vision-logo.jpg\",\"width\":213,\"height\":100,\"caption\":\"Trends &amp; Vision (DE)\"},\"image\":{\"@id\":\"https:\\\/\\\/trendsandvision.nl\\\/de\\\/#\\\/schema\\\/logo\\\/image\\\/\"}}]}<\/script>\n<!-- \/ Yoast SEO Premium plugin. -->","yoast_head_json":{"title":"Esschert Design Kappe mit Nackensonnenschutz Erwachsene","description":"Esschert Design Kappe mit Nackensonnenschutz Erwachsene (GT349 EAN 8714982263743) Faltbare NackenklappenL 18,6 x T 26,8 x H 34 cm","robots":{"index":"index","follow":"follow","max-snippet":"max-snippet:-1","max-image-preview":"max-image-preview:large","max-video-preview":"max-video-preview:-1"},"canonical":"https:\/\/trendsandvision.nl\/de\/product\/esschert-design-kappe-mit-nackensonnenschutz-erw\/","og_locale":"de_DE","og_type":"article","og_title":"Esschert Design Kappe mit Nackensonnenschutz Erwachsene","og_description":"Esschert Design Kappe mit Nackensonnenschutz Erwachsene (GT349 EAN 8714982263743) Faltbare NackenklappenL 18,6 x T 26,8 x H 34 cm","og_url":"https:\/\/trendsandvision.nl\/de\/product\/esschert-design-kappe-mit-nackensonnenschutz-erw\/","og_site_name":"Trends &amp; Vision (DE)","article_modified_time":"2026-04-07T08:34:30+00:00","og_image":[{"width":868,"height":924,"url":"https:\/\/trendsandvision.nl\/de\/wp-content\/uploads\/sites\/3\/2024\/01\/GT349.png","type":"image\/png"}],"twitter_card":"summary_large_image","twitter_misc":{"Gesch\u00e4tzte Lesezeit":"1\u00a0Minute"},"schema":{"@context":"https:\/\/schema.org","@graph":[{"@type":"WebPage","@id":"https:\/\/trendsandvision.nl\/de\/product\/esschert-design-kappe-mit-nackensonnenschutz-erw\/","url":"https:\/\/trendsandvision.nl\/de\/product\/esschert-design-kappe-mit-nackensonnenschutz-erw\/","name":"Esschert Design Kappe mit Nackensonnenschutz Erwachsene","isPartOf":{"@id":"https:\/\/trendsandvision.nl\/de\/#website"},"primaryImageOfPage":{"@id":"https:\/\/trendsandvision.nl\/de\/product\/esschert-design-kappe-mit-nackensonnenschutz-erw\/#primaryimage"},"image":{"@id":"https:\/\/trendsandvision.nl\/de\/product\/esschert-design-kappe-mit-nackensonnenschutz-erw\/#primaryimage"},"thumbnailUrl":"https:\/\/trendsandvision.nl\/de\/wp-content\/uploads\/sites\/3\/2024\/01\/GT349.png","datePublished":"2024-01-17T16:08:10+00:00","dateModified":"2026-04-07T08:34:30+00:00","description":"Esschert Design Kappe mit Nackensonnenschutz Erwachsene (GT349 EAN 8714982263743) Faltbare NackenklappenL 18,6 x T 26,8 x H 34 cm","breadcrumb":{"@id":"https:\/\/trendsandvision.nl\/de\/product\/esschert-design-kappe-mit-nackensonnenschutz-erw\/#breadcrumb"},"inLanguage":"de","potentialAction":[{"@type":"ReadAction","target":["https:\/\/trendsandvision.nl\/de\/product\/esschert-design-kappe-mit-nackensonnenschutz-erw\/"]}]},{"@type":"ImageObject","inLanguage":"de","@id":"https:\/\/trendsandvision.nl\/de\/product\/esschert-design-kappe-mit-nackensonnenschutz-erw\/#primaryimage","url":"https:\/\/trendsandvision.nl\/de\/wp-content\/uploads\/sites\/3\/2024\/01\/GT349.png","contentUrl":"https:\/\/trendsandvision.nl\/de\/wp-content\/uploads\/sites\/3\/2024\/01\/GT349.png","width":868,"height":924,"caption":"Trends and Vision Kappe mit Nackensonnenschutz Erwachsene (GT349 EAN 8714982263743) Faltbare NackenklappenL 18,6 x T 26,8 x H 34 cm"},{"@type":"BreadcrumbList","@id":"https:\/\/trendsandvision.nl\/de\/product\/esschert-design-kappe-mit-nackensonnenschutz-erw\/#breadcrumb","itemListElement":[{"@type":"ListItem","position":1,"name":"Home","item":"https:\/\/trendsandvision.nl\/de\/"},{"@type":"ListItem","position":2,"name":"Gesch\u00e4ft","item":"https:\/\/trendsandvision.nl\/de\/geschaft\/"},{"@type":"ListItem","position":3,"name":"Esschert Design Kappe mit Nackensonnenschutz Erwachsene"}]},{"@type":"WebSite","@id":"https:\/\/trendsandvision.nl\/de\/#website","url":"https:\/\/trendsandvision.nl\/de\/","name":"Trends &amp; Vision (DE)","description":"Der Webshop f\u00fcr Esschert Design Artikel","publisher":{"@id":"https:\/\/trendsandvision.nl\/de\/#organization"},"potentialAction":[{"@type":"SearchAction","target":{"@type":"EntryPoint","urlTemplate":"https:\/\/trendsandvision.nl\/de\/?s={search_term_string}"},"query-input":{"@type":"PropertyValueSpecification","valueRequired":true,"valueName":"search_term_string"}}],"inLanguage":"de"},{"@type":"Organization","@id":"https:\/\/trendsandvision.nl\/de\/#organization","name":"Trends &amp; Vision (DE)","url":"https:\/\/trendsandvision.nl\/de\/","logo":{"@type":"ImageObject","inLanguage":"de","@id":"https:\/\/trendsandvision.nl\/de\/#\/schema\/logo\/image\/","url":"https:\/\/trendsandvision.nl\/de\/wp-content\/uploads\/sites\/3\/2022\/04\/trends-and-vision-logo.jpg","contentUrl":"https:\/\/trendsandvision.nl\/de\/wp-content\/uploads\/sites\/3\/2022\/04\/trends-and-vision-logo.jpg","width":213,"height":100,"caption":"Trends &amp; Vision (DE)"},"image":{"@id":"https:\/\/trendsandvision.nl\/de\/#\/schema\/logo\/image\/"}}]}},"_links":{"self":[{"href":"https:\/\/trendsandvision.nl\/de\/wp-json\/wp\/v2\/product\/11500","targetHints":{"allow":["GET"]}}],"collection":[{"href":"https:\/\/trendsandvision.nl\/de\/wp-json\/wp\/v2\/product"}],"about":[{"href":"https:\/\/trendsandvision.nl\/de\/wp-json\/wp\/v2\/types\/product"}],"wp:featuredmedia":[{"embeddable":true,"href":"https:\/\/trendsandvision.nl\/de\/wp-json\/wp\/v2\/media\/11927"}],"wp:attachment":[{"href":"https:\/\/trendsandvision.nl\/de\/wp-json\/wp\/v2\/media?parent=11500"}],"wp:term":[{"taxonomy":"product_brand","embeddable":true,"href":"https:\/\/trendsandvision.nl\/de\/wp-json\/wp\/v2\/product_brand?post=11500"},{"taxonomy":"product_cat","embeddable":true,"href":"https:\/\/trendsandvision.nl\/de\/wp-json\/wp\/v2\/product_cat?post=11500"},{"taxonomy":"product_tag","embeddable":true,"href":"https:\/\/trendsandvision.nl\/de\/wp-json\/wp\/v2\/product_tag?post=11500"}],"curies":[{"name":"wp","href":"https:\/\/api.w.org\/{rel}","templated":true}]}}