{"id":11449,"date":"2024-01-17T17:06:43","date_gmt":"2024-01-17T16:06:43","guid":{"rendered":"https:\/\/trendsandvision.nl\/de\/product\/esschert-design-outdoor-eintopf-ofenset\/"},"modified":"2026-04-07T10:30:36","modified_gmt":"2026-04-07T08:30:36","slug":"esschert-design-outdoor-eintopf-ofenset","status":"publish","type":"product","link":"https:\/\/trendsandvision.nl\/de\/product\/esschert-design-outdoor-eintopf-ofenset\/","title":{"rendered":"Esschert Design Outdoor Eintopf- Ofenset"},"content":{"rendered":"<p>Im Set ist folgendes Kochzubeh\u00f6r enthalten:<br \/>\n&#8211; Ofen<br \/>\n&#8211; Grillrost<br \/>\n&#8211; Topf<br \/>\n&#8211; Deckel<br \/>\n&#8211; Kastanienbrenner<br \/>\n&#8211; Sch\u00f6pfkelle und mehr&#8230;<\/p>\n<p>Mit seiner robusten Konstruktion und den hochwertigen Materialien ist der Outdoor-Kocher von Esschert Design auf Langlebigkeit ausgelegt. Er verf\u00fcgt \u00fcber eine ger\u00e4umige Kochfl\u00e4che oben auf dem Herd, auf der Sie T\u00f6pfe, Pfannen und Grillroste problemlos abstellen k\u00f6nnen. Ob Sie drau\u00dfen grillen, Suppe kochen oder einfach nur Ihren Kaffee aufw\u00e4rmen m\u00f6chten, mit diesem Herd ist alles m\u00f6glich!<\/p>\n<p>Genie\u00dfen Sie ein authentisches Kocherlebnis<br \/>\nDas Besondere an diesem Herd ist das authentische Kocherlebnis, das er bietet. Im Gegensatz zu einer herk\u00f6mmlichen K\u00fcche, in der Sie auf moderne Ger\u00e4te angewiesen sind, haben Sie bei diesem Herd das Gef\u00fchl, in der Zeit zur\u00fcckversetzt zu sein. Sie k\u00f6nnen den handwerklichen Prozess der Speisenzubereitung \u00fcber dem offenen Feuer genie\u00dfen und dabei die wunderbaren Aromen riechen, die dabei freigesetzt werden.<\/p>\n<p>Artikelname Outdoor Eintopf- Ofenset<br \/>\nArtikelnummer FF608<br \/>\nProduktgruppe(n) Feuer, drau\u00dfen grillen und kochen<br \/>\nProduktabmessungen in cm L 45,5 x T 49,5 x H 92<br \/>\nMaterial Edelstahl, Tannenholz, Eisen<br \/>\nBruttogewicht 9,532 kg<br \/>\nNettogewicht 8,665 kg<\/p>\n","protected":false},"excerpt":{"rendered":"<p>\u00f8 L 45,5 x T 49,5 x H 92<br \/>\nMaterial Edelstahl, Tannenholz, Eisen<br \/>\nNettogewicht 8,665 kg<br \/>\nBarcode 8714982263224<\/p>\n","protected":false},"featured_media":11450,"template":"","meta":[],"product_brand":[9597,9598],"product_cat":[1124],"product_tag":[7574,6812,9401,9400,9402,7575,8070],"class_list":{"0":"post-11449","1":"product","2":"type-product","3":"status-publish","4":"has-post-thumbnail","6":"product_brand-esschert-design","7":"product_brand-trends-and-vision","8":"product_cat-fancy-flames","9":"product_tag-eintopf","10":"product_tag-kochen","11":"product_tag-krisenvorsorge","12":"product_tag-notfallvorsorge","13":"product_tag-notpaket","14":"product_tag-ofenset","15":"product_tag-outdoor-coocking","16":"pa_anbieter-esschert-design","17":"pa_ean-code-6309","18":"pa_gewicht-6307","19":"pa_messungen-455x495x920-cm","21":"first","22":"instock","23":"sale","24":"taxable","25":"shipping-taxable","26":"purchasable","27":"product-type-simple","28":"czr-hentry"},"yoast_head":"<!-- This site is optimized with the Yoast SEO Premium plugin v26.4 (Yoast SEO v27.3) - https:\/\/yoast.com\/product\/yoast-seo-premium-wordpress\/ -->\n<title>Esschert Design Outdoor Eintopf- Ofenset (FF608 8714982263224) | Trends &amp; Vision<\/title>\n<meta name=\"description\" content=\"Esschert Design Outdoor Eintopf- Ofenset (FF608 8714982263224)\" \/>\n<meta name=\"robots\" content=\"index, follow, max-snippet:-1, max-image-preview:large, max-video-preview:-1\" \/>\n<link rel=\"canonical\" href=\"https:\/\/trendsandvision.nl\/de\/product\/esschert-design-outdoor-eintopf-ofenset\/\" \/>\n<meta property=\"og:locale\" content=\"de_DE\" \/>\n<meta property=\"og:type\" content=\"article\" \/>\n<meta property=\"og:title\" content=\"Esschert Design Outdoor Eintopf- Ofenset\" \/>\n<meta property=\"og:description\" content=\"Esschert Design Outdoor Eintopf- Ofenset (FF608 8714982263224)\" \/>\n<meta property=\"og:url\" content=\"https:\/\/trendsandvision.nl\/de\/product\/esschert-design-outdoor-eintopf-ofenset\/\" \/>\n<meta property=\"og:site_name\" content=\"Trends &amp; Vision (DE)\" \/>\n<meta property=\"article:modified_time\" content=\"2026-04-07T08:30:36+00:00\" \/>\n<meta property=\"og:image\" content=\"https:\/\/trendsandvision.nl\/de\/wp-content\/uploads\/sites\/3\/2024\/01\/FF608_01.jpg\" \/>\n\t<meta property=\"og:image:width\" content=\"800\" \/>\n\t<meta property=\"og:image:height\" content=\"800\" \/>\n\t<meta property=\"og:image:type\" content=\"image\/jpeg\" \/>\n<meta name=\"twitter:card\" content=\"summary_large_image\" \/>\n<meta name=\"twitter:label1\" content=\"Gesch\u00e4tzte Lesezeit\" \/>\n\t<meta name=\"twitter:data1\" content=\"2\u00a0Minuten\" \/>\n<script type=\"application\/ld+json\" class=\"yoast-schema-graph\">{\"@context\":\"https:\\\/\\\/schema.org\",\"@graph\":[{\"@type\":\"WebPage\",\"@id\":\"https:\\\/\\\/trendsandvision.nl\\\/de\\\/product\\\/esschert-design-outdoor-eintopf-ofenset\\\/\",\"url\":\"https:\\\/\\\/trendsandvision.nl\\\/de\\\/product\\\/esschert-design-outdoor-eintopf-ofenset\\\/\",\"name\":\"Esschert Design Outdoor Eintopf- Ofenset (FF608 8714982263224) | Trends & Vision\",\"isPartOf\":{\"@id\":\"https:\\\/\\\/trendsandvision.nl\\\/de\\\/#website\"},\"primaryImageOfPage\":{\"@id\":\"https:\\\/\\\/trendsandvision.nl\\\/de\\\/product\\\/esschert-design-outdoor-eintopf-ofenset\\\/#primaryimage\"},\"image\":{\"@id\":\"https:\\\/\\\/trendsandvision.nl\\\/de\\\/product\\\/esschert-design-outdoor-eintopf-ofenset\\\/#primaryimage\"},\"thumbnailUrl\":\"https:\\\/\\\/trendsandvision.nl\\\/de\\\/wp-content\\\/uploads\\\/sites\\\/3\\\/2024\\\/01\\\/FF608_01.jpg\",\"datePublished\":\"2024-01-17T16:06:43+00:00\",\"dateModified\":\"2026-04-07T08:30:36+00:00\",\"description\":\"Esschert Design Outdoor Eintopf- Ofenset (FF608 8714982263224)\",\"breadcrumb\":{\"@id\":\"https:\\\/\\\/trendsandvision.nl\\\/de\\\/product\\\/esschert-design-outdoor-eintopf-ofenset\\\/#breadcrumb\"},\"inLanguage\":\"de\",\"potentialAction\":[{\"@type\":\"ReadAction\",\"target\":[\"https:\\\/\\\/trendsandvision.nl\\\/de\\\/product\\\/esschert-design-outdoor-eintopf-ofenset\\\/\"]}]},{\"@type\":\"ImageObject\",\"inLanguage\":\"de\",\"@id\":\"https:\\\/\\\/trendsandvision.nl\\\/de\\\/product\\\/esschert-design-outdoor-eintopf-ofenset\\\/#primaryimage\",\"url\":\"https:\\\/\\\/trendsandvision.nl\\\/de\\\/wp-content\\\/uploads\\\/sites\\\/3\\\/2024\\\/01\\\/FF608_01.jpg\",\"contentUrl\":\"https:\\\/\\\/trendsandvision.nl\\\/de\\\/wp-content\\\/uploads\\\/sites\\\/3\\\/2024\\\/01\\\/FF608_01.jpg\",\"width\":800,\"height\":800,\"caption\":\"Esschert Design Outdoor Eintopf- Ofenset (FF608 8714982263224) - 01\"},{\"@type\":\"BreadcrumbList\",\"@id\":\"https:\\\/\\\/trendsandvision.nl\\\/de\\\/product\\\/esschert-design-outdoor-eintopf-ofenset\\\/#breadcrumb\",\"itemListElement\":[{\"@type\":\"ListItem\",\"position\":1,\"name\":\"Home\",\"item\":\"https:\\\/\\\/trendsandvision.nl\\\/de\\\/\"},{\"@type\":\"ListItem\",\"position\":2,\"name\":\"Gesch\u00e4ft\",\"item\":\"https:\\\/\\\/trendsandvision.nl\\\/de\\\/geschaft\\\/\"},{\"@type\":\"ListItem\",\"position\":3,\"name\":\"Esschert Design Outdoor Eintopf- Ofenset\"}]},{\"@type\":\"WebSite\",\"@id\":\"https:\\\/\\\/trendsandvision.nl\\\/de\\\/#website\",\"url\":\"https:\\\/\\\/trendsandvision.nl\\\/de\\\/\",\"name\":\"Trends &amp; Vision (DE)\",\"description\":\"Der Webshop f\u00fcr Esschert Design Artikel\",\"publisher\":{\"@id\":\"https:\\\/\\\/trendsandvision.nl\\\/de\\\/#organization\"},\"potentialAction\":[{\"@type\":\"SearchAction\",\"target\":{\"@type\":\"EntryPoint\",\"urlTemplate\":\"https:\\\/\\\/trendsandvision.nl\\\/de\\\/?s={search_term_string}\"},\"query-input\":{\"@type\":\"PropertyValueSpecification\",\"valueRequired\":true,\"valueName\":\"search_term_string\"}}],\"inLanguage\":\"de\"},{\"@type\":\"Organization\",\"@id\":\"https:\\\/\\\/trendsandvision.nl\\\/de\\\/#organization\",\"name\":\"Trends &amp; Vision (DE)\",\"url\":\"https:\\\/\\\/trendsandvision.nl\\\/de\\\/\",\"logo\":{\"@type\":\"ImageObject\",\"inLanguage\":\"de\",\"@id\":\"https:\\\/\\\/trendsandvision.nl\\\/de\\\/#\\\/schema\\\/logo\\\/image\\\/\",\"url\":\"https:\\\/\\\/trendsandvision.nl\\\/de\\\/wp-content\\\/uploads\\\/sites\\\/3\\\/2022\\\/04\\\/trends-and-vision-logo.jpg\",\"contentUrl\":\"https:\\\/\\\/trendsandvision.nl\\\/de\\\/wp-content\\\/uploads\\\/sites\\\/3\\\/2022\\\/04\\\/trends-and-vision-logo.jpg\",\"width\":213,\"height\":100,\"caption\":\"Trends &amp; Vision (DE)\"},\"image\":{\"@id\":\"https:\\\/\\\/trendsandvision.nl\\\/de\\\/#\\\/schema\\\/logo\\\/image\\\/\"}}]}<\/script>\n<!-- \/ Yoast SEO Premium plugin. -->","yoast_head_json":{"title":"Esschert Design Outdoor Eintopf- Ofenset (FF608 8714982263224) | Trends & Vision","description":"Esschert Design Outdoor Eintopf- Ofenset (FF608 8714982263224)","robots":{"index":"index","follow":"follow","max-snippet":"max-snippet:-1","max-image-preview":"max-image-preview:large","max-video-preview":"max-video-preview:-1"},"canonical":"https:\/\/trendsandvision.nl\/de\/product\/esschert-design-outdoor-eintopf-ofenset\/","og_locale":"de_DE","og_type":"article","og_title":"Esschert Design Outdoor Eintopf- Ofenset","og_description":"Esschert Design Outdoor Eintopf- Ofenset (FF608 8714982263224)","og_url":"https:\/\/trendsandvision.nl\/de\/product\/esschert-design-outdoor-eintopf-ofenset\/","og_site_name":"Trends &amp; Vision (DE)","article_modified_time":"2026-04-07T08:30:36+00:00","og_image":[{"width":800,"height":800,"url":"https:\/\/trendsandvision.nl\/de\/wp-content\/uploads\/sites\/3\/2024\/01\/FF608_01.jpg","type":"image\/jpeg"}],"twitter_card":"summary_large_image","twitter_misc":{"Gesch\u00e4tzte Lesezeit":"2\u00a0Minuten"},"schema":{"@context":"https:\/\/schema.org","@graph":[{"@type":"WebPage","@id":"https:\/\/trendsandvision.nl\/de\/product\/esschert-design-outdoor-eintopf-ofenset\/","url":"https:\/\/trendsandvision.nl\/de\/product\/esschert-design-outdoor-eintopf-ofenset\/","name":"Esschert Design Outdoor Eintopf- Ofenset (FF608 8714982263224) | Trends & Vision","isPartOf":{"@id":"https:\/\/trendsandvision.nl\/de\/#website"},"primaryImageOfPage":{"@id":"https:\/\/trendsandvision.nl\/de\/product\/esschert-design-outdoor-eintopf-ofenset\/#primaryimage"},"image":{"@id":"https:\/\/trendsandvision.nl\/de\/product\/esschert-design-outdoor-eintopf-ofenset\/#primaryimage"},"thumbnailUrl":"https:\/\/trendsandvision.nl\/de\/wp-content\/uploads\/sites\/3\/2024\/01\/FF608_01.jpg","datePublished":"2024-01-17T16:06:43+00:00","dateModified":"2026-04-07T08:30:36+00:00","description":"Esschert Design Outdoor Eintopf- Ofenset (FF608 8714982263224)","breadcrumb":{"@id":"https:\/\/trendsandvision.nl\/de\/product\/esschert-design-outdoor-eintopf-ofenset\/#breadcrumb"},"inLanguage":"de","potentialAction":[{"@type":"ReadAction","target":["https:\/\/trendsandvision.nl\/de\/product\/esschert-design-outdoor-eintopf-ofenset\/"]}]},{"@type":"ImageObject","inLanguage":"de","@id":"https:\/\/trendsandvision.nl\/de\/product\/esschert-design-outdoor-eintopf-ofenset\/#primaryimage","url":"https:\/\/trendsandvision.nl\/de\/wp-content\/uploads\/sites\/3\/2024\/01\/FF608_01.jpg","contentUrl":"https:\/\/trendsandvision.nl\/de\/wp-content\/uploads\/sites\/3\/2024\/01\/FF608_01.jpg","width":800,"height":800,"caption":"Esschert Design Outdoor Eintopf- Ofenset (FF608 8714982263224) - 01"},{"@type":"BreadcrumbList","@id":"https:\/\/trendsandvision.nl\/de\/product\/esschert-design-outdoor-eintopf-ofenset\/#breadcrumb","itemListElement":[{"@type":"ListItem","position":1,"name":"Home","item":"https:\/\/trendsandvision.nl\/de\/"},{"@type":"ListItem","position":2,"name":"Gesch\u00e4ft","item":"https:\/\/trendsandvision.nl\/de\/geschaft\/"},{"@type":"ListItem","position":3,"name":"Esschert Design Outdoor Eintopf- Ofenset"}]},{"@type":"WebSite","@id":"https:\/\/trendsandvision.nl\/de\/#website","url":"https:\/\/trendsandvision.nl\/de\/","name":"Trends &amp; Vision (DE)","description":"Der Webshop f\u00fcr Esschert Design Artikel","publisher":{"@id":"https:\/\/trendsandvision.nl\/de\/#organization"},"potentialAction":[{"@type":"SearchAction","target":{"@type":"EntryPoint","urlTemplate":"https:\/\/trendsandvision.nl\/de\/?s={search_term_string}"},"query-input":{"@type":"PropertyValueSpecification","valueRequired":true,"valueName":"search_term_string"}}],"inLanguage":"de"},{"@type":"Organization","@id":"https:\/\/trendsandvision.nl\/de\/#organization","name":"Trends &amp; Vision (DE)","url":"https:\/\/trendsandvision.nl\/de\/","logo":{"@type":"ImageObject","inLanguage":"de","@id":"https:\/\/trendsandvision.nl\/de\/#\/schema\/logo\/image\/","url":"https:\/\/trendsandvision.nl\/de\/wp-content\/uploads\/sites\/3\/2022\/04\/trends-and-vision-logo.jpg","contentUrl":"https:\/\/trendsandvision.nl\/de\/wp-content\/uploads\/sites\/3\/2022\/04\/trends-and-vision-logo.jpg","width":213,"height":100,"caption":"Trends &amp; Vision (DE)"},"image":{"@id":"https:\/\/trendsandvision.nl\/de\/#\/schema\/logo\/image\/"}}]}},"_links":{"self":[{"href":"https:\/\/trendsandvision.nl\/de\/wp-json\/wp\/v2\/product\/11449","targetHints":{"allow":["GET"]}}],"collection":[{"href":"https:\/\/trendsandvision.nl\/de\/wp-json\/wp\/v2\/product"}],"about":[{"href":"https:\/\/trendsandvision.nl\/de\/wp-json\/wp\/v2\/types\/product"}],"wp:featuredmedia":[{"embeddable":true,"href":"https:\/\/trendsandvision.nl\/de\/wp-json\/wp\/v2\/media\/11450"}],"wp:attachment":[{"href":"https:\/\/trendsandvision.nl\/de\/wp-json\/wp\/v2\/media?parent=11449"}],"wp:term":[{"taxonomy":"product_brand","embeddable":true,"href":"https:\/\/trendsandvision.nl\/de\/wp-json\/wp\/v2\/product_brand?post=11449"},{"taxonomy":"product_cat","embeddable":true,"href":"https:\/\/trendsandvision.nl\/de\/wp-json\/wp\/v2\/product_cat?post=11449"},{"taxonomy":"product_tag","embeddable":true,"href":"https:\/\/trendsandvision.nl\/de\/wp-json\/wp\/v2\/product_tag?post=11449"}],"curies":[{"name":"wp","href":"https:\/\/api.w.org\/{rel}","templated":true}]}}