{"id":11373,"date":"2024-01-17T17:04:49","date_gmt":"2024-01-17T16:04:49","guid":{"rendered":"https:\/\/trendsandvision.nl\/de\/product\/esschert-design-emaille-hausnummer-endstueck-2er-set\/"},"modified":"2026-04-22T14:56:07","modified_gmt":"2026-04-22T12:56:07","slug":"esschert-design-emaille-hausnummer-endstueck-2er-set","status":"publish","type":"product","link":"https:\/\/trendsandvision.nl\/de\/product\/esschert-design-emaille-hausnummer-endstueck-2er-set\/","title":{"rendered":"Esschert Design Emaille Hausnummer Endst\u00fcck 2er Set"},"content":{"rendered":"<p>Hausnummerschilder, Endst\u00fccke (2er Set)<br \/>\n(<a href=\"https:\/\/trendsandvision.nl\/de\/?s=Emaille+Hausnummer&amp;post_type=product&amp;dgwt_wcas=1\">Alle Emaille Hausnummer<\/a>)<\/p>\n<p>Oder al <strong><a href=\"https:\/\/trendsandvision.nl\/de\/?s=snummer&amp;post_type=product&amp;dgwt_wcas=1\">unsere Schilder und Hausnummer<\/a><\/strong><\/p>\n<p>Wanddekoration f\u00fcr ihren Aussenbereich<br \/>\nJede mit 2 Befestigungsl\u00f6chern<br \/>\nAus Eisen gefertigt<br \/>\nIn der Farbe Blau\/Weiss<br \/>\nAbmessungen: 3.5 cm x 11.8 cm x 0.5 cm (B x H x T)<br \/>\nLieferumfang: 2 St\u00fcck<\/p>\n<p>Die formsch\u00f6ne Emaille Hausnummer Endst\u00fccke  sind stilvolles und praktisches Accessoires f\u00fcr Ihre Eingangst\u00fcr. Mit ihren klaren Linien und der robusten Eisenkonstruktion verleiht sie jeder Hausfassade eine elegante Note. Die handlichen Abmessungen von (St\u00fcck) 3,5 x 0.5 x 11.8 cm machen die Montage zum Kinderspiel.<br \/>\nDie hochwertige Emaillebeschichtung sorgt f\u00fcr Langlebigkeit und Witterungsbest\u00e4ndigkeit. Dezentes Gewicht von nur 0.043 kg verleiht der Hausnummer eine filigrane Anmutung. Ein unverzichtbares Detail, das jedem Haus eine pers\u00f6nliche Note verleiht<\/p>\n","protected":false},"excerpt":{"rendered":"<p>(2x) L 3,5 x T 0,5 x H 11,8 cm<br \/>\nMaterial Eisen<br \/>\nBruttogewicht 0,05 kg<br \/>\nNettogewicht 0,045 kg<br \/>\nBarcode 8714982258756<\/p>\n","protected":false},"featured_media":11374,"template":"","meta":[],"product_brand":[9597,9598],"product_cat":[851],"product_tag":[7530,7531],"class_list":{"0":"post-11373","1":"product","2":"type-product","3":"status-publish","4":"has-post-thumbnail","6":"product_brand-esschert-design","7":"product_brand-trends-and-vision","8":"product_cat-best-for-boots","9":"product_tag-emaille","10":"product_tag-hausnummer","11":"pa_anbieter-esschert-design","12":"pa_ean-code-6246","13":"pa_gewicht-6209","14":"pa_material-iron","15":"pa_messungen-35x05x118-cm","17":"first","18":"instock","19":"sale","20":"taxable","21":"shipping-taxable","22":"purchasable","23":"product-type-simple","24":"czr-hentry"},"yoast_head":"<!-- This site is optimized with the Yoast SEO Premium plugin v27.4 (Yoast SEO v27.4) - https:\/\/yoast.com\/product\/yoast-seo-premium-wordpress\/ -->\n<title>Esschert Design Emaille Hausnummer Endst\u00fcck 2er Set (DB92-F 8714982258756) | Trends &amp; Vision<\/title>\n<meta name=\"description\" content=\"Esschert Design Emaille Hausnummer Endst\u00fcck 2er Set (DB92-F 8714982258756)\" \/>\n<meta name=\"robots\" content=\"index, follow, max-snippet:-1, max-image-preview:large, max-video-preview:-1\" \/>\n<link rel=\"canonical\" href=\"https:\/\/trendsandvision.nl\/de\/product\/esschert-design-emaille-hausnummer-endstueck-2er-set\/\" \/>\n<meta property=\"og:locale\" content=\"de_DE\" \/>\n<meta property=\"og:type\" content=\"article\" \/>\n<meta property=\"og:title\" content=\"Esschert Design Emaille Hausnummer Endst\u00fcck 2er Set\" \/>\n<meta property=\"og:description\" content=\"Esschert Design Emaille Hausnummer Endst\u00fcck 2er Set (DB92-F 8714982258756)\" \/>\n<meta property=\"og:url\" content=\"https:\/\/trendsandvision.nl\/de\/product\/esschert-design-emaille-hausnummer-endstueck-2er-set\/\" \/>\n<meta property=\"og:site_name\" content=\"Trends &amp; Vision (DE)\" \/>\n<meta property=\"article:modified_time\" content=\"2026-04-22T12:56:07+00:00\" \/>\n<meta property=\"og:image\" content=\"https:\/\/trendsandvision.nl\/de\/wp-content\/uploads\/sites\/3\/2024\/01\/DB92-F_01.jpg\" \/>\n\t<meta property=\"og:image:width\" content=\"800\" \/>\n\t<meta property=\"og:image:height\" content=\"800\" \/>\n\t<meta property=\"og:image:type\" content=\"image\/jpeg\" \/>\n<meta name=\"twitter:card\" content=\"summary_large_image\" \/>\n<meta name=\"twitter:label1\" content=\"Gesch\u00e4tzte Lesezeit\" \/>\n\t<meta name=\"twitter:data1\" content=\"1\u00a0Minute\" \/>\n<script type=\"application\/ld+json\" class=\"yoast-schema-graph\">{\"@context\":\"https:\\\/\\\/schema.org\",\"@graph\":[{\"@type\":\"WebPage\",\"@id\":\"https:\\\/\\\/trendsandvision.nl\\\/de\\\/product\\\/esschert-design-emaille-hausnummer-endstueck-2er-set\\\/\",\"url\":\"https:\\\/\\\/trendsandvision.nl\\\/de\\\/product\\\/esschert-design-emaille-hausnummer-endstueck-2er-set\\\/\",\"name\":\"Esschert Design Emaille Hausnummer Endst\u00fcck 2er Set (DB92-F 8714982258756) | Trends & Vision\",\"isPartOf\":{\"@id\":\"https:\\\/\\\/trendsandvision.nl\\\/de\\\/#website\"},\"primaryImageOfPage\":{\"@id\":\"https:\\\/\\\/trendsandvision.nl\\\/de\\\/product\\\/esschert-design-emaille-hausnummer-endstueck-2er-set\\\/#primaryimage\"},\"image\":{\"@id\":\"https:\\\/\\\/trendsandvision.nl\\\/de\\\/product\\\/esschert-design-emaille-hausnummer-endstueck-2er-set\\\/#primaryimage\"},\"thumbnailUrl\":\"https:\\\/\\\/trendsandvision.nl\\\/de\\\/wp-content\\\/uploads\\\/sites\\\/3\\\/2024\\\/01\\\/DB92-F_01.jpg\",\"datePublished\":\"2024-01-17T16:04:49+00:00\",\"dateModified\":\"2026-04-22T12:56:07+00:00\",\"description\":\"Esschert Design Emaille Hausnummer Endst\u00fcck 2er Set (DB92-F 8714982258756)\",\"breadcrumb\":{\"@id\":\"https:\\\/\\\/trendsandvision.nl\\\/de\\\/product\\\/esschert-design-emaille-hausnummer-endstueck-2er-set\\\/#breadcrumb\"},\"inLanguage\":\"de\",\"potentialAction\":[{\"@type\":\"ReadAction\",\"target\":[\"https:\\\/\\\/trendsandvision.nl\\\/de\\\/product\\\/esschert-design-emaille-hausnummer-endstueck-2er-set\\\/\"]}]},{\"@type\":\"ImageObject\",\"inLanguage\":\"de\",\"@id\":\"https:\\\/\\\/trendsandvision.nl\\\/de\\\/product\\\/esschert-design-emaille-hausnummer-endstueck-2er-set\\\/#primaryimage\",\"url\":\"https:\\\/\\\/trendsandvision.nl\\\/de\\\/wp-content\\\/uploads\\\/sites\\\/3\\\/2024\\\/01\\\/DB92-F_01.jpg\",\"contentUrl\":\"https:\\\/\\\/trendsandvision.nl\\\/de\\\/wp-content\\\/uploads\\\/sites\\\/3\\\/2024\\\/01\\\/DB92-F_01.jpg\",\"width\":800,\"height\":800,\"caption\":\"Esschert Design Emaille Hausnummer Endst\u00fcck 2er Set (DB92-F 8714982258756) - 01\"},{\"@type\":\"BreadcrumbList\",\"@id\":\"https:\\\/\\\/trendsandvision.nl\\\/de\\\/product\\\/esschert-design-emaille-hausnummer-endstueck-2er-set\\\/#breadcrumb\",\"itemListElement\":[{\"@type\":\"ListItem\",\"position\":1,\"name\":\"Home\",\"item\":\"https:\\\/\\\/trendsandvision.nl\\\/de\\\/\"},{\"@type\":\"ListItem\",\"position\":2,\"name\":\"Gesch\u00e4ft\",\"item\":\"https:\\\/\\\/trendsandvision.nl\\\/de\\\/geschaft\\\/\"},{\"@type\":\"ListItem\",\"position\":3,\"name\":\"Esschert Design Emaille Hausnummer Endst\u00fcck 2er Set\"}]},{\"@type\":\"WebSite\",\"@id\":\"https:\\\/\\\/trendsandvision.nl\\\/de\\\/#website\",\"url\":\"https:\\\/\\\/trendsandvision.nl\\\/de\\\/\",\"name\":\"Trends &amp; Vision (DE)\",\"description\":\"Der Webshop f\u00fcr Esschert Design Artikel\",\"publisher\":{\"@id\":\"https:\\\/\\\/trendsandvision.nl\\\/de\\\/#organization\"},\"potentialAction\":[{\"@type\":\"SearchAction\",\"target\":{\"@type\":\"EntryPoint\",\"urlTemplate\":\"https:\\\/\\\/trendsandvision.nl\\\/de\\\/?s={search_term_string}\"},\"query-input\":{\"@type\":\"PropertyValueSpecification\",\"valueRequired\":true,\"valueName\":\"search_term_string\"}}],\"inLanguage\":\"de\"},{\"@type\":\"Organization\",\"@id\":\"https:\\\/\\\/trendsandvision.nl\\\/de\\\/#organization\",\"name\":\"Trends &amp; Vision (DE)\",\"url\":\"https:\\\/\\\/trendsandvision.nl\\\/de\\\/\",\"logo\":{\"@type\":\"ImageObject\",\"inLanguage\":\"de\",\"@id\":\"https:\\\/\\\/trendsandvision.nl\\\/de\\\/#\\\/schema\\\/logo\\\/image\\\/\",\"url\":\"https:\\\/\\\/trendsandvision.nl\\\/de\\\/wp-content\\\/uploads\\\/sites\\\/3\\\/2022\\\/04\\\/trends-and-vision-logo.jpg\",\"contentUrl\":\"https:\\\/\\\/trendsandvision.nl\\\/de\\\/wp-content\\\/uploads\\\/sites\\\/3\\\/2022\\\/04\\\/trends-and-vision-logo.jpg\",\"width\":213,\"height\":100,\"caption\":\"Trends &amp; Vision (DE)\"},\"image\":{\"@id\":\"https:\\\/\\\/trendsandvision.nl\\\/de\\\/#\\\/schema\\\/logo\\\/image\\\/\"}}]}<\/script>\n<!-- \/ Yoast SEO Premium plugin. -->","yoast_head_json":{"title":"Esschert Design Emaille Hausnummer Endst\u00fcck 2er Set (DB92-F 8714982258756) | Trends & Vision","description":"Esschert Design Emaille Hausnummer Endst\u00fcck 2er Set (DB92-F 8714982258756)","robots":{"index":"index","follow":"follow","max-snippet":"max-snippet:-1","max-image-preview":"max-image-preview:large","max-video-preview":"max-video-preview:-1"},"canonical":"https:\/\/trendsandvision.nl\/de\/product\/esschert-design-emaille-hausnummer-endstueck-2er-set\/","og_locale":"de_DE","og_type":"article","og_title":"Esschert Design Emaille Hausnummer Endst\u00fcck 2er Set","og_description":"Esschert Design Emaille Hausnummer Endst\u00fcck 2er Set (DB92-F 8714982258756)","og_url":"https:\/\/trendsandvision.nl\/de\/product\/esschert-design-emaille-hausnummer-endstueck-2er-set\/","og_site_name":"Trends &amp; Vision (DE)","article_modified_time":"2026-04-22T12:56:07+00:00","og_image":[{"width":800,"height":800,"url":"https:\/\/trendsandvision.nl\/de\/wp-content\/uploads\/sites\/3\/2024\/01\/DB92-F_01.jpg","type":"image\/jpeg"}],"twitter_card":"summary_large_image","twitter_misc":{"Gesch\u00e4tzte Lesezeit":"1\u00a0Minute"},"schema":{"@context":"https:\/\/schema.org","@graph":[{"@type":"WebPage","@id":"https:\/\/trendsandvision.nl\/de\/product\/esschert-design-emaille-hausnummer-endstueck-2er-set\/","url":"https:\/\/trendsandvision.nl\/de\/product\/esschert-design-emaille-hausnummer-endstueck-2er-set\/","name":"Esschert Design Emaille Hausnummer Endst\u00fcck 2er Set (DB92-F 8714982258756) | Trends & Vision","isPartOf":{"@id":"https:\/\/trendsandvision.nl\/de\/#website"},"primaryImageOfPage":{"@id":"https:\/\/trendsandvision.nl\/de\/product\/esschert-design-emaille-hausnummer-endstueck-2er-set\/#primaryimage"},"image":{"@id":"https:\/\/trendsandvision.nl\/de\/product\/esschert-design-emaille-hausnummer-endstueck-2er-set\/#primaryimage"},"thumbnailUrl":"https:\/\/trendsandvision.nl\/de\/wp-content\/uploads\/sites\/3\/2024\/01\/DB92-F_01.jpg","datePublished":"2024-01-17T16:04:49+00:00","dateModified":"2026-04-22T12:56:07+00:00","description":"Esschert Design Emaille Hausnummer Endst\u00fcck 2er Set (DB92-F 8714982258756)","breadcrumb":{"@id":"https:\/\/trendsandvision.nl\/de\/product\/esschert-design-emaille-hausnummer-endstueck-2er-set\/#breadcrumb"},"inLanguage":"de","potentialAction":[{"@type":"ReadAction","target":["https:\/\/trendsandvision.nl\/de\/product\/esschert-design-emaille-hausnummer-endstueck-2er-set\/"]}]},{"@type":"ImageObject","inLanguage":"de","@id":"https:\/\/trendsandvision.nl\/de\/product\/esschert-design-emaille-hausnummer-endstueck-2er-set\/#primaryimage","url":"https:\/\/trendsandvision.nl\/de\/wp-content\/uploads\/sites\/3\/2024\/01\/DB92-F_01.jpg","contentUrl":"https:\/\/trendsandvision.nl\/de\/wp-content\/uploads\/sites\/3\/2024\/01\/DB92-F_01.jpg","width":800,"height":800,"caption":"Esschert Design Emaille Hausnummer Endst\u00fcck 2er Set (DB92-F 8714982258756) - 01"},{"@type":"BreadcrumbList","@id":"https:\/\/trendsandvision.nl\/de\/product\/esschert-design-emaille-hausnummer-endstueck-2er-set\/#breadcrumb","itemListElement":[{"@type":"ListItem","position":1,"name":"Home","item":"https:\/\/trendsandvision.nl\/de\/"},{"@type":"ListItem","position":2,"name":"Gesch\u00e4ft","item":"https:\/\/trendsandvision.nl\/de\/geschaft\/"},{"@type":"ListItem","position":3,"name":"Esschert Design Emaille Hausnummer Endst\u00fcck 2er Set"}]},{"@type":"WebSite","@id":"https:\/\/trendsandvision.nl\/de\/#website","url":"https:\/\/trendsandvision.nl\/de\/","name":"Trends &amp; Vision (DE)","description":"Der Webshop f\u00fcr Esschert Design Artikel","publisher":{"@id":"https:\/\/trendsandvision.nl\/de\/#organization"},"potentialAction":[{"@type":"SearchAction","target":{"@type":"EntryPoint","urlTemplate":"https:\/\/trendsandvision.nl\/de\/?s={search_term_string}"},"query-input":{"@type":"PropertyValueSpecification","valueRequired":true,"valueName":"search_term_string"}}],"inLanguage":"de"},{"@type":"Organization","@id":"https:\/\/trendsandvision.nl\/de\/#organization","name":"Trends &amp; Vision (DE)","url":"https:\/\/trendsandvision.nl\/de\/","logo":{"@type":"ImageObject","inLanguage":"de","@id":"https:\/\/trendsandvision.nl\/de\/#\/schema\/logo\/image\/","url":"https:\/\/trendsandvision.nl\/de\/wp-content\/uploads\/sites\/3\/2022\/04\/trends-and-vision-logo.jpg","contentUrl":"https:\/\/trendsandvision.nl\/de\/wp-content\/uploads\/sites\/3\/2022\/04\/trends-and-vision-logo.jpg","width":213,"height":100,"caption":"Trends &amp; Vision (DE)"},"image":{"@id":"https:\/\/trendsandvision.nl\/de\/#\/schema\/logo\/image\/"}}]}},"_links":{"self":[{"href":"https:\/\/trendsandvision.nl\/de\/wp-json\/wp\/v2\/product\/11373","targetHints":{"allow":["GET"]}}],"collection":[{"href":"https:\/\/trendsandvision.nl\/de\/wp-json\/wp\/v2\/product"}],"about":[{"href":"https:\/\/trendsandvision.nl\/de\/wp-json\/wp\/v2\/types\/product"}],"wp:featuredmedia":[{"embeddable":true,"href":"https:\/\/trendsandvision.nl\/de\/wp-json\/wp\/v2\/media\/11374"}],"wp:attachment":[{"href":"https:\/\/trendsandvision.nl\/de\/wp-json\/wp\/v2\/media?parent=11373"}],"wp:term":[{"taxonomy":"product_brand","embeddable":true,"href":"https:\/\/trendsandvision.nl\/de\/wp-json\/wp\/v2\/product_brand?post=11373"},{"taxonomy":"product_cat","embeddable":true,"href":"https:\/\/trendsandvision.nl\/de\/wp-json\/wp\/v2\/product_cat?post=11373"},{"taxonomy":"product_tag","embeddable":true,"href":"https:\/\/trendsandvision.nl\/de\/wp-json\/wp\/v2\/product_tag?post=11373"}],"curies":[{"name":"wp","href":"https:\/\/api.w.org\/{rel}","templated":true}]}}