{"id":11324,"date":"2024-01-17T17:03:55","date_gmt":"2024-01-17T16:03:55","guid":{"rendered":"https:\/\/trendsandvision.nl\/de\/product\/esschert-design-edelstahlhenkelmann-l\/"},"modified":"2026-04-07T10:23:26","modified_gmt":"2026-04-07T08:23:26","slug":"esschert-design-edelstahl-henkelmann-l","status":"publish","type":"product","link":"https:\/\/trendsandvision.nl\/de\/product\/esschert-design-edelstahl-henkelmann-l\/","title":{"rendered":"Esschert Design Edelstahl Henkelmann L"},"content":{"rendered":"<p>Der Esschert Speisebeh\u00e4lter besteht aus hochwertigem Edelstahl<br \/>\nund ist ein klassischer Henkelmann mit Deckel.<br \/>\nDie runde Form und die einfache, einfarbige Gestaltung machen<br \/>\nihn zu einem zeitlosen Begleiter f\u00fcr unterwegs<br \/>\noder als Aufbewahrung zuhause.<br \/>\nMit einer Kapazit\u00e4t von 3 x 900 ml bietet er ausreichend Platz<br \/>\nf\u00fcr verschiedene Speisen.<br \/>\nDer praktische Transportbeh\u00e4lter wiegt 0,769 kg und hat<br \/>\ndie Ma\u00dfe L 16,5 x T 14,7 x H 24,6 CM<br \/>\nOb f\u00fcr ein Picknick im Park oder f\u00fcr die Mittagspause im B\u00fcro,<br \/>\ndieser Speisebeh\u00e4lter ist ein unverzichtbares Kochgeschirr<br \/>\nf\u00fcr jeden, der Essen gerne mitnimmt.<\/p>\n<p>Al <a href=\"https:\/\/trendsandvision.nl\/de\/?s=C21+edel&amp;post_type=product&amp;dgwt_wcas=1\">unsere Edelstahl<\/a> Tischprodukte<\/p>\n<p>Artikelname Edelstahlhenkelmann L<br \/>\nArtikelnummer C2165<br \/>\nProduktgruppe(n) Garten&amp;Terrasse, Drau\u00dfen essen, Sonstiges<br \/>\nProduktabmessungen in cm L 16,5 x T 14,7 x H 24,9<br \/>\nVolumen in Litern 3x 0,900<br \/>\nMaterial Edelstahl<br \/>\nNettogewicht 0,714 kg<br \/>\nBarcode 8714982260414<\/p>\n","protected":false},"excerpt":{"rendered":"<p>L 16,5 x T 14,7 x H 24,9 cm<br \/>\nVolumen in Litern 3x 0,900<br \/>\nMaterial Edelstahl<br \/>\nNettogewicht 0,714 kg<br \/>\nBarcode 8714982260414Al <a href=\"https:\/\/trendsandvision.nl\/de\/?s=C21+edel&amp;post_type=product&amp;dgwt_wcas=1\">unsere Edelstahl<\/a> Tischprodukte<\/p>\n","protected":false},"featured_media":11325,"template":"","meta":[],"product_brand":[9597,9598],"product_cat":[1128],"product_tag":[6950,8693,8036,8692],"class_list":{"0":"post-11324","1":"product","2":"type-product","3":"status-publish","4":"has-post-thumbnail","6":"product_brand-esschert-design","7":"product_brand-trends-and-vision","8":"product_cat-secrets-du-potager","9":"product_tag-edelstahl","10":"product_tag-henkelmann","11":"product_tag-picknick","12":"product_tag-unterwegs","13":"pa_anbieter-esschert-design","14":"pa_ean-code-6223","15":"pa_gewicht-6221","16":"pa_material-stainless-steel","17":"pa_messungen-165x147x246-cm","19":"first","20":"instock","21":"sale","22":"taxable","23":"shipping-taxable","24":"purchasable","25":"product-type-simple","26":"czr-hentry"},"yoast_head":"<!-- This site is optimized with the Yoast SEO Premium plugin v26.4 (Yoast SEO v27.4) - https:\/\/yoast.com\/product\/yoast-seo-premium-wordpress\/ -->\n<title>Esschert Design Edelstahlhenkelmann L (C2165 8714982260414) | Trends &amp; Vision<\/title>\n<meta name=\"description\" content=\"Esschert Design Edelstahlhenkelmann L (C2165 8714982260414)\" \/>\n<meta name=\"robots\" content=\"index, follow, max-snippet:-1, max-image-preview:large, max-video-preview:-1\" \/>\n<link rel=\"canonical\" href=\"https:\/\/trendsandvision.nl\/de\/product\/esschert-design-edelstahl-henkelmann-l\/\" \/>\n<meta property=\"og:locale\" content=\"de_DE\" \/>\n<meta property=\"og:type\" content=\"article\" \/>\n<meta property=\"og:title\" content=\"Esschert Design Edelstahl Henkelmann L\" \/>\n<meta property=\"og:description\" content=\"Esschert Design Edelstahlhenkelmann L (C2165 8714982260414)\" \/>\n<meta property=\"og:url\" content=\"https:\/\/trendsandvision.nl\/de\/product\/esschert-design-edelstahl-henkelmann-l\/\" \/>\n<meta property=\"og:site_name\" content=\"Trends &amp; Vision (DE)\" \/>\n<meta property=\"article:modified_time\" content=\"2026-04-07T08:23:26+00:00\" \/>\n<meta property=\"og:image\" content=\"https:\/\/trendsandvision.nl\/de\/wp-content\/uploads\/sites\/3\/2024\/01\/C2165_01.jpg\" \/>\n\t<meta property=\"og:image:width\" content=\"800\" \/>\n\t<meta property=\"og:image:height\" content=\"800\" \/>\n\t<meta property=\"og:image:type\" content=\"image\/jpeg\" \/>\n<meta name=\"twitter:card\" content=\"summary_large_image\" \/>\n<meta name=\"twitter:label1\" content=\"Gesch\u00e4tzte Lesezeit\" \/>\n\t<meta name=\"twitter:data1\" content=\"1\u00a0Minute\" \/>\n<script type=\"application\/ld+json\" class=\"yoast-schema-graph\">{\"@context\":\"https:\\\/\\\/schema.org\",\"@graph\":[{\"@type\":\"WebPage\",\"@id\":\"https:\\\/\\\/trendsandvision.nl\\\/de\\\/product\\\/esschert-design-edelstahl-henkelmann-l\\\/\",\"url\":\"https:\\\/\\\/trendsandvision.nl\\\/de\\\/product\\\/esschert-design-edelstahl-henkelmann-l\\\/\",\"name\":\"Esschert Design Edelstahlhenkelmann L (C2165 8714982260414) | Trends & Vision\",\"isPartOf\":{\"@id\":\"https:\\\/\\\/trendsandvision.nl\\\/de\\\/#website\"},\"primaryImageOfPage\":{\"@id\":\"https:\\\/\\\/trendsandvision.nl\\\/de\\\/product\\\/esschert-design-edelstahl-henkelmann-l\\\/#primaryimage\"},\"image\":{\"@id\":\"https:\\\/\\\/trendsandvision.nl\\\/de\\\/product\\\/esschert-design-edelstahl-henkelmann-l\\\/#primaryimage\"},\"thumbnailUrl\":\"https:\\\/\\\/trendsandvision.nl\\\/de\\\/wp-content\\\/uploads\\\/sites\\\/3\\\/2024\\\/01\\\/C2165_01.jpg\",\"datePublished\":\"2024-01-17T16:03:55+00:00\",\"dateModified\":\"2026-04-07T08:23:26+00:00\",\"description\":\"Esschert Design Edelstahlhenkelmann L (C2165 8714982260414)\",\"breadcrumb\":{\"@id\":\"https:\\\/\\\/trendsandvision.nl\\\/de\\\/product\\\/esschert-design-edelstahl-henkelmann-l\\\/#breadcrumb\"},\"inLanguage\":\"de\",\"potentialAction\":[{\"@type\":\"ReadAction\",\"target\":[\"https:\\\/\\\/trendsandvision.nl\\\/de\\\/product\\\/esschert-design-edelstahl-henkelmann-l\\\/\"]}]},{\"@type\":\"ImageObject\",\"inLanguage\":\"de\",\"@id\":\"https:\\\/\\\/trendsandvision.nl\\\/de\\\/product\\\/esschert-design-edelstahl-henkelmann-l\\\/#primaryimage\",\"url\":\"https:\\\/\\\/trendsandvision.nl\\\/de\\\/wp-content\\\/uploads\\\/sites\\\/3\\\/2024\\\/01\\\/C2165_01.jpg\",\"contentUrl\":\"https:\\\/\\\/trendsandvision.nl\\\/de\\\/wp-content\\\/uploads\\\/sites\\\/3\\\/2024\\\/01\\\/C2165_01.jpg\",\"width\":800,\"height\":800,\"caption\":\"Esschert Design Edelstahlhenkelmann L (C2165 8714982260414) - 01\"},{\"@type\":\"BreadcrumbList\",\"@id\":\"https:\\\/\\\/trendsandvision.nl\\\/de\\\/product\\\/esschert-design-edelstahl-henkelmann-l\\\/#breadcrumb\",\"itemListElement\":[{\"@type\":\"ListItem\",\"position\":1,\"name\":\"Home\",\"item\":\"https:\\\/\\\/trendsandvision.nl\\\/de\\\/\"},{\"@type\":\"ListItem\",\"position\":2,\"name\":\"Gesch\u00e4ft\",\"item\":\"https:\\\/\\\/trendsandvision.nl\\\/de\\\/geschaft\\\/\"},{\"@type\":\"ListItem\",\"position\":3,\"name\":\"Esschert Design Edelstahl Henkelmann L\"}]},{\"@type\":\"WebSite\",\"@id\":\"https:\\\/\\\/trendsandvision.nl\\\/de\\\/#website\",\"url\":\"https:\\\/\\\/trendsandvision.nl\\\/de\\\/\",\"name\":\"Trends &amp; Vision (DE)\",\"description\":\"Der Webshop f\u00fcr Esschert Design Artikel\",\"publisher\":{\"@id\":\"https:\\\/\\\/trendsandvision.nl\\\/de\\\/#organization\"},\"potentialAction\":[{\"@type\":\"SearchAction\",\"target\":{\"@type\":\"EntryPoint\",\"urlTemplate\":\"https:\\\/\\\/trendsandvision.nl\\\/de\\\/?s={search_term_string}\"},\"query-input\":{\"@type\":\"PropertyValueSpecification\",\"valueRequired\":true,\"valueName\":\"search_term_string\"}}],\"inLanguage\":\"de\"},{\"@type\":\"Organization\",\"@id\":\"https:\\\/\\\/trendsandvision.nl\\\/de\\\/#organization\",\"name\":\"Trends &amp; Vision (DE)\",\"url\":\"https:\\\/\\\/trendsandvision.nl\\\/de\\\/\",\"logo\":{\"@type\":\"ImageObject\",\"inLanguage\":\"de\",\"@id\":\"https:\\\/\\\/trendsandvision.nl\\\/de\\\/#\\\/schema\\\/logo\\\/image\\\/\",\"url\":\"https:\\\/\\\/trendsandvision.nl\\\/de\\\/wp-content\\\/uploads\\\/sites\\\/3\\\/2022\\\/04\\\/trends-and-vision-logo.jpg\",\"contentUrl\":\"https:\\\/\\\/trendsandvision.nl\\\/de\\\/wp-content\\\/uploads\\\/sites\\\/3\\\/2022\\\/04\\\/trends-and-vision-logo.jpg\",\"width\":213,\"height\":100,\"caption\":\"Trends &amp; Vision (DE)\"},\"image\":{\"@id\":\"https:\\\/\\\/trendsandvision.nl\\\/de\\\/#\\\/schema\\\/logo\\\/image\\\/\"}}]}<\/script>\n<!-- \/ Yoast SEO Premium plugin. -->","yoast_head_json":{"title":"Esschert Design Edelstahlhenkelmann L (C2165 8714982260414) | Trends & Vision","description":"Esschert Design Edelstahlhenkelmann L (C2165 8714982260414)","robots":{"index":"index","follow":"follow","max-snippet":"max-snippet:-1","max-image-preview":"max-image-preview:large","max-video-preview":"max-video-preview:-1"},"canonical":"https:\/\/trendsandvision.nl\/de\/product\/esschert-design-edelstahl-henkelmann-l\/","og_locale":"de_DE","og_type":"article","og_title":"Esschert Design Edelstahl Henkelmann L","og_description":"Esschert Design Edelstahlhenkelmann L (C2165 8714982260414)","og_url":"https:\/\/trendsandvision.nl\/de\/product\/esschert-design-edelstahl-henkelmann-l\/","og_site_name":"Trends &amp; Vision (DE)","article_modified_time":"2026-04-07T08:23:26+00:00","og_image":[{"width":800,"height":800,"url":"https:\/\/trendsandvision.nl\/de\/wp-content\/uploads\/sites\/3\/2024\/01\/C2165_01.jpg","type":"image\/jpeg"}],"twitter_card":"summary_large_image","twitter_misc":{"Gesch\u00e4tzte Lesezeit":"1\u00a0Minute"},"schema":{"@context":"https:\/\/schema.org","@graph":[{"@type":"WebPage","@id":"https:\/\/trendsandvision.nl\/de\/product\/esschert-design-edelstahl-henkelmann-l\/","url":"https:\/\/trendsandvision.nl\/de\/product\/esschert-design-edelstahl-henkelmann-l\/","name":"Esschert Design Edelstahlhenkelmann L (C2165 8714982260414) | Trends & Vision","isPartOf":{"@id":"https:\/\/trendsandvision.nl\/de\/#website"},"primaryImageOfPage":{"@id":"https:\/\/trendsandvision.nl\/de\/product\/esschert-design-edelstahl-henkelmann-l\/#primaryimage"},"image":{"@id":"https:\/\/trendsandvision.nl\/de\/product\/esschert-design-edelstahl-henkelmann-l\/#primaryimage"},"thumbnailUrl":"https:\/\/trendsandvision.nl\/de\/wp-content\/uploads\/sites\/3\/2024\/01\/C2165_01.jpg","datePublished":"2024-01-17T16:03:55+00:00","dateModified":"2026-04-07T08:23:26+00:00","description":"Esschert Design Edelstahlhenkelmann L (C2165 8714982260414)","breadcrumb":{"@id":"https:\/\/trendsandvision.nl\/de\/product\/esschert-design-edelstahl-henkelmann-l\/#breadcrumb"},"inLanguage":"de","potentialAction":[{"@type":"ReadAction","target":["https:\/\/trendsandvision.nl\/de\/product\/esschert-design-edelstahl-henkelmann-l\/"]}]},{"@type":"ImageObject","inLanguage":"de","@id":"https:\/\/trendsandvision.nl\/de\/product\/esschert-design-edelstahl-henkelmann-l\/#primaryimage","url":"https:\/\/trendsandvision.nl\/de\/wp-content\/uploads\/sites\/3\/2024\/01\/C2165_01.jpg","contentUrl":"https:\/\/trendsandvision.nl\/de\/wp-content\/uploads\/sites\/3\/2024\/01\/C2165_01.jpg","width":800,"height":800,"caption":"Esschert Design Edelstahlhenkelmann L (C2165 8714982260414) - 01"},{"@type":"BreadcrumbList","@id":"https:\/\/trendsandvision.nl\/de\/product\/esschert-design-edelstahl-henkelmann-l\/#breadcrumb","itemListElement":[{"@type":"ListItem","position":1,"name":"Home","item":"https:\/\/trendsandvision.nl\/de\/"},{"@type":"ListItem","position":2,"name":"Gesch\u00e4ft","item":"https:\/\/trendsandvision.nl\/de\/geschaft\/"},{"@type":"ListItem","position":3,"name":"Esschert Design Edelstahl Henkelmann L"}]},{"@type":"WebSite","@id":"https:\/\/trendsandvision.nl\/de\/#website","url":"https:\/\/trendsandvision.nl\/de\/","name":"Trends &amp; Vision (DE)","description":"Der Webshop f\u00fcr Esschert Design Artikel","publisher":{"@id":"https:\/\/trendsandvision.nl\/de\/#organization"},"potentialAction":[{"@type":"SearchAction","target":{"@type":"EntryPoint","urlTemplate":"https:\/\/trendsandvision.nl\/de\/?s={search_term_string}"},"query-input":{"@type":"PropertyValueSpecification","valueRequired":true,"valueName":"search_term_string"}}],"inLanguage":"de"},{"@type":"Organization","@id":"https:\/\/trendsandvision.nl\/de\/#organization","name":"Trends &amp; Vision (DE)","url":"https:\/\/trendsandvision.nl\/de\/","logo":{"@type":"ImageObject","inLanguage":"de","@id":"https:\/\/trendsandvision.nl\/de\/#\/schema\/logo\/image\/","url":"https:\/\/trendsandvision.nl\/de\/wp-content\/uploads\/sites\/3\/2022\/04\/trends-and-vision-logo.jpg","contentUrl":"https:\/\/trendsandvision.nl\/de\/wp-content\/uploads\/sites\/3\/2022\/04\/trends-and-vision-logo.jpg","width":213,"height":100,"caption":"Trends &amp; Vision (DE)"},"image":{"@id":"https:\/\/trendsandvision.nl\/de\/#\/schema\/logo\/image\/"}}]}},"_links":{"self":[{"href":"https:\/\/trendsandvision.nl\/de\/wp-json\/wp\/v2\/product\/11324","targetHints":{"allow":["GET"]}}],"collection":[{"href":"https:\/\/trendsandvision.nl\/de\/wp-json\/wp\/v2\/product"}],"about":[{"href":"https:\/\/trendsandvision.nl\/de\/wp-json\/wp\/v2\/types\/product"}],"wp:featuredmedia":[{"embeddable":true,"href":"https:\/\/trendsandvision.nl\/de\/wp-json\/wp\/v2\/media\/11325"}],"wp:attachment":[{"href":"https:\/\/trendsandvision.nl\/de\/wp-json\/wp\/v2\/media?parent=11324"}],"wp:term":[{"taxonomy":"product_brand","embeddable":true,"href":"https:\/\/trendsandvision.nl\/de\/wp-json\/wp\/v2\/product_brand?post=11324"},{"taxonomy":"product_cat","embeddable":true,"href":"https:\/\/trendsandvision.nl\/de\/wp-json\/wp\/v2\/product_cat?post=11324"},{"taxonomy":"product_tag","embeddable":true,"href":"https:\/\/trendsandvision.nl\/de\/wp-json\/wp\/v2\/product_tag?post=11324"}],"curies":[{"name":"wp","href":"https:\/\/api.w.org\/{rel}","templated":true}]}}