{"id":11157,"date":"2023-08-01T10:39:10","date_gmt":"2023-08-01T08:39:10","guid":{"rendered":"https:\/\/trendsandvision.nl\/de\/product\/esschert-design-eichhoernchenfutterhaus-rindendach\/"},"modified":"2026-04-22T15:26:45","modified_gmt":"2026-04-22T13:26:45","slug":"esschert-design-eichhoernchenfutterhaus-rindendach","status":"publish","type":"product","link":"https:\/\/trendsandvision.nl\/de\/product\/esschert-design-eichhoernchenfutterhaus-rindendach\/","title":{"rendered":"Esschert Design Eichh\u00f6rnchenfutterhaus Rindendach"},"content":{"rendered":"<p>Eichh\u00f6rnchenfutterhaus Rindendach <\/p>\n<p>Jeder hat Eichh\u00f6rnchen beim Training in B\u00e4umen und Str\u00e4uchern im Garten beobachtet. Schnell wird klar, dass es sich in Wirklichkeit um Akrobaten handelt, die auch bei der Nahrungsbeschaffung geschickt vorgehen. Auf dem Speiseplan des akrobatischen Allesfressers finden sich vorzugsweise Erdn\u00fcsse, Waln\u00fcsse, Haseln\u00fcsse und Sonnenblumenkerne. Trotz vieler Vogelliebhaber besch\u00e4digen\/pl\u00fcndern Eichh\u00f6rnchen h\u00e4ufig Futterh\u00e4uschen.<br \/>\nMit diesem Eichh\u00f6rnchen-Futterspender k\u00f6nnen Sie diesem Problem nun vorbeugen und genie\u00dfen, wie sich die Eichh\u00f6rnchen mit dem reichhaltigen Vorrat an N\u00fcssen selbst versorgen. In kurzer Zeit haben sie herausgefunden, wie man das Rindendach des Futterhauses \u00f6ffnet, um an das Futter zu gelangen.<br \/>\nSie fressen es an Ort und Stelle oder verstecken es im Garten, um einen Vorrat f\u00fcr den Winter anzulegen. Vor allem beim Fressen sind die flinken Tiere besser zu beobachten.<\/p>\n<p>\u2013 geeignet f\u00fcr Eichh\u00f6rnchen, Grauh\u00f6rnchen, Amerikanisches Eichh\u00f6rnchen und Schwarzes Eichh\u00f6rnchen<br \/>\n\u2013 Schl\u00fcsselloch-Aufh\u00e4ngehaken auf der R\u00fcckseite<br \/>\n\u2013 \u00fcber Dachluke zu \u00f6ffnen<br \/>\nArtikelname: Eichh\u00f6rnchenfutterhaus Rindendach<br \/>\nArtikelnummer WA107<br \/>\nProduktgruppe(n) V\u00f6gel&amp;Gartentiere, Gartentiere, Eichh\u00f6rnchen<br \/>\nProduktabmessungen in cm L 11,8 x T 22,5 x H 17,8<br \/>\nMaterial Tanne , PS (Polystyrol)<br \/>\nBruttogewicht 0,481 kg<br \/>\nNettogewicht 0,476 kg<br \/>\nBarcode 8714982256011<br \/>\nFSC\u00ae FSC 100%<\/p>\n","protected":false},"excerpt":{"rendered":"<p>\u2013 geeignet f\u00fcr Eichh\u00f6rnchen, Grauh\u00f6rnchen, Amerikanisches Eichh\u00f6rnchen und Schwarzes Eichh\u00f6rnchen<br \/>\n\u2013 Schl\u00fcsselloch-Aufh\u00e4ngehaken auf der R\u00fcckseite<br \/>\n\u2013 \u00fcber Dachluke zu \u00f6ffnen<br \/>\nL 11,8 x T 22,5 x H 17,8 cm<br \/>\nMaterial Tanne , PS (Polystyrol)<br \/>\nNettogewicht 0,476 kg<br \/>\nBarcode 8714982256011<br \/>\nFSC\u00ae FSC 100%<\/p>\n","protected":false},"featured_media":11158,"template":"","meta":[],"product_brand":[9597,9598],"product_cat":[1315],"product_tag":[6777,8201,8730,7166,8047,7189],"class_list":{"0":"post-11157","1":"product","2":"type-product","3":"status-publish","4":"has-post-thumbnail","6":"product_brand-esschert-design","7":"product_brand-trends-and-vision","8":"product_cat-best-for-birds","9":"product_tag-eichhoernchen","10":"product_tag-eichhoernchenfutterhaeuser","11":"product_tag-fb623","12":"product_tag-fsc-fsc-100","13":"product_tag-futterhauser","14":"product_tag-vogelhaeuser","15":"pa_anbieter-esschert-design","16":"pa_ean-code-6106","17":"pa_messungen-118x225x178-cm","19":"first","20":"instock","21":"sale","22":"taxable","23":"shipping-taxable","24":"purchasable","25":"product-type-simple","26":"czr-hentry"},"yoast_head":"<!-- This site is optimized with the Yoast SEO Premium plugin v27.4 (Yoast SEO v27.5) - https:\/\/yoast.com\/product\/yoast-seo-premium-wordpress\/ -->\n<title>Esschert Design Eichh\u00f6rnchenfutterhaus Rindendach (WA107 8714982256011)<\/title>\n<meta name=\"description\" content=\"Esschert Design Eichh\u00f6rnchenfutterhaus Rindendach - 0...\" \/>\n<meta name=\"robots\" content=\"index, follow, max-snippet:-1, max-image-preview:large, max-video-preview:-1\" \/>\n<link rel=\"canonical\" href=\"https:\/\/trendsandvision.nl\/de\/product\/esschert-design-eichhoernchenfutterhaus-rindendach\/\" \/>\n<meta property=\"og:locale\" content=\"de_DE\" \/>\n<meta property=\"og:type\" content=\"article\" \/>\n<meta property=\"og:title\" content=\"Esschert Design Eichh\u00f6rnchenfutterhaus Rindendach\" \/>\n<meta property=\"og:description\" content=\"Esschert Design Eichh\u00f6rnchenfutterhaus Rindendach - 0...\" \/>\n<meta property=\"og:url\" content=\"https:\/\/trendsandvision.nl\/de\/product\/esschert-design-eichhoernchenfutterhaus-rindendach\/\" \/>\n<meta property=\"og:site_name\" content=\"Trends &amp; Vision (DE)\" \/>\n<meta property=\"article:modified_time\" content=\"2026-04-22T13:26:45+00:00\" \/>\n<meta property=\"og:image\" content=\"https:\/\/trendsandvision.nl\/de\/wp-content\/uploads\/sites\/3\/2023\/08\/WA107_01.jpg\" \/>\n\t<meta property=\"og:image:width\" content=\"800\" \/>\n\t<meta property=\"og:image:height\" content=\"800\" \/>\n\t<meta property=\"og:image:type\" content=\"image\/jpeg\" \/>\n<meta name=\"twitter:card\" content=\"summary_large_image\" \/>\n<meta name=\"twitter:label1\" content=\"Gesch\u00e4tzte Lesezeit\" \/>\n\t<meta name=\"twitter:data1\" content=\"2\u00a0Minuten\" \/>\n<script type=\"application\/ld+json\" class=\"yoast-schema-graph\">{\"@context\":\"https:\\\/\\\/schema.org\",\"@graph\":[{\"@type\":\"WebPage\",\"@id\":\"https:\\\/\\\/trendsandvision.nl\\\/de\\\/product\\\/esschert-design-eichhoernchenfutterhaus-rindendach\\\/\",\"url\":\"https:\\\/\\\/trendsandvision.nl\\\/de\\\/product\\\/esschert-design-eichhoernchenfutterhaus-rindendach\\\/\",\"name\":\"Esschert Design Eichh\u00f6rnchenfutterhaus Rindendach (WA107 8714982256011)\",\"isPartOf\":{\"@id\":\"https:\\\/\\\/trendsandvision.nl\\\/de\\\/#website\"},\"primaryImageOfPage\":{\"@id\":\"https:\\\/\\\/trendsandvision.nl\\\/de\\\/product\\\/esschert-design-eichhoernchenfutterhaus-rindendach\\\/#primaryimage\"},\"image\":{\"@id\":\"https:\\\/\\\/trendsandvision.nl\\\/de\\\/product\\\/esschert-design-eichhoernchenfutterhaus-rindendach\\\/#primaryimage\"},\"thumbnailUrl\":\"https:\\\/\\\/trendsandvision.nl\\\/de\\\/wp-content\\\/uploads\\\/sites\\\/3\\\/2023\\\/08\\\/WA107_01.jpg\",\"datePublished\":\"2023-08-01T08:39:10+00:00\",\"dateModified\":\"2026-04-22T13:26:45+00:00\",\"description\":\"Esschert Design Eichh\u00f6rnchenfutterhaus Rindendach - 0...\",\"breadcrumb\":{\"@id\":\"https:\\\/\\\/trendsandvision.nl\\\/de\\\/product\\\/esschert-design-eichhoernchenfutterhaus-rindendach\\\/#breadcrumb\"},\"inLanguage\":\"de\",\"potentialAction\":[{\"@type\":\"ReadAction\",\"target\":[\"https:\\\/\\\/trendsandvision.nl\\\/de\\\/product\\\/esschert-design-eichhoernchenfutterhaus-rindendach\\\/\"]}]},{\"@type\":\"ImageObject\",\"inLanguage\":\"de\",\"@id\":\"https:\\\/\\\/trendsandvision.nl\\\/de\\\/product\\\/esschert-design-eichhoernchenfutterhaus-rindendach\\\/#primaryimage\",\"url\":\"https:\\\/\\\/trendsandvision.nl\\\/de\\\/wp-content\\\/uploads\\\/sites\\\/3\\\/2023\\\/08\\\/WA107_01.jpg\",\"contentUrl\":\"https:\\\/\\\/trendsandvision.nl\\\/de\\\/wp-content\\\/uploads\\\/sites\\\/3\\\/2023\\\/08\\\/WA107_01.jpg\",\"width\":800,\"height\":800,\"caption\":\"Esschert Design Eichh\u00f6rnchenfutterhaus Rindendach (WA107 8714982256011) - 01\"},{\"@type\":\"BreadcrumbList\",\"@id\":\"https:\\\/\\\/trendsandvision.nl\\\/de\\\/product\\\/esschert-design-eichhoernchenfutterhaus-rindendach\\\/#breadcrumb\",\"itemListElement\":[{\"@type\":\"ListItem\",\"position\":1,\"name\":\"Home\",\"item\":\"https:\\\/\\\/trendsandvision.nl\\\/de\\\/\"},{\"@type\":\"ListItem\",\"position\":2,\"name\":\"Gesch\u00e4ft\",\"item\":\"https:\\\/\\\/trendsandvision.nl\\\/de\\\/geschaft\\\/\"},{\"@type\":\"ListItem\",\"position\":3,\"name\":\"Esschert Design Eichh\u00f6rnchenfutterhaus Rindendach\"}]},{\"@type\":\"WebSite\",\"@id\":\"https:\\\/\\\/trendsandvision.nl\\\/de\\\/#website\",\"url\":\"https:\\\/\\\/trendsandvision.nl\\\/de\\\/\",\"name\":\"Trends &amp; Vision (DE)\",\"description\":\"Der Webshop f\u00fcr Esschert Design Artikel\",\"publisher\":{\"@id\":\"https:\\\/\\\/trendsandvision.nl\\\/de\\\/#organization\"},\"potentialAction\":[{\"@type\":\"SearchAction\",\"target\":{\"@type\":\"EntryPoint\",\"urlTemplate\":\"https:\\\/\\\/trendsandvision.nl\\\/de\\\/?s={search_term_string}\"},\"query-input\":{\"@type\":\"PropertyValueSpecification\",\"valueRequired\":true,\"valueName\":\"search_term_string\"}}],\"inLanguage\":\"de\"},{\"@type\":\"Organization\",\"@id\":\"https:\\\/\\\/trendsandvision.nl\\\/de\\\/#organization\",\"name\":\"Trends &amp; Vision (DE)\",\"url\":\"https:\\\/\\\/trendsandvision.nl\\\/de\\\/\",\"logo\":{\"@type\":\"ImageObject\",\"inLanguage\":\"de\",\"@id\":\"https:\\\/\\\/trendsandvision.nl\\\/de\\\/#\\\/schema\\\/logo\\\/image\\\/\",\"url\":\"https:\\\/\\\/trendsandvision.nl\\\/de\\\/wp-content\\\/uploads\\\/sites\\\/3\\\/2022\\\/04\\\/trends-and-vision-logo.jpg\",\"contentUrl\":\"https:\\\/\\\/trendsandvision.nl\\\/de\\\/wp-content\\\/uploads\\\/sites\\\/3\\\/2022\\\/04\\\/trends-and-vision-logo.jpg\",\"width\":213,\"height\":100,\"caption\":\"Trends &amp; Vision (DE)\"},\"image\":{\"@id\":\"https:\\\/\\\/trendsandvision.nl\\\/de\\\/#\\\/schema\\\/logo\\\/image\\\/\"}}]}<\/script>\n<!-- \/ Yoast SEO Premium plugin. -->","yoast_head_json":{"title":"Esschert Design Eichh\u00f6rnchenfutterhaus Rindendach (WA107 8714982256011)","description":"Esschert Design Eichh\u00f6rnchenfutterhaus Rindendach - 0...","robots":{"index":"index","follow":"follow","max-snippet":"max-snippet:-1","max-image-preview":"max-image-preview:large","max-video-preview":"max-video-preview:-1"},"canonical":"https:\/\/trendsandvision.nl\/de\/product\/esschert-design-eichhoernchenfutterhaus-rindendach\/","og_locale":"de_DE","og_type":"article","og_title":"Esschert Design Eichh\u00f6rnchenfutterhaus Rindendach","og_description":"Esschert Design Eichh\u00f6rnchenfutterhaus Rindendach - 0...","og_url":"https:\/\/trendsandvision.nl\/de\/product\/esschert-design-eichhoernchenfutterhaus-rindendach\/","og_site_name":"Trends &amp; Vision (DE)","article_modified_time":"2026-04-22T13:26:45+00:00","og_image":[{"width":800,"height":800,"url":"https:\/\/trendsandvision.nl\/de\/wp-content\/uploads\/sites\/3\/2023\/08\/WA107_01.jpg","type":"image\/jpeg"}],"twitter_card":"summary_large_image","twitter_misc":{"Gesch\u00e4tzte Lesezeit":"2\u00a0Minuten"},"schema":{"@context":"https:\/\/schema.org","@graph":[{"@type":"WebPage","@id":"https:\/\/trendsandvision.nl\/de\/product\/esschert-design-eichhoernchenfutterhaus-rindendach\/","url":"https:\/\/trendsandvision.nl\/de\/product\/esschert-design-eichhoernchenfutterhaus-rindendach\/","name":"Esschert Design Eichh\u00f6rnchenfutterhaus Rindendach (WA107 8714982256011)","isPartOf":{"@id":"https:\/\/trendsandvision.nl\/de\/#website"},"primaryImageOfPage":{"@id":"https:\/\/trendsandvision.nl\/de\/product\/esschert-design-eichhoernchenfutterhaus-rindendach\/#primaryimage"},"image":{"@id":"https:\/\/trendsandvision.nl\/de\/product\/esschert-design-eichhoernchenfutterhaus-rindendach\/#primaryimage"},"thumbnailUrl":"https:\/\/trendsandvision.nl\/de\/wp-content\/uploads\/sites\/3\/2023\/08\/WA107_01.jpg","datePublished":"2023-08-01T08:39:10+00:00","dateModified":"2026-04-22T13:26:45+00:00","description":"Esschert Design Eichh\u00f6rnchenfutterhaus Rindendach - 0...","breadcrumb":{"@id":"https:\/\/trendsandvision.nl\/de\/product\/esschert-design-eichhoernchenfutterhaus-rindendach\/#breadcrumb"},"inLanguage":"de","potentialAction":[{"@type":"ReadAction","target":["https:\/\/trendsandvision.nl\/de\/product\/esschert-design-eichhoernchenfutterhaus-rindendach\/"]}]},{"@type":"ImageObject","inLanguage":"de","@id":"https:\/\/trendsandvision.nl\/de\/product\/esschert-design-eichhoernchenfutterhaus-rindendach\/#primaryimage","url":"https:\/\/trendsandvision.nl\/de\/wp-content\/uploads\/sites\/3\/2023\/08\/WA107_01.jpg","contentUrl":"https:\/\/trendsandvision.nl\/de\/wp-content\/uploads\/sites\/3\/2023\/08\/WA107_01.jpg","width":800,"height":800,"caption":"Esschert Design Eichh\u00f6rnchenfutterhaus Rindendach (WA107 8714982256011) - 01"},{"@type":"BreadcrumbList","@id":"https:\/\/trendsandvision.nl\/de\/product\/esschert-design-eichhoernchenfutterhaus-rindendach\/#breadcrumb","itemListElement":[{"@type":"ListItem","position":1,"name":"Home","item":"https:\/\/trendsandvision.nl\/de\/"},{"@type":"ListItem","position":2,"name":"Gesch\u00e4ft","item":"https:\/\/trendsandvision.nl\/de\/geschaft\/"},{"@type":"ListItem","position":3,"name":"Esschert Design Eichh\u00f6rnchenfutterhaus Rindendach"}]},{"@type":"WebSite","@id":"https:\/\/trendsandvision.nl\/de\/#website","url":"https:\/\/trendsandvision.nl\/de\/","name":"Trends &amp; Vision (DE)","description":"Der Webshop f\u00fcr Esschert Design Artikel","publisher":{"@id":"https:\/\/trendsandvision.nl\/de\/#organization"},"potentialAction":[{"@type":"SearchAction","target":{"@type":"EntryPoint","urlTemplate":"https:\/\/trendsandvision.nl\/de\/?s={search_term_string}"},"query-input":{"@type":"PropertyValueSpecification","valueRequired":true,"valueName":"search_term_string"}}],"inLanguage":"de"},{"@type":"Organization","@id":"https:\/\/trendsandvision.nl\/de\/#organization","name":"Trends &amp; Vision (DE)","url":"https:\/\/trendsandvision.nl\/de\/","logo":{"@type":"ImageObject","inLanguage":"de","@id":"https:\/\/trendsandvision.nl\/de\/#\/schema\/logo\/image\/","url":"https:\/\/trendsandvision.nl\/de\/wp-content\/uploads\/sites\/3\/2022\/04\/trends-and-vision-logo.jpg","contentUrl":"https:\/\/trendsandvision.nl\/de\/wp-content\/uploads\/sites\/3\/2022\/04\/trends-and-vision-logo.jpg","width":213,"height":100,"caption":"Trends &amp; Vision (DE)"},"image":{"@id":"https:\/\/trendsandvision.nl\/de\/#\/schema\/logo\/image\/"}}]}},"_links":{"self":[{"href":"https:\/\/trendsandvision.nl\/de\/wp-json\/wp\/v2\/product\/11157","targetHints":{"allow":["GET"]}}],"collection":[{"href":"https:\/\/trendsandvision.nl\/de\/wp-json\/wp\/v2\/product"}],"about":[{"href":"https:\/\/trendsandvision.nl\/de\/wp-json\/wp\/v2\/types\/product"}],"wp:featuredmedia":[{"embeddable":true,"href":"https:\/\/trendsandvision.nl\/de\/wp-json\/wp\/v2\/media\/11158"}],"wp:attachment":[{"href":"https:\/\/trendsandvision.nl\/de\/wp-json\/wp\/v2\/media?parent=11157"}],"wp:term":[{"taxonomy":"product_brand","embeddable":true,"href":"https:\/\/trendsandvision.nl\/de\/wp-json\/wp\/v2\/product_brand?post=11157"},{"taxonomy":"product_cat","embeddable":true,"href":"https:\/\/trendsandvision.nl\/de\/wp-json\/wp\/v2\/product_cat?post=11157"},{"taxonomy":"product_tag","embeddable":true,"href":"https:\/\/trendsandvision.nl\/de\/wp-json\/wp\/v2\/product_tag?post=11157"}],"curies":[{"name":"wp","href":"https:\/\/api.w.org\/{rel}","templated":true}]}}