{"id":11155,"date":"2023-08-01T10:39:06","date_gmt":"2023-08-01T08:39:06","guid":{"rendered":"https:\/\/trendsandvision.nl\/de\/product\/esschert-design-fledermauskasten-rindendach\/"},"modified":"2026-04-07T10:53:54","modified_gmt":"2026-04-07T08:53:54","slug":"esschert-design-fledermauskasten-rindendach","status":"publish","type":"product","link":"https:\/\/trendsandvision.nl\/de\/product\/esschert-design-fledermauskasten-rindendach\/","title":{"rendered":"Esschert Design Fledermauskasten Rindendach"},"content":{"rendered":"<p>: mit Dach aus Fledermausbuchsbaumrinde (19,5 x 15,5 x 39,5 cm):<\/p>\n<p>Aufgrund der immer besseren Isolierung von H\u00e4usern wird es f\u00fcr Flederm\u00e4use immer schwieriger, geeigneten Lebensraum zu finden. Diese Fledermausbox mit Rindendach bietet einen idealen Lebensraum f\u00fcr verschiedene Arten kleiner Flederm\u00e4use. Ein geeigneter Ort zum Aufh\u00e4ngen des Schrankes ist die Fassade.<\/p>\n<p>Flederm\u00e4use sind sehr n\u00fctzliche Tiere, sie k\u00f6nnen pro Nacht bis zu 3000 M\u00fccken, Motten, K\u00e4fer und andere Insekten fressen. Sie halten sich \u00fcberwiegend in Gruppen auf und sind daher gef\u00e4hrdet. Aufgrund der immer besseren Isolierung von H\u00e4usern wird es f\u00fcr Flederm\u00e4use immer schwieriger, einen geeigneten Lebensraum zu finden. Diese Fledermausbox bietet einen idealen Lebensraum f\u00fcr verschiedene Arten kleiner Flederm\u00e4use. Die speziellen Einkerbungen im Holz dieser Fledermausbox geben den fliegenden S\u00e4ugetieren einen besseren Halt und erleichtern ihnen den Einstieg in die Box. Ein guter Ort zum Aufh\u00e4ngen des Schranks ist die Fassade. Der Schrank sollte etwas gesch\u00fctzt stehen, also nicht direkt in der Sonne.<\/p>\n<p>\u2013 Dach aus Baumrinde<br \/>\n\u2013 zwei Aufh\u00e4ngehaken<br \/>\n\u2013 geeignet f\u00fcr den Zwergfledermaus und den Rauhen Zwergfledermaus<\/p>\n<p>Artikelname: Fledermauskasten Rindendach<br \/>\nArtikelnummer WA106<br \/>\nProduktgruppe(n) V\u00f6gel&amp;Gartentiere, Nistk\u00e4sten und Vogelh\u00e4user, Flederm\u00e4usen, Gartentiere, Flederm\u00e4usen<br \/>\nProduktabmessungen in cm L 19,5 x T 15,5 x H 39,5<br \/>\nMaterial Tanne<br \/>\nBruttogewicht 0,742 kg<br \/>\nNettogewicht 0,737 kg<br \/>\nBarcode 8714982256004<br \/>\nFSC\u00ae FSC 100%<\/p>\n","protected":false},"excerpt":{"rendered":"<p>\u2013 Dach aus Baumrinde<br \/>\n\u2013 zwei Aufh\u00e4ngehaken<br \/>\n\u2013 geeignet f\u00fcr den Zwergfledermaus und den Rauhen Zwergfledermaus<br \/>\n&#8211; L 19,5 x T 15,5 x H 39,5 cm<br \/>\n&#8211; Material Tanne<br \/>\n&#8211; Nettogewicht 0,737 kg<br \/>\n&#8211; Barcode 8714982256004<br \/>\n&#8211; FSC\u00ae FSC 100%<\/p>\n","protected":false},"featured_media":11156,"template":"","meta":[],"product_brand":[9597,9598],"product_cat":[1315],"product_tag":[8508,6957,7166,6828,7189],"class_list":{"0":"post-11155","1":"product","2":"type-product","3":"status-publish","4":"has-post-thumbnail","6":"product_brand-esschert-design","7":"product_brand-trends-and-vision","8":"product_cat-best-for-birds","9":"product_tag-fledermaeuse","10":"product_tag-fledermauskasten","11":"product_tag-fsc-fsc-100","12":"product_tag-nistkasten","13":"product_tag-vogelhaeuser","14":"pa_anbieter-esschert-design","15":"pa_ean-code-6104","16":"pa_messungen-195x155x395-cm","18":"first","19":"outofstock","20":"sale","21":"taxable","22":"shipping-taxable","23":"purchasable","24":"product-type-simple","25":"czr-hentry"},"yoast_head":"<!-- This site is optimized with the Yoast SEO Premium plugin v26.4 (Yoast SEO v27.3) - https:\/\/yoast.com\/product\/yoast-seo-premium-wordpress\/ -->\n<title>Esschert Design Fledermauskasten Rindendach (WA106 8714982256004)<\/title>\n<meta name=\"description\" content=\"Esschert Design Fledermauskasten Rindendach - 0...\" \/>\n<meta name=\"robots\" content=\"index, follow, max-snippet:-1, max-image-preview:large, max-video-preview:-1\" \/>\n<link rel=\"canonical\" href=\"https:\/\/trendsandvision.nl\/de\/product\/esschert-design-fledermauskasten-rindendach\/\" \/>\n<meta property=\"og:locale\" content=\"de_DE\" \/>\n<meta property=\"og:type\" content=\"article\" \/>\n<meta property=\"og:title\" content=\"Esschert Design Fledermauskasten Rindendach\" \/>\n<meta property=\"og:description\" content=\"Esschert Design Fledermauskasten Rindendach - 0...\" \/>\n<meta property=\"og:url\" content=\"https:\/\/trendsandvision.nl\/de\/product\/esschert-design-fledermauskasten-rindendach\/\" \/>\n<meta property=\"og:site_name\" content=\"Trends &amp; Vision (DE)\" \/>\n<meta property=\"article:modified_time\" content=\"2026-04-07T08:53:54+00:00\" \/>\n<meta property=\"og:image\" content=\"https:\/\/trendsandvision.nl\/de\/wp-content\/uploads\/sites\/3\/2023\/08\/WA106_01.jpg\" \/>\n\t<meta property=\"og:image:width\" content=\"800\" \/>\n\t<meta property=\"og:image:height\" content=\"800\" \/>\n\t<meta property=\"og:image:type\" content=\"image\/jpeg\" \/>\n<meta name=\"twitter:card\" content=\"summary_large_image\" \/>\n<meta name=\"twitter:label1\" content=\"Gesch\u00e4tzte Lesezeit\" \/>\n\t<meta name=\"twitter:data1\" content=\"2\u00a0Minuten\" \/>\n<script type=\"application\/ld+json\" class=\"yoast-schema-graph\">{\"@context\":\"https:\\\/\\\/schema.org\",\"@graph\":[{\"@type\":\"WebPage\",\"@id\":\"https:\\\/\\\/trendsandvision.nl\\\/de\\\/product\\\/esschert-design-fledermauskasten-rindendach\\\/\",\"url\":\"https:\\\/\\\/trendsandvision.nl\\\/de\\\/product\\\/esschert-design-fledermauskasten-rindendach\\\/\",\"name\":\"Esschert Design Fledermauskasten Rindendach (WA106 8714982256004)\",\"isPartOf\":{\"@id\":\"https:\\\/\\\/trendsandvision.nl\\\/de\\\/#website\"},\"primaryImageOfPage\":{\"@id\":\"https:\\\/\\\/trendsandvision.nl\\\/de\\\/product\\\/esschert-design-fledermauskasten-rindendach\\\/#primaryimage\"},\"image\":{\"@id\":\"https:\\\/\\\/trendsandvision.nl\\\/de\\\/product\\\/esschert-design-fledermauskasten-rindendach\\\/#primaryimage\"},\"thumbnailUrl\":\"https:\\\/\\\/trendsandvision.nl\\\/de\\\/wp-content\\\/uploads\\\/sites\\\/3\\\/2023\\\/08\\\/WA106_01.jpg\",\"datePublished\":\"2023-08-01T08:39:06+00:00\",\"dateModified\":\"2026-04-07T08:53:54+00:00\",\"description\":\"Esschert Design Fledermauskasten Rindendach - 0...\",\"breadcrumb\":{\"@id\":\"https:\\\/\\\/trendsandvision.nl\\\/de\\\/product\\\/esschert-design-fledermauskasten-rindendach\\\/#breadcrumb\"},\"inLanguage\":\"de\",\"potentialAction\":[{\"@type\":\"ReadAction\",\"target\":[\"https:\\\/\\\/trendsandvision.nl\\\/de\\\/product\\\/esschert-design-fledermauskasten-rindendach\\\/\"]}]},{\"@type\":\"ImageObject\",\"inLanguage\":\"de\",\"@id\":\"https:\\\/\\\/trendsandvision.nl\\\/de\\\/product\\\/esschert-design-fledermauskasten-rindendach\\\/#primaryimage\",\"url\":\"https:\\\/\\\/trendsandvision.nl\\\/de\\\/wp-content\\\/uploads\\\/sites\\\/3\\\/2023\\\/08\\\/WA106_01.jpg\",\"contentUrl\":\"https:\\\/\\\/trendsandvision.nl\\\/de\\\/wp-content\\\/uploads\\\/sites\\\/3\\\/2023\\\/08\\\/WA106_01.jpg\",\"width\":800,\"height\":800,\"caption\":\"Esschert Design Fledermauskasten Rindendach (WA106 8714982256004) - 01\"},{\"@type\":\"BreadcrumbList\",\"@id\":\"https:\\\/\\\/trendsandvision.nl\\\/de\\\/product\\\/esschert-design-fledermauskasten-rindendach\\\/#breadcrumb\",\"itemListElement\":[{\"@type\":\"ListItem\",\"position\":1,\"name\":\"Home\",\"item\":\"https:\\\/\\\/trendsandvision.nl\\\/de\\\/\"},{\"@type\":\"ListItem\",\"position\":2,\"name\":\"Gesch\u00e4ft\",\"item\":\"https:\\\/\\\/trendsandvision.nl\\\/de\\\/geschaft\\\/\"},{\"@type\":\"ListItem\",\"position\":3,\"name\":\"Esschert Design Fledermauskasten Rindendach\"}]},{\"@type\":\"WebSite\",\"@id\":\"https:\\\/\\\/trendsandvision.nl\\\/de\\\/#website\",\"url\":\"https:\\\/\\\/trendsandvision.nl\\\/de\\\/\",\"name\":\"Trends &amp; Vision (DE)\",\"description\":\"Der Webshop f\u00fcr Esschert Design Artikel\",\"publisher\":{\"@id\":\"https:\\\/\\\/trendsandvision.nl\\\/de\\\/#organization\"},\"potentialAction\":[{\"@type\":\"SearchAction\",\"target\":{\"@type\":\"EntryPoint\",\"urlTemplate\":\"https:\\\/\\\/trendsandvision.nl\\\/de\\\/?s={search_term_string}\"},\"query-input\":{\"@type\":\"PropertyValueSpecification\",\"valueRequired\":true,\"valueName\":\"search_term_string\"}}],\"inLanguage\":\"de\"},{\"@type\":\"Organization\",\"@id\":\"https:\\\/\\\/trendsandvision.nl\\\/de\\\/#organization\",\"name\":\"Trends &amp; Vision (DE)\",\"url\":\"https:\\\/\\\/trendsandvision.nl\\\/de\\\/\",\"logo\":{\"@type\":\"ImageObject\",\"inLanguage\":\"de\",\"@id\":\"https:\\\/\\\/trendsandvision.nl\\\/de\\\/#\\\/schema\\\/logo\\\/image\\\/\",\"url\":\"https:\\\/\\\/trendsandvision.nl\\\/de\\\/wp-content\\\/uploads\\\/sites\\\/3\\\/2022\\\/04\\\/trends-and-vision-logo.jpg\",\"contentUrl\":\"https:\\\/\\\/trendsandvision.nl\\\/de\\\/wp-content\\\/uploads\\\/sites\\\/3\\\/2022\\\/04\\\/trends-and-vision-logo.jpg\",\"width\":213,\"height\":100,\"caption\":\"Trends &amp; Vision (DE)\"},\"image\":{\"@id\":\"https:\\\/\\\/trendsandvision.nl\\\/de\\\/#\\\/schema\\\/logo\\\/image\\\/\"}}]}<\/script>\n<!-- \/ Yoast SEO Premium plugin. -->","yoast_head_json":{"title":"Esschert Design Fledermauskasten Rindendach (WA106 8714982256004)","description":"Esschert Design Fledermauskasten Rindendach - 0...","robots":{"index":"index","follow":"follow","max-snippet":"max-snippet:-1","max-image-preview":"max-image-preview:large","max-video-preview":"max-video-preview:-1"},"canonical":"https:\/\/trendsandvision.nl\/de\/product\/esschert-design-fledermauskasten-rindendach\/","og_locale":"de_DE","og_type":"article","og_title":"Esschert Design Fledermauskasten Rindendach","og_description":"Esschert Design Fledermauskasten Rindendach - 0...","og_url":"https:\/\/trendsandvision.nl\/de\/product\/esschert-design-fledermauskasten-rindendach\/","og_site_name":"Trends &amp; Vision (DE)","article_modified_time":"2026-04-07T08:53:54+00:00","og_image":[{"width":800,"height":800,"url":"https:\/\/trendsandvision.nl\/de\/wp-content\/uploads\/sites\/3\/2023\/08\/WA106_01.jpg","type":"image\/jpeg"}],"twitter_card":"summary_large_image","twitter_misc":{"Gesch\u00e4tzte Lesezeit":"2\u00a0Minuten"},"schema":{"@context":"https:\/\/schema.org","@graph":[{"@type":"WebPage","@id":"https:\/\/trendsandvision.nl\/de\/product\/esschert-design-fledermauskasten-rindendach\/","url":"https:\/\/trendsandvision.nl\/de\/product\/esschert-design-fledermauskasten-rindendach\/","name":"Esschert Design Fledermauskasten Rindendach (WA106 8714982256004)","isPartOf":{"@id":"https:\/\/trendsandvision.nl\/de\/#website"},"primaryImageOfPage":{"@id":"https:\/\/trendsandvision.nl\/de\/product\/esschert-design-fledermauskasten-rindendach\/#primaryimage"},"image":{"@id":"https:\/\/trendsandvision.nl\/de\/product\/esschert-design-fledermauskasten-rindendach\/#primaryimage"},"thumbnailUrl":"https:\/\/trendsandvision.nl\/de\/wp-content\/uploads\/sites\/3\/2023\/08\/WA106_01.jpg","datePublished":"2023-08-01T08:39:06+00:00","dateModified":"2026-04-07T08:53:54+00:00","description":"Esschert Design Fledermauskasten Rindendach - 0...","breadcrumb":{"@id":"https:\/\/trendsandvision.nl\/de\/product\/esschert-design-fledermauskasten-rindendach\/#breadcrumb"},"inLanguage":"de","potentialAction":[{"@type":"ReadAction","target":["https:\/\/trendsandvision.nl\/de\/product\/esschert-design-fledermauskasten-rindendach\/"]}]},{"@type":"ImageObject","inLanguage":"de","@id":"https:\/\/trendsandvision.nl\/de\/product\/esschert-design-fledermauskasten-rindendach\/#primaryimage","url":"https:\/\/trendsandvision.nl\/de\/wp-content\/uploads\/sites\/3\/2023\/08\/WA106_01.jpg","contentUrl":"https:\/\/trendsandvision.nl\/de\/wp-content\/uploads\/sites\/3\/2023\/08\/WA106_01.jpg","width":800,"height":800,"caption":"Esschert Design Fledermauskasten Rindendach (WA106 8714982256004) - 01"},{"@type":"BreadcrumbList","@id":"https:\/\/trendsandvision.nl\/de\/product\/esschert-design-fledermauskasten-rindendach\/#breadcrumb","itemListElement":[{"@type":"ListItem","position":1,"name":"Home","item":"https:\/\/trendsandvision.nl\/de\/"},{"@type":"ListItem","position":2,"name":"Gesch\u00e4ft","item":"https:\/\/trendsandvision.nl\/de\/geschaft\/"},{"@type":"ListItem","position":3,"name":"Esschert Design Fledermauskasten Rindendach"}]},{"@type":"WebSite","@id":"https:\/\/trendsandvision.nl\/de\/#website","url":"https:\/\/trendsandvision.nl\/de\/","name":"Trends &amp; Vision (DE)","description":"Der Webshop f\u00fcr Esschert Design Artikel","publisher":{"@id":"https:\/\/trendsandvision.nl\/de\/#organization"},"potentialAction":[{"@type":"SearchAction","target":{"@type":"EntryPoint","urlTemplate":"https:\/\/trendsandvision.nl\/de\/?s={search_term_string}"},"query-input":{"@type":"PropertyValueSpecification","valueRequired":true,"valueName":"search_term_string"}}],"inLanguage":"de"},{"@type":"Organization","@id":"https:\/\/trendsandvision.nl\/de\/#organization","name":"Trends &amp; Vision (DE)","url":"https:\/\/trendsandvision.nl\/de\/","logo":{"@type":"ImageObject","inLanguage":"de","@id":"https:\/\/trendsandvision.nl\/de\/#\/schema\/logo\/image\/","url":"https:\/\/trendsandvision.nl\/de\/wp-content\/uploads\/sites\/3\/2022\/04\/trends-and-vision-logo.jpg","contentUrl":"https:\/\/trendsandvision.nl\/de\/wp-content\/uploads\/sites\/3\/2022\/04\/trends-and-vision-logo.jpg","width":213,"height":100,"caption":"Trends &amp; Vision (DE)"},"image":{"@id":"https:\/\/trendsandvision.nl\/de\/#\/schema\/logo\/image\/"}}]}},"_links":{"self":[{"href":"https:\/\/trendsandvision.nl\/de\/wp-json\/wp\/v2\/product\/11155","targetHints":{"allow":["GET"]}}],"collection":[{"href":"https:\/\/trendsandvision.nl\/de\/wp-json\/wp\/v2\/product"}],"about":[{"href":"https:\/\/trendsandvision.nl\/de\/wp-json\/wp\/v2\/types\/product"}],"wp:featuredmedia":[{"embeddable":true,"href":"https:\/\/trendsandvision.nl\/de\/wp-json\/wp\/v2\/media\/11156"}],"wp:attachment":[{"href":"https:\/\/trendsandvision.nl\/de\/wp-json\/wp\/v2\/media?parent=11155"}],"wp:term":[{"taxonomy":"product_brand","embeddable":true,"href":"https:\/\/trendsandvision.nl\/de\/wp-json\/wp\/v2\/product_brand?post=11155"},{"taxonomy":"product_cat","embeddable":true,"href":"https:\/\/trendsandvision.nl\/de\/wp-json\/wp\/v2\/product_cat?post=11155"},{"taxonomy":"product_tag","embeddable":true,"href":"https:\/\/trendsandvision.nl\/de\/wp-json\/wp\/v2\/product_tag?post=11155"}],"curies":[{"name":"wp","href":"https:\/\/api.w.org\/{rel}","templated":true}]}}