{"id":11138,"date":"2023-08-01T10:38:48","date_gmt":"2023-08-01T08:38:48","guid":{"rendered":"https:\/\/trendsandvision.nl\/de\/product\/esschert-design-igeltreppe\/"},"modified":"2026-04-07T10:53:47","modified_gmt":"2026-04-07T08:53:47","slug":"esschert-design-igeltreppe","status":"publish","type":"product","link":"https:\/\/trendsandvision.nl\/de\/product\/esschert-design-igeltreppe\/","title":{"rendered":"Esschert Design Igeltreppe"},"content":{"rendered":"<p>Esschert Design Frosch- oder Igeltrappe:<\/p>\n<p>Artikelnummer WA101<br \/>\nProduktgruppe(n) V\u00f6gel &amp; Gartentiere, Gartentiere, Igel<br \/>\nProduktabmessungen in cm L 101 x T 15,5 x H 7,5<br \/>\nMaterial Kiefernholz FSC\u00ae 100%<br \/>\nBruttogewicht 1,483 kg<br \/>\nNettogewicht 1,474 kg<br \/>\nBarcode 8714982249617<\/p>\n<p>Neues Deckwerk<br \/>\nIgel k\u00f6nnen schwimmen, aber manchmal sieht man ertrunkene Igel im Graben. Dies ist das Ergebnis der neuen Deckwerke entlang der Gr\u00e4ben. Es ist zu hoch und zu steil, um hinauszuklettern. Das gilt nicht nur f\u00fcr Igel, sondern beispielsweise auch f\u00fcr Fr\u00f6sche und Enten. Daher diese Fauna-Treppe\/Igel-Treppe.<\/p>\n<p>Ertrinken<br \/>\nEine M\u00f6glichkeit, den Igel und viele andere Tiere vor dem Ertrinken zu retten, ist die Installation einer Igelleiter. Hierbei handelt es sich um eine Planke, die vom Graben aus schr\u00e4g nach oben verl\u00e4uft, sodass die Tiere \u00fcber die Planke auf das trockene Land klettern k\u00f6nnen. Die Querlatten am Brett sorgen daf\u00fcr, dass die Tiere nicht zur\u00fcckrutschen, wenn das Brett zu rutschig oder zu schr\u00e4g ist.<\/p>\n<p>Frosch- oder Igeltrappe<br \/>\nDer beste Weg, eine Igeltreppe zu installieren, besteht darin, sie entlang des Deckwerks zu platzieren.<\/p>\n<p><a href=\"https:\/\/www.bund-naturschutz.de\/oekologisch-leben\/tieren-helfen\/igel\" target=\"_blank\">Igelschutz<\/a><\/p>\n","protected":false},"excerpt":{"rendered":"<p>&#8211; Froschtrappe oder Igeltrappe<br \/>\n&#8211; L 101 x T 15,5 x H 7,5<br \/>\n&#8211; Material Kiefernholz FSC\u00ae 100%<br \/>\n&#8211; Bruttogewicht 1,483 kg<br \/>\n&#8211; Nettogewicht 1,474 kg<br \/>\n&#8211; Barcode 8714982249617<\/p>\n","protected":false},"featured_media":11139,"template":"","meta":[],"product_brand":[9597,9598],"product_cat":[503],"product_tag":[6809,6776,8503,6955,8504],"class_list":{"0":"post-11138","1":"product","2":"type-product","3":"status-publish","4":"has-post-thumbnail","6":"product_brand-esschert-design","7":"product_brand-trends-and-vision","8":"product_cat-esscherts-garden","9":"product_tag-fsc-100","10":"product_tag-igel","11":"product_tag-igel-schuetzend","12":"product_tag-igeltreppe","13":"product_tag-naturschutz","14":"pa_anbieter-esschert-design","15":"pa_ean-code-6094","16":"pa_messungen-950x153x75-cm","18":"first","19":"instock","20":"sale","21":"taxable","22":"shipping-taxable","23":"purchasable","24":"product-type-simple","25":"czr-hentry"},"yoast_head":"<!-- This site is optimized with the Yoast SEO Premium plugin v26.4 (Yoast SEO v27.4) - https:\/\/yoast.com\/product\/yoast-seo-premium-wordpress\/ -->\n<title>Esschert Design Igeltreppe (WA101 8714982249617)<\/title>\n<meta name=\"description\" content=\"Esschert Design Igeltreppe - 0...\" \/>\n<meta name=\"robots\" content=\"index, follow, max-snippet:-1, max-image-preview:large, max-video-preview:-1\" \/>\n<link rel=\"canonical\" href=\"https:\/\/trendsandvision.nl\/de\/product\/esschert-design-igeltreppe\/\" \/>\n<meta property=\"og:locale\" content=\"de_DE\" \/>\n<meta property=\"og:type\" content=\"article\" \/>\n<meta property=\"og:title\" content=\"Esschert Design Igeltreppe\" \/>\n<meta property=\"og:description\" content=\"Esschert Design Igeltreppe - 0...\" \/>\n<meta property=\"og:url\" content=\"https:\/\/trendsandvision.nl\/de\/product\/esschert-design-igeltreppe\/\" \/>\n<meta property=\"og:site_name\" content=\"Trends &amp; Vision (DE)\" \/>\n<meta property=\"article:modified_time\" content=\"2026-04-07T08:53:47+00:00\" \/>\n<meta property=\"og:image\" content=\"https:\/\/trendsandvision.nl\/de\/wp-content\/uploads\/sites\/3\/2023\/08\/WA101_01.jpg\" \/>\n\t<meta property=\"og:image:width\" content=\"800\" \/>\n\t<meta property=\"og:image:height\" content=\"800\" \/>\n\t<meta property=\"og:image:type\" content=\"image\/jpeg\" \/>\n<meta name=\"twitter:card\" content=\"summary_large_image\" \/>\n<meta name=\"twitter:label1\" content=\"Gesch\u00e4tzte Lesezeit\" \/>\n\t<meta name=\"twitter:data1\" content=\"2\u00a0Minuten\" \/>\n<script type=\"application\/ld+json\" class=\"yoast-schema-graph\">{\"@context\":\"https:\\\/\\\/schema.org\",\"@graph\":[{\"@type\":\"WebPage\",\"@id\":\"https:\\\/\\\/trendsandvision.nl\\\/de\\\/product\\\/esschert-design-igeltreppe\\\/\",\"url\":\"https:\\\/\\\/trendsandvision.nl\\\/de\\\/product\\\/esschert-design-igeltreppe\\\/\",\"name\":\"Esschert Design Igeltreppe (WA101 8714982249617)\",\"isPartOf\":{\"@id\":\"https:\\\/\\\/trendsandvision.nl\\\/de\\\/#website\"},\"primaryImageOfPage\":{\"@id\":\"https:\\\/\\\/trendsandvision.nl\\\/de\\\/product\\\/esschert-design-igeltreppe\\\/#primaryimage\"},\"image\":{\"@id\":\"https:\\\/\\\/trendsandvision.nl\\\/de\\\/product\\\/esschert-design-igeltreppe\\\/#primaryimage\"},\"thumbnailUrl\":\"https:\\\/\\\/trendsandvision.nl\\\/de\\\/wp-content\\\/uploads\\\/sites\\\/3\\\/2023\\\/08\\\/WA101_01.jpg\",\"datePublished\":\"2023-08-01T08:38:48+00:00\",\"dateModified\":\"2026-04-07T08:53:47+00:00\",\"description\":\"Esschert Design Igeltreppe - 0...\",\"breadcrumb\":{\"@id\":\"https:\\\/\\\/trendsandvision.nl\\\/de\\\/product\\\/esschert-design-igeltreppe\\\/#breadcrumb\"},\"inLanguage\":\"de\",\"potentialAction\":[{\"@type\":\"ReadAction\",\"target\":[\"https:\\\/\\\/trendsandvision.nl\\\/de\\\/product\\\/esschert-design-igeltreppe\\\/\"]}]},{\"@type\":\"ImageObject\",\"inLanguage\":\"de\",\"@id\":\"https:\\\/\\\/trendsandvision.nl\\\/de\\\/product\\\/esschert-design-igeltreppe\\\/#primaryimage\",\"url\":\"https:\\\/\\\/trendsandvision.nl\\\/de\\\/wp-content\\\/uploads\\\/sites\\\/3\\\/2023\\\/08\\\/WA101_01.jpg\",\"contentUrl\":\"https:\\\/\\\/trendsandvision.nl\\\/de\\\/wp-content\\\/uploads\\\/sites\\\/3\\\/2023\\\/08\\\/WA101_01.jpg\",\"width\":800,\"height\":800,\"caption\":\"Esschert Design Igeltreppe (WA101 8714982249617) - 01\"},{\"@type\":\"BreadcrumbList\",\"@id\":\"https:\\\/\\\/trendsandvision.nl\\\/de\\\/product\\\/esschert-design-igeltreppe\\\/#breadcrumb\",\"itemListElement\":[{\"@type\":\"ListItem\",\"position\":1,\"name\":\"Home\",\"item\":\"https:\\\/\\\/trendsandvision.nl\\\/de\\\/\"},{\"@type\":\"ListItem\",\"position\":2,\"name\":\"Gesch\u00e4ft\",\"item\":\"https:\\\/\\\/trendsandvision.nl\\\/de\\\/geschaft\\\/\"},{\"@type\":\"ListItem\",\"position\":3,\"name\":\"Esschert Design Igeltreppe\"}]},{\"@type\":\"WebSite\",\"@id\":\"https:\\\/\\\/trendsandvision.nl\\\/de\\\/#website\",\"url\":\"https:\\\/\\\/trendsandvision.nl\\\/de\\\/\",\"name\":\"Trends &amp; Vision (DE)\",\"description\":\"Der Webshop f\u00fcr Esschert Design Artikel\",\"publisher\":{\"@id\":\"https:\\\/\\\/trendsandvision.nl\\\/de\\\/#organization\"},\"potentialAction\":[{\"@type\":\"SearchAction\",\"target\":{\"@type\":\"EntryPoint\",\"urlTemplate\":\"https:\\\/\\\/trendsandvision.nl\\\/de\\\/?s={search_term_string}\"},\"query-input\":{\"@type\":\"PropertyValueSpecification\",\"valueRequired\":true,\"valueName\":\"search_term_string\"}}],\"inLanguage\":\"de\"},{\"@type\":\"Organization\",\"@id\":\"https:\\\/\\\/trendsandvision.nl\\\/de\\\/#organization\",\"name\":\"Trends &amp; Vision (DE)\",\"url\":\"https:\\\/\\\/trendsandvision.nl\\\/de\\\/\",\"logo\":{\"@type\":\"ImageObject\",\"inLanguage\":\"de\",\"@id\":\"https:\\\/\\\/trendsandvision.nl\\\/de\\\/#\\\/schema\\\/logo\\\/image\\\/\",\"url\":\"https:\\\/\\\/trendsandvision.nl\\\/de\\\/wp-content\\\/uploads\\\/sites\\\/3\\\/2022\\\/04\\\/trends-and-vision-logo.jpg\",\"contentUrl\":\"https:\\\/\\\/trendsandvision.nl\\\/de\\\/wp-content\\\/uploads\\\/sites\\\/3\\\/2022\\\/04\\\/trends-and-vision-logo.jpg\",\"width\":213,\"height\":100,\"caption\":\"Trends &amp; Vision (DE)\"},\"image\":{\"@id\":\"https:\\\/\\\/trendsandvision.nl\\\/de\\\/#\\\/schema\\\/logo\\\/image\\\/\"}}]}<\/script>\n<!-- \/ Yoast SEO Premium plugin. -->","yoast_head_json":{"title":"Esschert Design Igeltreppe (WA101 8714982249617)","description":"Esschert Design Igeltreppe - 0...","robots":{"index":"index","follow":"follow","max-snippet":"max-snippet:-1","max-image-preview":"max-image-preview:large","max-video-preview":"max-video-preview:-1"},"canonical":"https:\/\/trendsandvision.nl\/de\/product\/esschert-design-igeltreppe\/","og_locale":"de_DE","og_type":"article","og_title":"Esschert Design Igeltreppe","og_description":"Esschert Design Igeltreppe - 0...","og_url":"https:\/\/trendsandvision.nl\/de\/product\/esschert-design-igeltreppe\/","og_site_name":"Trends &amp; Vision (DE)","article_modified_time":"2026-04-07T08:53:47+00:00","og_image":[{"width":800,"height":800,"url":"https:\/\/trendsandvision.nl\/de\/wp-content\/uploads\/sites\/3\/2023\/08\/WA101_01.jpg","type":"image\/jpeg"}],"twitter_card":"summary_large_image","twitter_misc":{"Gesch\u00e4tzte Lesezeit":"2\u00a0Minuten"},"schema":{"@context":"https:\/\/schema.org","@graph":[{"@type":"WebPage","@id":"https:\/\/trendsandvision.nl\/de\/product\/esschert-design-igeltreppe\/","url":"https:\/\/trendsandvision.nl\/de\/product\/esschert-design-igeltreppe\/","name":"Esschert Design Igeltreppe (WA101 8714982249617)","isPartOf":{"@id":"https:\/\/trendsandvision.nl\/de\/#website"},"primaryImageOfPage":{"@id":"https:\/\/trendsandvision.nl\/de\/product\/esschert-design-igeltreppe\/#primaryimage"},"image":{"@id":"https:\/\/trendsandvision.nl\/de\/product\/esschert-design-igeltreppe\/#primaryimage"},"thumbnailUrl":"https:\/\/trendsandvision.nl\/de\/wp-content\/uploads\/sites\/3\/2023\/08\/WA101_01.jpg","datePublished":"2023-08-01T08:38:48+00:00","dateModified":"2026-04-07T08:53:47+00:00","description":"Esschert Design Igeltreppe - 0...","breadcrumb":{"@id":"https:\/\/trendsandvision.nl\/de\/product\/esschert-design-igeltreppe\/#breadcrumb"},"inLanguage":"de","potentialAction":[{"@type":"ReadAction","target":["https:\/\/trendsandvision.nl\/de\/product\/esschert-design-igeltreppe\/"]}]},{"@type":"ImageObject","inLanguage":"de","@id":"https:\/\/trendsandvision.nl\/de\/product\/esschert-design-igeltreppe\/#primaryimage","url":"https:\/\/trendsandvision.nl\/de\/wp-content\/uploads\/sites\/3\/2023\/08\/WA101_01.jpg","contentUrl":"https:\/\/trendsandvision.nl\/de\/wp-content\/uploads\/sites\/3\/2023\/08\/WA101_01.jpg","width":800,"height":800,"caption":"Esschert Design Igeltreppe (WA101 8714982249617) - 01"},{"@type":"BreadcrumbList","@id":"https:\/\/trendsandvision.nl\/de\/product\/esschert-design-igeltreppe\/#breadcrumb","itemListElement":[{"@type":"ListItem","position":1,"name":"Home","item":"https:\/\/trendsandvision.nl\/de\/"},{"@type":"ListItem","position":2,"name":"Gesch\u00e4ft","item":"https:\/\/trendsandvision.nl\/de\/geschaft\/"},{"@type":"ListItem","position":3,"name":"Esschert Design Igeltreppe"}]},{"@type":"WebSite","@id":"https:\/\/trendsandvision.nl\/de\/#website","url":"https:\/\/trendsandvision.nl\/de\/","name":"Trends &amp; Vision (DE)","description":"Der Webshop f\u00fcr Esschert Design Artikel","publisher":{"@id":"https:\/\/trendsandvision.nl\/de\/#organization"},"potentialAction":[{"@type":"SearchAction","target":{"@type":"EntryPoint","urlTemplate":"https:\/\/trendsandvision.nl\/de\/?s={search_term_string}"},"query-input":{"@type":"PropertyValueSpecification","valueRequired":true,"valueName":"search_term_string"}}],"inLanguage":"de"},{"@type":"Organization","@id":"https:\/\/trendsandvision.nl\/de\/#organization","name":"Trends &amp; Vision (DE)","url":"https:\/\/trendsandvision.nl\/de\/","logo":{"@type":"ImageObject","inLanguage":"de","@id":"https:\/\/trendsandvision.nl\/de\/#\/schema\/logo\/image\/","url":"https:\/\/trendsandvision.nl\/de\/wp-content\/uploads\/sites\/3\/2022\/04\/trends-and-vision-logo.jpg","contentUrl":"https:\/\/trendsandvision.nl\/de\/wp-content\/uploads\/sites\/3\/2022\/04\/trends-and-vision-logo.jpg","width":213,"height":100,"caption":"Trends &amp; Vision (DE)"},"image":{"@id":"https:\/\/trendsandvision.nl\/de\/#\/schema\/logo\/image\/"}}]}},"_links":{"self":[{"href":"https:\/\/trendsandvision.nl\/de\/wp-json\/wp\/v2\/product\/11138","targetHints":{"allow":["GET"]}}],"collection":[{"href":"https:\/\/trendsandvision.nl\/de\/wp-json\/wp\/v2\/product"}],"about":[{"href":"https:\/\/trendsandvision.nl\/de\/wp-json\/wp\/v2\/types\/product"}],"wp:featuredmedia":[{"embeddable":true,"href":"https:\/\/trendsandvision.nl\/de\/wp-json\/wp\/v2\/media\/11139"}],"wp:attachment":[{"href":"https:\/\/trendsandvision.nl\/de\/wp-json\/wp\/v2\/media?parent=11138"}],"wp:term":[{"taxonomy":"product_brand","embeddable":true,"href":"https:\/\/trendsandvision.nl\/de\/wp-json\/wp\/v2\/product_brand?post=11138"},{"taxonomy":"product_cat","embeddable":true,"href":"https:\/\/trendsandvision.nl\/de\/wp-json\/wp\/v2\/product_cat?post=11138"},{"taxonomy":"product_tag","embeddable":true,"href":"https:\/\/trendsandvision.nl\/de\/wp-json\/wp\/v2\/product_tag?post=11138"}],"curies":[{"name":"wp","href":"https:\/\/api.w.org\/{rel}","templated":true}]}}