{"id":11136,"date":"2023-08-01T10:38:45","date_gmt":"2023-08-01T08:38:45","guid":{"rendered":"https:\/\/trendsandvision.nl\/de\/product\/esschert-design-naturtoene-tuerstopper-sort\/"},"modified":"2026-02-04T00:49:30","modified_gmt":"2026-02-03T23:49:30","slug":"esschert-design-naturtoene-tuerstopper-pro-stueck","status":"publish","type":"product","link":"https:\/\/trendsandvision.nl\/de\/product\/esschert-design-naturtoene-tuerstopper-pro-stueck\/","title":{"rendered":"Esschert Design Naturt\u00f6ne T\u00fcrstopper pro St\u00fcck"},"content":{"rendered":"<p>Esschert Design T\u00fcrstopper in Naturt\u00f6nen:<br \/>\nSchluss mit zuschlagenden T\u00fcren dank dieses funktionalen Textil-T\u00fcrstoppers in 4 verschiedenen Farbvarianten.<br \/>\nDank des gro\u00dfen Metallrings an der Oberseite l\u00e4sst sich der T\u00fcrstopper leicht bewegen.<br \/>\nDie Materialwahl sorgt daf\u00fcr, dass keine Kratzer auf T\u00fcren und B\u00f6den entstehen.<br \/>\nDer Ring dient zum Verschieben des T\u00fcrstoppers, kann aber auch dazu verwendet werden, den Stopper mithilfe eines Hakens bei \u00b1 28 cm an der T\u00fcr zu befestigen, um die gesamte H\u00f6he (effektiv ist der T\u00fcrstopper ca. 20 cm hoch gef\u00fcllt) zu nutzen der T\u00fcrstopper.<\/p>\n<p>\u2013 in vier verschiedenen Farben erh\u00e4ltlich<br \/>\n\u2013 Der Preis gilt pro St\u00fcck, w\u00e4hlen Sie Ihre Farbe<\/p>\n<p>Artikelname Naturt\u00f6ne T\u00fcrstopper<br \/>\nArtikelnummer TR058<br \/>\nProduktgruppe(n) T\u00fcr&amp;Halle, T\u00fcrstopper<br \/>\nProduktabmessungen in cm L 12,5 x T 12,5 x H 34<br \/>\nMaterial 600D Oxford (95% Polyester, 5% Baumwolle), Sand, Eisen, PVC<br \/>\nNettogewicht 2,504 kg<br \/>\nBarcode 8714982252631<\/p>\n","protected":false},"excerpt":{"rendered":"<p>\u2013 in vier verschiedenen Farben erh\u00e4ltlich<br \/>\n\u2013 Der Preis gilt pro St\u00fcck, w\u00e4hlen Sie Ihre Farbe<br \/>\n&#8211; Produktabmessungen in cm L 12,5 x T 12,5 x H 34<br \/>\n&#8211; Material 600D Oxford (95% Polyester, 5% Baumwolle), Sand, Eisen, PVC<br \/>\n&#8211; Nettogewicht 2,504 kg<br \/>\n&#8211; Barcode 8714982252631<\/p>\n","protected":false},"featured_media":11137,"template":"","meta":[],"product_brand":[9597,9598],"product_cat":[851],"product_tag":[6864,6945],"class_list":{"0":"post-11136","1":"product","2":"type-product","3":"status-publish","4":"has-post-thumbnail","6":"product_brand-esschert-design","7":"product_brand-trends-and-vision","8":"product_cat-best-for-boots","9":"product_tag-tuerstopper","10":"product_tag-wahl","11":"pa_anbieter-esschert-design","12":"pa_ean-code-6092","13":"pa_messungen-130x130x285-cm","15":"first","16":"instock","17":"sale","18":"taxable","19":"shipping-taxable","20":"purchasable","21":"product-type-simple","22":"czr-hentry"},"yoast_head":"<!-- This site is optimized with the Yoast SEO Premium plugin v26.4 (Yoast SEO v27.3) - https:\/\/yoast.com\/product\/yoast-seo-premium-wordpress\/ -->\n<title>Esschert Design Naturt\u00f6ne T\u00fcrstopper sort. (TR058 8714982252631)<\/title>\n<meta name=\"description\" content=\"Esschert Design Naturt\u00f6ne T\u00fcrstopper sort. - 0...\" \/>\n<meta name=\"robots\" content=\"index, follow, max-snippet:-1, max-image-preview:large, max-video-preview:-1\" \/>\n<link rel=\"canonical\" href=\"https:\/\/trendsandvision.nl\/de\/product\/esschert-design-naturtoene-tuerstopper-pro-stueck\/\" \/>\n<meta property=\"og:locale\" content=\"de_DE\" \/>\n<meta property=\"og:type\" content=\"article\" \/>\n<meta property=\"og:title\" content=\"Esschert Design Naturt\u00f6ne T\u00fcrstopper pro St\u00fcck\" \/>\n<meta property=\"og:description\" content=\"Esschert Design Naturt\u00f6ne T\u00fcrstopper sort. - 0...\" \/>\n<meta property=\"og:url\" content=\"https:\/\/trendsandvision.nl\/de\/product\/esschert-design-naturtoene-tuerstopper-pro-stueck\/\" \/>\n<meta property=\"og:site_name\" content=\"Trends &amp; Vision (DE)\" \/>\n<meta property=\"article:modified_time\" content=\"2026-02-03T23:49:30+00:00\" \/>\n<meta property=\"og:image\" content=\"https:\/\/trendsandvision.nl\/de\/wp-content\/uploads\/sites\/3\/2023\/08\/TR058_01.jpg\" \/>\n\t<meta property=\"og:image:width\" content=\"800\" \/>\n\t<meta property=\"og:image:height\" content=\"800\" \/>\n\t<meta property=\"og:image:type\" content=\"image\/jpeg\" \/>\n<meta name=\"twitter:card\" content=\"summary_large_image\" \/>\n<meta name=\"twitter:label1\" content=\"Gesch\u00e4tzte Lesezeit\" \/>\n\t<meta name=\"twitter:data1\" content=\"1\u00a0Minute\" \/>\n<script type=\"application\/ld+json\" class=\"yoast-schema-graph\">{\"@context\":\"https:\\\/\\\/schema.org\",\"@graph\":[{\"@type\":\"WebPage\",\"@id\":\"https:\\\/\\\/trendsandvision.nl\\\/de\\\/product\\\/esschert-design-naturtoene-tuerstopper-pro-stueck\\\/\",\"url\":\"https:\\\/\\\/trendsandvision.nl\\\/de\\\/product\\\/esschert-design-naturtoene-tuerstopper-pro-stueck\\\/\",\"name\":\"Esschert Design Naturt\u00f6ne T\u00fcrstopper sort. (TR058 8714982252631)\",\"isPartOf\":{\"@id\":\"https:\\\/\\\/trendsandvision.nl\\\/de\\\/#website\"},\"primaryImageOfPage\":{\"@id\":\"https:\\\/\\\/trendsandvision.nl\\\/de\\\/product\\\/esschert-design-naturtoene-tuerstopper-pro-stueck\\\/#primaryimage\"},\"image\":{\"@id\":\"https:\\\/\\\/trendsandvision.nl\\\/de\\\/product\\\/esschert-design-naturtoene-tuerstopper-pro-stueck\\\/#primaryimage\"},\"thumbnailUrl\":\"https:\\\/\\\/trendsandvision.nl\\\/de\\\/wp-content\\\/uploads\\\/sites\\\/3\\\/2023\\\/08\\\/TR058_01.jpg\",\"datePublished\":\"2023-08-01T08:38:45+00:00\",\"dateModified\":\"2026-02-03T23:49:30+00:00\",\"description\":\"Esschert Design Naturt\u00f6ne T\u00fcrstopper sort. - 0...\",\"breadcrumb\":{\"@id\":\"https:\\\/\\\/trendsandvision.nl\\\/de\\\/product\\\/esschert-design-naturtoene-tuerstopper-pro-stueck\\\/#breadcrumb\"},\"inLanguage\":\"de\",\"potentialAction\":[{\"@type\":\"ReadAction\",\"target\":[\"https:\\\/\\\/trendsandvision.nl\\\/de\\\/product\\\/esschert-design-naturtoene-tuerstopper-pro-stueck\\\/\"]}]},{\"@type\":\"ImageObject\",\"inLanguage\":\"de\",\"@id\":\"https:\\\/\\\/trendsandvision.nl\\\/de\\\/product\\\/esschert-design-naturtoene-tuerstopper-pro-stueck\\\/#primaryimage\",\"url\":\"https:\\\/\\\/trendsandvision.nl\\\/de\\\/wp-content\\\/uploads\\\/sites\\\/3\\\/2023\\\/08\\\/TR058_01.jpg\",\"contentUrl\":\"https:\\\/\\\/trendsandvision.nl\\\/de\\\/wp-content\\\/uploads\\\/sites\\\/3\\\/2023\\\/08\\\/TR058_01.jpg\",\"width\":800,\"height\":800,\"caption\":\"Esschert Design Naturt\u00f6ne T\u00fcrstopper sort. (TR058 8714982252631) - 01\"},{\"@type\":\"BreadcrumbList\",\"@id\":\"https:\\\/\\\/trendsandvision.nl\\\/de\\\/product\\\/esschert-design-naturtoene-tuerstopper-pro-stueck\\\/#breadcrumb\",\"itemListElement\":[{\"@type\":\"ListItem\",\"position\":1,\"name\":\"Home\",\"item\":\"https:\\\/\\\/trendsandvision.nl\\\/de\\\/\"},{\"@type\":\"ListItem\",\"position\":2,\"name\":\"Gesch\u00e4ft\",\"item\":\"https:\\\/\\\/trendsandvision.nl\\\/de\\\/geschaft\\\/\"},{\"@type\":\"ListItem\",\"position\":3,\"name\":\"Esschert Design Naturt\u00f6ne T\u00fcrstopper pro St\u00fcck\"}]},{\"@type\":\"WebSite\",\"@id\":\"https:\\\/\\\/trendsandvision.nl\\\/de\\\/#website\",\"url\":\"https:\\\/\\\/trendsandvision.nl\\\/de\\\/\",\"name\":\"Trends &amp; Vision (DE)\",\"description\":\"Der Webshop f\u00fcr Esschert Design Artikel\",\"publisher\":{\"@id\":\"https:\\\/\\\/trendsandvision.nl\\\/de\\\/#organization\"},\"potentialAction\":[{\"@type\":\"SearchAction\",\"target\":{\"@type\":\"EntryPoint\",\"urlTemplate\":\"https:\\\/\\\/trendsandvision.nl\\\/de\\\/?s={search_term_string}\"},\"query-input\":{\"@type\":\"PropertyValueSpecification\",\"valueRequired\":true,\"valueName\":\"search_term_string\"}}],\"inLanguage\":\"de\"},{\"@type\":\"Organization\",\"@id\":\"https:\\\/\\\/trendsandvision.nl\\\/de\\\/#organization\",\"name\":\"Trends &amp; Vision (DE)\",\"url\":\"https:\\\/\\\/trendsandvision.nl\\\/de\\\/\",\"logo\":{\"@type\":\"ImageObject\",\"inLanguage\":\"de\",\"@id\":\"https:\\\/\\\/trendsandvision.nl\\\/de\\\/#\\\/schema\\\/logo\\\/image\\\/\",\"url\":\"https:\\\/\\\/trendsandvision.nl\\\/de\\\/wp-content\\\/uploads\\\/sites\\\/3\\\/2022\\\/04\\\/trends-and-vision-logo.jpg\",\"contentUrl\":\"https:\\\/\\\/trendsandvision.nl\\\/de\\\/wp-content\\\/uploads\\\/sites\\\/3\\\/2022\\\/04\\\/trends-and-vision-logo.jpg\",\"width\":213,\"height\":100,\"caption\":\"Trends &amp; Vision (DE)\"},\"image\":{\"@id\":\"https:\\\/\\\/trendsandvision.nl\\\/de\\\/#\\\/schema\\\/logo\\\/image\\\/\"}}]}<\/script>\n<!-- \/ Yoast SEO Premium plugin. -->","yoast_head_json":{"title":"Esschert Design Naturt\u00f6ne T\u00fcrstopper sort. (TR058 8714982252631)","description":"Esschert Design Naturt\u00f6ne T\u00fcrstopper sort. - 0...","robots":{"index":"index","follow":"follow","max-snippet":"max-snippet:-1","max-image-preview":"max-image-preview:large","max-video-preview":"max-video-preview:-1"},"canonical":"https:\/\/trendsandvision.nl\/de\/product\/esschert-design-naturtoene-tuerstopper-pro-stueck\/","og_locale":"de_DE","og_type":"article","og_title":"Esschert Design Naturt\u00f6ne T\u00fcrstopper pro St\u00fcck","og_description":"Esschert Design Naturt\u00f6ne T\u00fcrstopper sort. - 0...","og_url":"https:\/\/trendsandvision.nl\/de\/product\/esschert-design-naturtoene-tuerstopper-pro-stueck\/","og_site_name":"Trends &amp; Vision (DE)","article_modified_time":"2026-02-03T23:49:30+00:00","og_image":[{"width":800,"height":800,"url":"https:\/\/trendsandvision.nl\/de\/wp-content\/uploads\/sites\/3\/2023\/08\/TR058_01.jpg","type":"image\/jpeg"}],"twitter_card":"summary_large_image","twitter_misc":{"Gesch\u00e4tzte Lesezeit":"1\u00a0Minute"},"schema":{"@context":"https:\/\/schema.org","@graph":[{"@type":"WebPage","@id":"https:\/\/trendsandvision.nl\/de\/product\/esschert-design-naturtoene-tuerstopper-pro-stueck\/","url":"https:\/\/trendsandvision.nl\/de\/product\/esschert-design-naturtoene-tuerstopper-pro-stueck\/","name":"Esschert Design Naturt\u00f6ne T\u00fcrstopper sort. (TR058 8714982252631)","isPartOf":{"@id":"https:\/\/trendsandvision.nl\/de\/#website"},"primaryImageOfPage":{"@id":"https:\/\/trendsandvision.nl\/de\/product\/esschert-design-naturtoene-tuerstopper-pro-stueck\/#primaryimage"},"image":{"@id":"https:\/\/trendsandvision.nl\/de\/product\/esschert-design-naturtoene-tuerstopper-pro-stueck\/#primaryimage"},"thumbnailUrl":"https:\/\/trendsandvision.nl\/de\/wp-content\/uploads\/sites\/3\/2023\/08\/TR058_01.jpg","datePublished":"2023-08-01T08:38:45+00:00","dateModified":"2026-02-03T23:49:30+00:00","description":"Esschert Design Naturt\u00f6ne T\u00fcrstopper sort. - 0...","breadcrumb":{"@id":"https:\/\/trendsandvision.nl\/de\/product\/esschert-design-naturtoene-tuerstopper-pro-stueck\/#breadcrumb"},"inLanguage":"de","potentialAction":[{"@type":"ReadAction","target":["https:\/\/trendsandvision.nl\/de\/product\/esschert-design-naturtoene-tuerstopper-pro-stueck\/"]}]},{"@type":"ImageObject","inLanguage":"de","@id":"https:\/\/trendsandvision.nl\/de\/product\/esschert-design-naturtoene-tuerstopper-pro-stueck\/#primaryimage","url":"https:\/\/trendsandvision.nl\/de\/wp-content\/uploads\/sites\/3\/2023\/08\/TR058_01.jpg","contentUrl":"https:\/\/trendsandvision.nl\/de\/wp-content\/uploads\/sites\/3\/2023\/08\/TR058_01.jpg","width":800,"height":800,"caption":"Esschert Design Naturt\u00f6ne T\u00fcrstopper sort. (TR058 8714982252631) - 01"},{"@type":"BreadcrumbList","@id":"https:\/\/trendsandvision.nl\/de\/product\/esschert-design-naturtoene-tuerstopper-pro-stueck\/#breadcrumb","itemListElement":[{"@type":"ListItem","position":1,"name":"Home","item":"https:\/\/trendsandvision.nl\/de\/"},{"@type":"ListItem","position":2,"name":"Gesch\u00e4ft","item":"https:\/\/trendsandvision.nl\/de\/geschaft\/"},{"@type":"ListItem","position":3,"name":"Esschert Design Naturt\u00f6ne T\u00fcrstopper pro St\u00fcck"}]},{"@type":"WebSite","@id":"https:\/\/trendsandvision.nl\/de\/#website","url":"https:\/\/trendsandvision.nl\/de\/","name":"Trends &amp; Vision (DE)","description":"Der Webshop f\u00fcr Esschert Design Artikel","publisher":{"@id":"https:\/\/trendsandvision.nl\/de\/#organization"},"potentialAction":[{"@type":"SearchAction","target":{"@type":"EntryPoint","urlTemplate":"https:\/\/trendsandvision.nl\/de\/?s={search_term_string}"},"query-input":{"@type":"PropertyValueSpecification","valueRequired":true,"valueName":"search_term_string"}}],"inLanguage":"de"},{"@type":"Organization","@id":"https:\/\/trendsandvision.nl\/de\/#organization","name":"Trends &amp; Vision (DE)","url":"https:\/\/trendsandvision.nl\/de\/","logo":{"@type":"ImageObject","inLanguage":"de","@id":"https:\/\/trendsandvision.nl\/de\/#\/schema\/logo\/image\/","url":"https:\/\/trendsandvision.nl\/de\/wp-content\/uploads\/sites\/3\/2022\/04\/trends-and-vision-logo.jpg","contentUrl":"https:\/\/trendsandvision.nl\/de\/wp-content\/uploads\/sites\/3\/2022\/04\/trends-and-vision-logo.jpg","width":213,"height":100,"caption":"Trends &amp; Vision (DE)"},"image":{"@id":"https:\/\/trendsandvision.nl\/de\/#\/schema\/logo\/image\/"}}]}},"_links":{"self":[{"href":"https:\/\/trendsandvision.nl\/de\/wp-json\/wp\/v2\/product\/11136","targetHints":{"allow":["GET"]}}],"collection":[{"href":"https:\/\/trendsandvision.nl\/de\/wp-json\/wp\/v2\/product"}],"about":[{"href":"https:\/\/trendsandvision.nl\/de\/wp-json\/wp\/v2\/types\/product"}],"wp:featuredmedia":[{"embeddable":true,"href":"https:\/\/trendsandvision.nl\/de\/wp-json\/wp\/v2\/media\/11137"}],"wp:attachment":[{"href":"https:\/\/trendsandvision.nl\/de\/wp-json\/wp\/v2\/media?parent=11136"}],"wp:term":[{"taxonomy":"product_brand","embeddable":true,"href":"https:\/\/trendsandvision.nl\/de\/wp-json\/wp\/v2\/product_brand?post=11136"},{"taxonomy":"product_cat","embeddable":true,"href":"https:\/\/trendsandvision.nl\/de\/wp-json\/wp\/v2\/product_cat?post=11136"},{"taxonomy":"product_tag","embeddable":true,"href":"https:\/\/trendsandvision.nl\/de\/wp-json\/wp\/v2\/product_tag?post=11136"}],"curies":[{"name":"wp","href":"https:\/\/api.w.org\/{rel}","templated":true}]}}