{"id":11122,"date":"2023-08-01T10:38:22","date_gmt":"2023-08-01T08:38:22","guid":{"rendered":"https:\/\/trendsandvision.nl\/de\/product\/esschert-design-naturtoene-nistkasten-sortiert\/"},"modified":"2026-04-07T10:51:52","modified_gmt":"2026-04-07T08:51:52","slug":"esschert-design-naturtoene-nistkasten-pro-stueck","status":"publish","type":"product","link":"https:\/\/trendsandvision.nl\/de\/product\/esschert-design-naturtoene-nistkasten-pro-stueck\/","title":{"rendered":"Esschert Design Naturt\u00f6ne Nistkasten pro St\u00fcck"},"content":{"rendered":"<p>Nistkasten in Naturt\u00f6nen, Auswahl preis ist pro st\u00fcck<\/p>\n<p>Nistkasten f\u00fcr Kohlmeisen. Dieser Nistkasten ist unter anderem geeignet f\u00fcr die Kohlmeise. Neben der Kohlmeise erwarten Sie in diesem Bienenstock auch die Blaumeise, der Feldsperling und der Trauerschn\u00e4pper. Im Winter dient der Kasten den V\u00f6geln oft als Schutz vor der rauen Witterung.<\/p>\n<p>Artikelname Naturt\u00f6ne Nistkasten<br \/>\nArtikelnummer TR048<br \/>\nProduktgruppe(n) V\u00f6gel&amp;Gartentiere, Nistk\u00e4sten und Vogelh\u00e4user, Blaumeise<br \/>\nProduktabmessungen in cm L 17 x T 14 x H 25,5<br \/>\nMaterial Kiefernholz<br \/>\nBruttogewicht 0,66 kg<br \/>\nNettogewicht 0,6 kg<br \/>\nBarcode 8714982251306<br \/>\nFSC 100%<\/p>\n","protected":false},"excerpt":{"rendered":"<p>Der Preis gilt pro St\u00fcck.<br \/>\nFarbwahl<br \/>\nL 17 x T 14 x H 25,5 cm<br \/>\nMaterial Kiefernholz<br \/>\nNettogewicht 0,6 kg<br \/>\nBarcode 8714982251306<br \/>\nFSC 100%<\/p>\n","protected":false},"featured_media":11123,"template":"","meta":[],"product_brand":[9597,9598],"product_cat":[1315],"product_tag":[7188,8730,8713,6809,6828,8714,6714,6945],"class_list":{"0":"post-11122","1":"product","2":"type-product","3":"status-publish","4":"has-post-thumbnail","6":"product_brand-esschert-design","7":"product_brand-trends-and-vision","8":"product_cat-best-for-birds","9":"product_tag-blaumeise","10":"product_tag-fb623","11":"product_tag-feldsperling","12":"product_tag-fsc-100","13":"product_tag-nistkasten","14":"product_tag-trauerschnaepper","15":"product_tag-voegel","16":"product_tag-wahl","17":"pa_anbieter-esschert-design","18":"pa_ean-code-6079","19":"pa_messungen-17-0x14-0x25-5-cm","21":"first","22":"instock","23":"sale","24":"taxable","25":"shipping-taxable","26":"purchasable","27":"product-type-simple","28":"czr-hentry"},"yoast_head":"<!-- This site is optimized with the Yoast SEO Premium plugin v26.4 (Yoast SEO v27.3) - https:\/\/yoast.com\/product\/yoast-seo-premium-wordpress\/ -->\n<title>Esschert Design Naturt\u00f6ne Nistkasten sortiert (TR048 8714982251306)<\/title>\n<meta name=\"description\" content=\"Esschert Design Naturt\u00f6ne Nistkasten sortiert - Naturt\u00f6ne Nistkasten sortiert...\" \/>\n<meta name=\"robots\" content=\"index, follow, max-snippet:-1, max-image-preview:large, max-video-preview:-1\" \/>\n<link rel=\"canonical\" href=\"https:\/\/trendsandvision.nl\/de\/product\/esschert-design-naturtoene-nistkasten-pro-stueck\/\" \/>\n<meta property=\"og:locale\" content=\"de_DE\" \/>\n<meta property=\"og:type\" content=\"article\" \/>\n<meta property=\"og:title\" content=\"Esschert Design Naturt\u00f6ne Nistkasten pro St\u00fcck\" \/>\n<meta property=\"og:description\" content=\"Esschert Design Naturt\u00f6ne Nistkasten sortiert - Naturt\u00f6ne Nistkasten sortiert...\" \/>\n<meta property=\"og:url\" content=\"https:\/\/trendsandvision.nl\/de\/product\/esschert-design-naturtoene-nistkasten-pro-stueck\/\" \/>\n<meta property=\"og:site_name\" content=\"Trends &amp; Vision (DE)\" \/>\n<meta property=\"article:modified_time\" content=\"2026-04-07T08:51:52+00:00\" \/>\n<meta property=\"og:image\" content=\"https:\/\/trendsandvision.nl\/de\/wp-content\/uploads\/sites\/3\/2023\/08\/TR048_01.jpg\" \/>\n\t<meta property=\"og:image:width\" content=\"800\" \/>\n\t<meta property=\"og:image:height\" content=\"800\" \/>\n\t<meta property=\"og:image:type\" content=\"image\/jpeg\" \/>\n<meta name=\"twitter:card\" content=\"summary_large_image\" \/>\n<meta name=\"twitter:label1\" content=\"Gesch\u00e4tzte Lesezeit\" \/>\n\t<meta name=\"twitter:data1\" content=\"1\u00a0Minute\" \/>\n<script type=\"application\/ld+json\" class=\"yoast-schema-graph\">{\"@context\":\"https:\\\/\\\/schema.org\",\"@graph\":[{\"@type\":\"WebPage\",\"@id\":\"https:\\\/\\\/trendsandvision.nl\\\/de\\\/product\\\/esschert-design-naturtoene-nistkasten-pro-stueck\\\/\",\"url\":\"https:\\\/\\\/trendsandvision.nl\\\/de\\\/product\\\/esschert-design-naturtoene-nistkasten-pro-stueck\\\/\",\"name\":\"Esschert Design Naturt\u00f6ne Nistkasten sortiert (TR048 8714982251306)\",\"isPartOf\":{\"@id\":\"https:\\\/\\\/trendsandvision.nl\\\/de\\\/#website\"},\"primaryImageOfPage\":{\"@id\":\"https:\\\/\\\/trendsandvision.nl\\\/de\\\/product\\\/esschert-design-naturtoene-nistkasten-pro-stueck\\\/#primaryimage\"},\"image\":{\"@id\":\"https:\\\/\\\/trendsandvision.nl\\\/de\\\/product\\\/esschert-design-naturtoene-nistkasten-pro-stueck\\\/#primaryimage\"},\"thumbnailUrl\":\"https:\\\/\\\/trendsandvision.nl\\\/de\\\/wp-content\\\/uploads\\\/sites\\\/3\\\/2023\\\/08\\\/TR048_01.jpg\",\"datePublished\":\"2023-08-01T08:38:22+00:00\",\"dateModified\":\"2026-04-07T08:51:52+00:00\",\"description\":\"Esschert Design Naturt\u00f6ne Nistkasten sortiert - Naturt\u00f6ne Nistkasten sortiert...\",\"breadcrumb\":{\"@id\":\"https:\\\/\\\/trendsandvision.nl\\\/de\\\/product\\\/esschert-design-naturtoene-nistkasten-pro-stueck\\\/#breadcrumb\"},\"inLanguage\":\"de\",\"potentialAction\":[{\"@type\":\"ReadAction\",\"target\":[\"https:\\\/\\\/trendsandvision.nl\\\/de\\\/product\\\/esschert-design-naturtoene-nistkasten-pro-stueck\\\/\"]}]},{\"@type\":\"ImageObject\",\"inLanguage\":\"de\",\"@id\":\"https:\\\/\\\/trendsandvision.nl\\\/de\\\/product\\\/esschert-design-naturtoene-nistkasten-pro-stueck\\\/#primaryimage\",\"url\":\"https:\\\/\\\/trendsandvision.nl\\\/de\\\/wp-content\\\/uploads\\\/sites\\\/3\\\/2023\\\/08\\\/TR048_01.jpg\",\"contentUrl\":\"https:\\\/\\\/trendsandvision.nl\\\/de\\\/wp-content\\\/uploads\\\/sites\\\/3\\\/2023\\\/08\\\/TR048_01.jpg\",\"width\":800,\"height\":800,\"caption\":\"Esschert Design Naturt\u00f6ne Nistkasten sortiert (TR048 8714982251306) - 01\"},{\"@type\":\"BreadcrumbList\",\"@id\":\"https:\\\/\\\/trendsandvision.nl\\\/de\\\/product\\\/esschert-design-naturtoene-nistkasten-pro-stueck\\\/#breadcrumb\",\"itemListElement\":[{\"@type\":\"ListItem\",\"position\":1,\"name\":\"Home\",\"item\":\"https:\\\/\\\/trendsandvision.nl\\\/de\\\/\"},{\"@type\":\"ListItem\",\"position\":2,\"name\":\"Gesch\u00e4ft\",\"item\":\"https:\\\/\\\/trendsandvision.nl\\\/de\\\/geschaft\\\/\"},{\"@type\":\"ListItem\",\"position\":3,\"name\":\"Esschert Design Naturt\u00f6ne Nistkasten pro St\u00fcck\"}]},{\"@type\":\"WebSite\",\"@id\":\"https:\\\/\\\/trendsandvision.nl\\\/de\\\/#website\",\"url\":\"https:\\\/\\\/trendsandvision.nl\\\/de\\\/\",\"name\":\"Trends &amp; Vision (DE)\",\"description\":\"Der Webshop f\u00fcr Esschert Design Artikel\",\"publisher\":{\"@id\":\"https:\\\/\\\/trendsandvision.nl\\\/de\\\/#organization\"},\"potentialAction\":[{\"@type\":\"SearchAction\",\"target\":{\"@type\":\"EntryPoint\",\"urlTemplate\":\"https:\\\/\\\/trendsandvision.nl\\\/de\\\/?s={search_term_string}\"},\"query-input\":{\"@type\":\"PropertyValueSpecification\",\"valueRequired\":true,\"valueName\":\"search_term_string\"}}],\"inLanguage\":\"de\"},{\"@type\":\"Organization\",\"@id\":\"https:\\\/\\\/trendsandvision.nl\\\/de\\\/#organization\",\"name\":\"Trends &amp; Vision (DE)\",\"url\":\"https:\\\/\\\/trendsandvision.nl\\\/de\\\/\",\"logo\":{\"@type\":\"ImageObject\",\"inLanguage\":\"de\",\"@id\":\"https:\\\/\\\/trendsandvision.nl\\\/de\\\/#\\\/schema\\\/logo\\\/image\\\/\",\"url\":\"https:\\\/\\\/trendsandvision.nl\\\/de\\\/wp-content\\\/uploads\\\/sites\\\/3\\\/2022\\\/04\\\/trends-and-vision-logo.jpg\",\"contentUrl\":\"https:\\\/\\\/trendsandvision.nl\\\/de\\\/wp-content\\\/uploads\\\/sites\\\/3\\\/2022\\\/04\\\/trends-and-vision-logo.jpg\",\"width\":213,\"height\":100,\"caption\":\"Trends &amp; Vision (DE)\"},\"image\":{\"@id\":\"https:\\\/\\\/trendsandvision.nl\\\/de\\\/#\\\/schema\\\/logo\\\/image\\\/\"}}]}<\/script>\n<!-- \/ Yoast SEO Premium plugin. -->","yoast_head_json":{"title":"Esschert Design Naturt\u00f6ne Nistkasten sortiert (TR048 8714982251306)","description":"Esschert Design Naturt\u00f6ne Nistkasten sortiert - Naturt\u00f6ne Nistkasten sortiert...","robots":{"index":"index","follow":"follow","max-snippet":"max-snippet:-1","max-image-preview":"max-image-preview:large","max-video-preview":"max-video-preview:-1"},"canonical":"https:\/\/trendsandvision.nl\/de\/product\/esschert-design-naturtoene-nistkasten-pro-stueck\/","og_locale":"de_DE","og_type":"article","og_title":"Esschert Design Naturt\u00f6ne Nistkasten pro St\u00fcck","og_description":"Esschert Design Naturt\u00f6ne Nistkasten sortiert - Naturt\u00f6ne Nistkasten sortiert...","og_url":"https:\/\/trendsandvision.nl\/de\/product\/esschert-design-naturtoene-nistkasten-pro-stueck\/","og_site_name":"Trends &amp; Vision (DE)","article_modified_time":"2026-04-07T08:51:52+00:00","og_image":[{"width":800,"height":800,"url":"https:\/\/trendsandvision.nl\/de\/wp-content\/uploads\/sites\/3\/2023\/08\/TR048_01.jpg","type":"image\/jpeg"}],"twitter_card":"summary_large_image","twitter_misc":{"Gesch\u00e4tzte Lesezeit":"1\u00a0Minute"},"schema":{"@context":"https:\/\/schema.org","@graph":[{"@type":"WebPage","@id":"https:\/\/trendsandvision.nl\/de\/product\/esschert-design-naturtoene-nistkasten-pro-stueck\/","url":"https:\/\/trendsandvision.nl\/de\/product\/esschert-design-naturtoene-nistkasten-pro-stueck\/","name":"Esschert Design Naturt\u00f6ne Nistkasten sortiert (TR048 8714982251306)","isPartOf":{"@id":"https:\/\/trendsandvision.nl\/de\/#website"},"primaryImageOfPage":{"@id":"https:\/\/trendsandvision.nl\/de\/product\/esschert-design-naturtoene-nistkasten-pro-stueck\/#primaryimage"},"image":{"@id":"https:\/\/trendsandvision.nl\/de\/product\/esschert-design-naturtoene-nistkasten-pro-stueck\/#primaryimage"},"thumbnailUrl":"https:\/\/trendsandvision.nl\/de\/wp-content\/uploads\/sites\/3\/2023\/08\/TR048_01.jpg","datePublished":"2023-08-01T08:38:22+00:00","dateModified":"2026-04-07T08:51:52+00:00","description":"Esschert Design Naturt\u00f6ne Nistkasten sortiert - Naturt\u00f6ne Nistkasten sortiert...","breadcrumb":{"@id":"https:\/\/trendsandvision.nl\/de\/product\/esschert-design-naturtoene-nistkasten-pro-stueck\/#breadcrumb"},"inLanguage":"de","potentialAction":[{"@type":"ReadAction","target":["https:\/\/trendsandvision.nl\/de\/product\/esschert-design-naturtoene-nistkasten-pro-stueck\/"]}]},{"@type":"ImageObject","inLanguage":"de","@id":"https:\/\/trendsandvision.nl\/de\/product\/esschert-design-naturtoene-nistkasten-pro-stueck\/#primaryimage","url":"https:\/\/trendsandvision.nl\/de\/wp-content\/uploads\/sites\/3\/2023\/08\/TR048_01.jpg","contentUrl":"https:\/\/trendsandvision.nl\/de\/wp-content\/uploads\/sites\/3\/2023\/08\/TR048_01.jpg","width":800,"height":800,"caption":"Esschert Design Naturt\u00f6ne Nistkasten sortiert (TR048 8714982251306) - 01"},{"@type":"BreadcrumbList","@id":"https:\/\/trendsandvision.nl\/de\/product\/esschert-design-naturtoene-nistkasten-pro-stueck\/#breadcrumb","itemListElement":[{"@type":"ListItem","position":1,"name":"Home","item":"https:\/\/trendsandvision.nl\/de\/"},{"@type":"ListItem","position":2,"name":"Gesch\u00e4ft","item":"https:\/\/trendsandvision.nl\/de\/geschaft\/"},{"@type":"ListItem","position":3,"name":"Esschert Design Naturt\u00f6ne Nistkasten pro St\u00fcck"}]},{"@type":"WebSite","@id":"https:\/\/trendsandvision.nl\/de\/#website","url":"https:\/\/trendsandvision.nl\/de\/","name":"Trends &amp; Vision (DE)","description":"Der Webshop f\u00fcr Esschert Design Artikel","publisher":{"@id":"https:\/\/trendsandvision.nl\/de\/#organization"},"potentialAction":[{"@type":"SearchAction","target":{"@type":"EntryPoint","urlTemplate":"https:\/\/trendsandvision.nl\/de\/?s={search_term_string}"},"query-input":{"@type":"PropertyValueSpecification","valueRequired":true,"valueName":"search_term_string"}}],"inLanguage":"de"},{"@type":"Organization","@id":"https:\/\/trendsandvision.nl\/de\/#organization","name":"Trends &amp; Vision (DE)","url":"https:\/\/trendsandvision.nl\/de\/","logo":{"@type":"ImageObject","inLanguage":"de","@id":"https:\/\/trendsandvision.nl\/de\/#\/schema\/logo\/image\/","url":"https:\/\/trendsandvision.nl\/de\/wp-content\/uploads\/sites\/3\/2022\/04\/trends-and-vision-logo.jpg","contentUrl":"https:\/\/trendsandvision.nl\/de\/wp-content\/uploads\/sites\/3\/2022\/04\/trends-and-vision-logo.jpg","width":213,"height":100,"caption":"Trends &amp; Vision (DE)"},"image":{"@id":"https:\/\/trendsandvision.nl\/de\/#\/schema\/logo\/image\/"}}]}},"_links":{"self":[{"href":"https:\/\/trendsandvision.nl\/de\/wp-json\/wp\/v2\/product\/11122","targetHints":{"allow":["GET"]}}],"collection":[{"href":"https:\/\/trendsandvision.nl\/de\/wp-json\/wp\/v2\/product"}],"about":[{"href":"https:\/\/trendsandvision.nl\/de\/wp-json\/wp\/v2\/types\/product"}],"wp:featuredmedia":[{"embeddable":true,"href":"https:\/\/trendsandvision.nl\/de\/wp-json\/wp\/v2\/media\/11123"}],"wp:attachment":[{"href":"https:\/\/trendsandvision.nl\/de\/wp-json\/wp\/v2\/media?parent=11122"}],"wp:term":[{"taxonomy":"product_brand","embeddable":true,"href":"https:\/\/trendsandvision.nl\/de\/wp-json\/wp\/v2\/product_brand?post=11122"},{"taxonomy":"product_cat","embeddable":true,"href":"https:\/\/trendsandvision.nl\/de\/wp-json\/wp\/v2\/product_cat?post=11122"},{"taxonomy":"product_tag","embeddable":true,"href":"https:\/\/trendsandvision.nl\/de\/wp-json\/wp\/v2\/product_tag?post=11122"}],"curies":[{"name":"wp","href":"https:\/\/api.w.org\/{rel}","templated":true}]}}