{"id":11077,"date":"2023-08-01T10:37:24","date_gmt":"2023-08-01T08:37:24","guid":{"rendered":"https:\/\/trendsandvision.nl\/de\/product\/esschert-design-outdoor-giesskanne-plastik-terrac-s\/"},"modified":"2026-04-22T15:21:21","modified_gmt":"2026-04-22T13:21:21","slug":"esschert-design-outdoor-giesskanne-plastik-terrac-s","status":"publish","type":"product","link":"https:\/\/trendsandvision.nl\/de\/product\/esschert-design-outdoor-giesskanne-plastik-terrac-s\/","title":{"rendered":"Esschert Design Outdoor Gie\u00dfkanne Plastik terrac. S"},"content":{"rendered":"<p>Diese Outdoor-Gie\u00dfkanne aus Terrakotta in Gr\u00f6\u00dfe S ist ideal zum W\u00e4ssern von Pflanzen im Garten. Diese moderne Kunststoffvariante einer traditionellen Gie\u00dfkanne hat einen Vintage-Look. Dank ihrer Form eignet sich die Gie\u00dfkanne sehr gut f\u00fcr den t\u00e4glichen Gebrauch. Die gro\u00dfe \u00d6ffnung an der Oberseite erm\u00f6glicht ein einfaches Bef\u00fcllen. Der abnehmbare Brausekopf l\u00e4sst die Wahl zwischen einem gezielten Wasserstrahl oder einer weichen Regendusche.<\/p>\n<p>Inhalt 6.4 Liter<br \/>\nleicht zu bef\u00fcllen<br \/>\nabnehmbarer Brausekopf<br \/>\nArtikelname: Outdoor-Gie\u00dfkanne Kunststoff Terracotta S<br \/>\nArtikelnummer TG335<br \/>\nProduktgruppe(n) Garten&amp;Terrasse, Gartenger\u00e4te, Gie\u00dfkannen und Spr\u00fchger\u00e4te<br \/>\nProduktabmessungen in cm L 44 x T 20 x H 30,5<br \/>\nVolumen in Litern 6,4<br \/>\nMaterial PE-LD<br \/>\nBruttogewicht 0,39 kg<br \/>\nNettogewicht 0,39 kg<br \/>\nBarcode 8714982250859<\/p>\n","protected":false},"excerpt":{"rendered":"<p>&#8211; Inhalt 0,145 Liter<br \/>\n&#8211; leicht zu bef\u00fcllen<br \/>\n&#8211; abnehmbarer Brausekopf<br \/>\n&#8211; L 44 x T 20 x H 30,5<br \/>\n&#8211; Volumen in Litern 6,4<br \/>\n&#8211; Material PE-LD<br \/>\n&#8211; Bruttogewicht 0,39 kg<br \/>\n&#8211; Nettogewicht 0,39 kg<br \/>\n&#8211; Barcode 8714982250859<\/p>\n","protected":false},"featured_media":11078,"template":"","meta":[],"product_brand":[9597,9598],"product_cat":[1284],"product_tag":[6721,6786],"class_list":{"0":"post-11077","1":"product","2":"type-product","3":"status-publish","4":"has-post-thumbnail","6":"product_brand-esschert-design","7":"product_brand-trends-and-vision","8":"product_cat-water-in-the-garden","9":"product_tag-gartenwerkzeuge","10":"product_tag-giesskannen","11":"pa_anbieter-esschert-design","12":"pa_ean-code-6046","13":"pa_messungen-440x200x305-cm","15":"first","16":"instock","17":"sale","18":"taxable","19":"shipping-taxable","20":"purchasable","21":"product-type-simple","22":"czr-hentry"},"yoast_head":"<!-- This site is optimized with the Yoast SEO Premium plugin v27.4 (Yoast SEO v27.4) - https:\/\/yoast.com\/product\/yoast-seo-premium-wordpress\/ -->\n<title>Esschert Design Outdoor Gie\u00dfkanne Plastik terrac. S (TG335 8714982250859)<\/title>\n<meta name=\"description\" content=\"Esschert Design Outdoor Gie\u00dfkanne Plastik terrac. S - Diese Outdoor-Gie\u00dfkanne aus Terrakotta in Gr\u00f6\u00dfe S ist ideal zum W\u00e4ssern von Pflanzen im Garten. Dies...\" \/>\n<meta name=\"robots\" content=\"index, follow, max-snippet:-1, max-image-preview:large, max-video-preview:-1\" \/>\n<link rel=\"canonical\" href=\"https:\/\/trendsandvision.nl\/de\/product\/esschert-design-outdoor-giesskanne-plastik-terrac-s\/\" \/>\n<meta property=\"og:locale\" content=\"de_DE\" \/>\n<meta property=\"og:type\" content=\"article\" \/>\n<meta property=\"og:title\" content=\"Esschert Design Outdoor Gie\u00dfkanne Plastik terrac. S\" \/>\n<meta property=\"og:description\" content=\"Esschert Design Outdoor Gie\u00dfkanne Plastik terrac. S - Diese Outdoor-Gie\u00dfkanne aus Terrakotta in Gr\u00f6\u00dfe S ist ideal zum W\u00e4ssern von Pflanzen im Garten. Dies...\" \/>\n<meta property=\"og:url\" content=\"https:\/\/trendsandvision.nl\/de\/product\/esschert-design-outdoor-giesskanne-plastik-terrac-s\/\" \/>\n<meta property=\"og:site_name\" content=\"Trends &amp; Vision (DE)\" \/>\n<meta property=\"article:modified_time\" content=\"2026-04-22T13:21:21+00:00\" \/>\n<meta property=\"og:image\" content=\"https:\/\/trendsandvision.nl\/de\/wp-content\/uploads\/sites\/3\/2023\/08\/TG335_01.jpg\" \/>\n\t<meta property=\"og:image:width\" content=\"800\" \/>\n\t<meta property=\"og:image:height\" content=\"800\" \/>\n\t<meta property=\"og:image:type\" content=\"image\/jpeg\" \/>\n<meta name=\"twitter:card\" content=\"summary_large_image\" \/>\n<meta name=\"twitter:label1\" content=\"Gesch\u00e4tzte Lesezeit\" \/>\n\t<meta name=\"twitter:data1\" content=\"1\u00a0Minute\" \/>\n<script type=\"application\/ld+json\" class=\"yoast-schema-graph\">{\"@context\":\"https:\\\/\\\/schema.org\",\"@graph\":[{\"@type\":\"WebPage\",\"@id\":\"https:\\\/\\\/trendsandvision.nl\\\/de\\\/product\\\/esschert-design-outdoor-giesskanne-plastik-terrac-s\\\/\",\"url\":\"https:\\\/\\\/trendsandvision.nl\\\/de\\\/product\\\/esschert-design-outdoor-giesskanne-plastik-terrac-s\\\/\",\"name\":\"Esschert Design Outdoor Gie\u00dfkanne Plastik terrac. S (TG335 8714982250859)\",\"isPartOf\":{\"@id\":\"https:\\\/\\\/trendsandvision.nl\\\/de\\\/#website\"},\"primaryImageOfPage\":{\"@id\":\"https:\\\/\\\/trendsandvision.nl\\\/de\\\/product\\\/esschert-design-outdoor-giesskanne-plastik-terrac-s\\\/#primaryimage\"},\"image\":{\"@id\":\"https:\\\/\\\/trendsandvision.nl\\\/de\\\/product\\\/esschert-design-outdoor-giesskanne-plastik-terrac-s\\\/#primaryimage\"},\"thumbnailUrl\":\"https:\\\/\\\/trendsandvision.nl\\\/de\\\/wp-content\\\/uploads\\\/sites\\\/3\\\/2023\\\/08\\\/TG335_01.jpg\",\"datePublished\":\"2023-08-01T08:37:24+00:00\",\"dateModified\":\"2026-04-22T13:21:21+00:00\",\"description\":\"Esschert Design Outdoor Gie\u00dfkanne Plastik terrac. S - Diese Outdoor-Gie\u00dfkanne aus Terrakotta in Gr\u00f6\u00dfe S ist ideal zum W\u00e4ssern von Pflanzen im Garten. Dies...\",\"breadcrumb\":{\"@id\":\"https:\\\/\\\/trendsandvision.nl\\\/de\\\/product\\\/esschert-design-outdoor-giesskanne-plastik-terrac-s\\\/#breadcrumb\"},\"inLanguage\":\"de\",\"potentialAction\":[{\"@type\":\"ReadAction\",\"target\":[\"https:\\\/\\\/trendsandvision.nl\\\/de\\\/product\\\/esschert-design-outdoor-giesskanne-plastik-terrac-s\\\/\"]}]},{\"@type\":\"ImageObject\",\"inLanguage\":\"de\",\"@id\":\"https:\\\/\\\/trendsandvision.nl\\\/de\\\/product\\\/esschert-design-outdoor-giesskanne-plastik-terrac-s\\\/#primaryimage\",\"url\":\"https:\\\/\\\/trendsandvision.nl\\\/de\\\/wp-content\\\/uploads\\\/sites\\\/3\\\/2023\\\/08\\\/TG335_01.jpg\",\"contentUrl\":\"https:\\\/\\\/trendsandvision.nl\\\/de\\\/wp-content\\\/uploads\\\/sites\\\/3\\\/2023\\\/08\\\/TG335_01.jpg\",\"width\":800,\"height\":800,\"caption\":\"Esschert Design Outdoor Gie\u00dfkanne Plastik terrac. S (TG335 8714982250859) - 01\"},{\"@type\":\"BreadcrumbList\",\"@id\":\"https:\\\/\\\/trendsandvision.nl\\\/de\\\/product\\\/esschert-design-outdoor-giesskanne-plastik-terrac-s\\\/#breadcrumb\",\"itemListElement\":[{\"@type\":\"ListItem\",\"position\":1,\"name\":\"Home\",\"item\":\"https:\\\/\\\/trendsandvision.nl\\\/de\\\/\"},{\"@type\":\"ListItem\",\"position\":2,\"name\":\"Gesch\u00e4ft\",\"item\":\"https:\\\/\\\/trendsandvision.nl\\\/de\\\/geschaft\\\/\"},{\"@type\":\"ListItem\",\"position\":3,\"name\":\"Esschert Design Outdoor Gie\u00dfkanne Plastik terrac. S\"}]},{\"@type\":\"WebSite\",\"@id\":\"https:\\\/\\\/trendsandvision.nl\\\/de\\\/#website\",\"url\":\"https:\\\/\\\/trendsandvision.nl\\\/de\\\/\",\"name\":\"Trends &amp; Vision (DE)\",\"description\":\"Der Webshop f\u00fcr Esschert Design Artikel\",\"publisher\":{\"@id\":\"https:\\\/\\\/trendsandvision.nl\\\/de\\\/#organization\"},\"potentialAction\":[{\"@type\":\"SearchAction\",\"target\":{\"@type\":\"EntryPoint\",\"urlTemplate\":\"https:\\\/\\\/trendsandvision.nl\\\/de\\\/?s={search_term_string}\"},\"query-input\":{\"@type\":\"PropertyValueSpecification\",\"valueRequired\":true,\"valueName\":\"search_term_string\"}}],\"inLanguage\":\"de\"},{\"@type\":\"Organization\",\"@id\":\"https:\\\/\\\/trendsandvision.nl\\\/de\\\/#organization\",\"name\":\"Trends &amp; Vision (DE)\",\"url\":\"https:\\\/\\\/trendsandvision.nl\\\/de\\\/\",\"logo\":{\"@type\":\"ImageObject\",\"inLanguage\":\"de\",\"@id\":\"https:\\\/\\\/trendsandvision.nl\\\/de\\\/#\\\/schema\\\/logo\\\/image\\\/\",\"url\":\"https:\\\/\\\/trendsandvision.nl\\\/de\\\/wp-content\\\/uploads\\\/sites\\\/3\\\/2022\\\/04\\\/trends-and-vision-logo.jpg\",\"contentUrl\":\"https:\\\/\\\/trendsandvision.nl\\\/de\\\/wp-content\\\/uploads\\\/sites\\\/3\\\/2022\\\/04\\\/trends-and-vision-logo.jpg\",\"width\":213,\"height\":100,\"caption\":\"Trends &amp; Vision (DE)\"},\"image\":{\"@id\":\"https:\\\/\\\/trendsandvision.nl\\\/de\\\/#\\\/schema\\\/logo\\\/image\\\/\"}}]}<\/script>\n<!-- \/ Yoast SEO Premium plugin. -->","yoast_head_json":{"title":"Esschert Design Outdoor Gie\u00dfkanne Plastik terrac. S (TG335 8714982250859)","description":"Esschert Design Outdoor Gie\u00dfkanne Plastik terrac. S - Diese Outdoor-Gie\u00dfkanne aus Terrakotta in Gr\u00f6\u00dfe S ist ideal zum W\u00e4ssern von Pflanzen im Garten. Dies...","robots":{"index":"index","follow":"follow","max-snippet":"max-snippet:-1","max-image-preview":"max-image-preview:large","max-video-preview":"max-video-preview:-1"},"canonical":"https:\/\/trendsandvision.nl\/de\/product\/esschert-design-outdoor-giesskanne-plastik-terrac-s\/","og_locale":"de_DE","og_type":"article","og_title":"Esschert Design Outdoor Gie\u00dfkanne Plastik terrac. S","og_description":"Esschert Design Outdoor Gie\u00dfkanne Plastik terrac. S - Diese Outdoor-Gie\u00dfkanne aus Terrakotta in Gr\u00f6\u00dfe S ist ideal zum W\u00e4ssern von Pflanzen im Garten. Dies...","og_url":"https:\/\/trendsandvision.nl\/de\/product\/esschert-design-outdoor-giesskanne-plastik-terrac-s\/","og_site_name":"Trends &amp; Vision (DE)","article_modified_time":"2026-04-22T13:21:21+00:00","og_image":[{"width":800,"height":800,"url":"https:\/\/trendsandvision.nl\/de\/wp-content\/uploads\/sites\/3\/2023\/08\/TG335_01.jpg","type":"image\/jpeg"}],"twitter_card":"summary_large_image","twitter_misc":{"Gesch\u00e4tzte Lesezeit":"1\u00a0Minute"},"schema":{"@context":"https:\/\/schema.org","@graph":[{"@type":"WebPage","@id":"https:\/\/trendsandvision.nl\/de\/product\/esschert-design-outdoor-giesskanne-plastik-terrac-s\/","url":"https:\/\/trendsandvision.nl\/de\/product\/esschert-design-outdoor-giesskanne-plastik-terrac-s\/","name":"Esschert Design Outdoor Gie\u00dfkanne Plastik terrac. S (TG335 8714982250859)","isPartOf":{"@id":"https:\/\/trendsandvision.nl\/de\/#website"},"primaryImageOfPage":{"@id":"https:\/\/trendsandvision.nl\/de\/product\/esschert-design-outdoor-giesskanne-plastik-terrac-s\/#primaryimage"},"image":{"@id":"https:\/\/trendsandvision.nl\/de\/product\/esschert-design-outdoor-giesskanne-plastik-terrac-s\/#primaryimage"},"thumbnailUrl":"https:\/\/trendsandvision.nl\/de\/wp-content\/uploads\/sites\/3\/2023\/08\/TG335_01.jpg","datePublished":"2023-08-01T08:37:24+00:00","dateModified":"2026-04-22T13:21:21+00:00","description":"Esschert Design Outdoor Gie\u00dfkanne Plastik terrac. S - Diese Outdoor-Gie\u00dfkanne aus Terrakotta in Gr\u00f6\u00dfe S ist ideal zum W\u00e4ssern von Pflanzen im Garten. Dies...","breadcrumb":{"@id":"https:\/\/trendsandvision.nl\/de\/product\/esschert-design-outdoor-giesskanne-plastik-terrac-s\/#breadcrumb"},"inLanguage":"de","potentialAction":[{"@type":"ReadAction","target":["https:\/\/trendsandvision.nl\/de\/product\/esschert-design-outdoor-giesskanne-plastik-terrac-s\/"]}]},{"@type":"ImageObject","inLanguage":"de","@id":"https:\/\/trendsandvision.nl\/de\/product\/esschert-design-outdoor-giesskanne-plastik-terrac-s\/#primaryimage","url":"https:\/\/trendsandvision.nl\/de\/wp-content\/uploads\/sites\/3\/2023\/08\/TG335_01.jpg","contentUrl":"https:\/\/trendsandvision.nl\/de\/wp-content\/uploads\/sites\/3\/2023\/08\/TG335_01.jpg","width":800,"height":800,"caption":"Esschert Design Outdoor Gie\u00dfkanne Plastik terrac. S (TG335 8714982250859) - 01"},{"@type":"BreadcrumbList","@id":"https:\/\/trendsandvision.nl\/de\/product\/esschert-design-outdoor-giesskanne-plastik-terrac-s\/#breadcrumb","itemListElement":[{"@type":"ListItem","position":1,"name":"Home","item":"https:\/\/trendsandvision.nl\/de\/"},{"@type":"ListItem","position":2,"name":"Gesch\u00e4ft","item":"https:\/\/trendsandvision.nl\/de\/geschaft\/"},{"@type":"ListItem","position":3,"name":"Esschert Design Outdoor Gie\u00dfkanne Plastik terrac. S"}]},{"@type":"WebSite","@id":"https:\/\/trendsandvision.nl\/de\/#website","url":"https:\/\/trendsandvision.nl\/de\/","name":"Trends &amp; Vision (DE)","description":"Der Webshop f\u00fcr Esschert Design Artikel","publisher":{"@id":"https:\/\/trendsandvision.nl\/de\/#organization"},"potentialAction":[{"@type":"SearchAction","target":{"@type":"EntryPoint","urlTemplate":"https:\/\/trendsandvision.nl\/de\/?s={search_term_string}"},"query-input":{"@type":"PropertyValueSpecification","valueRequired":true,"valueName":"search_term_string"}}],"inLanguage":"de"},{"@type":"Organization","@id":"https:\/\/trendsandvision.nl\/de\/#organization","name":"Trends &amp; Vision (DE)","url":"https:\/\/trendsandvision.nl\/de\/","logo":{"@type":"ImageObject","inLanguage":"de","@id":"https:\/\/trendsandvision.nl\/de\/#\/schema\/logo\/image\/","url":"https:\/\/trendsandvision.nl\/de\/wp-content\/uploads\/sites\/3\/2022\/04\/trends-and-vision-logo.jpg","contentUrl":"https:\/\/trendsandvision.nl\/de\/wp-content\/uploads\/sites\/3\/2022\/04\/trends-and-vision-logo.jpg","width":213,"height":100,"caption":"Trends &amp; Vision (DE)"},"image":{"@id":"https:\/\/trendsandvision.nl\/de\/#\/schema\/logo\/image\/"}}]}},"_links":{"self":[{"href":"https:\/\/trendsandvision.nl\/de\/wp-json\/wp\/v2\/product\/11077","targetHints":{"allow":["GET"]}}],"collection":[{"href":"https:\/\/trendsandvision.nl\/de\/wp-json\/wp\/v2\/product"}],"about":[{"href":"https:\/\/trendsandvision.nl\/de\/wp-json\/wp\/v2\/types\/product"}],"wp:featuredmedia":[{"embeddable":true,"href":"https:\/\/trendsandvision.nl\/de\/wp-json\/wp\/v2\/media\/11078"}],"wp:attachment":[{"href":"https:\/\/trendsandvision.nl\/de\/wp-json\/wp\/v2\/media?parent=11077"}],"wp:term":[{"taxonomy":"product_brand","embeddable":true,"href":"https:\/\/trendsandvision.nl\/de\/wp-json\/wp\/v2\/product_brand?post=11077"},{"taxonomy":"product_cat","embeddable":true,"href":"https:\/\/trendsandvision.nl\/de\/wp-json\/wp\/v2\/product_cat?post=11077"},{"taxonomy":"product_tag","embeddable":true,"href":"https:\/\/trendsandvision.nl\/de\/wp-json\/wp\/v2\/product_tag?post=11077"}],"curies":[{"name":"wp","href":"https:\/\/api.w.org\/{rel}","templated":true}]}}