{"id":11066,"date":"2023-08-01T10:37:16","date_gmt":"2023-08-01T08:37:16","guid":{"rendered":"https:\/\/trendsandvision.nl\/de\/product\/esschert-design-pflanzensprueher-klar-schwarz\/"},"modified":"2026-04-07T10:48:36","modified_gmt":"2026-04-07T08:48:36","slug":"esschert-design-pflanzensprueher-klar-schwarz","status":"publish","type":"product","link":"https:\/\/trendsandvision.nl\/de\/product\/esschert-design-pflanzensprueher-klar-schwarz\/","title":{"rendered":"Esschert Design Pflanzenspr\u00fcher klar\/schwarz"},"content":{"rendered":"<p>Dieser Pflanzenspr\u00fcher ist ein unverzichtbares Werkzeug f\u00fcr die Pflanzenpflege.<br \/>\nDer weiche Spr\u00fchnebel sorgt w\u00e4hrend der Aussaat daf\u00fcr, dass der Boden feucht wird und die Samen nicht weggesp\u00fclt werden k\u00f6nnen.<br \/>\nBespr\u00fchen Sie mit diesem Pflanzenspr\u00fcher einfach die Bl\u00e4tter von Zimmer- und Au\u00dfenpflanzen. <\/p>\n<p>&#8211; mit einer Hand bedienbar<br \/>\n&#8211; Glasbeh\u00e4lter<br \/>\n&#8211; Inhalt 0,2 Liter<\/p>\n<p>Artikelname: Pflanzenspr\u00fcher klar\/schwarz<br \/>\nArtikelnummer TG333<br \/>\nProduktgruppe(n) Garten&amp;Terrasse, Gartenger\u00e4te, Gie\u00dfkannen und Spr\u00fchger\u00e4te<br \/>\nProduktabmessungen in cm L 8 x T 7,6 x H 15,8<br \/>\nVolumen in Litern 0,22<br \/>\nMaterial Glas, ABS<br \/>\nBruttogewicht 0,21 kg<br \/>\nNettogewicht 0,21 kg<br \/>\nBarcode 8714982249914<\/p>\n","protected":false},"excerpt":{"rendered":"<p>&#8211; Mit einer Hand bedienbar<br \/>\n&#8211; Glasbeh\u00e4lter<br \/>\n&#8211; Inhalt 0,2 Liter<br \/>\n&#8211; L 8 x T 7,6 x H 15,8 cm<br \/>\n&#8211; Volumen in Litern 0,22<br \/>\n&#8211; Material Glas, ABS<br \/>\n&#8211; Bruttogewicht 0,21 kg<br \/>\n&#8211; Nettogewicht 0,21 kg<br \/>\n&#8211; Barcode 8714982249914<\/p>\n","protected":false},"featured_media":11067,"template":"","meta":[],"product_brand":[9597,9598],"product_cat":[1284],"product_tag":[7063,7004,6844],"class_list":{"0":"post-11066","1":"product","2":"type-product","3":"status-publish","4":"has-post-thumbnail","6":"product_brand-esschert-design","7":"product_brand-trends-and-vision","8":"product_cat-water-in-the-garden","9":"product_tag-pflanzensprueher","10":"product_tag-recyceltes-glas","11":"product_tag-wasser","12":"pa_anbieter-esschert-design","13":"pa_ean-code-6043","14":"pa_messungen-80x76x158-cm","16":"first","17":"instock","18":"sale","19":"taxable","20":"shipping-taxable","21":"purchasable","22":"product-type-simple","23":"czr-hentry"},"yoast_head":"<!-- This site is optimized with the Yoast SEO Premium plugin v26.4 (Yoast SEO v27.4) - https:\/\/yoast.com\/product\/yoast-seo-premium-wordpress\/ -->\n<title>Esschert Design Pflanzenspr\u00fcher klar\/schwarz (TG333 8714982249914)<\/title>\n<meta name=\"description\" content=\"Esschert Design Pflanzenspr\u00fcher klar\/schwarz - Dieser Pflanzenspr\u00fcher ist ein unverzichtbares Werkzeug f\u00fcr die Pflanzenpflege. Der weiche Spr\u00fchnebe...\" \/>\n<meta name=\"robots\" content=\"index, follow, max-snippet:-1, max-image-preview:large, max-video-preview:-1\" \/>\n<link rel=\"canonical\" href=\"https:\/\/trendsandvision.nl\/de\/product\/esschert-design-pflanzensprueher-klar-schwarz\/\" \/>\n<meta property=\"og:locale\" content=\"de_DE\" \/>\n<meta property=\"og:type\" content=\"article\" \/>\n<meta property=\"og:title\" content=\"Esschert Design Pflanzenspr\u00fcher klar\/schwarz\" \/>\n<meta property=\"og:description\" content=\"Esschert Design Pflanzenspr\u00fcher klar\/schwarz - Dieser Pflanzenspr\u00fcher ist ein unverzichtbares Werkzeug f\u00fcr die Pflanzenpflege. Der weiche Spr\u00fchnebe...\" \/>\n<meta property=\"og:url\" content=\"https:\/\/trendsandvision.nl\/de\/product\/esschert-design-pflanzensprueher-klar-schwarz\/\" \/>\n<meta property=\"og:site_name\" content=\"Trends &amp; Vision (DE)\" \/>\n<meta property=\"article:modified_time\" content=\"2026-04-07T08:48:36+00:00\" \/>\n<meta property=\"og:image\" content=\"https:\/\/trendsandvision.nl\/de\/wp-content\/uploads\/sites\/3\/2023\/08\/TG333_01.jpg\" \/>\n\t<meta property=\"og:image:width\" content=\"800\" \/>\n\t<meta property=\"og:image:height\" content=\"800\" \/>\n\t<meta property=\"og:image:type\" content=\"image\/jpeg\" \/>\n<meta name=\"twitter:card\" content=\"summary_large_image\" \/>\n<meta name=\"twitter:label1\" content=\"Gesch\u00e4tzte Lesezeit\" \/>\n\t<meta name=\"twitter:data1\" content=\"1\u00a0Minute\" \/>\n<script type=\"application\/ld+json\" class=\"yoast-schema-graph\">{\"@context\":\"https:\\\/\\\/schema.org\",\"@graph\":[{\"@type\":\"WebPage\",\"@id\":\"https:\\\/\\\/trendsandvision.nl\\\/de\\\/product\\\/esschert-design-pflanzensprueher-klar-schwarz\\\/\",\"url\":\"https:\\\/\\\/trendsandvision.nl\\\/de\\\/product\\\/esschert-design-pflanzensprueher-klar-schwarz\\\/\",\"name\":\"Esschert Design Pflanzenspr\u00fcher klar\\\/schwarz (TG333 8714982249914)\",\"isPartOf\":{\"@id\":\"https:\\\/\\\/trendsandvision.nl\\\/de\\\/#website\"},\"primaryImageOfPage\":{\"@id\":\"https:\\\/\\\/trendsandvision.nl\\\/de\\\/product\\\/esschert-design-pflanzensprueher-klar-schwarz\\\/#primaryimage\"},\"image\":{\"@id\":\"https:\\\/\\\/trendsandvision.nl\\\/de\\\/product\\\/esschert-design-pflanzensprueher-klar-schwarz\\\/#primaryimage\"},\"thumbnailUrl\":\"https:\\\/\\\/trendsandvision.nl\\\/de\\\/wp-content\\\/uploads\\\/sites\\\/3\\\/2023\\\/08\\\/TG333_01.jpg\",\"datePublished\":\"2023-08-01T08:37:16+00:00\",\"dateModified\":\"2026-04-07T08:48:36+00:00\",\"description\":\"Esschert Design Pflanzenspr\u00fcher klar\\\/schwarz - Dieser Pflanzenspr\u00fcher ist ein unverzichtbares Werkzeug f\u00fcr die Pflanzenpflege. Der weiche Spr\u00fchnebe...\",\"breadcrumb\":{\"@id\":\"https:\\\/\\\/trendsandvision.nl\\\/de\\\/product\\\/esschert-design-pflanzensprueher-klar-schwarz\\\/#breadcrumb\"},\"inLanguage\":\"de\",\"potentialAction\":[{\"@type\":\"ReadAction\",\"target\":[\"https:\\\/\\\/trendsandvision.nl\\\/de\\\/product\\\/esschert-design-pflanzensprueher-klar-schwarz\\\/\"]}]},{\"@type\":\"ImageObject\",\"inLanguage\":\"de\",\"@id\":\"https:\\\/\\\/trendsandvision.nl\\\/de\\\/product\\\/esschert-design-pflanzensprueher-klar-schwarz\\\/#primaryimage\",\"url\":\"https:\\\/\\\/trendsandvision.nl\\\/de\\\/wp-content\\\/uploads\\\/sites\\\/3\\\/2023\\\/08\\\/TG333_01.jpg\",\"contentUrl\":\"https:\\\/\\\/trendsandvision.nl\\\/de\\\/wp-content\\\/uploads\\\/sites\\\/3\\\/2023\\\/08\\\/TG333_01.jpg\",\"width\":800,\"height\":800,\"caption\":\"Esschert Design Pflanzenspr\u00fcher klar\\\/schwarz (TG333 8714982249914) - 01\"},{\"@type\":\"BreadcrumbList\",\"@id\":\"https:\\\/\\\/trendsandvision.nl\\\/de\\\/product\\\/esschert-design-pflanzensprueher-klar-schwarz\\\/#breadcrumb\",\"itemListElement\":[{\"@type\":\"ListItem\",\"position\":1,\"name\":\"Home\",\"item\":\"https:\\\/\\\/trendsandvision.nl\\\/de\\\/\"},{\"@type\":\"ListItem\",\"position\":2,\"name\":\"Gesch\u00e4ft\",\"item\":\"https:\\\/\\\/trendsandvision.nl\\\/de\\\/geschaft\\\/\"},{\"@type\":\"ListItem\",\"position\":3,\"name\":\"Esschert Design Pflanzenspr\u00fcher klar\\\/schwarz\"}]},{\"@type\":\"WebSite\",\"@id\":\"https:\\\/\\\/trendsandvision.nl\\\/de\\\/#website\",\"url\":\"https:\\\/\\\/trendsandvision.nl\\\/de\\\/\",\"name\":\"Trends &amp; Vision (DE)\",\"description\":\"Der Webshop f\u00fcr Esschert Design Artikel\",\"publisher\":{\"@id\":\"https:\\\/\\\/trendsandvision.nl\\\/de\\\/#organization\"},\"potentialAction\":[{\"@type\":\"SearchAction\",\"target\":{\"@type\":\"EntryPoint\",\"urlTemplate\":\"https:\\\/\\\/trendsandvision.nl\\\/de\\\/?s={search_term_string}\"},\"query-input\":{\"@type\":\"PropertyValueSpecification\",\"valueRequired\":true,\"valueName\":\"search_term_string\"}}],\"inLanguage\":\"de\"},{\"@type\":\"Organization\",\"@id\":\"https:\\\/\\\/trendsandvision.nl\\\/de\\\/#organization\",\"name\":\"Trends &amp; Vision (DE)\",\"url\":\"https:\\\/\\\/trendsandvision.nl\\\/de\\\/\",\"logo\":{\"@type\":\"ImageObject\",\"inLanguage\":\"de\",\"@id\":\"https:\\\/\\\/trendsandvision.nl\\\/de\\\/#\\\/schema\\\/logo\\\/image\\\/\",\"url\":\"https:\\\/\\\/trendsandvision.nl\\\/de\\\/wp-content\\\/uploads\\\/sites\\\/3\\\/2022\\\/04\\\/trends-and-vision-logo.jpg\",\"contentUrl\":\"https:\\\/\\\/trendsandvision.nl\\\/de\\\/wp-content\\\/uploads\\\/sites\\\/3\\\/2022\\\/04\\\/trends-and-vision-logo.jpg\",\"width\":213,\"height\":100,\"caption\":\"Trends &amp; Vision (DE)\"},\"image\":{\"@id\":\"https:\\\/\\\/trendsandvision.nl\\\/de\\\/#\\\/schema\\\/logo\\\/image\\\/\"}}]}<\/script>\n<!-- \/ Yoast SEO Premium plugin. -->","yoast_head_json":{"title":"Esschert Design Pflanzenspr\u00fcher klar\/schwarz (TG333 8714982249914)","description":"Esschert Design Pflanzenspr\u00fcher klar\/schwarz - Dieser Pflanzenspr\u00fcher ist ein unverzichtbares Werkzeug f\u00fcr die Pflanzenpflege. Der weiche Spr\u00fchnebe...","robots":{"index":"index","follow":"follow","max-snippet":"max-snippet:-1","max-image-preview":"max-image-preview:large","max-video-preview":"max-video-preview:-1"},"canonical":"https:\/\/trendsandvision.nl\/de\/product\/esschert-design-pflanzensprueher-klar-schwarz\/","og_locale":"de_DE","og_type":"article","og_title":"Esschert Design Pflanzenspr\u00fcher klar\/schwarz","og_description":"Esschert Design Pflanzenspr\u00fcher klar\/schwarz - Dieser Pflanzenspr\u00fcher ist ein unverzichtbares Werkzeug f\u00fcr die Pflanzenpflege. Der weiche Spr\u00fchnebe...","og_url":"https:\/\/trendsandvision.nl\/de\/product\/esschert-design-pflanzensprueher-klar-schwarz\/","og_site_name":"Trends &amp; Vision (DE)","article_modified_time":"2026-04-07T08:48:36+00:00","og_image":[{"width":800,"height":800,"url":"https:\/\/trendsandvision.nl\/de\/wp-content\/uploads\/sites\/3\/2023\/08\/TG333_01.jpg","type":"image\/jpeg"}],"twitter_card":"summary_large_image","twitter_misc":{"Gesch\u00e4tzte Lesezeit":"1\u00a0Minute"},"schema":{"@context":"https:\/\/schema.org","@graph":[{"@type":"WebPage","@id":"https:\/\/trendsandvision.nl\/de\/product\/esschert-design-pflanzensprueher-klar-schwarz\/","url":"https:\/\/trendsandvision.nl\/de\/product\/esschert-design-pflanzensprueher-klar-schwarz\/","name":"Esschert Design Pflanzenspr\u00fcher klar\/schwarz (TG333 8714982249914)","isPartOf":{"@id":"https:\/\/trendsandvision.nl\/de\/#website"},"primaryImageOfPage":{"@id":"https:\/\/trendsandvision.nl\/de\/product\/esschert-design-pflanzensprueher-klar-schwarz\/#primaryimage"},"image":{"@id":"https:\/\/trendsandvision.nl\/de\/product\/esschert-design-pflanzensprueher-klar-schwarz\/#primaryimage"},"thumbnailUrl":"https:\/\/trendsandvision.nl\/de\/wp-content\/uploads\/sites\/3\/2023\/08\/TG333_01.jpg","datePublished":"2023-08-01T08:37:16+00:00","dateModified":"2026-04-07T08:48:36+00:00","description":"Esschert Design Pflanzenspr\u00fcher klar\/schwarz - Dieser Pflanzenspr\u00fcher ist ein unverzichtbares Werkzeug f\u00fcr die Pflanzenpflege. Der weiche Spr\u00fchnebe...","breadcrumb":{"@id":"https:\/\/trendsandvision.nl\/de\/product\/esschert-design-pflanzensprueher-klar-schwarz\/#breadcrumb"},"inLanguage":"de","potentialAction":[{"@type":"ReadAction","target":["https:\/\/trendsandvision.nl\/de\/product\/esschert-design-pflanzensprueher-klar-schwarz\/"]}]},{"@type":"ImageObject","inLanguage":"de","@id":"https:\/\/trendsandvision.nl\/de\/product\/esschert-design-pflanzensprueher-klar-schwarz\/#primaryimage","url":"https:\/\/trendsandvision.nl\/de\/wp-content\/uploads\/sites\/3\/2023\/08\/TG333_01.jpg","contentUrl":"https:\/\/trendsandvision.nl\/de\/wp-content\/uploads\/sites\/3\/2023\/08\/TG333_01.jpg","width":800,"height":800,"caption":"Esschert Design Pflanzenspr\u00fcher klar\/schwarz (TG333 8714982249914) - 01"},{"@type":"BreadcrumbList","@id":"https:\/\/trendsandvision.nl\/de\/product\/esschert-design-pflanzensprueher-klar-schwarz\/#breadcrumb","itemListElement":[{"@type":"ListItem","position":1,"name":"Home","item":"https:\/\/trendsandvision.nl\/de\/"},{"@type":"ListItem","position":2,"name":"Gesch\u00e4ft","item":"https:\/\/trendsandvision.nl\/de\/geschaft\/"},{"@type":"ListItem","position":3,"name":"Esschert Design Pflanzenspr\u00fcher klar\/schwarz"}]},{"@type":"WebSite","@id":"https:\/\/trendsandvision.nl\/de\/#website","url":"https:\/\/trendsandvision.nl\/de\/","name":"Trends &amp; Vision (DE)","description":"Der Webshop f\u00fcr Esschert Design Artikel","publisher":{"@id":"https:\/\/trendsandvision.nl\/de\/#organization"},"potentialAction":[{"@type":"SearchAction","target":{"@type":"EntryPoint","urlTemplate":"https:\/\/trendsandvision.nl\/de\/?s={search_term_string}"},"query-input":{"@type":"PropertyValueSpecification","valueRequired":true,"valueName":"search_term_string"}}],"inLanguage":"de"},{"@type":"Organization","@id":"https:\/\/trendsandvision.nl\/de\/#organization","name":"Trends &amp; Vision (DE)","url":"https:\/\/trendsandvision.nl\/de\/","logo":{"@type":"ImageObject","inLanguage":"de","@id":"https:\/\/trendsandvision.nl\/de\/#\/schema\/logo\/image\/","url":"https:\/\/trendsandvision.nl\/de\/wp-content\/uploads\/sites\/3\/2022\/04\/trends-and-vision-logo.jpg","contentUrl":"https:\/\/trendsandvision.nl\/de\/wp-content\/uploads\/sites\/3\/2022\/04\/trends-and-vision-logo.jpg","width":213,"height":100,"caption":"Trends &amp; Vision (DE)"},"image":{"@id":"https:\/\/trendsandvision.nl\/de\/#\/schema\/logo\/image\/"}}]}},"_links":{"self":[{"href":"https:\/\/trendsandvision.nl\/de\/wp-json\/wp\/v2\/product\/11066","targetHints":{"allow":["GET"]}}],"collection":[{"href":"https:\/\/trendsandvision.nl\/de\/wp-json\/wp\/v2\/product"}],"about":[{"href":"https:\/\/trendsandvision.nl\/de\/wp-json\/wp\/v2\/types\/product"}],"wp:featuredmedia":[{"embeddable":true,"href":"https:\/\/trendsandvision.nl\/de\/wp-json\/wp\/v2\/media\/11067"}],"wp:attachment":[{"href":"https:\/\/trendsandvision.nl\/de\/wp-json\/wp\/v2\/media?parent=11066"}],"wp:term":[{"taxonomy":"product_brand","embeddable":true,"href":"https:\/\/trendsandvision.nl\/de\/wp-json\/wp\/v2\/product_brand?post=11066"},{"taxonomy":"product_cat","embeddable":true,"href":"https:\/\/trendsandvision.nl\/de\/wp-json\/wp\/v2\/product_cat?post=11066"},{"taxonomy":"product_tag","embeddable":true,"href":"https:\/\/trendsandvision.nl\/de\/wp-json\/wp\/v2\/product_tag?post=11066"}],"curies":[{"name":"wp","href":"https:\/\/api.w.org\/{rel}","templated":true}]}}