{"id":11054,"date":"2023-08-01T10:37:08","date_gmt":"2023-08-01T08:37:08","guid":{"rendered":"https:\/\/trendsandvision.nl\/de\/product\/esschert-design-outdoor-giesskanne-plastik-gruen-l\/"},"modified":"2026-04-07T10:48:35","modified_gmt":"2026-04-07T08:48:35","slug":"esschert-design-outdoor-giesskanne-plastik-gruen-l","status":"publish","type":"product","link":"https:\/\/trendsandvision.nl\/de\/product\/esschert-design-outdoor-giesskanne-plastik-gruen-l\/","title":{"rendered":"Esschert Design Outdoor Gie\u00dfkanne Plastik gr\u00fcn L"},"content":{"rendered":"<p>Diese gr\u00fcne Outdoor-Gie\u00dfkanne in Gr\u00f6\u00dfe L ist ideal zum W\u00e4ssern von Pflanzen im Garten.<br \/>\nDiese moderne Kunststoffvariante einer traditionellen Gie\u00dfkanne hat einen Vintage-Look.<br \/>\nDank ihrer Form eignet sich die Gie\u00dfkanne sehr gut f\u00fcr den t\u00e4glichen Gebrauch.<br \/>\nDie gro\u00dfe \u00d6ffnung an der Oberseite erm\u00f6glicht ein einfaches Bef\u00fcllen.<br \/>\nDer abnehmbare Brausekopf l\u00e4sst die Wahl zwischen einem gezielten Wasserstrahl oder einer weichen Regendusche.<\/p>\n<p>Artikelname Outdoor-Gie\u00dfkanne Kunststoff Gr\u00fcn L<br \/>\nArtikelnummer TG331<br \/>\nProduktgruppe(n) Garten&amp;Terrasse, Gartenger\u00e4te, Gie\u00dfkannen und Spr\u00fchger\u00e4te<br \/>\nProduktabmessungen in cm L 52,5 x T 24,7 x H 39<br \/>\nVolumen in Litern 10,145<br \/>\nMaterial PE-LD<br \/>\nBruttogewicht 0,904 kg<br \/>\nNettogewicht 0,904 kg<br \/>\nBarcode 8714982249600<\/p>\n","protected":false},"excerpt":{"rendered":"<p>L 52,5 x T 24,7 x H 39 cm<br \/>\nVolumen in Litern 10,145<br \/>\nMaterial PE-LD<br \/>\nNettogewicht 0,904 kg<br \/>\nBarcode 8714982249600<\/p>\n","protected":false},"featured_media":11055,"template":"","meta":[],"product_brand":[9597,9598],"product_cat":[1284],"product_tag":[6786,7123,8716,8403],"class_list":{"0":"post-11054","1":"product","2":"type-product","3":"status-publish","4":"has-post-thumbnail","6":"product_brand-esschert-design","7":"product_brand-trends-and-vision","8":"product_cat-water-in-the-garden","9":"product_tag-giesskannen","10":"product_tag-material-pe-ld","11":"product_tag-outdoor-giesskannen","12":"product_tag-vintage","13":"pa_anbieter-esschert-design","14":"pa_ean-code-6040","15":"pa_messungen-525x247x390-cm","17":"first","18":"instock","19":"sale","20":"taxable","21":"shipping-taxable","22":"purchasable","23":"product-type-simple","24":"czr-hentry"},"yoast_head":"<!-- This site is optimized with the Yoast SEO Premium plugin v26.4 (Yoast SEO v27.3) - https:\/\/yoast.com\/product\/yoast-seo-premium-wordpress\/ -->\n<title>Esschert Design Outdoor Gie\u00dfkanne Plastik gr\u00fcn L (TG331 8714982249600)<\/title>\n<meta name=\"description\" content=\"Esschert Design Outdoor Gie\u00dfkanne Plastik gr\u00fcn L - Diese gr\u00fcne Outdoor-Gie\u00dfkanne in Gr\u00f6\u00dfe L ist ideal zum W\u00e4ssern von Pflanzen im Garten. Diese moderne...\" \/>\n<meta name=\"robots\" content=\"index, follow, max-snippet:-1, max-image-preview:large, max-video-preview:-1\" \/>\n<link rel=\"canonical\" href=\"https:\/\/trendsandvision.nl\/de\/product\/esschert-design-outdoor-giesskanne-plastik-gruen-l\/\" \/>\n<meta property=\"og:locale\" content=\"de_DE\" \/>\n<meta property=\"og:type\" content=\"article\" \/>\n<meta property=\"og:title\" content=\"Esschert Design Outdoor Gie\u00dfkanne Plastik gr\u00fcn L\" \/>\n<meta property=\"og:description\" content=\"Esschert Design Outdoor Gie\u00dfkanne Plastik gr\u00fcn L - Diese gr\u00fcne Outdoor-Gie\u00dfkanne in Gr\u00f6\u00dfe L ist ideal zum W\u00e4ssern von Pflanzen im Garten. Diese moderne...\" \/>\n<meta property=\"og:url\" content=\"https:\/\/trendsandvision.nl\/de\/product\/esschert-design-outdoor-giesskanne-plastik-gruen-l\/\" \/>\n<meta property=\"og:site_name\" content=\"Trends &amp; Vision (DE)\" \/>\n<meta property=\"article:modified_time\" content=\"2026-04-07T08:48:35+00:00\" \/>\n<meta property=\"og:image\" content=\"https:\/\/trendsandvision.nl\/de\/wp-content\/uploads\/sites\/3\/2023\/08\/TG331_01.jpg\" \/>\n\t<meta property=\"og:image:width\" content=\"800\" \/>\n\t<meta property=\"og:image:height\" content=\"800\" \/>\n\t<meta property=\"og:image:type\" content=\"image\/jpeg\" \/>\n<meta name=\"twitter:card\" content=\"summary_large_image\" \/>\n<meta name=\"twitter:label1\" content=\"Gesch\u00e4tzte Lesezeit\" \/>\n\t<meta name=\"twitter:data1\" content=\"1\u00a0Minute\" \/>\n<script type=\"application\/ld+json\" class=\"yoast-schema-graph\">{\"@context\":\"https:\\\/\\\/schema.org\",\"@graph\":[{\"@type\":\"WebPage\",\"@id\":\"https:\\\/\\\/trendsandvision.nl\\\/de\\\/product\\\/esschert-design-outdoor-giesskanne-plastik-gruen-l\\\/\",\"url\":\"https:\\\/\\\/trendsandvision.nl\\\/de\\\/product\\\/esschert-design-outdoor-giesskanne-plastik-gruen-l\\\/\",\"name\":\"Esschert Design Outdoor Gie\u00dfkanne Plastik gr\u00fcn L (TG331 8714982249600)\",\"isPartOf\":{\"@id\":\"https:\\\/\\\/trendsandvision.nl\\\/de\\\/#website\"},\"primaryImageOfPage\":{\"@id\":\"https:\\\/\\\/trendsandvision.nl\\\/de\\\/product\\\/esschert-design-outdoor-giesskanne-plastik-gruen-l\\\/#primaryimage\"},\"image\":{\"@id\":\"https:\\\/\\\/trendsandvision.nl\\\/de\\\/product\\\/esschert-design-outdoor-giesskanne-plastik-gruen-l\\\/#primaryimage\"},\"thumbnailUrl\":\"https:\\\/\\\/trendsandvision.nl\\\/de\\\/wp-content\\\/uploads\\\/sites\\\/3\\\/2023\\\/08\\\/TG331_01.jpg\",\"datePublished\":\"2023-08-01T08:37:08+00:00\",\"dateModified\":\"2026-04-07T08:48:35+00:00\",\"description\":\"Esschert Design Outdoor Gie\u00dfkanne Plastik gr\u00fcn L - Diese gr\u00fcne Outdoor-Gie\u00dfkanne in Gr\u00f6\u00dfe L ist ideal zum W\u00e4ssern von Pflanzen im Garten. Diese moderne...\",\"breadcrumb\":{\"@id\":\"https:\\\/\\\/trendsandvision.nl\\\/de\\\/product\\\/esschert-design-outdoor-giesskanne-plastik-gruen-l\\\/#breadcrumb\"},\"inLanguage\":\"de\",\"potentialAction\":[{\"@type\":\"ReadAction\",\"target\":[\"https:\\\/\\\/trendsandvision.nl\\\/de\\\/product\\\/esschert-design-outdoor-giesskanne-plastik-gruen-l\\\/\"]}]},{\"@type\":\"ImageObject\",\"inLanguage\":\"de\",\"@id\":\"https:\\\/\\\/trendsandvision.nl\\\/de\\\/product\\\/esschert-design-outdoor-giesskanne-plastik-gruen-l\\\/#primaryimage\",\"url\":\"https:\\\/\\\/trendsandvision.nl\\\/de\\\/wp-content\\\/uploads\\\/sites\\\/3\\\/2023\\\/08\\\/TG331_01.jpg\",\"contentUrl\":\"https:\\\/\\\/trendsandvision.nl\\\/de\\\/wp-content\\\/uploads\\\/sites\\\/3\\\/2023\\\/08\\\/TG331_01.jpg\",\"width\":800,\"height\":800,\"caption\":\"Esschert Design Outdoor Gie\u00dfkanne Plastik gr\u00fcn L (TG331 8714982249600) - 01\"},{\"@type\":\"BreadcrumbList\",\"@id\":\"https:\\\/\\\/trendsandvision.nl\\\/de\\\/product\\\/esschert-design-outdoor-giesskanne-plastik-gruen-l\\\/#breadcrumb\",\"itemListElement\":[{\"@type\":\"ListItem\",\"position\":1,\"name\":\"Home\",\"item\":\"https:\\\/\\\/trendsandvision.nl\\\/de\\\/\"},{\"@type\":\"ListItem\",\"position\":2,\"name\":\"Gesch\u00e4ft\",\"item\":\"https:\\\/\\\/trendsandvision.nl\\\/de\\\/geschaft\\\/\"},{\"@type\":\"ListItem\",\"position\":3,\"name\":\"Esschert Design Outdoor Gie\u00dfkanne Plastik gr\u00fcn L\"}]},{\"@type\":\"WebSite\",\"@id\":\"https:\\\/\\\/trendsandvision.nl\\\/de\\\/#website\",\"url\":\"https:\\\/\\\/trendsandvision.nl\\\/de\\\/\",\"name\":\"Trends &amp; Vision (DE)\",\"description\":\"Der Webshop f\u00fcr Esschert Design Artikel\",\"publisher\":{\"@id\":\"https:\\\/\\\/trendsandvision.nl\\\/de\\\/#organization\"},\"potentialAction\":[{\"@type\":\"SearchAction\",\"target\":{\"@type\":\"EntryPoint\",\"urlTemplate\":\"https:\\\/\\\/trendsandvision.nl\\\/de\\\/?s={search_term_string}\"},\"query-input\":{\"@type\":\"PropertyValueSpecification\",\"valueRequired\":true,\"valueName\":\"search_term_string\"}}],\"inLanguage\":\"de\"},{\"@type\":\"Organization\",\"@id\":\"https:\\\/\\\/trendsandvision.nl\\\/de\\\/#organization\",\"name\":\"Trends &amp; Vision (DE)\",\"url\":\"https:\\\/\\\/trendsandvision.nl\\\/de\\\/\",\"logo\":{\"@type\":\"ImageObject\",\"inLanguage\":\"de\",\"@id\":\"https:\\\/\\\/trendsandvision.nl\\\/de\\\/#\\\/schema\\\/logo\\\/image\\\/\",\"url\":\"https:\\\/\\\/trendsandvision.nl\\\/de\\\/wp-content\\\/uploads\\\/sites\\\/3\\\/2022\\\/04\\\/trends-and-vision-logo.jpg\",\"contentUrl\":\"https:\\\/\\\/trendsandvision.nl\\\/de\\\/wp-content\\\/uploads\\\/sites\\\/3\\\/2022\\\/04\\\/trends-and-vision-logo.jpg\",\"width\":213,\"height\":100,\"caption\":\"Trends &amp; Vision (DE)\"},\"image\":{\"@id\":\"https:\\\/\\\/trendsandvision.nl\\\/de\\\/#\\\/schema\\\/logo\\\/image\\\/\"}}]}<\/script>\n<!-- \/ Yoast SEO Premium plugin. -->","yoast_head_json":{"title":"Esschert Design Outdoor Gie\u00dfkanne Plastik gr\u00fcn L (TG331 8714982249600)","description":"Esschert Design Outdoor Gie\u00dfkanne Plastik gr\u00fcn L - Diese gr\u00fcne Outdoor-Gie\u00dfkanne in Gr\u00f6\u00dfe L ist ideal zum W\u00e4ssern von Pflanzen im Garten. Diese moderne...","robots":{"index":"index","follow":"follow","max-snippet":"max-snippet:-1","max-image-preview":"max-image-preview:large","max-video-preview":"max-video-preview:-1"},"canonical":"https:\/\/trendsandvision.nl\/de\/product\/esschert-design-outdoor-giesskanne-plastik-gruen-l\/","og_locale":"de_DE","og_type":"article","og_title":"Esschert Design Outdoor Gie\u00dfkanne Plastik gr\u00fcn L","og_description":"Esschert Design Outdoor Gie\u00dfkanne Plastik gr\u00fcn L - Diese gr\u00fcne Outdoor-Gie\u00dfkanne in Gr\u00f6\u00dfe L ist ideal zum W\u00e4ssern von Pflanzen im Garten. Diese moderne...","og_url":"https:\/\/trendsandvision.nl\/de\/product\/esschert-design-outdoor-giesskanne-plastik-gruen-l\/","og_site_name":"Trends &amp; Vision (DE)","article_modified_time":"2026-04-07T08:48:35+00:00","og_image":[{"width":800,"height":800,"url":"https:\/\/trendsandvision.nl\/de\/wp-content\/uploads\/sites\/3\/2023\/08\/TG331_01.jpg","type":"image\/jpeg"}],"twitter_card":"summary_large_image","twitter_misc":{"Gesch\u00e4tzte Lesezeit":"1\u00a0Minute"},"schema":{"@context":"https:\/\/schema.org","@graph":[{"@type":"WebPage","@id":"https:\/\/trendsandvision.nl\/de\/product\/esschert-design-outdoor-giesskanne-plastik-gruen-l\/","url":"https:\/\/trendsandvision.nl\/de\/product\/esschert-design-outdoor-giesskanne-plastik-gruen-l\/","name":"Esschert Design Outdoor Gie\u00dfkanne Plastik gr\u00fcn L (TG331 8714982249600)","isPartOf":{"@id":"https:\/\/trendsandvision.nl\/de\/#website"},"primaryImageOfPage":{"@id":"https:\/\/trendsandvision.nl\/de\/product\/esschert-design-outdoor-giesskanne-plastik-gruen-l\/#primaryimage"},"image":{"@id":"https:\/\/trendsandvision.nl\/de\/product\/esschert-design-outdoor-giesskanne-plastik-gruen-l\/#primaryimage"},"thumbnailUrl":"https:\/\/trendsandvision.nl\/de\/wp-content\/uploads\/sites\/3\/2023\/08\/TG331_01.jpg","datePublished":"2023-08-01T08:37:08+00:00","dateModified":"2026-04-07T08:48:35+00:00","description":"Esschert Design Outdoor Gie\u00dfkanne Plastik gr\u00fcn L - Diese gr\u00fcne Outdoor-Gie\u00dfkanne in Gr\u00f6\u00dfe L ist ideal zum W\u00e4ssern von Pflanzen im Garten. Diese moderne...","breadcrumb":{"@id":"https:\/\/trendsandvision.nl\/de\/product\/esschert-design-outdoor-giesskanne-plastik-gruen-l\/#breadcrumb"},"inLanguage":"de","potentialAction":[{"@type":"ReadAction","target":["https:\/\/trendsandvision.nl\/de\/product\/esschert-design-outdoor-giesskanne-plastik-gruen-l\/"]}]},{"@type":"ImageObject","inLanguage":"de","@id":"https:\/\/trendsandvision.nl\/de\/product\/esschert-design-outdoor-giesskanne-plastik-gruen-l\/#primaryimage","url":"https:\/\/trendsandvision.nl\/de\/wp-content\/uploads\/sites\/3\/2023\/08\/TG331_01.jpg","contentUrl":"https:\/\/trendsandvision.nl\/de\/wp-content\/uploads\/sites\/3\/2023\/08\/TG331_01.jpg","width":800,"height":800,"caption":"Esschert Design Outdoor Gie\u00dfkanne Plastik gr\u00fcn L (TG331 8714982249600) - 01"},{"@type":"BreadcrumbList","@id":"https:\/\/trendsandvision.nl\/de\/product\/esschert-design-outdoor-giesskanne-plastik-gruen-l\/#breadcrumb","itemListElement":[{"@type":"ListItem","position":1,"name":"Home","item":"https:\/\/trendsandvision.nl\/de\/"},{"@type":"ListItem","position":2,"name":"Gesch\u00e4ft","item":"https:\/\/trendsandvision.nl\/de\/geschaft\/"},{"@type":"ListItem","position":3,"name":"Esschert Design Outdoor Gie\u00dfkanne Plastik gr\u00fcn L"}]},{"@type":"WebSite","@id":"https:\/\/trendsandvision.nl\/de\/#website","url":"https:\/\/trendsandvision.nl\/de\/","name":"Trends &amp; Vision (DE)","description":"Der Webshop f\u00fcr Esschert Design Artikel","publisher":{"@id":"https:\/\/trendsandvision.nl\/de\/#organization"},"potentialAction":[{"@type":"SearchAction","target":{"@type":"EntryPoint","urlTemplate":"https:\/\/trendsandvision.nl\/de\/?s={search_term_string}"},"query-input":{"@type":"PropertyValueSpecification","valueRequired":true,"valueName":"search_term_string"}}],"inLanguage":"de"},{"@type":"Organization","@id":"https:\/\/trendsandvision.nl\/de\/#organization","name":"Trends &amp; Vision (DE)","url":"https:\/\/trendsandvision.nl\/de\/","logo":{"@type":"ImageObject","inLanguage":"de","@id":"https:\/\/trendsandvision.nl\/de\/#\/schema\/logo\/image\/","url":"https:\/\/trendsandvision.nl\/de\/wp-content\/uploads\/sites\/3\/2022\/04\/trends-and-vision-logo.jpg","contentUrl":"https:\/\/trendsandvision.nl\/de\/wp-content\/uploads\/sites\/3\/2022\/04\/trends-and-vision-logo.jpg","width":213,"height":100,"caption":"Trends &amp; Vision (DE)"},"image":{"@id":"https:\/\/trendsandvision.nl\/de\/#\/schema\/logo\/image\/"}}]}},"_links":{"self":[{"href":"https:\/\/trendsandvision.nl\/de\/wp-json\/wp\/v2\/product\/11054","targetHints":{"allow":["GET"]}}],"collection":[{"href":"https:\/\/trendsandvision.nl\/de\/wp-json\/wp\/v2\/product"}],"about":[{"href":"https:\/\/trendsandvision.nl\/de\/wp-json\/wp\/v2\/types\/product"}],"wp:featuredmedia":[{"embeddable":true,"href":"https:\/\/trendsandvision.nl\/de\/wp-json\/wp\/v2\/media\/11055"}],"wp:attachment":[{"href":"https:\/\/trendsandvision.nl\/de\/wp-json\/wp\/v2\/media?parent=11054"}],"wp:term":[{"taxonomy":"product_brand","embeddable":true,"href":"https:\/\/trendsandvision.nl\/de\/wp-json\/wp\/v2\/product_brand?post=11054"},{"taxonomy":"product_cat","embeddable":true,"href":"https:\/\/trendsandvision.nl\/de\/wp-json\/wp\/v2\/product_cat?post=11054"},{"taxonomy":"product_tag","embeddable":true,"href":"https:\/\/trendsandvision.nl\/de\/wp-json\/wp\/v2\/product_tag?post=11054"}],"curies":[{"name":"wp","href":"https:\/\/api.w.org\/{rel}","templated":true}]}}