{"id":11028,"date":"2023-08-01T10:36:40","date_gmt":"2023-08-01T08:36:40","guid":{"rendered":"https:\/\/trendsandvision.nl\/de\/product\/esschert-design-tuermatte-gummi-kokos-gewebt-l\/"},"modified":"2026-04-07T10:47:13","modified_gmt":"2026-04-07T08:47:13","slug":"esschert-design-tuermatte-gummi-kokos-gewebt-l","status":"publish","type":"product","link":"https:\/\/trendsandvision.nl\/de\/product\/esschert-design-tuermatte-gummi-kokos-gewebt-l\/","title":{"rendered":"Esschert Design T\u00fcrmatte Gummi\/Kokos gewebt L"},"content":{"rendered":"<p>Diese rechteckige Fu\u00dfmatte mit gewebtem Aufdruck eignet sich f\u00fcr drinnen und drau\u00dfen.<br \/>\nDurch das robuste und langlebige Design und dank der Gummi- und Kokosfasern wird hartn\u00e4ckiger und grober Schmutz vom Schuhwerk entfernt.<br \/>\nDiese Gummi-Fu\u00dfmatte bleibt rutschfest an Ort und Stelle.<\/p>\n<p>&#8211; entfernt m\u00fchelos den Schmutz unter den Schuhen<br \/>\n&#8211; bleibt rutschfest an Ort und Stelle<br \/>\n&#8211; Abmessungen: 75 x 45 x 2,3 cm<\/p>\n<p>Artikelname: Fu\u00dfmatte Gummi\/Kokos gewebt L<br \/>\nArtikelnummer RB294<br \/>\nProduktgruppe(n) T\u00fcr&amp;Halle, T\u00fcrmatten, Gummi- Einfarbig<br \/>\nProduktabmessungen in cm L 75 x T 45,2 x H 2,3<br \/>\nMaterial Kokosfaser, Gummi<br \/>\nBruttogewicht 2,387 kg<br \/>\nNettogewicht 2,387 kg<br \/>\nBarcode 8714982248931<\/p>\n","protected":false},"excerpt":{"rendered":"<p>&#8211; entfernt m\u00fchelos den Schmutz unter den Schuhen<br \/>\n&#8211; bleibt rutschfest an Ort und Stelle<br \/>\n&#8211; L 75 x T 45,2 x H 2,3<br \/>\n&#8211; Material Kokosfaser, Gummi<br \/>\n&#8211; Nettogewicht 2,387 kg<br \/>\n&#8211; Barcode 8714982248931<\/p>\n","protected":false},"featured_media":11029,"template":"","meta":[],"product_brand":[9597,9598],"product_cat":[851],"product_tag":[7129,7295,6736],"class_list":{"0":"post-11028","1":"product","2":"type-product","3":"status-publish","4":"has-post-thumbnail","6":"product_brand-esschert-design","7":"product_brand-trends-and-vision","8":"product_cat-best-for-boots","9":"product_tag-gummi","10":"product_tag-kokos","11":"product_tag-tuermatten","12":"pa_anbieter-esschert-design","13":"pa_ean-code-6025","14":"pa_messungen-750x450x23-cm","16":"first","17":"instock","18":"sale","19":"taxable","20":"shipping-taxable","21":"purchasable","22":"product-type-simple","23":"czr-hentry"},"yoast_head":"<!-- This site is optimized with the Yoast SEO Premium plugin v26.4 (Yoast SEO v27.3) - https:\/\/yoast.com\/product\/yoast-seo-premium-wordpress\/ -->\n<title>Esschert Design T\u00fcrmatte Gummi\/Kokos gewebt L (RB294 8714982248931)<\/title>\n<meta name=\"description\" content=\"Esschert Design T\u00fcrmatte Gummi\/Kokos gewebt L - Diese rechteckige Fu\u00dfmatte mit gewebtem Aufdruck eignet sich f\u00fcr drinnen und drau\u00dfen. Durch das rob...\" \/>\n<meta name=\"robots\" content=\"index, follow, max-snippet:-1, max-image-preview:large, max-video-preview:-1\" \/>\n<link rel=\"canonical\" href=\"https:\/\/trendsandvision.nl\/de\/product\/esschert-design-tuermatte-gummi-kokos-gewebt-l\/\" \/>\n<meta property=\"og:locale\" content=\"de_DE\" \/>\n<meta property=\"og:type\" content=\"article\" \/>\n<meta property=\"og:title\" content=\"Esschert Design T\u00fcrmatte Gummi\/Kokos gewebt L\" \/>\n<meta property=\"og:description\" content=\"Esschert Design T\u00fcrmatte Gummi\/Kokos gewebt L - Diese rechteckige Fu\u00dfmatte mit gewebtem Aufdruck eignet sich f\u00fcr drinnen und drau\u00dfen. Durch das rob...\" \/>\n<meta property=\"og:url\" content=\"https:\/\/trendsandvision.nl\/de\/product\/esschert-design-tuermatte-gummi-kokos-gewebt-l\/\" \/>\n<meta property=\"og:site_name\" content=\"Trends &amp; Vision (DE)\" \/>\n<meta property=\"article:modified_time\" content=\"2026-04-07T08:47:13+00:00\" \/>\n<meta property=\"og:image\" content=\"https:\/\/trendsandvision.nl\/de\/wp-content\/uploads\/sites\/3\/2023\/08\/RB294_01.jpg\" \/>\n\t<meta property=\"og:image:width\" content=\"800\" \/>\n\t<meta property=\"og:image:height\" content=\"800\" \/>\n\t<meta property=\"og:image:type\" content=\"image\/jpeg\" \/>\n<meta name=\"twitter:card\" content=\"summary_large_image\" \/>\n<meta name=\"twitter:label1\" content=\"Gesch\u00e4tzte Lesezeit\" \/>\n\t<meta name=\"twitter:data1\" content=\"1\u00a0Minute\" \/>\n<script type=\"application\/ld+json\" class=\"yoast-schema-graph\">{\"@context\":\"https:\\\/\\\/schema.org\",\"@graph\":[{\"@type\":\"WebPage\",\"@id\":\"https:\\\/\\\/trendsandvision.nl\\\/de\\\/product\\\/esschert-design-tuermatte-gummi-kokos-gewebt-l\\\/\",\"url\":\"https:\\\/\\\/trendsandvision.nl\\\/de\\\/product\\\/esschert-design-tuermatte-gummi-kokos-gewebt-l\\\/\",\"name\":\"Esschert Design T\u00fcrmatte Gummi\\\/Kokos gewebt L (RB294 8714982248931)\",\"isPartOf\":{\"@id\":\"https:\\\/\\\/trendsandvision.nl\\\/de\\\/#website\"},\"primaryImageOfPage\":{\"@id\":\"https:\\\/\\\/trendsandvision.nl\\\/de\\\/product\\\/esschert-design-tuermatte-gummi-kokos-gewebt-l\\\/#primaryimage\"},\"image\":{\"@id\":\"https:\\\/\\\/trendsandvision.nl\\\/de\\\/product\\\/esschert-design-tuermatte-gummi-kokos-gewebt-l\\\/#primaryimage\"},\"thumbnailUrl\":\"https:\\\/\\\/trendsandvision.nl\\\/de\\\/wp-content\\\/uploads\\\/sites\\\/3\\\/2023\\\/08\\\/RB294_01.jpg\",\"datePublished\":\"2023-08-01T08:36:40+00:00\",\"dateModified\":\"2026-04-07T08:47:13+00:00\",\"description\":\"Esschert Design T\u00fcrmatte Gummi\\\/Kokos gewebt L - Diese rechteckige Fu\u00dfmatte mit gewebtem Aufdruck eignet sich f\u00fcr drinnen und drau\u00dfen. Durch das rob...\",\"breadcrumb\":{\"@id\":\"https:\\\/\\\/trendsandvision.nl\\\/de\\\/product\\\/esschert-design-tuermatte-gummi-kokos-gewebt-l\\\/#breadcrumb\"},\"inLanguage\":\"de\",\"potentialAction\":[{\"@type\":\"ReadAction\",\"target\":[\"https:\\\/\\\/trendsandvision.nl\\\/de\\\/product\\\/esschert-design-tuermatte-gummi-kokos-gewebt-l\\\/\"]}]},{\"@type\":\"ImageObject\",\"inLanguage\":\"de\",\"@id\":\"https:\\\/\\\/trendsandvision.nl\\\/de\\\/product\\\/esschert-design-tuermatte-gummi-kokos-gewebt-l\\\/#primaryimage\",\"url\":\"https:\\\/\\\/trendsandvision.nl\\\/de\\\/wp-content\\\/uploads\\\/sites\\\/3\\\/2023\\\/08\\\/RB294_01.jpg\",\"contentUrl\":\"https:\\\/\\\/trendsandvision.nl\\\/de\\\/wp-content\\\/uploads\\\/sites\\\/3\\\/2023\\\/08\\\/RB294_01.jpg\",\"width\":800,\"height\":800,\"caption\":\"Esschert Design T\u00fcrmatte Gummi\\\/Kokos gewebt L (RB294 8714982248931) - 01\"},{\"@type\":\"BreadcrumbList\",\"@id\":\"https:\\\/\\\/trendsandvision.nl\\\/de\\\/product\\\/esschert-design-tuermatte-gummi-kokos-gewebt-l\\\/#breadcrumb\",\"itemListElement\":[{\"@type\":\"ListItem\",\"position\":1,\"name\":\"Home\",\"item\":\"https:\\\/\\\/trendsandvision.nl\\\/de\\\/\"},{\"@type\":\"ListItem\",\"position\":2,\"name\":\"Gesch\u00e4ft\",\"item\":\"https:\\\/\\\/trendsandvision.nl\\\/de\\\/geschaft\\\/\"},{\"@type\":\"ListItem\",\"position\":3,\"name\":\"Esschert Design T\u00fcrmatte Gummi\\\/Kokos gewebt L\"}]},{\"@type\":\"WebSite\",\"@id\":\"https:\\\/\\\/trendsandvision.nl\\\/de\\\/#website\",\"url\":\"https:\\\/\\\/trendsandvision.nl\\\/de\\\/\",\"name\":\"Trends &amp; Vision (DE)\",\"description\":\"Der Webshop f\u00fcr Esschert Design Artikel\",\"publisher\":{\"@id\":\"https:\\\/\\\/trendsandvision.nl\\\/de\\\/#organization\"},\"potentialAction\":[{\"@type\":\"SearchAction\",\"target\":{\"@type\":\"EntryPoint\",\"urlTemplate\":\"https:\\\/\\\/trendsandvision.nl\\\/de\\\/?s={search_term_string}\"},\"query-input\":{\"@type\":\"PropertyValueSpecification\",\"valueRequired\":true,\"valueName\":\"search_term_string\"}}],\"inLanguage\":\"de\"},{\"@type\":\"Organization\",\"@id\":\"https:\\\/\\\/trendsandvision.nl\\\/de\\\/#organization\",\"name\":\"Trends &amp; Vision (DE)\",\"url\":\"https:\\\/\\\/trendsandvision.nl\\\/de\\\/\",\"logo\":{\"@type\":\"ImageObject\",\"inLanguage\":\"de\",\"@id\":\"https:\\\/\\\/trendsandvision.nl\\\/de\\\/#\\\/schema\\\/logo\\\/image\\\/\",\"url\":\"https:\\\/\\\/trendsandvision.nl\\\/de\\\/wp-content\\\/uploads\\\/sites\\\/3\\\/2022\\\/04\\\/trends-and-vision-logo.jpg\",\"contentUrl\":\"https:\\\/\\\/trendsandvision.nl\\\/de\\\/wp-content\\\/uploads\\\/sites\\\/3\\\/2022\\\/04\\\/trends-and-vision-logo.jpg\",\"width\":213,\"height\":100,\"caption\":\"Trends &amp; Vision (DE)\"},\"image\":{\"@id\":\"https:\\\/\\\/trendsandvision.nl\\\/de\\\/#\\\/schema\\\/logo\\\/image\\\/\"}}]}<\/script>\n<!-- \/ Yoast SEO Premium plugin. -->","yoast_head_json":{"title":"Esschert Design T\u00fcrmatte Gummi\/Kokos gewebt L (RB294 8714982248931)","description":"Esschert Design T\u00fcrmatte Gummi\/Kokos gewebt L - Diese rechteckige Fu\u00dfmatte mit gewebtem Aufdruck eignet sich f\u00fcr drinnen und drau\u00dfen. Durch das rob...","robots":{"index":"index","follow":"follow","max-snippet":"max-snippet:-1","max-image-preview":"max-image-preview:large","max-video-preview":"max-video-preview:-1"},"canonical":"https:\/\/trendsandvision.nl\/de\/product\/esschert-design-tuermatte-gummi-kokos-gewebt-l\/","og_locale":"de_DE","og_type":"article","og_title":"Esschert Design T\u00fcrmatte Gummi\/Kokos gewebt L","og_description":"Esschert Design T\u00fcrmatte Gummi\/Kokos gewebt L - Diese rechteckige Fu\u00dfmatte mit gewebtem Aufdruck eignet sich f\u00fcr drinnen und drau\u00dfen. Durch das rob...","og_url":"https:\/\/trendsandvision.nl\/de\/product\/esschert-design-tuermatte-gummi-kokos-gewebt-l\/","og_site_name":"Trends &amp; Vision (DE)","article_modified_time":"2026-04-07T08:47:13+00:00","og_image":[{"width":800,"height":800,"url":"https:\/\/trendsandvision.nl\/de\/wp-content\/uploads\/sites\/3\/2023\/08\/RB294_01.jpg","type":"image\/jpeg"}],"twitter_card":"summary_large_image","twitter_misc":{"Gesch\u00e4tzte Lesezeit":"1\u00a0Minute"},"schema":{"@context":"https:\/\/schema.org","@graph":[{"@type":"WebPage","@id":"https:\/\/trendsandvision.nl\/de\/product\/esschert-design-tuermatte-gummi-kokos-gewebt-l\/","url":"https:\/\/trendsandvision.nl\/de\/product\/esschert-design-tuermatte-gummi-kokos-gewebt-l\/","name":"Esschert Design T\u00fcrmatte Gummi\/Kokos gewebt L (RB294 8714982248931)","isPartOf":{"@id":"https:\/\/trendsandvision.nl\/de\/#website"},"primaryImageOfPage":{"@id":"https:\/\/trendsandvision.nl\/de\/product\/esschert-design-tuermatte-gummi-kokos-gewebt-l\/#primaryimage"},"image":{"@id":"https:\/\/trendsandvision.nl\/de\/product\/esschert-design-tuermatte-gummi-kokos-gewebt-l\/#primaryimage"},"thumbnailUrl":"https:\/\/trendsandvision.nl\/de\/wp-content\/uploads\/sites\/3\/2023\/08\/RB294_01.jpg","datePublished":"2023-08-01T08:36:40+00:00","dateModified":"2026-04-07T08:47:13+00:00","description":"Esschert Design T\u00fcrmatte Gummi\/Kokos gewebt L - Diese rechteckige Fu\u00dfmatte mit gewebtem Aufdruck eignet sich f\u00fcr drinnen und drau\u00dfen. Durch das rob...","breadcrumb":{"@id":"https:\/\/trendsandvision.nl\/de\/product\/esschert-design-tuermatte-gummi-kokos-gewebt-l\/#breadcrumb"},"inLanguage":"de","potentialAction":[{"@type":"ReadAction","target":["https:\/\/trendsandvision.nl\/de\/product\/esschert-design-tuermatte-gummi-kokos-gewebt-l\/"]}]},{"@type":"ImageObject","inLanguage":"de","@id":"https:\/\/trendsandvision.nl\/de\/product\/esschert-design-tuermatte-gummi-kokos-gewebt-l\/#primaryimage","url":"https:\/\/trendsandvision.nl\/de\/wp-content\/uploads\/sites\/3\/2023\/08\/RB294_01.jpg","contentUrl":"https:\/\/trendsandvision.nl\/de\/wp-content\/uploads\/sites\/3\/2023\/08\/RB294_01.jpg","width":800,"height":800,"caption":"Esschert Design T\u00fcrmatte Gummi\/Kokos gewebt L (RB294 8714982248931) - 01"},{"@type":"BreadcrumbList","@id":"https:\/\/trendsandvision.nl\/de\/product\/esschert-design-tuermatte-gummi-kokos-gewebt-l\/#breadcrumb","itemListElement":[{"@type":"ListItem","position":1,"name":"Home","item":"https:\/\/trendsandvision.nl\/de\/"},{"@type":"ListItem","position":2,"name":"Gesch\u00e4ft","item":"https:\/\/trendsandvision.nl\/de\/geschaft\/"},{"@type":"ListItem","position":3,"name":"Esschert Design T\u00fcrmatte Gummi\/Kokos gewebt L"}]},{"@type":"WebSite","@id":"https:\/\/trendsandvision.nl\/de\/#website","url":"https:\/\/trendsandvision.nl\/de\/","name":"Trends &amp; Vision (DE)","description":"Der Webshop f\u00fcr Esschert Design Artikel","publisher":{"@id":"https:\/\/trendsandvision.nl\/de\/#organization"},"potentialAction":[{"@type":"SearchAction","target":{"@type":"EntryPoint","urlTemplate":"https:\/\/trendsandvision.nl\/de\/?s={search_term_string}"},"query-input":{"@type":"PropertyValueSpecification","valueRequired":true,"valueName":"search_term_string"}}],"inLanguage":"de"},{"@type":"Organization","@id":"https:\/\/trendsandvision.nl\/de\/#organization","name":"Trends &amp; Vision (DE)","url":"https:\/\/trendsandvision.nl\/de\/","logo":{"@type":"ImageObject","inLanguage":"de","@id":"https:\/\/trendsandvision.nl\/de\/#\/schema\/logo\/image\/","url":"https:\/\/trendsandvision.nl\/de\/wp-content\/uploads\/sites\/3\/2022\/04\/trends-and-vision-logo.jpg","contentUrl":"https:\/\/trendsandvision.nl\/de\/wp-content\/uploads\/sites\/3\/2022\/04\/trends-and-vision-logo.jpg","width":213,"height":100,"caption":"Trends &amp; Vision (DE)"},"image":{"@id":"https:\/\/trendsandvision.nl\/de\/#\/schema\/logo\/image\/"}}]}},"_links":{"self":[{"href":"https:\/\/trendsandvision.nl\/de\/wp-json\/wp\/v2\/product\/11028","targetHints":{"allow":["GET"]}}],"collection":[{"href":"https:\/\/trendsandvision.nl\/de\/wp-json\/wp\/v2\/product"}],"about":[{"href":"https:\/\/trendsandvision.nl\/de\/wp-json\/wp\/v2\/types\/product"}],"wp:featuredmedia":[{"embeddable":true,"href":"https:\/\/trendsandvision.nl\/de\/wp-json\/wp\/v2\/media\/11029"}],"wp:attachment":[{"href":"https:\/\/trendsandvision.nl\/de\/wp-json\/wp\/v2\/media?parent=11028"}],"wp:term":[{"taxonomy":"product_brand","embeddable":true,"href":"https:\/\/trendsandvision.nl\/de\/wp-json\/wp\/v2\/product_brand?post=11028"},{"taxonomy":"product_cat","embeddable":true,"href":"https:\/\/trendsandvision.nl\/de\/wp-json\/wp\/v2\/product_cat?post=11028"},{"taxonomy":"product_tag","embeddable":true,"href":"https:\/\/trendsandvision.nl\/de\/wp-json\/wp\/v2\/product_tag?post=11028"}],"curies":[{"name":"wp","href":"https:\/\/api.w.org\/{rel}","templated":true}]}}