{"id":10980,"date":"2023-08-01T10:35:51","date_gmt":"2023-08-01T08:35:51","guid":{"rendered":"https:\/\/trendsandvision.nl\/de\/product\/esschert-design-cortenstahl-pflanzkuebel-recht-s\/"},"modified":"2026-04-07T10:45:41","modified_gmt":"2026-04-07T08:45:41","slug":"esschert-design-cortenstahl-pflanzkuebel-recht-s","status":"publish","type":"product","link":"https:\/\/trendsandvision.nl\/de\/product\/esschert-design-cortenstahl-pflanzkuebel-recht-s\/","title":{"rendered":"Esschert Design Cortenstahl Pflanzk\u00fcbel recht. S"},"content":{"rendered":"<p>Dieser rostfarbene Pflanzkasten schafft eine gem\u00fctliche Atmosph\u00e4re im Garten und ist ein echter Blickfang.<br \/>\nDer rechteckige Pflanzkasten bietet viel Platz f\u00fcr Blumen, Kr\u00e4uter und Pflanzen.<br \/>\nMit der Zeit rostet der Pflanzkasten durch Wind- und Wettereinfl\u00fcsse weiter und erh\u00e4lt eine sch\u00f6ne Patina.<\/p>\n<p>Artikelname: Pflanzkasten Rost recht. S<br \/>\nArtikelnummer PY164<br \/>\nProduktgruppe(n) Garten&amp;Terrasse, T\u00f6pfe und Vasen, Blument\u00f6pfe und Pflanzgef\u00e4\u00dfe<br \/>\nProduktabmessungen in cm L 58,2 x T 38,2 x H 38,2<br \/>\nMaterial Cortenstahl, Stahl<br \/>\nBruttogewicht 8,885 kg<br \/>\nNettogewicht 8,077 kg<br \/>\nBarcode 8714982249280<\/p>\n","protected":false},"excerpt":{"rendered":"<p>L 58,2 x T 38,2 x H 38,2 cm<br \/>\nMaterial Cortenstahl, Stahl<br \/>\nNettogewicht 8,077 kg<br \/>\nBarcode 8714982249280<\/p>\n","protected":false},"featured_media":10981,"template":"","meta":[],"product_brand":[9597,9598],"product_cat":[503],"product_tag":[6820,6783,7470,7924,7424],"class_list":{"0":"post-10980","1":"product","2":"type-product","3":"status-publish","4":"has-post-thumbnail","6":"product_brand-esschert-design","7":"product_brand-trends-and-vision","8":"product_cat-esscherts-garden","9":"product_tag-blumentoepfe","10":"product_tag-cortenstahl","11":"product_tag-metall","12":"product_tag-pflanzenregale","13":"product_tag-rost","14":"pa_anbieter-esschert-design","15":"pa_ean-code-5999","16":"pa_messungen-582x382x382cm","18":"first","19":"instock","20":"sale","21":"taxable","22":"shipping-taxable","23":"purchasable","24":"product-type-simple","25":"czr-hentry"},"yoast_head":"<!-- This site is optimized with the Yoast SEO Premium plugin v26.4 (Yoast SEO v27.4) - https:\/\/yoast.com\/product\/yoast-seo-premium-wordpress\/ -->\n<title>Esschert Design Cortenstahl Pflanzk\u00fcbel recht. S (PY164 8714982249280)<\/title>\n<meta name=\"description\" content=\"Esschert Design Cortenstahl Pflanzk\u00fcbel recht. S - Dieser rostfarbene Pflanzkasten schafft eine gem\u00fctliche Atmosph\u00e4re im Garten und ist ein echter Blic...\" \/>\n<meta name=\"robots\" content=\"index, follow, max-snippet:-1, max-image-preview:large, max-video-preview:-1\" \/>\n<link rel=\"canonical\" href=\"https:\/\/trendsandvision.nl\/de\/product\/esschert-design-cortenstahl-pflanzkuebel-recht-s\/\" \/>\n<meta property=\"og:locale\" content=\"de_DE\" \/>\n<meta property=\"og:type\" content=\"article\" \/>\n<meta property=\"og:title\" content=\"Esschert Design Cortenstahl Pflanzk\u00fcbel recht. S\" \/>\n<meta property=\"og:description\" content=\"Esschert Design Cortenstahl Pflanzk\u00fcbel recht. S - Dieser rostfarbene Pflanzkasten schafft eine gem\u00fctliche Atmosph\u00e4re im Garten und ist ein echter Blic...\" \/>\n<meta property=\"og:url\" content=\"https:\/\/trendsandvision.nl\/de\/product\/esschert-design-cortenstahl-pflanzkuebel-recht-s\/\" \/>\n<meta property=\"og:site_name\" content=\"Trends &amp; Vision (DE)\" \/>\n<meta property=\"article:modified_time\" content=\"2026-04-07T08:45:41+00:00\" \/>\n<meta property=\"og:image\" content=\"https:\/\/trendsandvision.nl\/de\/wp-content\/uploads\/sites\/3\/2023\/08\/PY164_01.jpg\" \/>\n\t<meta property=\"og:image:width\" content=\"800\" \/>\n\t<meta property=\"og:image:height\" content=\"800\" \/>\n\t<meta property=\"og:image:type\" content=\"image\/jpeg\" \/>\n<meta name=\"twitter:card\" content=\"summary_large_image\" \/>\n<meta name=\"twitter:label1\" content=\"Gesch\u00e4tzte Lesezeit\" \/>\n\t<meta name=\"twitter:data1\" content=\"1\u00a0Minute\" \/>\n<script type=\"application\/ld+json\" class=\"yoast-schema-graph\">{\"@context\":\"https:\\\/\\\/schema.org\",\"@graph\":[{\"@type\":\"WebPage\",\"@id\":\"https:\\\/\\\/trendsandvision.nl\\\/de\\\/product\\\/esschert-design-cortenstahl-pflanzkuebel-recht-s\\\/\",\"url\":\"https:\\\/\\\/trendsandvision.nl\\\/de\\\/product\\\/esschert-design-cortenstahl-pflanzkuebel-recht-s\\\/\",\"name\":\"Esschert Design Cortenstahl Pflanzk\u00fcbel recht. S (PY164 8714982249280)\",\"isPartOf\":{\"@id\":\"https:\\\/\\\/trendsandvision.nl\\\/de\\\/#website\"},\"primaryImageOfPage\":{\"@id\":\"https:\\\/\\\/trendsandvision.nl\\\/de\\\/product\\\/esschert-design-cortenstahl-pflanzkuebel-recht-s\\\/#primaryimage\"},\"image\":{\"@id\":\"https:\\\/\\\/trendsandvision.nl\\\/de\\\/product\\\/esschert-design-cortenstahl-pflanzkuebel-recht-s\\\/#primaryimage\"},\"thumbnailUrl\":\"https:\\\/\\\/trendsandvision.nl\\\/de\\\/wp-content\\\/uploads\\\/sites\\\/3\\\/2023\\\/08\\\/PY164_01.jpg\",\"datePublished\":\"2023-08-01T08:35:51+00:00\",\"dateModified\":\"2026-04-07T08:45:41+00:00\",\"description\":\"Esschert Design Cortenstahl Pflanzk\u00fcbel recht. S - Dieser rostfarbene Pflanzkasten schafft eine gem\u00fctliche Atmosph\u00e4re im Garten und ist ein echter Blic...\",\"breadcrumb\":{\"@id\":\"https:\\\/\\\/trendsandvision.nl\\\/de\\\/product\\\/esschert-design-cortenstahl-pflanzkuebel-recht-s\\\/#breadcrumb\"},\"inLanguage\":\"de\",\"potentialAction\":[{\"@type\":\"ReadAction\",\"target\":[\"https:\\\/\\\/trendsandvision.nl\\\/de\\\/product\\\/esschert-design-cortenstahl-pflanzkuebel-recht-s\\\/\"]}]},{\"@type\":\"ImageObject\",\"inLanguage\":\"de\",\"@id\":\"https:\\\/\\\/trendsandvision.nl\\\/de\\\/product\\\/esschert-design-cortenstahl-pflanzkuebel-recht-s\\\/#primaryimage\",\"url\":\"https:\\\/\\\/trendsandvision.nl\\\/de\\\/wp-content\\\/uploads\\\/sites\\\/3\\\/2023\\\/08\\\/PY164_01.jpg\",\"contentUrl\":\"https:\\\/\\\/trendsandvision.nl\\\/de\\\/wp-content\\\/uploads\\\/sites\\\/3\\\/2023\\\/08\\\/PY164_01.jpg\",\"width\":800,\"height\":800,\"caption\":\"Esschert Design Cortenstahl Pflanzk\u00fcbel recht. S (PY164 8714982249280) - 01\"},{\"@type\":\"BreadcrumbList\",\"@id\":\"https:\\\/\\\/trendsandvision.nl\\\/de\\\/product\\\/esschert-design-cortenstahl-pflanzkuebel-recht-s\\\/#breadcrumb\",\"itemListElement\":[{\"@type\":\"ListItem\",\"position\":1,\"name\":\"Home\",\"item\":\"https:\\\/\\\/trendsandvision.nl\\\/de\\\/\"},{\"@type\":\"ListItem\",\"position\":2,\"name\":\"Gesch\u00e4ft\",\"item\":\"https:\\\/\\\/trendsandvision.nl\\\/de\\\/geschaft\\\/\"},{\"@type\":\"ListItem\",\"position\":3,\"name\":\"Esschert Design Cortenstahl Pflanzk\u00fcbel recht. S\"}]},{\"@type\":\"WebSite\",\"@id\":\"https:\\\/\\\/trendsandvision.nl\\\/de\\\/#website\",\"url\":\"https:\\\/\\\/trendsandvision.nl\\\/de\\\/\",\"name\":\"Trends &amp; Vision (DE)\",\"description\":\"Der Webshop f\u00fcr Esschert Design Artikel\",\"publisher\":{\"@id\":\"https:\\\/\\\/trendsandvision.nl\\\/de\\\/#organization\"},\"potentialAction\":[{\"@type\":\"SearchAction\",\"target\":{\"@type\":\"EntryPoint\",\"urlTemplate\":\"https:\\\/\\\/trendsandvision.nl\\\/de\\\/?s={search_term_string}\"},\"query-input\":{\"@type\":\"PropertyValueSpecification\",\"valueRequired\":true,\"valueName\":\"search_term_string\"}}],\"inLanguage\":\"de\"},{\"@type\":\"Organization\",\"@id\":\"https:\\\/\\\/trendsandvision.nl\\\/de\\\/#organization\",\"name\":\"Trends &amp; Vision (DE)\",\"url\":\"https:\\\/\\\/trendsandvision.nl\\\/de\\\/\",\"logo\":{\"@type\":\"ImageObject\",\"inLanguage\":\"de\",\"@id\":\"https:\\\/\\\/trendsandvision.nl\\\/de\\\/#\\\/schema\\\/logo\\\/image\\\/\",\"url\":\"https:\\\/\\\/trendsandvision.nl\\\/de\\\/wp-content\\\/uploads\\\/sites\\\/3\\\/2022\\\/04\\\/trends-and-vision-logo.jpg\",\"contentUrl\":\"https:\\\/\\\/trendsandvision.nl\\\/de\\\/wp-content\\\/uploads\\\/sites\\\/3\\\/2022\\\/04\\\/trends-and-vision-logo.jpg\",\"width\":213,\"height\":100,\"caption\":\"Trends &amp; Vision (DE)\"},\"image\":{\"@id\":\"https:\\\/\\\/trendsandvision.nl\\\/de\\\/#\\\/schema\\\/logo\\\/image\\\/\"}}]}<\/script>\n<!-- \/ Yoast SEO Premium plugin. -->","yoast_head_json":{"title":"Esschert Design Cortenstahl Pflanzk\u00fcbel recht. S (PY164 8714982249280)","description":"Esschert Design Cortenstahl Pflanzk\u00fcbel recht. S - Dieser rostfarbene Pflanzkasten schafft eine gem\u00fctliche Atmosph\u00e4re im Garten und ist ein echter Blic...","robots":{"index":"index","follow":"follow","max-snippet":"max-snippet:-1","max-image-preview":"max-image-preview:large","max-video-preview":"max-video-preview:-1"},"canonical":"https:\/\/trendsandvision.nl\/de\/product\/esschert-design-cortenstahl-pflanzkuebel-recht-s\/","og_locale":"de_DE","og_type":"article","og_title":"Esschert Design Cortenstahl Pflanzk\u00fcbel recht. S","og_description":"Esschert Design Cortenstahl Pflanzk\u00fcbel recht. S - Dieser rostfarbene Pflanzkasten schafft eine gem\u00fctliche Atmosph\u00e4re im Garten und ist ein echter Blic...","og_url":"https:\/\/trendsandvision.nl\/de\/product\/esschert-design-cortenstahl-pflanzkuebel-recht-s\/","og_site_name":"Trends &amp; Vision (DE)","article_modified_time":"2026-04-07T08:45:41+00:00","og_image":[{"width":800,"height":800,"url":"https:\/\/trendsandvision.nl\/de\/wp-content\/uploads\/sites\/3\/2023\/08\/PY164_01.jpg","type":"image\/jpeg"}],"twitter_card":"summary_large_image","twitter_misc":{"Gesch\u00e4tzte Lesezeit":"1\u00a0Minute"},"schema":{"@context":"https:\/\/schema.org","@graph":[{"@type":"WebPage","@id":"https:\/\/trendsandvision.nl\/de\/product\/esschert-design-cortenstahl-pflanzkuebel-recht-s\/","url":"https:\/\/trendsandvision.nl\/de\/product\/esschert-design-cortenstahl-pflanzkuebel-recht-s\/","name":"Esschert Design Cortenstahl Pflanzk\u00fcbel recht. S (PY164 8714982249280)","isPartOf":{"@id":"https:\/\/trendsandvision.nl\/de\/#website"},"primaryImageOfPage":{"@id":"https:\/\/trendsandvision.nl\/de\/product\/esschert-design-cortenstahl-pflanzkuebel-recht-s\/#primaryimage"},"image":{"@id":"https:\/\/trendsandvision.nl\/de\/product\/esschert-design-cortenstahl-pflanzkuebel-recht-s\/#primaryimage"},"thumbnailUrl":"https:\/\/trendsandvision.nl\/de\/wp-content\/uploads\/sites\/3\/2023\/08\/PY164_01.jpg","datePublished":"2023-08-01T08:35:51+00:00","dateModified":"2026-04-07T08:45:41+00:00","description":"Esschert Design Cortenstahl Pflanzk\u00fcbel recht. S - Dieser rostfarbene Pflanzkasten schafft eine gem\u00fctliche Atmosph\u00e4re im Garten und ist ein echter Blic...","breadcrumb":{"@id":"https:\/\/trendsandvision.nl\/de\/product\/esschert-design-cortenstahl-pflanzkuebel-recht-s\/#breadcrumb"},"inLanguage":"de","potentialAction":[{"@type":"ReadAction","target":["https:\/\/trendsandvision.nl\/de\/product\/esschert-design-cortenstahl-pflanzkuebel-recht-s\/"]}]},{"@type":"ImageObject","inLanguage":"de","@id":"https:\/\/trendsandvision.nl\/de\/product\/esschert-design-cortenstahl-pflanzkuebel-recht-s\/#primaryimage","url":"https:\/\/trendsandvision.nl\/de\/wp-content\/uploads\/sites\/3\/2023\/08\/PY164_01.jpg","contentUrl":"https:\/\/trendsandvision.nl\/de\/wp-content\/uploads\/sites\/3\/2023\/08\/PY164_01.jpg","width":800,"height":800,"caption":"Esschert Design Cortenstahl Pflanzk\u00fcbel recht. S (PY164 8714982249280) - 01"},{"@type":"BreadcrumbList","@id":"https:\/\/trendsandvision.nl\/de\/product\/esschert-design-cortenstahl-pflanzkuebel-recht-s\/#breadcrumb","itemListElement":[{"@type":"ListItem","position":1,"name":"Home","item":"https:\/\/trendsandvision.nl\/de\/"},{"@type":"ListItem","position":2,"name":"Gesch\u00e4ft","item":"https:\/\/trendsandvision.nl\/de\/geschaft\/"},{"@type":"ListItem","position":3,"name":"Esschert Design Cortenstahl Pflanzk\u00fcbel recht. S"}]},{"@type":"WebSite","@id":"https:\/\/trendsandvision.nl\/de\/#website","url":"https:\/\/trendsandvision.nl\/de\/","name":"Trends &amp; Vision (DE)","description":"Der Webshop f\u00fcr Esschert Design Artikel","publisher":{"@id":"https:\/\/trendsandvision.nl\/de\/#organization"},"potentialAction":[{"@type":"SearchAction","target":{"@type":"EntryPoint","urlTemplate":"https:\/\/trendsandvision.nl\/de\/?s={search_term_string}"},"query-input":{"@type":"PropertyValueSpecification","valueRequired":true,"valueName":"search_term_string"}}],"inLanguage":"de"},{"@type":"Organization","@id":"https:\/\/trendsandvision.nl\/de\/#organization","name":"Trends &amp; Vision (DE)","url":"https:\/\/trendsandvision.nl\/de\/","logo":{"@type":"ImageObject","inLanguage":"de","@id":"https:\/\/trendsandvision.nl\/de\/#\/schema\/logo\/image\/","url":"https:\/\/trendsandvision.nl\/de\/wp-content\/uploads\/sites\/3\/2022\/04\/trends-and-vision-logo.jpg","contentUrl":"https:\/\/trendsandvision.nl\/de\/wp-content\/uploads\/sites\/3\/2022\/04\/trends-and-vision-logo.jpg","width":213,"height":100,"caption":"Trends &amp; Vision (DE)"},"image":{"@id":"https:\/\/trendsandvision.nl\/de\/#\/schema\/logo\/image\/"}}]}},"_links":{"self":[{"href":"https:\/\/trendsandvision.nl\/de\/wp-json\/wp\/v2\/product\/10980","targetHints":{"allow":["GET"]}}],"collection":[{"href":"https:\/\/trendsandvision.nl\/de\/wp-json\/wp\/v2\/product"}],"about":[{"href":"https:\/\/trendsandvision.nl\/de\/wp-json\/wp\/v2\/types\/product"}],"wp:featuredmedia":[{"embeddable":true,"href":"https:\/\/trendsandvision.nl\/de\/wp-json\/wp\/v2\/media\/10981"}],"wp:attachment":[{"href":"https:\/\/trendsandvision.nl\/de\/wp-json\/wp\/v2\/media?parent=10980"}],"wp:term":[{"taxonomy":"product_brand","embeddable":true,"href":"https:\/\/trendsandvision.nl\/de\/wp-json\/wp\/v2\/product_brand?post=10980"},{"taxonomy":"product_cat","embeddable":true,"href":"https:\/\/trendsandvision.nl\/de\/wp-json\/wp\/v2\/product_cat?post=10980"},{"taxonomy":"product_tag","embeddable":true,"href":"https:\/\/trendsandvision.nl\/de\/wp-json\/wp\/v2\/product_tag?post=10980"}],"curies":[{"name":"wp","href":"https:\/\/api.w.org\/{rel}","templated":true}]}}