{"id":10929,"date":"2023-08-01T10:34:56","date_gmt":"2023-08-01T08:34:56","guid":{"rendered":"https:\/\/trendsandvision.nl\/de\/product\/esschert-design-altzink-giesskanne-mit-trichter\/"},"modified":"2026-04-22T15:16:24","modified_gmt":"2026-04-22T13:16:24","slug":"esschert-design-altzink-giesskanne-mit-trichter","status":"publish","type":"product","link":"https:\/\/trendsandvision.nl\/de\/product\/esschert-design-altzink-giesskanne-mit-trichter\/","title":{"rendered":"Esschert Design Altzink Gie\u00dfkanne mit Trichter"},"content":{"rendered":"<p>Diese Gie\u00dfkanne aus Zink mit Trichter ist ideal zum W\u00e4ssern von Blumen und Pflanzen im Garten.<br \/>\nAuch Regenwasser l\u00e4sst sich mit dieser Gie\u00dfkanne ganz einfach auffangen, damit gleichzeitig Wasser gespart wird. Dank ihrer funktionalen Form und dem verst\u00e4rktem Ausguss eignet sich diese Gie\u00dfkanne f\u00fcr den t\u00e4glichen Gebrauch.<br \/>\nDer abnehmbare Brausekopf l\u00e4sst die Wahl zwischen einem gezielten Wasserstrahl oder einer weichen Regendusche.<br \/>\nDie gro\u00dfe \u00d6ffnung an der Oberseite erm\u00f6glicht ein einfaches und schnelles Bef\u00fcllen.<\/p>\n<p>Produktabmessungen in cm: L 9,2 x T 9,2 x H 7,3<br \/>\nMaterial Terracotta, PET, EVA<br \/>\nBruttogewicht 0,197 kg<br \/>\nNettogewicht 0,179 kg<\/p>\n","protected":false},"excerpt":{"rendered":"<p>L 9,2 x T 9,2 x H 7,3 cm<br \/>\nMaterial Terracotta, PET, EVA<br \/>\nNettogewicht 0,179 kg<br \/>\nBarcode 8714982226946<\/p>\n","protected":false},"featured_media":10930,"template":"","meta":[],"product_brand":[9597,9598],"product_cat":[1284],"product_tag":[7027,8728],"class_list":{"0":"post-10929","1":"product","2":"type-product","3":"status-publish","4":"has-post-thumbnail","6":"product_brand-esschert-design","7":"product_brand-trends-and-vision","8":"product_cat-water-in-the-garden","9":"product_tag-altzink","10":"product_tag-giebkannen","11":"pa_anbieter-esschert-design","12":"pa_ean-code-5971","13":"pa_messungen-538x245x303-cm","15":"first","16":"instock","17":"sale","18":"taxable","19":"shipping-taxable","20":"purchasable","21":"product-type-simple","22":"czr-hentry"},"yoast_head":"<!-- This site is optimized with the Yoast SEO Premium plugin v27.4 (Yoast SEO v27.5) - https:\/\/yoast.com\/product\/yoast-seo-premium-wordpress\/ -->\n<title>Esschert Design Altzink Gie\u00dfkanne mit Trichter (OZ79 8714982247248)<\/title>\n<meta name=\"description\" content=\"Esschert Design Altzink Gie\u00dfkanne mit Trichter - Diese Gie\u00dfkanne aus Zink mit Trichter ist ideal zum W\u00e4ssern von Blumen und Pflanzen im Garten. Auch ...\" \/>\n<meta name=\"robots\" content=\"index, follow, max-snippet:-1, max-image-preview:large, max-video-preview:-1\" \/>\n<link rel=\"canonical\" href=\"https:\/\/trendsandvision.nl\/de\/product\/esschert-design-altzink-giesskanne-mit-trichter\/\" \/>\n<meta property=\"og:locale\" content=\"de_DE\" \/>\n<meta property=\"og:type\" content=\"article\" \/>\n<meta property=\"og:title\" content=\"Esschert Design Altzink Gie\u00dfkanne mit Trichter\" \/>\n<meta property=\"og:description\" content=\"Esschert Design Altzink Gie\u00dfkanne mit Trichter - Diese Gie\u00dfkanne aus Zink mit Trichter ist ideal zum W\u00e4ssern von Blumen und Pflanzen im Garten. Auch ...\" \/>\n<meta property=\"og:url\" content=\"https:\/\/trendsandvision.nl\/de\/product\/esschert-design-altzink-giesskanne-mit-trichter\/\" \/>\n<meta property=\"og:site_name\" content=\"Trends &amp; Vision (DE)\" \/>\n<meta property=\"article:modified_time\" content=\"2026-04-22T13:16:24+00:00\" \/>\n<meta property=\"og:image\" content=\"https:\/\/trendsandvision.nl\/de\/wp-content\/uploads\/sites\/3\/2023\/08\/OZ79_01.jpg\" \/>\n\t<meta property=\"og:image:width\" content=\"800\" \/>\n\t<meta property=\"og:image:height\" content=\"800\" \/>\n\t<meta property=\"og:image:type\" content=\"image\/jpeg\" \/>\n<meta name=\"twitter:card\" content=\"summary_large_image\" \/>\n<meta name=\"twitter:label1\" content=\"Gesch\u00e4tzte Lesezeit\" \/>\n\t<meta name=\"twitter:data1\" content=\"1\u00a0Minute\" \/>\n<script type=\"application\/ld+json\" class=\"yoast-schema-graph\">{\"@context\":\"https:\\\/\\\/schema.org\",\"@graph\":[{\"@type\":\"WebPage\",\"@id\":\"https:\\\/\\\/trendsandvision.nl\\\/de\\\/product\\\/esschert-design-altzink-giesskanne-mit-trichter\\\/\",\"url\":\"https:\\\/\\\/trendsandvision.nl\\\/de\\\/product\\\/esschert-design-altzink-giesskanne-mit-trichter\\\/\",\"name\":\"Esschert Design Altzink Gie\u00dfkanne mit Trichter (OZ79 8714982247248)\",\"isPartOf\":{\"@id\":\"https:\\\/\\\/trendsandvision.nl\\\/de\\\/#website\"},\"primaryImageOfPage\":{\"@id\":\"https:\\\/\\\/trendsandvision.nl\\\/de\\\/product\\\/esschert-design-altzink-giesskanne-mit-trichter\\\/#primaryimage\"},\"image\":{\"@id\":\"https:\\\/\\\/trendsandvision.nl\\\/de\\\/product\\\/esschert-design-altzink-giesskanne-mit-trichter\\\/#primaryimage\"},\"thumbnailUrl\":\"https:\\\/\\\/trendsandvision.nl\\\/de\\\/wp-content\\\/uploads\\\/sites\\\/3\\\/2023\\\/08\\\/OZ79_01.jpg\",\"datePublished\":\"2023-08-01T08:34:56+00:00\",\"dateModified\":\"2026-04-22T13:16:24+00:00\",\"description\":\"Esschert Design Altzink Gie\u00dfkanne mit Trichter - Diese Gie\u00dfkanne aus Zink mit Trichter ist ideal zum W\u00e4ssern von Blumen und Pflanzen im Garten. Auch ...\",\"breadcrumb\":{\"@id\":\"https:\\\/\\\/trendsandvision.nl\\\/de\\\/product\\\/esschert-design-altzink-giesskanne-mit-trichter\\\/#breadcrumb\"},\"inLanguage\":\"de\",\"potentialAction\":[{\"@type\":\"ReadAction\",\"target\":[\"https:\\\/\\\/trendsandvision.nl\\\/de\\\/product\\\/esschert-design-altzink-giesskanne-mit-trichter\\\/\"]}]},{\"@type\":\"ImageObject\",\"inLanguage\":\"de\",\"@id\":\"https:\\\/\\\/trendsandvision.nl\\\/de\\\/product\\\/esschert-design-altzink-giesskanne-mit-trichter\\\/#primaryimage\",\"url\":\"https:\\\/\\\/trendsandvision.nl\\\/de\\\/wp-content\\\/uploads\\\/sites\\\/3\\\/2023\\\/08\\\/OZ79_01.jpg\",\"contentUrl\":\"https:\\\/\\\/trendsandvision.nl\\\/de\\\/wp-content\\\/uploads\\\/sites\\\/3\\\/2023\\\/08\\\/OZ79_01.jpg\",\"width\":800,\"height\":800,\"caption\":\"Esschert Design Altzink Gie\u00dfkanne mit Trichter (OZ79 8714982247248) - 01\"},{\"@type\":\"BreadcrumbList\",\"@id\":\"https:\\\/\\\/trendsandvision.nl\\\/de\\\/product\\\/esschert-design-altzink-giesskanne-mit-trichter\\\/#breadcrumb\",\"itemListElement\":[{\"@type\":\"ListItem\",\"position\":1,\"name\":\"Home\",\"item\":\"https:\\\/\\\/trendsandvision.nl\\\/de\\\/\"},{\"@type\":\"ListItem\",\"position\":2,\"name\":\"Gesch\u00e4ft\",\"item\":\"https:\\\/\\\/trendsandvision.nl\\\/de\\\/geschaft\\\/\"},{\"@type\":\"ListItem\",\"position\":3,\"name\":\"Esschert Design Altzink Gie\u00dfkanne mit Trichter\"}]},{\"@type\":\"WebSite\",\"@id\":\"https:\\\/\\\/trendsandvision.nl\\\/de\\\/#website\",\"url\":\"https:\\\/\\\/trendsandvision.nl\\\/de\\\/\",\"name\":\"Trends &amp; Vision (DE)\",\"description\":\"Der Webshop f\u00fcr Esschert Design Artikel\",\"publisher\":{\"@id\":\"https:\\\/\\\/trendsandvision.nl\\\/de\\\/#organization\"},\"potentialAction\":[{\"@type\":\"SearchAction\",\"target\":{\"@type\":\"EntryPoint\",\"urlTemplate\":\"https:\\\/\\\/trendsandvision.nl\\\/de\\\/?s={search_term_string}\"},\"query-input\":{\"@type\":\"PropertyValueSpecification\",\"valueRequired\":true,\"valueName\":\"search_term_string\"}}],\"inLanguage\":\"de\"},{\"@type\":\"Organization\",\"@id\":\"https:\\\/\\\/trendsandvision.nl\\\/de\\\/#organization\",\"name\":\"Trends &amp; Vision (DE)\",\"url\":\"https:\\\/\\\/trendsandvision.nl\\\/de\\\/\",\"logo\":{\"@type\":\"ImageObject\",\"inLanguage\":\"de\",\"@id\":\"https:\\\/\\\/trendsandvision.nl\\\/de\\\/#\\\/schema\\\/logo\\\/image\\\/\",\"url\":\"https:\\\/\\\/trendsandvision.nl\\\/de\\\/wp-content\\\/uploads\\\/sites\\\/3\\\/2022\\\/04\\\/trends-and-vision-logo.jpg\",\"contentUrl\":\"https:\\\/\\\/trendsandvision.nl\\\/de\\\/wp-content\\\/uploads\\\/sites\\\/3\\\/2022\\\/04\\\/trends-and-vision-logo.jpg\",\"width\":213,\"height\":100,\"caption\":\"Trends &amp; Vision (DE)\"},\"image\":{\"@id\":\"https:\\\/\\\/trendsandvision.nl\\\/de\\\/#\\\/schema\\\/logo\\\/image\\\/\"}}]}<\/script>\n<!-- \/ Yoast SEO Premium plugin. -->","yoast_head_json":{"title":"Esschert Design Altzink Gie\u00dfkanne mit Trichter (OZ79 8714982247248)","description":"Esschert Design Altzink Gie\u00dfkanne mit Trichter - Diese Gie\u00dfkanne aus Zink mit Trichter ist ideal zum W\u00e4ssern von Blumen und Pflanzen im Garten. Auch ...","robots":{"index":"index","follow":"follow","max-snippet":"max-snippet:-1","max-image-preview":"max-image-preview:large","max-video-preview":"max-video-preview:-1"},"canonical":"https:\/\/trendsandvision.nl\/de\/product\/esschert-design-altzink-giesskanne-mit-trichter\/","og_locale":"de_DE","og_type":"article","og_title":"Esschert Design Altzink Gie\u00dfkanne mit Trichter","og_description":"Esschert Design Altzink Gie\u00dfkanne mit Trichter - Diese Gie\u00dfkanne aus Zink mit Trichter ist ideal zum W\u00e4ssern von Blumen und Pflanzen im Garten. Auch ...","og_url":"https:\/\/trendsandvision.nl\/de\/product\/esschert-design-altzink-giesskanne-mit-trichter\/","og_site_name":"Trends &amp; Vision (DE)","article_modified_time":"2026-04-22T13:16:24+00:00","og_image":[{"width":800,"height":800,"url":"https:\/\/trendsandvision.nl\/de\/wp-content\/uploads\/sites\/3\/2023\/08\/OZ79_01.jpg","type":"image\/jpeg"}],"twitter_card":"summary_large_image","twitter_misc":{"Gesch\u00e4tzte Lesezeit":"1\u00a0Minute"},"schema":{"@context":"https:\/\/schema.org","@graph":[{"@type":"WebPage","@id":"https:\/\/trendsandvision.nl\/de\/product\/esschert-design-altzink-giesskanne-mit-trichter\/","url":"https:\/\/trendsandvision.nl\/de\/product\/esschert-design-altzink-giesskanne-mit-trichter\/","name":"Esschert Design Altzink Gie\u00dfkanne mit Trichter (OZ79 8714982247248)","isPartOf":{"@id":"https:\/\/trendsandvision.nl\/de\/#website"},"primaryImageOfPage":{"@id":"https:\/\/trendsandvision.nl\/de\/product\/esschert-design-altzink-giesskanne-mit-trichter\/#primaryimage"},"image":{"@id":"https:\/\/trendsandvision.nl\/de\/product\/esschert-design-altzink-giesskanne-mit-trichter\/#primaryimage"},"thumbnailUrl":"https:\/\/trendsandvision.nl\/de\/wp-content\/uploads\/sites\/3\/2023\/08\/OZ79_01.jpg","datePublished":"2023-08-01T08:34:56+00:00","dateModified":"2026-04-22T13:16:24+00:00","description":"Esschert Design Altzink Gie\u00dfkanne mit Trichter - Diese Gie\u00dfkanne aus Zink mit Trichter ist ideal zum W\u00e4ssern von Blumen und Pflanzen im Garten. Auch ...","breadcrumb":{"@id":"https:\/\/trendsandvision.nl\/de\/product\/esschert-design-altzink-giesskanne-mit-trichter\/#breadcrumb"},"inLanguage":"de","potentialAction":[{"@type":"ReadAction","target":["https:\/\/trendsandvision.nl\/de\/product\/esschert-design-altzink-giesskanne-mit-trichter\/"]}]},{"@type":"ImageObject","inLanguage":"de","@id":"https:\/\/trendsandvision.nl\/de\/product\/esschert-design-altzink-giesskanne-mit-trichter\/#primaryimage","url":"https:\/\/trendsandvision.nl\/de\/wp-content\/uploads\/sites\/3\/2023\/08\/OZ79_01.jpg","contentUrl":"https:\/\/trendsandvision.nl\/de\/wp-content\/uploads\/sites\/3\/2023\/08\/OZ79_01.jpg","width":800,"height":800,"caption":"Esschert Design Altzink Gie\u00dfkanne mit Trichter (OZ79 8714982247248) - 01"},{"@type":"BreadcrumbList","@id":"https:\/\/trendsandvision.nl\/de\/product\/esschert-design-altzink-giesskanne-mit-trichter\/#breadcrumb","itemListElement":[{"@type":"ListItem","position":1,"name":"Home","item":"https:\/\/trendsandvision.nl\/de\/"},{"@type":"ListItem","position":2,"name":"Gesch\u00e4ft","item":"https:\/\/trendsandvision.nl\/de\/geschaft\/"},{"@type":"ListItem","position":3,"name":"Esschert Design Altzink Gie\u00dfkanne mit Trichter"}]},{"@type":"WebSite","@id":"https:\/\/trendsandvision.nl\/de\/#website","url":"https:\/\/trendsandvision.nl\/de\/","name":"Trends &amp; Vision (DE)","description":"Der Webshop f\u00fcr Esschert Design Artikel","publisher":{"@id":"https:\/\/trendsandvision.nl\/de\/#organization"},"potentialAction":[{"@type":"SearchAction","target":{"@type":"EntryPoint","urlTemplate":"https:\/\/trendsandvision.nl\/de\/?s={search_term_string}"},"query-input":{"@type":"PropertyValueSpecification","valueRequired":true,"valueName":"search_term_string"}}],"inLanguage":"de"},{"@type":"Organization","@id":"https:\/\/trendsandvision.nl\/de\/#organization","name":"Trends &amp; Vision (DE)","url":"https:\/\/trendsandvision.nl\/de\/","logo":{"@type":"ImageObject","inLanguage":"de","@id":"https:\/\/trendsandvision.nl\/de\/#\/schema\/logo\/image\/","url":"https:\/\/trendsandvision.nl\/de\/wp-content\/uploads\/sites\/3\/2022\/04\/trends-and-vision-logo.jpg","contentUrl":"https:\/\/trendsandvision.nl\/de\/wp-content\/uploads\/sites\/3\/2022\/04\/trends-and-vision-logo.jpg","width":213,"height":100,"caption":"Trends &amp; Vision (DE)"},"image":{"@id":"https:\/\/trendsandvision.nl\/de\/#\/schema\/logo\/image\/"}}]}},"_links":{"self":[{"href":"https:\/\/trendsandvision.nl\/de\/wp-json\/wp\/v2\/product\/10929","targetHints":{"allow":["GET"]}}],"collection":[{"href":"https:\/\/trendsandvision.nl\/de\/wp-json\/wp\/v2\/product"}],"about":[{"href":"https:\/\/trendsandvision.nl\/de\/wp-json\/wp\/v2\/types\/product"}],"wp:featuredmedia":[{"embeddable":true,"href":"https:\/\/trendsandvision.nl\/de\/wp-json\/wp\/v2\/media\/10930"}],"wp:attachment":[{"href":"https:\/\/trendsandvision.nl\/de\/wp-json\/wp\/v2\/media?parent=10929"}],"wp:term":[{"taxonomy":"product_brand","embeddable":true,"href":"https:\/\/trendsandvision.nl\/de\/wp-json\/wp\/v2\/product_brand?post=10929"},{"taxonomy":"product_cat","embeddable":true,"href":"https:\/\/trendsandvision.nl\/de\/wp-json\/wp\/v2\/product_cat?post=10929"},{"taxonomy":"product_tag","embeddable":true,"href":"https:\/\/trendsandvision.nl\/de\/wp-json\/wp\/v2\/product_tag?post=10929"}],"curies":[{"name":"wp","href":"https:\/\/api.w.org\/{rel}","templated":true}]}}