{"id":10886,"date":"2023-08-01T10:34:18","date_gmt":"2023-08-01T08:34:18","guid":{"rendered":"https:\/\/trendsandvision.nl\/de\/product\/esschert-design-windrad-kohlmeise\/"},"modified":"2026-04-07T10:38:18","modified_gmt":"2026-04-07T08:38:18","slug":"esschert-design-windrad-kohlmeise","status":"publish","type":"product","link":"https:\/\/trendsandvision.nl\/de\/product\/esschert-design-windrad-kohlmeise\/","title":{"rendered":"Esschert Design Windrad Kohlmeise"},"content":{"rendered":"<p>Dieses fr\u00f6hliche Windrat in Form einer Kohlmeise ist toll f\u00fcr Kinder, um dem Wind zuzuschauen und macht es ihnen leicht, etwas \u00fcber Windenergie zu lernen.<br \/>\nDas Windrat ist mit einem Stock ausgestattet und kann daher einfach in den Garten gestellt werden. <\/p>\n<p>Artikelname: Windrat Kohlmeise<br \/>\nArtikelnummer KG300<br \/>\nProduktgruppe(n) Kinder, Sonstiges<br \/>\nProduktabmessungen in cm L 38 x T 9,2 x H 93<br \/>\nMaterial Nylon, Glasfaser, PP<br \/>\nBruttogewicht 0,092 kg<br \/>\nNettogewicht 0,084 kg<br \/>\nBarcode 8714982250507<br \/>\nmit CE-Kennzeichnung Ja<\/p>\n","protected":false},"excerpt":{"rendered":"<p>L 38 x T 9,2 x H 93 cm<br \/>\nMaterial Nylon, Glasfaser, PP<br \/>\nBruttogewicht 0,092 kg<br \/>\nNettogewicht 0,084 kg<br \/>\nBarcode 8714982250507<br \/>\nmit CE-Kennzeichnung Ja<\/p>\n","protected":false},"featured_media":10887,"template":"","meta":[],"product_brand":[9597,9598],"product_cat":[3056],"product_tag":[6784,8731],"class_list":{"0":"post-10886","1":"product","2":"type-product","3":"status-publish","4":"has-post-thumbnail","6":"product_brand-esschert-design","7":"product_brand-trends-and-vision","8":"product_cat-kids-in-the-garden","9":"product_tag-kohlmeise","10":"product_tag-windraeder","11":"pa_anbieter-esschert-design","12":"pa_ean-code-5951","13":"pa_messungen-38-0x9-2x93-0-cm","15":"first","16":"instock","17":"sale","18":"taxable","19":"shipping-taxable","20":"purchasable","21":"product-type-simple","22":"czr-hentry"},"yoast_head":"<!-- This site is optimized with the Yoast SEO Premium plugin v26.4 (Yoast SEO v27.3) - https:\/\/yoast.com\/product\/yoast-seo-premium-wordpress\/ -->\n<title>Esschert Design Windrad Kohlmeise (KG300 8714982250507)<\/title>\n<meta name=\"description\" content=\"Esschert Design Windrad Kohlmeise - Dieses fr\u00f6hliche Windrat in Form einer Kohlmeise ist toll f\u00fcr Kinder, um dem Wind zuzuschauen und ma...\" \/>\n<meta name=\"robots\" content=\"index, follow, max-snippet:-1, max-image-preview:large, max-video-preview:-1\" \/>\n<link rel=\"canonical\" href=\"https:\/\/trendsandvision.nl\/de\/product\/esschert-design-windrad-kohlmeise\/\" \/>\n<meta property=\"og:locale\" content=\"de_DE\" \/>\n<meta property=\"og:type\" content=\"article\" \/>\n<meta property=\"og:title\" content=\"Esschert Design Windrad Kohlmeise\" \/>\n<meta property=\"og:description\" content=\"Esschert Design Windrad Kohlmeise - Dieses fr\u00f6hliche Windrat in Form einer Kohlmeise ist toll f\u00fcr Kinder, um dem Wind zuzuschauen und ma...\" \/>\n<meta property=\"og:url\" content=\"https:\/\/trendsandvision.nl\/de\/product\/esschert-design-windrad-kohlmeise\/\" \/>\n<meta property=\"og:site_name\" content=\"Trends &amp; Vision (DE)\" \/>\n<meta property=\"article:modified_time\" content=\"2026-04-07T08:38:18+00:00\" \/>\n<meta property=\"og:image\" content=\"https:\/\/trendsandvision.nl\/de\/wp-content\/uploads\/sites\/3\/2023\/08\/KG300_01.jpg\" \/>\n\t<meta property=\"og:image:width\" content=\"800\" \/>\n\t<meta property=\"og:image:height\" content=\"800\" \/>\n\t<meta property=\"og:image:type\" content=\"image\/jpeg\" \/>\n<meta name=\"twitter:card\" content=\"summary_large_image\" \/>\n<meta name=\"twitter:label1\" content=\"Gesch\u00e4tzte Lesezeit\" \/>\n\t<meta name=\"twitter:data1\" content=\"1\u00a0Minute\" \/>\n<script type=\"application\/ld+json\" class=\"yoast-schema-graph\">{\"@context\":\"https:\\\/\\\/schema.org\",\"@graph\":[{\"@type\":\"WebPage\",\"@id\":\"https:\\\/\\\/trendsandvision.nl\\\/de\\\/product\\\/esschert-design-windrad-kohlmeise\\\/\",\"url\":\"https:\\\/\\\/trendsandvision.nl\\\/de\\\/product\\\/esschert-design-windrad-kohlmeise\\\/\",\"name\":\"Esschert Design Windrad Kohlmeise (KG300 8714982250507)\",\"isPartOf\":{\"@id\":\"https:\\\/\\\/trendsandvision.nl\\\/de\\\/#website\"},\"primaryImageOfPage\":{\"@id\":\"https:\\\/\\\/trendsandvision.nl\\\/de\\\/product\\\/esschert-design-windrad-kohlmeise\\\/#primaryimage\"},\"image\":{\"@id\":\"https:\\\/\\\/trendsandvision.nl\\\/de\\\/product\\\/esschert-design-windrad-kohlmeise\\\/#primaryimage\"},\"thumbnailUrl\":\"https:\\\/\\\/trendsandvision.nl\\\/de\\\/wp-content\\\/uploads\\\/sites\\\/3\\\/2023\\\/08\\\/KG300_01.jpg\",\"datePublished\":\"2023-08-01T08:34:18+00:00\",\"dateModified\":\"2026-04-07T08:38:18+00:00\",\"description\":\"Esschert Design Windrad Kohlmeise - Dieses fr\u00f6hliche Windrat in Form einer Kohlmeise ist toll f\u00fcr Kinder, um dem Wind zuzuschauen und ma...\",\"breadcrumb\":{\"@id\":\"https:\\\/\\\/trendsandvision.nl\\\/de\\\/product\\\/esschert-design-windrad-kohlmeise\\\/#breadcrumb\"},\"inLanguage\":\"de\",\"potentialAction\":[{\"@type\":\"ReadAction\",\"target\":[\"https:\\\/\\\/trendsandvision.nl\\\/de\\\/product\\\/esschert-design-windrad-kohlmeise\\\/\"]}]},{\"@type\":\"ImageObject\",\"inLanguage\":\"de\",\"@id\":\"https:\\\/\\\/trendsandvision.nl\\\/de\\\/product\\\/esschert-design-windrad-kohlmeise\\\/#primaryimage\",\"url\":\"https:\\\/\\\/trendsandvision.nl\\\/de\\\/wp-content\\\/uploads\\\/sites\\\/3\\\/2023\\\/08\\\/KG300_01.jpg\",\"contentUrl\":\"https:\\\/\\\/trendsandvision.nl\\\/de\\\/wp-content\\\/uploads\\\/sites\\\/3\\\/2023\\\/08\\\/KG300_01.jpg\",\"width\":800,\"height\":800,\"caption\":\"Esschert Design Windrad Kohlmeise (KG300 8714982250507) - 01\"},{\"@type\":\"BreadcrumbList\",\"@id\":\"https:\\\/\\\/trendsandvision.nl\\\/de\\\/product\\\/esschert-design-windrad-kohlmeise\\\/#breadcrumb\",\"itemListElement\":[{\"@type\":\"ListItem\",\"position\":1,\"name\":\"Home\",\"item\":\"https:\\\/\\\/trendsandvision.nl\\\/de\\\/\"},{\"@type\":\"ListItem\",\"position\":2,\"name\":\"Gesch\u00e4ft\",\"item\":\"https:\\\/\\\/trendsandvision.nl\\\/de\\\/geschaft\\\/\"},{\"@type\":\"ListItem\",\"position\":3,\"name\":\"Esschert Design Windrad Kohlmeise\"}]},{\"@type\":\"WebSite\",\"@id\":\"https:\\\/\\\/trendsandvision.nl\\\/de\\\/#website\",\"url\":\"https:\\\/\\\/trendsandvision.nl\\\/de\\\/\",\"name\":\"Trends &amp; Vision (DE)\",\"description\":\"Der Webshop f\u00fcr Esschert Design Artikel\",\"publisher\":{\"@id\":\"https:\\\/\\\/trendsandvision.nl\\\/de\\\/#organization\"},\"potentialAction\":[{\"@type\":\"SearchAction\",\"target\":{\"@type\":\"EntryPoint\",\"urlTemplate\":\"https:\\\/\\\/trendsandvision.nl\\\/de\\\/?s={search_term_string}\"},\"query-input\":{\"@type\":\"PropertyValueSpecification\",\"valueRequired\":true,\"valueName\":\"search_term_string\"}}],\"inLanguage\":\"de\"},{\"@type\":\"Organization\",\"@id\":\"https:\\\/\\\/trendsandvision.nl\\\/de\\\/#organization\",\"name\":\"Trends &amp; Vision (DE)\",\"url\":\"https:\\\/\\\/trendsandvision.nl\\\/de\\\/\",\"logo\":{\"@type\":\"ImageObject\",\"inLanguage\":\"de\",\"@id\":\"https:\\\/\\\/trendsandvision.nl\\\/de\\\/#\\\/schema\\\/logo\\\/image\\\/\",\"url\":\"https:\\\/\\\/trendsandvision.nl\\\/de\\\/wp-content\\\/uploads\\\/sites\\\/3\\\/2022\\\/04\\\/trends-and-vision-logo.jpg\",\"contentUrl\":\"https:\\\/\\\/trendsandvision.nl\\\/de\\\/wp-content\\\/uploads\\\/sites\\\/3\\\/2022\\\/04\\\/trends-and-vision-logo.jpg\",\"width\":213,\"height\":100,\"caption\":\"Trends &amp; Vision (DE)\"},\"image\":{\"@id\":\"https:\\\/\\\/trendsandvision.nl\\\/de\\\/#\\\/schema\\\/logo\\\/image\\\/\"}}]}<\/script>\n<!-- \/ Yoast SEO Premium plugin. -->","yoast_head_json":{"title":"Esschert Design Windrad Kohlmeise (KG300 8714982250507)","description":"Esschert Design Windrad Kohlmeise - Dieses fr\u00f6hliche Windrat in Form einer Kohlmeise ist toll f\u00fcr Kinder, um dem Wind zuzuschauen und ma...","robots":{"index":"index","follow":"follow","max-snippet":"max-snippet:-1","max-image-preview":"max-image-preview:large","max-video-preview":"max-video-preview:-1"},"canonical":"https:\/\/trendsandvision.nl\/de\/product\/esschert-design-windrad-kohlmeise\/","og_locale":"de_DE","og_type":"article","og_title":"Esschert Design Windrad Kohlmeise","og_description":"Esschert Design Windrad Kohlmeise - Dieses fr\u00f6hliche Windrat in Form einer Kohlmeise ist toll f\u00fcr Kinder, um dem Wind zuzuschauen und ma...","og_url":"https:\/\/trendsandvision.nl\/de\/product\/esschert-design-windrad-kohlmeise\/","og_site_name":"Trends &amp; Vision (DE)","article_modified_time":"2026-04-07T08:38:18+00:00","og_image":[{"width":800,"height":800,"url":"https:\/\/trendsandvision.nl\/de\/wp-content\/uploads\/sites\/3\/2023\/08\/KG300_01.jpg","type":"image\/jpeg"}],"twitter_card":"summary_large_image","twitter_misc":{"Gesch\u00e4tzte Lesezeit":"1\u00a0Minute"},"schema":{"@context":"https:\/\/schema.org","@graph":[{"@type":"WebPage","@id":"https:\/\/trendsandvision.nl\/de\/product\/esschert-design-windrad-kohlmeise\/","url":"https:\/\/trendsandvision.nl\/de\/product\/esschert-design-windrad-kohlmeise\/","name":"Esschert Design Windrad Kohlmeise (KG300 8714982250507)","isPartOf":{"@id":"https:\/\/trendsandvision.nl\/de\/#website"},"primaryImageOfPage":{"@id":"https:\/\/trendsandvision.nl\/de\/product\/esschert-design-windrad-kohlmeise\/#primaryimage"},"image":{"@id":"https:\/\/trendsandvision.nl\/de\/product\/esschert-design-windrad-kohlmeise\/#primaryimage"},"thumbnailUrl":"https:\/\/trendsandvision.nl\/de\/wp-content\/uploads\/sites\/3\/2023\/08\/KG300_01.jpg","datePublished":"2023-08-01T08:34:18+00:00","dateModified":"2026-04-07T08:38:18+00:00","description":"Esschert Design Windrad Kohlmeise - Dieses fr\u00f6hliche Windrat in Form einer Kohlmeise ist toll f\u00fcr Kinder, um dem Wind zuzuschauen und ma...","breadcrumb":{"@id":"https:\/\/trendsandvision.nl\/de\/product\/esschert-design-windrad-kohlmeise\/#breadcrumb"},"inLanguage":"de","potentialAction":[{"@type":"ReadAction","target":["https:\/\/trendsandvision.nl\/de\/product\/esschert-design-windrad-kohlmeise\/"]}]},{"@type":"ImageObject","inLanguage":"de","@id":"https:\/\/trendsandvision.nl\/de\/product\/esschert-design-windrad-kohlmeise\/#primaryimage","url":"https:\/\/trendsandvision.nl\/de\/wp-content\/uploads\/sites\/3\/2023\/08\/KG300_01.jpg","contentUrl":"https:\/\/trendsandvision.nl\/de\/wp-content\/uploads\/sites\/3\/2023\/08\/KG300_01.jpg","width":800,"height":800,"caption":"Esschert Design Windrad Kohlmeise (KG300 8714982250507) - 01"},{"@type":"BreadcrumbList","@id":"https:\/\/trendsandvision.nl\/de\/product\/esschert-design-windrad-kohlmeise\/#breadcrumb","itemListElement":[{"@type":"ListItem","position":1,"name":"Home","item":"https:\/\/trendsandvision.nl\/de\/"},{"@type":"ListItem","position":2,"name":"Gesch\u00e4ft","item":"https:\/\/trendsandvision.nl\/de\/geschaft\/"},{"@type":"ListItem","position":3,"name":"Esschert Design Windrad Kohlmeise"}]},{"@type":"WebSite","@id":"https:\/\/trendsandvision.nl\/de\/#website","url":"https:\/\/trendsandvision.nl\/de\/","name":"Trends &amp; Vision (DE)","description":"Der Webshop f\u00fcr Esschert Design Artikel","publisher":{"@id":"https:\/\/trendsandvision.nl\/de\/#organization"},"potentialAction":[{"@type":"SearchAction","target":{"@type":"EntryPoint","urlTemplate":"https:\/\/trendsandvision.nl\/de\/?s={search_term_string}"},"query-input":{"@type":"PropertyValueSpecification","valueRequired":true,"valueName":"search_term_string"}}],"inLanguage":"de"},{"@type":"Organization","@id":"https:\/\/trendsandvision.nl\/de\/#organization","name":"Trends &amp; Vision (DE)","url":"https:\/\/trendsandvision.nl\/de\/","logo":{"@type":"ImageObject","inLanguage":"de","@id":"https:\/\/trendsandvision.nl\/de\/#\/schema\/logo\/image\/","url":"https:\/\/trendsandvision.nl\/de\/wp-content\/uploads\/sites\/3\/2022\/04\/trends-and-vision-logo.jpg","contentUrl":"https:\/\/trendsandvision.nl\/de\/wp-content\/uploads\/sites\/3\/2022\/04\/trends-and-vision-logo.jpg","width":213,"height":100,"caption":"Trends &amp; Vision (DE)"},"image":{"@id":"https:\/\/trendsandvision.nl\/de\/#\/schema\/logo\/image\/"}}]}},"_links":{"self":[{"href":"https:\/\/trendsandvision.nl\/de\/wp-json\/wp\/v2\/product\/10886","targetHints":{"allow":["GET"]}}],"collection":[{"href":"https:\/\/trendsandvision.nl\/de\/wp-json\/wp\/v2\/product"}],"about":[{"href":"https:\/\/trendsandvision.nl\/de\/wp-json\/wp\/v2\/types\/product"}],"wp:featuredmedia":[{"embeddable":true,"href":"https:\/\/trendsandvision.nl\/de\/wp-json\/wp\/v2\/media\/10887"}],"wp:attachment":[{"href":"https:\/\/trendsandvision.nl\/de\/wp-json\/wp\/v2\/media?parent=10886"}],"wp:term":[{"taxonomy":"product_brand","embeddable":true,"href":"https:\/\/trendsandvision.nl\/de\/wp-json\/wp\/v2\/product_brand?post=10886"},{"taxonomy":"product_cat","embeddable":true,"href":"https:\/\/trendsandvision.nl\/de\/wp-json\/wp\/v2\/product_cat?post=10886"},{"taxonomy":"product_tag","embeddable":true,"href":"https:\/\/trendsandvision.nl\/de\/wp-json\/wp\/v2\/product_tag?post=10886"}],"curies":[{"name":"wp","href":"https:\/\/api.w.org\/{rel}","templated":true}]}}