{"id":10824,"date":"2023-08-01T10:33:21","date_gmt":"2023-08-01T08:33:21","guid":{"rendered":"https:\/\/trendsandvision.nl\/de\/product\/esschert-design-edelstahl-multitool-hammer-beil\/"},"modified":"2026-04-07T10:34:07","modified_gmt":"2026-04-07T08:34:07","slug":"esschert-design-edelstahl-multitool-hammer-beil","status":"publish","type":"product","link":"https:\/\/trendsandvision.nl\/de\/product\/esschert-design-edelstahl-multitool-hammer-beil\/","title":{"rendered":"Esschert Design Edelstahl Multitool Hammer\/ Beil"},"content":{"rendered":"<p>M\u00f6chten Sie alle Werkzeuge auf einmal zur Hand haben?<br \/>\nDieser kompakte Multitool-Hammer ist ein handliches Werkzeug, das f\u00fcr Arbeiten in und um Haus und Garten verwendet werden kann.<br \/>\nDieser kompakte Hammer hat nicht weniger als 9 Werkzeuge, n\u00e4mlich einen Schlitzschraubendreher, eine S\u00e4ge, einen Flaschen\u00f6ffner, einen Hammer, eine Zange, eine Axt, einen Kreuzschlitzschraubendreher, ein Taschenmesser und eine Feile.<br \/>\nSie k\u00f6nnen ganz einfach zwischen den verschiedenen Tools wechseln.<br \/>\nDer Multitool-Hammer besteht aus robustem Edelstahl in Kombination mit europ\u00e4ischem Eschenholz.<br \/>\nDank seiner kompakten Gr\u00f6\u00dfe ist der Hammer einfach zu handhaben.<\/p>\n<p>&#8211;<strong> hat 9 Funktionen <\/strong><br \/>\n&#8211; verpackt in einer sch\u00f6nen Geschenkbox<\/p>\n<p>Artikelname Multitool-Hammer<br \/>\nArtikelnummer GT315<br \/>\nProduktgruppe(n) Garten&amp;Terrasse, Gartenger\u00e4te, Handwerkzeuge<br \/>\nProduktabmessungen in cm L 7,6 x T 2,2 x H 14,6<br \/>\nMaterial Edelstahl, Eschenholz<br \/>\nBruttogewicht 0,309 kg<br \/>\nNettogewicht 0,281 kg<br \/>\nBarcode 8714982249594<\/p>\n","protected":false},"excerpt":{"rendered":"<p>&#8211; L 7,6 x T 2,2 x H 14,6<br \/>\n&#8211; Material Edelstahl, Eschenholz<br \/>\n&#8211; Nettogewicht 0,281 kg<br \/>\n&#8211; Barcode 8714982249594<br \/>\n&#8211; Hat 9 Funktionen<br \/>\n&#8211; Verpackt in einer sch\u00f6nen Geschenkbox<br \/>\n&#8211; Eschenholz<br \/>\n&#8211; Edelstahl<\/p>\n","protected":false},"featured_media":12165,"template":"","meta":[],"product_brand":[9597,9598],"product_cat":[751],"product_tag":[6950,6755,8743,9401,8287,9400,9402],"class_list":{"0":"post-10824","1":"product","2":"type-product","3":"status-publish","4":"has-post-thumbnail","6":"product_brand-esschert-design","7":"product_brand-trends-and-vision","8":"product_cat-garden-tools","9":"product_tag-edelstahl","10":"product_tag-gartengeraete","11":"product_tag-hammer","12":"product_tag-krisenvorsorge","13":"product_tag-multitool","14":"product_tag-notfallvorsorge","15":"product_tag-notpaket","16":"pa_anbieter-esschert-design","17":"pa_ean-code-5921","18":"pa_messungen-76x22x146-cm","20":"first","21":"outofstock","22":"sale","23":"taxable","24":"shipping-taxable","25":"purchasable","26":"product-type-simple","27":"czr-hentry"},"yoast_head":"<!-- This site is optimized with the Yoast SEO Premium plugin v26.4 (Yoast SEO v27.4) - https:\/\/yoast.com\/product\/yoast-seo-premium-wordpress\/ -->\n<title>Esschert Design Edelstahl Multitool Hammer\/ Beil (GT315 8714982249594)<\/title>\n<meta name=\"description\" content=\"Esschert Design Edelstahl Multitool Hammer\/ Beil - M\u00f6chten Sie alle Werkzeuge auf einmal zur Hand haben? Dieser kompakte Multitool-Hammer ist ein handl...\" \/>\n<meta name=\"robots\" content=\"index, follow, max-snippet:-1, max-image-preview:large, max-video-preview:-1\" \/>\n<link rel=\"canonical\" href=\"https:\/\/trendsandvision.nl\/de\/product\/esschert-design-edelstahl-multitool-hammer-beil\/\" \/>\n<meta property=\"og:locale\" content=\"de_DE\" \/>\n<meta property=\"og:type\" content=\"article\" \/>\n<meta property=\"og:title\" content=\"Esschert Design Edelstahl Multitool Hammer\/ Beil\" \/>\n<meta property=\"og:description\" content=\"Esschert Design Edelstahl Multitool Hammer\/ Beil - M\u00f6chten Sie alle Werkzeuge auf einmal zur Hand haben? Dieser kompakte Multitool-Hammer ist ein handl...\" \/>\n<meta property=\"og:url\" content=\"https:\/\/trendsandvision.nl\/de\/product\/esschert-design-edelstahl-multitool-hammer-beil\/\" \/>\n<meta property=\"og:site_name\" content=\"Trends &amp; Vision (DE)\" \/>\n<meta property=\"article:modified_time\" content=\"2026-04-07T08:34:07+00:00\" \/>\n<meta property=\"og:image\" content=\"https:\/\/trendsandvision.nl\/de\/wp-content\/uploads\/sites\/3\/2024\/07\/GT315_01.jpg\" \/>\n\t<meta property=\"og:image:width\" content=\"800\" \/>\n\t<meta property=\"og:image:height\" content=\"800\" \/>\n\t<meta property=\"og:image:type\" content=\"image\/jpeg\" \/>\n<meta name=\"twitter:card\" content=\"summary_large_image\" \/>\n<meta name=\"twitter:label1\" content=\"Gesch\u00e4tzte Lesezeit\" \/>\n\t<meta name=\"twitter:data1\" content=\"1\u00a0Minute\" \/>\n<script type=\"application\/ld+json\" class=\"yoast-schema-graph\">{\"@context\":\"https:\\\/\\\/schema.org\",\"@graph\":[{\"@type\":\"WebPage\",\"@id\":\"https:\\\/\\\/trendsandvision.nl\\\/de\\\/product\\\/esschert-design-edelstahl-multitool-hammer-beil\\\/\",\"url\":\"https:\\\/\\\/trendsandvision.nl\\\/de\\\/product\\\/esschert-design-edelstahl-multitool-hammer-beil\\\/\",\"name\":\"Esschert Design Edelstahl Multitool Hammer\\\/ Beil (GT315 8714982249594)\",\"isPartOf\":{\"@id\":\"https:\\\/\\\/trendsandvision.nl\\\/de\\\/#website\"},\"primaryImageOfPage\":{\"@id\":\"https:\\\/\\\/trendsandvision.nl\\\/de\\\/product\\\/esschert-design-edelstahl-multitool-hammer-beil\\\/#primaryimage\"},\"image\":{\"@id\":\"https:\\\/\\\/trendsandvision.nl\\\/de\\\/product\\\/esschert-design-edelstahl-multitool-hammer-beil\\\/#primaryimage\"},\"thumbnailUrl\":\"https:\\\/\\\/trendsandvision.nl\\\/de\\\/wp-content\\\/uploads\\\/sites\\\/3\\\/2024\\\/07\\\/GT315_01.jpg\",\"datePublished\":\"2023-08-01T08:33:21+00:00\",\"dateModified\":\"2026-04-07T08:34:07+00:00\",\"description\":\"Esschert Design Edelstahl Multitool Hammer\\\/ Beil - M\u00f6chten Sie alle Werkzeuge auf einmal zur Hand haben? Dieser kompakte Multitool-Hammer ist ein handl...\",\"breadcrumb\":{\"@id\":\"https:\\\/\\\/trendsandvision.nl\\\/de\\\/product\\\/esschert-design-edelstahl-multitool-hammer-beil\\\/#breadcrumb\"},\"inLanguage\":\"de\",\"potentialAction\":[{\"@type\":\"ReadAction\",\"target\":[\"https:\\\/\\\/trendsandvision.nl\\\/de\\\/product\\\/esschert-design-edelstahl-multitool-hammer-beil\\\/\"]}]},{\"@type\":\"ImageObject\",\"inLanguage\":\"de\",\"@id\":\"https:\\\/\\\/trendsandvision.nl\\\/de\\\/product\\\/esschert-design-edelstahl-multitool-hammer-beil\\\/#primaryimage\",\"url\":\"https:\\\/\\\/trendsandvision.nl\\\/de\\\/wp-content\\\/uploads\\\/sites\\\/3\\\/2024\\\/07\\\/GT315_01.jpg\",\"contentUrl\":\"https:\\\/\\\/trendsandvision.nl\\\/de\\\/wp-content\\\/uploads\\\/sites\\\/3\\\/2024\\\/07\\\/GT315_01.jpg\",\"width\":800,\"height\":800,\"caption\":\"Esschert Design GT315\"},{\"@type\":\"BreadcrumbList\",\"@id\":\"https:\\\/\\\/trendsandvision.nl\\\/de\\\/product\\\/esschert-design-edelstahl-multitool-hammer-beil\\\/#breadcrumb\",\"itemListElement\":[{\"@type\":\"ListItem\",\"position\":1,\"name\":\"Home\",\"item\":\"https:\\\/\\\/trendsandvision.nl\\\/de\\\/\"},{\"@type\":\"ListItem\",\"position\":2,\"name\":\"Gesch\u00e4ft\",\"item\":\"https:\\\/\\\/trendsandvision.nl\\\/de\\\/geschaft\\\/\"},{\"@type\":\"ListItem\",\"position\":3,\"name\":\"Esschert Design Edelstahl Multitool Hammer\\\/ Beil\"}]},{\"@type\":\"WebSite\",\"@id\":\"https:\\\/\\\/trendsandvision.nl\\\/de\\\/#website\",\"url\":\"https:\\\/\\\/trendsandvision.nl\\\/de\\\/\",\"name\":\"Trends &amp; Vision (DE)\",\"description\":\"Der Webshop f\u00fcr Esschert Design Artikel\",\"publisher\":{\"@id\":\"https:\\\/\\\/trendsandvision.nl\\\/de\\\/#organization\"},\"potentialAction\":[{\"@type\":\"SearchAction\",\"target\":{\"@type\":\"EntryPoint\",\"urlTemplate\":\"https:\\\/\\\/trendsandvision.nl\\\/de\\\/?s={search_term_string}\"},\"query-input\":{\"@type\":\"PropertyValueSpecification\",\"valueRequired\":true,\"valueName\":\"search_term_string\"}}],\"inLanguage\":\"de\"},{\"@type\":\"Organization\",\"@id\":\"https:\\\/\\\/trendsandvision.nl\\\/de\\\/#organization\",\"name\":\"Trends &amp; Vision (DE)\",\"url\":\"https:\\\/\\\/trendsandvision.nl\\\/de\\\/\",\"logo\":{\"@type\":\"ImageObject\",\"inLanguage\":\"de\",\"@id\":\"https:\\\/\\\/trendsandvision.nl\\\/de\\\/#\\\/schema\\\/logo\\\/image\\\/\",\"url\":\"https:\\\/\\\/trendsandvision.nl\\\/de\\\/wp-content\\\/uploads\\\/sites\\\/3\\\/2022\\\/04\\\/trends-and-vision-logo.jpg\",\"contentUrl\":\"https:\\\/\\\/trendsandvision.nl\\\/de\\\/wp-content\\\/uploads\\\/sites\\\/3\\\/2022\\\/04\\\/trends-and-vision-logo.jpg\",\"width\":213,\"height\":100,\"caption\":\"Trends &amp; Vision (DE)\"},\"image\":{\"@id\":\"https:\\\/\\\/trendsandvision.nl\\\/de\\\/#\\\/schema\\\/logo\\\/image\\\/\"}}]}<\/script>\n<!-- \/ Yoast SEO Premium plugin. -->","yoast_head_json":{"title":"Esschert Design Edelstahl Multitool Hammer\/ Beil (GT315 8714982249594)","description":"Esschert Design Edelstahl Multitool Hammer\/ Beil - M\u00f6chten Sie alle Werkzeuge auf einmal zur Hand haben? Dieser kompakte Multitool-Hammer ist ein handl...","robots":{"index":"index","follow":"follow","max-snippet":"max-snippet:-1","max-image-preview":"max-image-preview:large","max-video-preview":"max-video-preview:-1"},"canonical":"https:\/\/trendsandvision.nl\/de\/product\/esschert-design-edelstahl-multitool-hammer-beil\/","og_locale":"de_DE","og_type":"article","og_title":"Esschert Design Edelstahl Multitool Hammer\/ Beil","og_description":"Esschert Design Edelstahl Multitool Hammer\/ Beil - M\u00f6chten Sie alle Werkzeuge auf einmal zur Hand haben? Dieser kompakte Multitool-Hammer ist ein handl...","og_url":"https:\/\/trendsandvision.nl\/de\/product\/esschert-design-edelstahl-multitool-hammer-beil\/","og_site_name":"Trends &amp; Vision (DE)","article_modified_time":"2026-04-07T08:34:07+00:00","og_image":[{"width":800,"height":800,"url":"https:\/\/trendsandvision.nl\/de\/wp-content\/uploads\/sites\/3\/2024\/07\/GT315_01.jpg","type":"image\/jpeg"}],"twitter_card":"summary_large_image","twitter_misc":{"Gesch\u00e4tzte Lesezeit":"1\u00a0Minute"},"schema":{"@context":"https:\/\/schema.org","@graph":[{"@type":"WebPage","@id":"https:\/\/trendsandvision.nl\/de\/product\/esschert-design-edelstahl-multitool-hammer-beil\/","url":"https:\/\/trendsandvision.nl\/de\/product\/esschert-design-edelstahl-multitool-hammer-beil\/","name":"Esschert Design Edelstahl Multitool Hammer\/ Beil (GT315 8714982249594)","isPartOf":{"@id":"https:\/\/trendsandvision.nl\/de\/#website"},"primaryImageOfPage":{"@id":"https:\/\/trendsandvision.nl\/de\/product\/esschert-design-edelstahl-multitool-hammer-beil\/#primaryimage"},"image":{"@id":"https:\/\/trendsandvision.nl\/de\/product\/esschert-design-edelstahl-multitool-hammer-beil\/#primaryimage"},"thumbnailUrl":"https:\/\/trendsandvision.nl\/de\/wp-content\/uploads\/sites\/3\/2024\/07\/GT315_01.jpg","datePublished":"2023-08-01T08:33:21+00:00","dateModified":"2026-04-07T08:34:07+00:00","description":"Esschert Design Edelstahl Multitool Hammer\/ Beil - M\u00f6chten Sie alle Werkzeuge auf einmal zur Hand haben? Dieser kompakte Multitool-Hammer ist ein handl...","breadcrumb":{"@id":"https:\/\/trendsandvision.nl\/de\/product\/esschert-design-edelstahl-multitool-hammer-beil\/#breadcrumb"},"inLanguage":"de","potentialAction":[{"@type":"ReadAction","target":["https:\/\/trendsandvision.nl\/de\/product\/esschert-design-edelstahl-multitool-hammer-beil\/"]}]},{"@type":"ImageObject","inLanguage":"de","@id":"https:\/\/trendsandvision.nl\/de\/product\/esschert-design-edelstahl-multitool-hammer-beil\/#primaryimage","url":"https:\/\/trendsandvision.nl\/de\/wp-content\/uploads\/sites\/3\/2024\/07\/GT315_01.jpg","contentUrl":"https:\/\/trendsandvision.nl\/de\/wp-content\/uploads\/sites\/3\/2024\/07\/GT315_01.jpg","width":800,"height":800,"caption":"Esschert Design GT315"},{"@type":"BreadcrumbList","@id":"https:\/\/trendsandvision.nl\/de\/product\/esschert-design-edelstahl-multitool-hammer-beil\/#breadcrumb","itemListElement":[{"@type":"ListItem","position":1,"name":"Home","item":"https:\/\/trendsandvision.nl\/de\/"},{"@type":"ListItem","position":2,"name":"Gesch\u00e4ft","item":"https:\/\/trendsandvision.nl\/de\/geschaft\/"},{"@type":"ListItem","position":3,"name":"Esschert Design Edelstahl Multitool Hammer\/ Beil"}]},{"@type":"WebSite","@id":"https:\/\/trendsandvision.nl\/de\/#website","url":"https:\/\/trendsandvision.nl\/de\/","name":"Trends &amp; Vision (DE)","description":"Der Webshop f\u00fcr Esschert Design Artikel","publisher":{"@id":"https:\/\/trendsandvision.nl\/de\/#organization"},"potentialAction":[{"@type":"SearchAction","target":{"@type":"EntryPoint","urlTemplate":"https:\/\/trendsandvision.nl\/de\/?s={search_term_string}"},"query-input":{"@type":"PropertyValueSpecification","valueRequired":true,"valueName":"search_term_string"}}],"inLanguage":"de"},{"@type":"Organization","@id":"https:\/\/trendsandvision.nl\/de\/#organization","name":"Trends &amp; Vision (DE)","url":"https:\/\/trendsandvision.nl\/de\/","logo":{"@type":"ImageObject","inLanguage":"de","@id":"https:\/\/trendsandvision.nl\/de\/#\/schema\/logo\/image\/","url":"https:\/\/trendsandvision.nl\/de\/wp-content\/uploads\/sites\/3\/2022\/04\/trends-and-vision-logo.jpg","contentUrl":"https:\/\/trendsandvision.nl\/de\/wp-content\/uploads\/sites\/3\/2022\/04\/trends-and-vision-logo.jpg","width":213,"height":100,"caption":"Trends &amp; Vision (DE)"},"image":{"@id":"https:\/\/trendsandvision.nl\/de\/#\/schema\/logo\/image\/"}}]}},"_links":{"self":[{"href":"https:\/\/trendsandvision.nl\/de\/wp-json\/wp\/v2\/product\/10824","targetHints":{"allow":["GET"]}}],"collection":[{"href":"https:\/\/trendsandvision.nl\/de\/wp-json\/wp\/v2\/product"}],"about":[{"href":"https:\/\/trendsandvision.nl\/de\/wp-json\/wp\/v2\/types\/product"}],"wp:featuredmedia":[{"embeddable":true,"href":"https:\/\/trendsandvision.nl\/de\/wp-json\/wp\/v2\/media\/12165"}],"wp:attachment":[{"href":"https:\/\/trendsandvision.nl\/de\/wp-json\/wp\/v2\/media?parent=10824"}],"wp:term":[{"taxonomy":"product_brand","embeddable":true,"href":"https:\/\/trendsandvision.nl\/de\/wp-json\/wp\/v2\/product_brand?post=10824"},{"taxonomy":"product_cat","embeddable":true,"href":"https:\/\/trendsandvision.nl\/de\/wp-json\/wp\/v2\/product_cat?post=10824"},{"taxonomy":"product_tag","embeddable":true,"href":"https:\/\/trendsandvision.nl\/de\/wp-json\/wp\/v2\/product_tag?post=10824"}],"curies":[{"name":"wp","href":"https:\/\/api.w.org\/{rel}","templated":true}]}}