{"id":10771,"date":"2023-08-01T10:32:28","date_gmt":"2023-08-01T08:32:28","guid":{"rendered":"https:\/\/trendsandvision.nl\/de\/product\/esschert-design-grillanzuender-300-stueck\/"},"modified":"2026-04-07T10:31:33","modified_gmt":"2026-04-07T08:31:33","slug":"esschert-design-grillanzuender-300-stueck","status":"publish","type":"product","link":"https:\/\/trendsandvision.nl\/de\/product\/esschert-design-grillanzuender-300-stueck\/","title":{"rendered":"Esschert Design Grillanz\u00fcnder 300 St\u00fcck"},"content":{"rendered":"<p>Diese Grillanz\u00fcnder aus Holz und Wachs eignen sich zum sicheren Anz\u00fcnden von Grills, \u00d6fen und Herden.<br \/>\nDie Grillzunder bestehen zu 100% aus nachwachsenden Rohstoffen.<br \/>\nSparsam im Gebrauch eine lange Brenndauer und sicher in der Handhabung<\/p>\n<p>Artikelname: Grillanz\u00fcnder 300 St\u00fcck<br \/>\nArtikelnummer FF954<br \/>\nProduktgruppe(n) Feuer, Anmachholz<br \/>\nProduktabmessungen in cm L 28,1 x T 13,1 x H 44,4<br \/>\nMaterial Por\u00f6se Platten, Wachs<br \/>\nBruttogewicht 2,025 kg<br \/>\nNettogewicht 1,841 kg<br \/>\nBarcode 8714982256752<br \/>\nFSC\u00ae FSC Mix 70%<\/p>\n","protected":false},"excerpt":{"rendered":"<p>&#8211; L 28,1 x T 13,1 x H 44,4 cm<br \/>\n&#8211; Material Por\u00f6se Platten, Wachs<br \/>\n&#8211; Nettogewicht 1,841 kg<br \/>\n&#8211; Barcode 8714982256752<br \/>\n&#8211; FSC\u00ae FSC Mix 70%<br \/>\n&#8211; Sparsam im Gebrauch<br \/>\n&#8211; Lange Brenndauer<br \/>\n&#8211; Sicher in der Handhabung<\/p>\n","protected":false},"featured_media":10772,"template":"","meta":[],"product_brand":[9597,9598],"product_cat":[1124],"product_tag":[8754,7315,7391,8599,7316,9401,9400,9402,8023],"class_list":{"0":"post-10771","1":"product","2":"type-product","3":"status-publish","4":"has-post-thumbnail","6":"product_brand-esschert-design","7":"product_brand-trends-and-vision","8":"product_cat-fancy-flames","9":"product_tag-anzuenden","10":"product_tag-bbq","11":"product_tag-brennstoff","12":"product_tag-feuerzeuge","13":"product_tag-grill","14":"product_tag-krisenvorsorge","15":"product_tag-notfallvorsorge","16":"product_tag-notpaket","17":"product_tag-ofen","18":"pa_anbieter-esschert-design","19":"pa_ean-code-5894","20":"pa_messungen-29-0x48-0x6-5-cm","22":"first","23":"instock","24":"sale","25":"taxable","26":"shipping-taxable","27":"purchasable","28":"product-type-simple","29":"czr-hentry"},"yoast_head":"<!-- This site is optimized with the Yoast SEO Premium plugin v26.4 (Yoast SEO v27.3) - https:\/\/yoast.com\/product\/yoast-seo-premium-wordpress\/ -->\n<title>Esschert Design Grillanz\u00fcnder 300 St\u00fcck (FF954 8714982256752)<\/title>\n<meta name=\"description\" content=\"Esschert Design Grillanz\u00fcnder 300 St\u00fcck - Diese Grillanz\u00fcnder aus Holz und Wachs eignen sich zum sicheren Anz\u00fcnden von Grills, \u00d6fen und Herden...\" \/>\n<meta name=\"robots\" content=\"index, follow, max-snippet:-1, max-image-preview:large, max-video-preview:-1\" \/>\n<link rel=\"canonical\" href=\"https:\/\/trendsandvision.nl\/de\/product\/esschert-design-grillanzuender-300-stueck\/\" \/>\n<meta property=\"og:locale\" content=\"de_DE\" \/>\n<meta property=\"og:type\" content=\"article\" \/>\n<meta property=\"og:title\" content=\"Esschert Design Grillanz\u00fcnder 300 St\u00fcck\" \/>\n<meta property=\"og:description\" content=\"Esschert Design Grillanz\u00fcnder 300 St\u00fcck - Diese Grillanz\u00fcnder aus Holz und Wachs eignen sich zum sicheren Anz\u00fcnden von Grills, \u00d6fen und Herden...\" \/>\n<meta property=\"og:url\" content=\"https:\/\/trendsandvision.nl\/de\/product\/esschert-design-grillanzuender-300-stueck\/\" \/>\n<meta property=\"og:site_name\" content=\"Trends &amp; Vision (DE)\" \/>\n<meta property=\"article:modified_time\" content=\"2026-04-07T08:31:33+00:00\" \/>\n<meta property=\"og:image\" content=\"https:\/\/trendsandvision.nl\/de\/wp-content\/uploads\/sites\/3\/2023\/08\/FF954_01.jpg\" \/>\n\t<meta property=\"og:image:width\" content=\"800\" \/>\n\t<meta property=\"og:image:height\" content=\"800\" \/>\n\t<meta property=\"og:image:type\" content=\"image\/jpeg\" \/>\n<meta name=\"twitter:card\" content=\"summary_large_image\" \/>\n<meta name=\"twitter:label1\" content=\"Gesch\u00e4tzte Lesezeit\" \/>\n\t<meta name=\"twitter:data1\" content=\"1\u00a0Minute\" \/>\n<script type=\"application\/ld+json\" class=\"yoast-schema-graph\">{\"@context\":\"https:\\\/\\\/schema.org\",\"@graph\":[{\"@type\":\"WebPage\",\"@id\":\"https:\\\/\\\/trendsandvision.nl\\\/de\\\/product\\\/esschert-design-grillanzuender-300-stueck\\\/\",\"url\":\"https:\\\/\\\/trendsandvision.nl\\\/de\\\/product\\\/esschert-design-grillanzuender-300-stueck\\\/\",\"name\":\"Esschert Design Grillanz\u00fcnder 300 St\u00fcck (FF954 8714982256752)\",\"isPartOf\":{\"@id\":\"https:\\\/\\\/trendsandvision.nl\\\/de\\\/#website\"},\"primaryImageOfPage\":{\"@id\":\"https:\\\/\\\/trendsandvision.nl\\\/de\\\/product\\\/esschert-design-grillanzuender-300-stueck\\\/#primaryimage\"},\"image\":{\"@id\":\"https:\\\/\\\/trendsandvision.nl\\\/de\\\/product\\\/esschert-design-grillanzuender-300-stueck\\\/#primaryimage\"},\"thumbnailUrl\":\"https:\\\/\\\/trendsandvision.nl\\\/de\\\/wp-content\\\/uploads\\\/sites\\\/3\\\/2023\\\/08\\\/FF954_01.jpg\",\"datePublished\":\"2023-08-01T08:32:28+00:00\",\"dateModified\":\"2026-04-07T08:31:33+00:00\",\"description\":\"Esschert Design Grillanz\u00fcnder 300 St\u00fcck - Diese Grillanz\u00fcnder aus Holz und Wachs eignen sich zum sicheren Anz\u00fcnden von Grills, \u00d6fen und Herden...\",\"breadcrumb\":{\"@id\":\"https:\\\/\\\/trendsandvision.nl\\\/de\\\/product\\\/esschert-design-grillanzuender-300-stueck\\\/#breadcrumb\"},\"inLanguage\":\"de\",\"potentialAction\":[{\"@type\":\"ReadAction\",\"target\":[\"https:\\\/\\\/trendsandvision.nl\\\/de\\\/product\\\/esschert-design-grillanzuender-300-stueck\\\/\"]}]},{\"@type\":\"ImageObject\",\"inLanguage\":\"de\",\"@id\":\"https:\\\/\\\/trendsandvision.nl\\\/de\\\/product\\\/esschert-design-grillanzuender-300-stueck\\\/#primaryimage\",\"url\":\"https:\\\/\\\/trendsandvision.nl\\\/de\\\/wp-content\\\/uploads\\\/sites\\\/3\\\/2023\\\/08\\\/FF954_01.jpg\",\"contentUrl\":\"https:\\\/\\\/trendsandvision.nl\\\/de\\\/wp-content\\\/uploads\\\/sites\\\/3\\\/2023\\\/08\\\/FF954_01.jpg\",\"width\":800,\"height\":800,\"caption\":\"Esschert Design Grillanz\u00fcnder 300 St\u00fcck (FF954 8714982256752) - 01\"},{\"@type\":\"BreadcrumbList\",\"@id\":\"https:\\\/\\\/trendsandvision.nl\\\/de\\\/product\\\/esschert-design-grillanzuender-300-stueck\\\/#breadcrumb\",\"itemListElement\":[{\"@type\":\"ListItem\",\"position\":1,\"name\":\"Home\",\"item\":\"https:\\\/\\\/trendsandvision.nl\\\/de\\\/\"},{\"@type\":\"ListItem\",\"position\":2,\"name\":\"Gesch\u00e4ft\",\"item\":\"https:\\\/\\\/trendsandvision.nl\\\/de\\\/geschaft\\\/\"},{\"@type\":\"ListItem\",\"position\":3,\"name\":\"Esschert Design Grillanz\u00fcnder 300 St\u00fcck\"}]},{\"@type\":\"WebSite\",\"@id\":\"https:\\\/\\\/trendsandvision.nl\\\/de\\\/#website\",\"url\":\"https:\\\/\\\/trendsandvision.nl\\\/de\\\/\",\"name\":\"Trends &amp; Vision (DE)\",\"description\":\"Der Webshop f\u00fcr Esschert Design Artikel\",\"publisher\":{\"@id\":\"https:\\\/\\\/trendsandvision.nl\\\/de\\\/#organization\"},\"potentialAction\":[{\"@type\":\"SearchAction\",\"target\":{\"@type\":\"EntryPoint\",\"urlTemplate\":\"https:\\\/\\\/trendsandvision.nl\\\/de\\\/?s={search_term_string}\"},\"query-input\":{\"@type\":\"PropertyValueSpecification\",\"valueRequired\":true,\"valueName\":\"search_term_string\"}}],\"inLanguage\":\"de\"},{\"@type\":\"Organization\",\"@id\":\"https:\\\/\\\/trendsandvision.nl\\\/de\\\/#organization\",\"name\":\"Trends &amp; Vision (DE)\",\"url\":\"https:\\\/\\\/trendsandvision.nl\\\/de\\\/\",\"logo\":{\"@type\":\"ImageObject\",\"inLanguage\":\"de\",\"@id\":\"https:\\\/\\\/trendsandvision.nl\\\/de\\\/#\\\/schema\\\/logo\\\/image\\\/\",\"url\":\"https:\\\/\\\/trendsandvision.nl\\\/de\\\/wp-content\\\/uploads\\\/sites\\\/3\\\/2022\\\/04\\\/trends-and-vision-logo.jpg\",\"contentUrl\":\"https:\\\/\\\/trendsandvision.nl\\\/de\\\/wp-content\\\/uploads\\\/sites\\\/3\\\/2022\\\/04\\\/trends-and-vision-logo.jpg\",\"width\":213,\"height\":100,\"caption\":\"Trends &amp; Vision (DE)\"},\"image\":{\"@id\":\"https:\\\/\\\/trendsandvision.nl\\\/de\\\/#\\\/schema\\\/logo\\\/image\\\/\"}}]}<\/script>\n<!-- \/ Yoast SEO Premium plugin. -->","yoast_head_json":{"title":"Esschert Design Grillanz\u00fcnder 300 St\u00fcck (FF954 8714982256752)","description":"Esschert Design Grillanz\u00fcnder 300 St\u00fcck - Diese Grillanz\u00fcnder aus Holz und Wachs eignen sich zum sicheren Anz\u00fcnden von Grills, \u00d6fen und Herden...","robots":{"index":"index","follow":"follow","max-snippet":"max-snippet:-1","max-image-preview":"max-image-preview:large","max-video-preview":"max-video-preview:-1"},"canonical":"https:\/\/trendsandvision.nl\/de\/product\/esschert-design-grillanzuender-300-stueck\/","og_locale":"de_DE","og_type":"article","og_title":"Esschert Design Grillanz\u00fcnder 300 St\u00fcck","og_description":"Esschert Design Grillanz\u00fcnder 300 St\u00fcck - Diese Grillanz\u00fcnder aus Holz und Wachs eignen sich zum sicheren Anz\u00fcnden von Grills, \u00d6fen und Herden...","og_url":"https:\/\/trendsandvision.nl\/de\/product\/esschert-design-grillanzuender-300-stueck\/","og_site_name":"Trends &amp; Vision (DE)","article_modified_time":"2026-04-07T08:31:33+00:00","og_image":[{"width":800,"height":800,"url":"https:\/\/trendsandvision.nl\/de\/wp-content\/uploads\/sites\/3\/2023\/08\/FF954_01.jpg","type":"image\/jpeg"}],"twitter_card":"summary_large_image","twitter_misc":{"Gesch\u00e4tzte Lesezeit":"1\u00a0Minute"},"schema":{"@context":"https:\/\/schema.org","@graph":[{"@type":"WebPage","@id":"https:\/\/trendsandvision.nl\/de\/product\/esschert-design-grillanzuender-300-stueck\/","url":"https:\/\/trendsandvision.nl\/de\/product\/esschert-design-grillanzuender-300-stueck\/","name":"Esschert Design Grillanz\u00fcnder 300 St\u00fcck (FF954 8714982256752)","isPartOf":{"@id":"https:\/\/trendsandvision.nl\/de\/#website"},"primaryImageOfPage":{"@id":"https:\/\/trendsandvision.nl\/de\/product\/esschert-design-grillanzuender-300-stueck\/#primaryimage"},"image":{"@id":"https:\/\/trendsandvision.nl\/de\/product\/esschert-design-grillanzuender-300-stueck\/#primaryimage"},"thumbnailUrl":"https:\/\/trendsandvision.nl\/de\/wp-content\/uploads\/sites\/3\/2023\/08\/FF954_01.jpg","datePublished":"2023-08-01T08:32:28+00:00","dateModified":"2026-04-07T08:31:33+00:00","description":"Esschert Design Grillanz\u00fcnder 300 St\u00fcck - Diese Grillanz\u00fcnder aus Holz und Wachs eignen sich zum sicheren Anz\u00fcnden von Grills, \u00d6fen und Herden...","breadcrumb":{"@id":"https:\/\/trendsandvision.nl\/de\/product\/esschert-design-grillanzuender-300-stueck\/#breadcrumb"},"inLanguage":"de","potentialAction":[{"@type":"ReadAction","target":["https:\/\/trendsandvision.nl\/de\/product\/esschert-design-grillanzuender-300-stueck\/"]}]},{"@type":"ImageObject","inLanguage":"de","@id":"https:\/\/trendsandvision.nl\/de\/product\/esschert-design-grillanzuender-300-stueck\/#primaryimage","url":"https:\/\/trendsandvision.nl\/de\/wp-content\/uploads\/sites\/3\/2023\/08\/FF954_01.jpg","contentUrl":"https:\/\/trendsandvision.nl\/de\/wp-content\/uploads\/sites\/3\/2023\/08\/FF954_01.jpg","width":800,"height":800,"caption":"Esschert Design Grillanz\u00fcnder 300 St\u00fcck (FF954 8714982256752) - 01"},{"@type":"BreadcrumbList","@id":"https:\/\/trendsandvision.nl\/de\/product\/esschert-design-grillanzuender-300-stueck\/#breadcrumb","itemListElement":[{"@type":"ListItem","position":1,"name":"Home","item":"https:\/\/trendsandvision.nl\/de\/"},{"@type":"ListItem","position":2,"name":"Gesch\u00e4ft","item":"https:\/\/trendsandvision.nl\/de\/geschaft\/"},{"@type":"ListItem","position":3,"name":"Esschert Design Grillanz\u00fcnder 300 St\u00fcck"}]},{"@type":"WebSite","@id":"https:\/\/trendsandvision.nl\/de\/#website","url":"https:\/\/trendsandvision.nl\/de\/","name":"Trends &amp; Vision (DE)","description":"Der Webshop f\u00fcr Esschert Design Artikel","publisher":{"@id":"https:\/\/trendsandvision.nl\/de\/#organization"},"potentialAction":[{"@type":"SearchAction","target":{"@type":"EntryPoint","urlTemplate":"https:\/\/trendsandvision.nl\/de\/?s={search_term_string}"},"query-input":{"@type":"PropertyValueSpecification","valueRequired":true,"valueName":"search_term_string"}}],"inLanguage":"de"},{"@type":"Organization","@id":"https:\/\/trendsandvision.nl\/de\/#organization","name":"Trends &amp; Vision (DE)","url":"https:\/\/trendsandvision.nl\/de\/","logo":{"@type":"ImageObject","inLanguage":"de","@id":"https:\/\/trendsandvision.nl\/de\/#\/schema\/logo\/image\/","url":"https:\/\/trendsandvision.nl\/de\/wp-content\/uploads\/sites\/3\/2022\/04\/trends-and-vision-logo.jpg","contentUrl":"https:\/\/trendsandvision.nl\/de\/wp-content\/uploads\/sites\/3\/2022\/04\/trends-and-vision-logo.jpg","width":213,"height":100,"caption":"Trends &amp; Vision (DE)"},"image":{"@id":"https:\/\/trendsandvision.nl\/de\/#\/schema\/logo\/image\/"}}]}},"_links":{"self":[{"href":"https:\/\/trendsandvision.nl\/de\/wp-json\/wp\/v2\/product\/10771","targetHints":{"allow":["GET"]}}],"collection":[{"href":"https:\/\/trendsandvision.nl\/de\/wp-json\/wp\/v2\/product"}],"about":[{"href":"https:\/\/trendsandvision.nl\/de\/wp-json\/wp\/v2\/types\/product"}],"wp:featuredmedia":[{"embeddable":true,"href":"https:\/\/trendsandvision.nl\/de\/wp-json\/wp\/v2\/media\/10772"}],"wp:attachment":[{"href":"https:\/\/trendsandvision.nl\/de\/wp-json\/wp\/v2\/media?parent=10771"}],"wp:term":[{"taxonomy":"product_brand","embeddable":true,"href":"https:\/\/trendsandvision.nl\/de\/wp-json\/wp\/v2\/product_brand?post=10771"},{"taxonomy":"product_cat","embeddable":true,"href":"https:\/\/trendsandvision.nl\/de\/wp-json\/wp\/v2\/product_cat?post=10771"},{"taxonomy":"product_tag","embeddable":true,"href":"https:\/\/trendsandvision.nl\/de\/wp-json\/wp\/v2\/product_tag?post=10771"}],"curies":[{"name":"wp","href":"https:\/\/api.w.org\/{rel}","templated":true}]}}