{"id":10739,"date":"2023-08-01T10:31:58","date_gmt":"2023-08-01T08:31:58","guid":{"rendered":"https:\/\/trendsandvision.nl\/de\/product\/esschert-design-stabfeuerzeug-schwarz\/"},"modified":"2026-04-07T10:30:26","modified_gmt":"2026-04-07T08:30:26","slug":"esschert-design-stabfeuerzeug-flexibel-schwarz","status":"publish","type":"product","link":"https:\/\/trendsandvision.nl\/de\/product\/esschert-design-stabfeuerzeug-flexibel-schwarz\/","title":{"rendered":"Esschert Design Stabfeuerzeug Flexibel schwarz"},"content":{"rendered":"<p>Esschert Design langes schwarzes flexibles Feuerzeug:<\/p>\n<p>Das flexible Feuerzeug von Esschert ist ein leistungsstarkes und robustes Feuerzeug, das sich ideal f\u00fcr den Au\u00dfenbereich eignet. Dank der winddichten Flamme ist das Anz\u00fcnden beispielsweise eines gr\u00fcnen Erg-, Grill-, Feuerstellen- oder Unkrautbrenners auch bei starkem Wind kein Problem mehr. Dar\u00fcber hinaus l\u00e4sst sich die Lanze flexibel in alle Richtungen biegen, sodass auch schwer zug\u00e4ngliche Stellen problemlos erreicht werden k\u00f6nnen. Mit der einstellbaren Flammengr\u00f6\u00dfe bestimmen Sie selbst die St\u00e4rke der Flamme. Das Feuerzeug ist au\u00dferdem mit einer Kindersicherung ausgestattet, die f\u00fcr zus\u00e4tzliche Sicherheit bei der Verwendung sorgt. Dank der Aufh\u00e4ngehalterung l\u00e4sst sich das Feuerzeug zudem leicht verstauen. Mit diesem Feuerzeug haben Sie ein leistungsstarkes und vielseitiges Werkzeug f\u00fcr alle Ihre Outdoor-Aktivit\u00e4ten.<\/p>\n<p>&#8211; nachf\u00fcllbar<br \/>\n&#8211; Leistungsstarke, winddichte, verstellbare Flamme<br \/>\n&#8211; flexible Lanze in alle Richtungen biegbar<br \/>\n&#8211; Geeignet f\u00fcr den Au\u00dfenbereich wie Grills, Feuerstellen und Unkrautbrenner<br \/>\n&#8211; (Kinder-)Sperre f\u00fcr zus\u00e4tzliche Sicherheit<\/p>\n<p>Artikelname: Stabfeuerzeug schwarz<br \/>\nArtikelnummer FF589<br \/>\nProduktgruppe(n) Feuer, Zubeh\u00f6r, Anmachholz<br \/>\nProduktabmessungen in cm L 3,7 x T 2,5 x H 29<br \/>\nMaterial AS\/ABS, Stahl, 40-50% Isobutan, 40-50% Butan, 10-20% Propan<br \/>\nBruttogewicht 0,076 kg<br \/>\nNettogewicht 0,069 kg<br \/>\nBarcode 8714982255564<\/p>\n","protected":false},"excerpt":{"rendered":"<p>&#8211; nachf\u00fcllbar<br \/>\n&#8211; Leistungsstarke, winddichte, verstellbare Flamme<br \/>\n&#8211; flexible Lanze in alle Richtungen biegbar<br \/>\n&#8211; Geeignet f\u00fcr den Au\u00dfenbereich wie Grills, Feuerstellen und Unkrautbrenner<br \/>\n&#8211; (Kinder-)Sperre f\u00fcr zus\u00e4tzliche Sicherheit<br \/>\n&#8211; L 3,7 x T 2,5 x H 29<br \/>\n&#8211; Material AS\/ABS, Stahl, 40-50% Isobutan, 40-50% Butan, 10-20% Propan<br \/>\n&#8211; Nettogewicht 0,069 kg<br \/>\n&#8211; Barcode 8714982255564<\/p>\n","protected":false},"featured_media":10740,"template":"","meta":[],"product_brand":[9597,9598],"product_cat":[1124],"product_tag":[8754,7315,7391,8599,7526,7316,9401,9400,9402,8023],"class_list":{"0":"post-10739","1":"product","2":"type-product","3":"status-publish","4":"has-post-thumbnail","6":"product_brand-esschert-design","7":"product_brand-trends-and-vision","8":"product_cat-fancy-flames","9":"product_tag-anzuenden","10":"product_tag-bbq","11":"product_tag-brennstoff","12":"product_tag-feuerzeuge","13":"product_tag-flexibele-oberseite","14":"product_tag-grill","15":"product_tag-krisenvorsorge","16":"product_tag-notfallvorsorge","17":"product_tag-notpaket","18":"product_tag-ofen","19":"pa_anbieter-esschert-design","20":"pa_ean-code-5881","21":"pa_messungen-37x25x290-cm","23":"first","24":"instock","25":"sale","26":"taxable","27":"shipping-taxable","28":"purchasable","29":"product-type-simple","30":"czr-hentry"},"yoast_head":"<!-- This site is optimized with the Yoast SEO Premium plugin v26.4 (Yoast SEO v27.4) - https:\/\/yoast.com\/product\/yoast-seo-premium-wordpress\/ -->\n<title>Esschert Design Stabfeuerzeug schwarz (FF589 8714982255564)<\/title>\n<meta name=\"description\" content=\"Esschert Design Stabfeuerzeug schwarz - 0...\" \/>\n<meta name=\"robots\" content=\"index, follow, max-snippet:-1, max-image-preview:large, max-video-preview:-1\" \/>\n<link rel=\"canonical\" href=\"https:\/\/trendsandvision.nl\/de\/product\/esschert-design-stabfeuerzeug-flexibel-schwarz\/\" \/>\n<meta property=\"og:locale\" content=\"de_DE\" \/>\n<meta property=\"og:type\" content=\"article\" \/>\n<meta property=\"og:title\" content=\"Esschert Design Stabfeuerzeug Flexibel schwarz\" \/>\n<meta property=\"og:description\" content=\"Esschert Design Stabfeuerzeug schwarz - 0...\" \/>\n<meta property=\"og:url\" content=\"https:\/\/trendsandvision.nl\/de\/product\/esschert-design-stabfeuerzeug-flexibel-schwarz\/\" \/>\n<meta property=\"og:site_name\" content=\"Trends &amp; Vision (DE)\" \/>\n<meta property=\"article:modified_time\" content=\"2026-04-07T08:30:26+00:00\" \/>\n<meta property=\"og:image\" content=\"https:\/\/trendsandvision.nl\/de\/wp-content\/uploads\/sites\/3\/2023\/08\/FF589_01.jpg\" \/>\n\t<meta property=\"og:image:width\" content=\"800\" \/>\n\t<meta property=\"og:image:height\" content=\"800\" \/>\n\t<meta property=\"og:image:type\" content=\"image\/jpeg\" \/>\n<meta name=\"twitter:card\" content=\"summary_large_image\" \/>\n<meta name=\"twitter:label1\" content=\"Gesch\u00e4tzte Lesezeit\" \/>\n\t<meta name=\"twitter:data1\" content=\"2\u00a0Minuten\" \/>\n<script type=\"application\/ld+json\" class=\"yoast-schema-graph\">{\"@context\":\"https:\\\/\\\/schema.org\",\"@graph\":[{\"@type\":\"WebPage\",\"@id\":\"https:\\\/\\\/trendsandvision.nl\\\/de\\\/product\\\/esschert-design-stabfeuerzeug-flexibel-schwarz\\\/\",\"url\":\"https:\\\/\\\/trendsandvision.nl\\\/de\\\/product\\\/esschert-design-stabfeuerzeug-flexibel-schwarz\\\/\",\"name\":\"Esschert Design Stabfeuerzeug schwarz (FF589 8714982255564)\",\"isPartOf\":{\"@id\":\"https:\\\/\\\/trendsandvision.nl\\\/de\\\/#website\"},\"primaryImageOfPage\":{\"@id\":\"https:\\\/\\\/trendsandvision.nl\\\/de\\\/product\\\/esschert-design-stabfeuerzeug-flexibel-schwarz\\\/#primaryimage\"},\"image\":{\"@id\":\"https:\\\/\\\/trendsandvision.nl\\\/de\\\/product\\\/esschert-design-stabfeuerzeug-flexibel-schwarz\\\/#primaryimage\"},\"thumbnailUrl\":\"https:\\\/\\\/trendsandvision.nl\\\/de\\\/wp-content\\\/uploads\\\/sites\\\/3\\\/2023\\\/08\\\/FF589_01.jpg\",\"datePublished\":\"2023-08-01T08:31:58+00:00\",\"dateModified\":\"2026-04-07T08:30:26+00:00\",\"description\":\"Esschert Design Stabfeuerzeug schwarz - 0...\",\"breadcrumb\":{\"@id\":\"https:\\\/\\\/trendsandvision.nl\\\/de\\\/product\\\/esschert-design-stabfeuerzeug-flexibel-schwarz\\\/#breadcrumb\"},\"inLanguage\":\"de\",\"potentialAction\":[{\"@type\":\"ReadAction\",\"target\":[\"https:\\\/\\\/trendsandvision.nl\\\/de\\\/product\\\/esschert-design-stabfeuerzeug-flexibel-schwarz\\\/\"]}]},{\"@type\":\"ImageObject\",\"inLanguage\":\"de\",\"@id\":\"https:\\\/\\\/trendsandvision.nl\\\/de\\\/product\\\/esschert-design-stabfeuerzeug-flexibel-schwarz\\\/#primaryimage\",\"url\":\"https:\\\/\\\/trendsandvision.nl\\\/de\\\/wp-content\\\/uploads\\\/sites\\\/3\\\/2023\\\/08\\\/FF589_01.jpg\",\"contentUrl\":\"https:\\\/\\\/trendsandvision.nl\\\/de\\\/wp-content\\\/uploads\\\/sites\\\/3\\\/2023\\\/08\\\/FF589_01.jpg\",\"width\":800,\"height\":800,\"caption\":\"Esschert Design Stabfeuerzeug schwarz (FF589 8714982255564) - 01\"},{\"@type\":\"BreadcrumbList\",\"@id\":\"https:\\\/\\\/trendsandvision.nl\\\/de\\\/product\\\/esschert-design-stabfeuerzeug-flexibel-schwarz\\\/#breadcrumb\",\"itemListElement\":[{\"@type\":\"ListItem\",\"position\":1,\"name\":\"Home\",\"item\":\"https:\\\/\\\/trendsandvision.nl\\\/de\\\/\"},{\"@type\":\"ListItem\",\"position\":2,\"name\":\"Gesch\u00e4ft\",\"item\":\"https:\\\/\\\/trendsandvision.nl\\\/de\\\/geschaft\\\/\"},{\"@type\":\"ListItem\",\"position\":3,\"name\":\"Esschert Design Stabfeuerzeug Flexibel schwarz\"}]},{\"@type\":\"WebSite\",\"@id\":\"https:\\\/\\\/trendsandvision.nl\\\/de\\\/#website\",\"url\":\"https:\\\/\\\/trendsandvision.nl\\\/de\\\/\",\"name\":\"Trends &amp; Vision (DE)\",\"description\":\"Der Webshop f\u00fcr Esschert Design Artikel\",\"publisher\":{\"@id\":\"https:\\\/\\\/trendsandvision.nl\\\/de\\\/#organization\"},\"potentialAction\":[{\"@type\":\"SearchAction\",\"target\":{\"@type\":\"EntryPoint\",\"urlTemplate\":\"https:\\\/\\\/trendsandvision.nl\\\/de\\\/?s={search_term_string}\"},\"query-input\":{\"@type\":\"PropertyValueSpecification\",\"valueRequired\":true,\"valueName\":\"search_term_string\"}}],\"inLanguage\":\"de\"},{\"@type\":\"Organization\",\"@id\":\"https:\\\/\\\/trendsandvision.nl\\\/de\\\/#organization\",\"name\":\"Trends &amp; Vision (DE)\",\"url\":\"https:\\\/\\\/trendsandvision.nl\\\/de\\\/\",\"logo\":{\"@type\":\"ImageObject\",\"inLanguage\":\"de\",\"@id\":\"https:\\\/\\\/trendsandvision.nl\\\/de\\\/#\\\/schema\\\/logo\\\/image\\\/\",\"url\":\"https:\\\/\\\/trendsandvision.nl\\\/de\\\/wp-content\\\/uploads\\\/sites\\\/3\\\/2022\\\/04\\\/trends-and-vision-logo.jpg\",\"contentUrl\":\"https:\\\/\\\/trendsandvision.nl\\\/de\\\/wp-content\\\/uploads\\\/sites\\\/3\\\/2022\\\/04\\\/trends-and-vision-logo.jpg\",\"width\":213,\"height\":100,\"caption\":\"Trends &amp; Vision (DE)\"},\"image\":{\"@id\":\"https:\\\/\\\/trendsandvision.nl\\\/de\\\/#\\\/schema\\\/logo\\\/image\\\/\"}}]}<\/script>\n<!-- \/ Yoast SEO Premium plugin. -->","yoast_head_json":{"title":"Esschert Design Stabfeuerzeug schwarz (FF589 8714982255564)","description":"Esschert Design Stabfeuerzeug schwarz - 0...","robots":{"index":"index","follow":"follow","max-snippet":"max-snippet:-1","max-image-preview":"max-image-preview:large","max-video-preview":"max-video-preview:-1"},"canonical":"https:\/\/trendsandvision.nl\/de\/product\/esschert-design-stabfeuerzeug-flexibel-schwarz\/","og_locale":"de_DE","og_type":"article","og_title":"Esschert Design Stabfeuerzeug Flexibel schwarz","og_description":"Esschert Design Stabfeuerzeug schwarz - 0...","og_url":"https:\/\/trendsandvision.nl\/de\/product\/esschert-design-stabfeuerzeug-flexibel-schwarz\/","og_site_name":"Trends &amp; Vision (DE)","article_modified_time":"2026-04-07T08:30:26+00:00","og_image":[{"width":800,"height":800,"url":"https:\/\/trendsandvision.nl\/de\/wp-content\/uploads\/sites\/3\/2023\/08\/FF589_01.jpg","type":"image\/jpeg"}],"twitter_card":"summary_large_image","twitter_misc":{"Gesch\u00e4tzte Lesezeit":"2\u00a0Minuten"},"schema":{"@context":"https:\/\/schema.org","@graph":[{"@type":"WebPage","@id":"https:\/\/trendsandvision.nl\/de\/product\/esschert-design-stabfeuerzeug-flexibel-schwarz\/","url":"https:\/\/trendsandvision.nl\/de\/product\/esschert-design-stabfeuerzeug-flexibel-schwarz\/","name":"Esschert Design Stabfeuerzeug schwarz (FF589 8714982255564)","isPartOf":{"@id":"https:\/\/trendsandvision.nl\/de\/#website"},"primaryImageOfPage":{"@id":"https:\/\/trendsandvision.nl\/de\/product\/esschert-design-stabfeuerzeug-flexibel-schwarz\/#primaryimage"},"image":{"@id":"https:\/\/trendsandvision.nl\/de\/product\/esschert-design-stabfeuerzeug-flexibel-schwarz\/#primaryimage"},"thumbnailUrl":"https:\/\/trendsandvision.nl\/de\/wp-content\/uploads\/sites\/3\/2023\/08\/FF589_01.jpg","datePublished":"2023-08-01T08:31:58+00:00","dateModified":"2026-04-07T08:30:26+00:00","description":"Esschert Design Stabfeuerzeug schwarz - 0...","breadcrumb":{"@id":"https:\/\/trendsandvision.nl\/de\/product\/esschert-design-stabfeuerzeug-flexibel-schwarz\/#breadcrumb"},"inLanguage":"de","potentialAction":[{"@type":"ReadAction","target":["https:\/\/trendsandvision.nl\/de\/product\/esschert-design-stabfeuerzeug-flexibel-schwarz\/"]}]},{"@type":"ImageObject","inLanguage":"de","@id":"https:\/\/trendsandvision.nl\/de\/product\/esschert-design-stabfeuerzeug-flexibel-schwarz\/#primaryimage","url":"https:\/\/trendsandvision.nl\/de\/wp-content\/uploads\/sites\/3\/2023\/08\/FF589_01.jpg","contentUrl":"https:\/\/trendsandvision.nl\/de\/wp-content\/uploads\/sites\/3\/2023\/08\/FF589_01.jpg","width":800,"height":800,"caption":"Esschert Design Stabfeuerzeug schwarz (FF589 8714982255564) - 01"},{"@type":"BreadcrumbList","@id":"https:\/\/trendsandvision.nl\/de\/product\/esschert-design-stabfeuerzeug-flexibel-schwarz\/#breadcrumb","itemListElement":[{"@type":"ListItem","position":1,"name":"Home","item":"https:\/\/trendsandvision.nl\/de\/"},{"@type":"ListItem","position":2,"name":"Gesch\u00e4ft","item":"https:\/\/trendsandvision.nl\/de\/geschaft\/"},{"@type":"ListItem","position":3,"name":"Esschert Design Stabfeuerzeug Flexibel schwarz"}]},{"@type":"WebSite","@id":"https:\/\/trendsandvision.nl\/de\/#website","url":"https:\/\/trendsandvision.nl\/de\/","name":"Trends &amp; Vision (DE)","description":"Der Webshop f\u00fcr Esschert Design Artikel","publisher":{"@id":"https:\/\/trendsandvision.nl\/de\/#organization"},"potentialAction":[{"@type":"SearchAction","target":{"@type":"EntryPoint","urlTemplate":"https:\/\/trendsandvision.nl\/de\/?s={search_term_string}"},"query-input":{"@type":"PropertyValueSpecification","valueRequired":true,"valueName":"search_term_string"}}],"inLanguage":"de"},{"@type":"Organization","@id":"https:\/\/trendsandvision.nl\/de\/#organization","name":"Trends &amp; Vision (DE)","url":"https:\/\/trendsandvision.nl\/de\/","logo":{"@type":"ImageObject","inLanguage":"de","@id":"https:\/\/trendsandvision.nl\/de\/#\/schema\/logo\/image\/","url":"https:\/\/trendsandvision.nl\/de\/wp-content\/uploads\/sites\/3\/2022\/04\/trends-and-vision-logo.jpg","contentUrl":"https:\/\/trendsandvision.nl\/de\/wp-content\/uploads\/sites\/3\/2022\/04\/trends-and-vision-logo.jpg","width":213,"height":100,"caption":"Trends &amp; Vision (DE)"},"image":{"@id":"https:\/\/trendsandvision.nl\/de\/#\/schema\/logo\/image\/"}}]}},"_links":{"self":[{"href":"https:\/\/trendsandvision.nl\/de\/wp-json\/wp\/v2\/product\/10739","targetHints":{"allow":["GET"]}}],"collection":[{"href":"https:\/\/trendsandvision.nl\/de\/wp-json\/wp\/v2\/product"}],"about":[{"href":"https:\/\/trendsandvision.nl\/de\/wp-json\/wp\/v2\/types\/product"}],"wp:featuredmedia":[{"embeddable":true,"href":"https:\/\/trendsandvision.nl\/de\/wp-json\/wp\/v2\/media\/10740"}],"wp:attachment":[{"href":"https:\/\/trendsandvision.nl\/de\/wp-json\/wp\/v2\/media?parent=10739"}],"wp:term":[{"taxonomy":"product_brand","embeddable":true,"href":"https:\/\/trendsandvision.nl\/de\/wp-json\/wp\/v2\/product_brand?post=10739"},{"taxonomy":"product_cat","embeddable":true,"href":"https:\/\/trendsandvision.nl\/de\/wp-json\/wp\/v2\/product_cat?post=10739"},{"taxonomy":"product_tag","embeddable":true,"href":"https:\/\/trendsandvision.nl\/de\/wp-json\/wp\/v2\/product_tag?post=10739"}],"curies":[{"name":"wp","href":"https:\/\/api.w.org\/{rel}","templated":true}]}}