{"id":10718,"date":"2023-08-01T10:31:40","date_gmt":"2023-08-01T08:31:40","guid":{"rendered":"https:\/\/trendsandvision.nl\/de\/product\/esschert-design-holzlagerturm-mit-raedern-schwarz-l\/"},"modified":"2026-04-07T10:30:22","modified_gmt":"2026-04-07T08:30:22","slug":"esschert-design-holzlagerturm-mit-raedern-schwarz-l","status":"publish","type":"product","link":"https:\/\/trendsandvision.nl\/de\/product\/esschert-design-holzlagerturm-mit-raedern-schwarz-l\/","title":{"rendered":"Esschert Design Holzlagerturm mit R\u00e4dern schwarz L"},"content":{"rendered":"<p>Holzlagerturm mit R\u00e4dern schwarz L<br \/>\n80,2 x 40 x 148 cm trendigen Holzlager L mit R\u00e4dern in einer sch\u00f6nen schwarzen Farbe verleihen Sie Ihrem Garten Atmosph\u00e4re und haben einen fantastischen Lagerplatz f\u00fcr Ihr Holz. Der Holzspeicher l\u00e4sst sich problemlos mit unserem <a href=\"https:\/\/trendsandvision.nl\/de\/product\/esschert-design-terrassenofen-holzlager-schwarz-xl\/\">Terrassenofen FF522<\/a> kombinieren.<br \/>\nArtikelname: Holzlagerturm mit R\u00e4dern schwarz L<br \/>\nArtikelnummer FF574<br \/>\nProduktgruppe(n) Feuer, Holzlagerung<br \/>\nProduktabmessungen in cm L 80,2 x T 40 x H 148<br \/>\nMaterial Stahl, PP<br \/>\nNettogewicht 13,238 kg<br \/>\nBarcode 8714982249082<\/p>\n<p>l\u00e4sst sich gut mit <a href=\"https:\/\/trendsandvision.nl\/de\/product\/esschert-design-terrassenofen-holzlager-schwarz-xl\/\">Terrassenofen FF522<\/a> kombinieren<\/p>\n<p>Schauen Sie <a href=\"https:\/\/trendsandvision.de\/?s=Ofengetrocknet&amp;post_type=product&amp;dgwt_wcas=1\">hier nach all den ofengetrockneten Leckereien<\/a>, die bei uns zum Verkauf stehen.<\/p>\n","protected":false},"excerpt":{"rendered":"<p>&#8211; L 80,2 x T 40 x H 148<br \/>\n&#8211; Material Stahl, PP<br \/>\n&#8211; Nettogewicht 13,238 kg<br \/>\n&#8211; Barcode 8714982249082<\/p>\n<p>-l\u00e4sst sich gut mit <a href=\"https:\/\/trendsandvision.nl\/de\/product\/esschert-design-terrassenofen-holzlager-schwarz-xl\/\">Terrassenofen FF522<\/a> kombinieren<\/p>\n<p>-Schauen Sie <a href=\"https:\/\/trendsandvision.nl\/?s=ovengedr&amp;post_type=product&amp;dgwt_wcas=1\">hier nach all den ofengetrockneten Leckereien<\/a>, die bei uns zum Verkauf stehen.<\/p>\n","protected":false},"featured_media":10719,"template":"","meta":[],"product_brand":[9597,9598],"product_cat":[1124],"product_tag":[7316,8080,7303,8023,8605],"class_list":{"0":"post-10718","1":"product","2":"type-product","3":"status-publish","4":"has-post-thumbnail","6":"product_brand-esschert-design","7":"product_brand-trends-and-vision","8":"product_cat-fancy-flames","9":"product_tag-grill","10":"product_tag-holzlager","11":"product_tag-kamin","12":"product_tag-ofen","13":"product_tag-raedern","14":"pa_anbieter-esschert-design","15":"pa_ean-code-5871","16":"pa_messungen-80-2x400x1480-cm","18":"first","19":"instock","20":"sale","21":"taxable","22":"shipping-taxable","23":"purchasable","24":"product-type-simple","25":"czr-hentry"},"yoast_head":"<!-- This site is optimized with the Yoast SEO Premium plugin v26.4 (Yoast SEO v27.3) - https:\/\/yoast.com\/product\/yoast-seo-premium-wordpress\/ -->\n<title>Esschert Design Holzlagerturm mit R\u00e4dern schwarz L (FF574 8714982249082)<\/title>\n<meta name=\"description\" content=\"Esschert Design Holzlagerturm mit R\u00e4dern schwarz L - 0...\" \/>\n<meta name=\"robots\" content=\"index, follow, max-snippet:-1, max-image-preview:large, max-video-preview:-1\" \/>\n<link rel=\"canonical\" href=\"https:\/\/trendsandvision.nl\/de\/product\/esschert-design-holzlagerturm-mit-raedern-schwarz-l\/\" \/>\n<meta property=\"og:locale\" content=\"de_DE\" \/>\n<meta property=\"og:type\" content=\"article\" \/>\n<meta property=\"og:title\" content=\"Esschert Design Holzlagerturm mit R\u00e4dern schwarz L\" \/>\n<meta property=\"og:description\" content=\"Esschert Design Holzlagerturm mit R\u00e4dern schwarz L - 0...\" \/>\n<meta property=\"og:url\" content=\"https:\/\/trendsandvision.nl\/de\/product\/esschert-design-holzlagerturm-mit-raedern-schwarz-l\/\" \/>\n<meta property=\"og:site_name\" content=\"Trends &amp; Vision (DE)\" \/>\n<meta property=\"article:modified_time\" content=\"2026-04-07T08:30:22+00:00\" \/>\n<meta property=\"og:image\" content=\"https:\/\/trendsandvision.nl\/de\/wp-content\/uploads\/sites\/3\/2023\/08\/FF574_01.jpg\" \/>\n\t<meta property=\"og:image:width\" content=\"800\" \/>\n\t<meta property=\"og:image:height\" content=\"800\" \/>\n\t<meta property=\"og:image:type\" content=\"image\/jpeg\" \/>\n<meta name=\"twitter:card\" content=\"summary_large_image\" \/>\n<meta name=\"twitter:label1\" content=\"Gesch\u00e4tzte Lesezeit\" \/>\n\t<meta name=\"twitter:data1\" content=\"1\u00a0Minute\" \/>\n<script type=\"application\/ld+json\" class=\"yoast-schema-graph\">{\"@context\":\"https:\\\/\\\/schema.org\",\"@graph\":[{\"@type\":\"WebPage\",\"@id\":\"https:\\\/\\\/trendsandvision.nl\\\/de\\\/product\\\/esschert-design-holzlagerturm-mit-raedern-schwarz-l\\\/\",\"url\":\"https:\\\/\\\/trendsandvision.nl\\\/de\\\/product\\\/esschert-design-holzlagerturm-mit-raedern-schwarz-l\\\/\",\"name\":\"Esschert Design Holzlagerturm mit R\u00e4dern schwarz L (FF574 8714982249082)\",\"isPartOf\":{\"@id\":\"https:\\\/\\\/trendsandvision.nl\\\/de\\\/#website\"},\"primaryImageOfPage\":{\"@id\":\"https:\\\/\\\/trendsandvision.nl\\\/de\\\/product\\\/esschert-design-holzlagerturm-mit-raedern-schwarz-l\\\/#primaryimage\"},\"image\":{\"@id\":\"https:\\\/\\\/trendsandvision.nl\\\/de\\\/product\\\/esschert-design-holzlagerturm-mit-raedern-schwarz-l\\\/#primaryimage\"},\"thumbnailUrl\":\"https:\\\/\\\/trendsandvision.nl\\\/de\\\/wp-content\\\/uploads\\\/sites\\\/3\\\/2023\\\/08\\\/FF574_01.jpg\",\"datePublished\":\"2023-08-01T08:31:40+00:00\",\"dateModified\":\"2026-04-07T08:30:22+00:00\",\"description\":\"Esschert Design Holzlagerturm mit R\u00e4dern schwarz L - 0...\",\"breadcrumb\":{\"@id\":\"https:\\\/\\\/trendsandvision.nl\\\/de\\\/product\\\/esschert-design-holzlagerturm-mit-raedern-schwarz-l\\\/#breadcrumb\"},\"inLanguage\":\"de\",\"potentialAction\":[{\"@type\":\"ReadAction\",\"target\":[\"https:\\\/\\\/trendsandvision.nl\\\/de\\\/product\\\/esschert-design-holzlagerturm-mit-raedern-schwarz-l\\\/\"]}]},{\"@type\":\"ImageObject\",\"inLanguage\":\"de\",\"@id\":\"https:\\\/\\\/trendsandvision.nl\\\/de\\\/product\\\/esschert-design-holzlagerturm-mit-raedern-schwarz-l\\\/#primaryimage\",\"url\":\"https:\\\/\\\/trendsandvision.nl\\\/de\\\/wp-content\\\/uploads\\\/sites\\\/3\\\/2023\\\/08\\\/FF574_01.jpg\",\"contentUrl\":\"https:\\\/\\\/trendsandvision.nl\\\/de\\\/wp-content\\\/uploads\\\/sites\\\/3\\\/2023\\\/08\\\/FF574_01.jpg\",\"width\":800,\"height\":800,\"caption\":\"Esschert Design Holzlagerturm mit R\u00e4dern schwarz L (FF574 8714982249082) - 01\"},{\"@type\":\"BreadcrumbList\",\"@id\":\"https:\\\/\\\/trendsandvision.nl\\\/de\\\/product\\\/esschert-design-holzlagerturm-mit-raedern-schwarz-l\\\/#breadcrumb\",\"itemListElement\":[{\"@type\":\"ListItem\",\"position\":1,\"name\":\"Home\",\"item\":\"https:\\\/\\\/trendsandvision.nl\\\/de\\\/\"},{\"@type\":\"ListItem\",\"position\":2,\"name\":\"Gesch\u00e4ft\",\"item\":\"https:\\\/\\\/trendsandvision.nl\\\/de\\\/geschaft\\\/\"},{\"@type\":\"ListItem\",\"position\":3,\"name\":\"Esschert Design Holzlagerturm mit R\u00e4dern schwarz L\"}]},{\"@type\":\"WebSite\",\"@id\":\"https:\\\/\\\/trendsandvision.nl\\\/de\\\/#website\",\"url\":\"https:\\\/\\\/trendsandvision.nl\\\/de\\\/\",\"name\":\"Trends &amp; Vision (DE)\",\"description\":\"Der Webshop f\u00fcr Esschert Design Artikel\",\"publisher\":{\"@id\":\"https:\\\/\\\/trendsandvision.nl\\\/de\\\/#organization\"},\"potentialAction\":[{\"@type\":\"SearchAction\",\"target\":{\"@type\":\"EntryPoint\",\"urlTemplate\":\"https:\\\/\\\/trendsandvision.nl\\\/de\\\/?s={search_term_string}\"},\"query-input\":{\"@type\":\"PropertyValueSpecification\",\"valueRequired\":true,\"valueName\":\"search_term_string\"}}],\"inLanguage\":\"de\"},{\"@type\":\"Organization\",\"@id\":\"https:\\\/\\\/trendsandvision.nl\\\/de\\\/#organization\",\"name\":\"Trends &amp; Vision (DE)\",\"url\":\"https:\\\/\\\/trendsandvision.nl\\\/de\\\/\",\"logo\":{\"@type\":\"ImageObject\",\"inLanguage\":\"de\",\"@id\":\"https:\\\/\\\/trendsandvision.nl\\\/de\\\/#\\\/schema\\\/logo\\\/image\\\/\",\"url\":\"https:\\\/\\\/trendsandvision.nl\\\/de\\\/wp-content\\\/uploads\\\/sites\\\/3\\\/2022\\\/04\\\/trends-and-vision-logo.jpg\",\"contentUrl\":\"https:\\\/\\\/trendsandvision.nl\\\/de\\\/wp-content\\\/uploads\\\/sites\\\/3\\\/2022\\\/04\\\/trends-and-vision-logo.jpg\",\"width\":213,\"height\":100,\"caption\":\"Trends &amp; Vision (DE)\"},\"image\":{\"@id\":\"https:\\\/\\\/trendsandvision.nl\\\/de\\\/#\\\/schema\\\/logo\\\/image\\\/\"}}]}<\/script>\n<!-- \/ Yoast SEO Premium plugin. -->","yoast_head_json":{"title":"Esschert Design Holzlagerturm mit R\u00e4dern schwarz L (FF574 8714982249082)","description":"Esschert Design Holzlagerturm mit R\u00e4dern schwarz L - 0...","robots":{"index":"index","follow":"follow","max-snippet":"max-snippet:-1","max-image-preview":"max-image-preview:large","max-video-preview":"max-video-preview:-1"},"canonical":"https:\/\/trendsandvision.nl\/de\/product\/esschert-design-holzlagerturm-mit-raedern-schwarz-l\/","og_locale":"de_DE","og_type":"article","og_title":"Esschert Design Holzlagerturm mit R\u00e4dern schwarz L","og_description":"Esschert Design Holzlagerturm mit R\u00e4dern schwarz L - 0...","og_url":"https:\/\/trendsandvision.nl\/de\/product\/esschert-design-holzlagerturm-mit-raedern-schwarz-l\/","og_site_name":"Trends &amp; Vision (DE)","article_modified_time":"2026-04-07T08:30:22+00:00","og_image":[{"width":800,"height":800,"url":"https:\/\/trendsandvision.nl\/de\/wp-content\/uploads\/sites\/3\/2023\/08\/FF574_01.jpg","type":"image\/jpeg"}],"twitter_card":"summary_large_image","twitter_misc":{"Gesch\u00e4tzte Lesezeit":"1\u00a0Minute"},"schema":{"@context":"https:\/\/schema.org","@graph":[{"@type":"WebPage","@id":"https:\/\/trendsandvision.nl\/de\/product\/esschert-design-holzlagerturm-mit-raedern-schwarz-l\/","url":"https:\/\/trendsandvision.nl\/de\/product\/esschert-design-holzlagerturm-mit-raedern-schwarz-l\/","name":"Esschert Design Holzlagerturm mit R\u00e4dern schwarz L (FF574 8714982249082)","isPartOf":{"@id":"https:\/\/trendsandvision.nl\/de\/#website"},"primaryImageOfPage":{"@id":"https:\/\/trendsandvision.nl\/de\/product\/esschert-design-holzlagerturm-mit-raedern-schwarz-l\/#primaryimage"},"image":{"@id":"https:\/\/trendsandvision.nl\/de\/product\/esschert-design-holzlagerturm-mit-raedern-schwarz-l\/#primaryimage"},"thumbnailUrl":"https:\/\/trendsandvision.nl\/de\/wp-content\/uploads\/sites\/3\/2023\/08\/FF574_01.jpg","datePublished":"2023-08-01T08:31:40+00:00","dateModified":"2026-04-07T08:30:22+00:00","description":"Esschert Design Holzlagerturm mit R\u00e4dern schwarz L - 0...","breadcrumb":{"@id":"https:\/\/trendsandvision.nl\/de\/product\/esschert-design-holzlagerturm-mit-raedern-schwarz-l\/#breadcrumb"},"inLanguage":"de","potentialAction":[{"@type":"ReadAction","target":["https:\/\/trendsandvision.nl\/de\/product\/esschert-design-holzlagerturm-mit-raedern-schwarz-l\/"]}]},{"@type":"ImageObject","inLanguage":"de","@id":"https:\/\/trendsandvision.nl\/de\/product\/esschert-design-holzlagerturm-mit-raedern-schwarz-l\/#primaryimage","url":"https:\/\/trendsandvision.nl\/de\/wp-content\/uploads\/sites\/3\/2023\/08\/FF574_01.jpg","contentUrl":"https:\/\/trendsandvision.nl\/de\/wp-content\/uploads\/sites\/3\/2023\/08\/FF574_01.jpg","width":800,"height":800,"caption":"Esschert Design Holzlagerturm mit R\u00e4dern schwarz L (FF574 8714982249082) - 01"},{"@type":"BreadcrumbList","@id":"https:\/\/trendsandvision.nl\/de\/product\/esschert-design-holzlagerturm-mit-raedern-schwarz-l\/#breadcrumb","itemListElement":[{"@type":"ListItem","position":1,"name":"Home","item":"https:\/\/trendsandvision.nl\/de\/"},{"@type":"ListItem","position":2,"name":"Gesch\u00e4ft","item":"https:\/\/trendsandvision.nl\/de\/geschaft\/"},{"@type":"ListItem","position":3,"name":"Esschert Design Holzlagerturm mit R\u00e4dern schwarz L"}]},{"@type":"WebSite","@id":"https:\/\/trendsandvision.nl\/de\/#website","url":"https:\/\/trendsandvision.nl\/de\/","name":"Trends &amp; Vision (DE)","description":"Der Webshop f\u00fcr Esschert Design Artikel","publisher":{"@id":"https:\/\/trendsandvision.nl\/de\/#organization"},"potentialAction":[{"@type":"SearchAction","target":{"@type":"EntryPoint","urlTemplate":"https:\/\/trendsandvision.nl\/de\/?s={search_term_string}"},"query-input":{"@type":"PropertyValueSpecification","valueRequired":true,"valueName":"search_term_string"}}],"inLanguage":"de"},{"@type":"Organization","@id":"https:\/\/trendsandvision.nl\/de\/#organization","name":"Trends &amp; Vision (DE)","url":"https:\/\/trendsandvision.nl\/de\/","logo":{"@type":"ImageObject","inLanguage":"de","@id":"https:\/\/trendsandvision.nl\/de\/#\/schema\/logo\/image\/","url":"https:\/\/trendsandvision.nl\/de\/wp-content\/uploads\/sites\/3\/2022\/04\/trends-and-vision-logo.jpg","contentUrl":"https:\/\/trendsandvision.nl\/de\/wp-content\/uploads\/sites\/3\/2022\/04\/trends-and-vision-logo.jpg","width":213,"height":100,"caption":"Trends &amp; Vision (DE)"},"image":{"@id":"https:\/\/trendsandvision.nl\/de\/#\/schema\/logo\/image\/"}}]}},"_links":{"self":[{"href":"https:\/\/trendsandvision.nl\/de\/wp-json\/wp\/v2\/product\/10718","targetHints":{"allow":["GET"]}}],"collection":[{"href":"https:\/\/trendsandvision.nl\/de\/wp-json\/wp\/v2\/product"}],"about":[{"href":"https:\/\/trendsandvision.nl\/de\/wp-json\/wp\/v2\/types\/product"}],"wp:featuredmedia":[{"embeddable":true,"href":"https:\/\/trendsandvision.nl\/de\/wp-json\/wp\/v2\/media\/10719"}],"wp:attachment":[{"href":"https:\/\/trendsandvision.nl\/de\/wp-json\/wp\/v2\/media?parent=10718"}],"wp:term":[{"taxonomy":"product_brand","embeddable":true,"href":"https:\/\/trendsandvision.nl\/de\/wp-json\/wp\/v2\/product_brand?post=10718"},{"taxonomy":"product_cat","embeddable":true,"href":"https:\/\/trendsandvision.nl\/de\/wp-json\/wp\/v2\/product_cat?post=10718"},{"taxonomy":"product_tag","embeddable":true,"href":"https:\/\/trendsandvision.nl\/de\/wp-json\/wp\/v2\/product_tag?post=10718"}],"curies":[{"name":"wp","href":"https:\/\/api.w.org\/{rel}","templated":true}]}}