{"id":10684,"date":"2023-08-01T10:31:02","date_gmt":"2023-08-01T08:31:02","guid":{"rendered":"https:\/\/trendsandvision.nl\/de\/product\/esschert-design-meisenknoedel-ohne-netz-20stk-eimer\/"},"modified":"2026-04-07T10:28:10","modified_gmt":"2026-04-07T08:28:10","slug":"esschert-design-meisenknoedel-ohne-netz-20stk-eimer","status":"publish","type":"product","link":"https:\/\/trendsandvision.nl\/de\/product\/esschert-design-meisenknoedel-ohne-netz-20stk-eimer\/","title":{"rendered":"Esschert Design Meisenkn\u00f6del ohne Netz 20Stk Eimer"},"content":{"rendered":"<p>Esschert Design Meisenkn\u00f6del ohne Netz, 20 St\u00fcck im Aufbewahrungseimer<br \/>\nDiese Meisenkn\u00f6del ohne Netz sind besser f\u00fcr die V\u00f6gel und besser f\u00fcr die Umwelt.<br \/>\nDiese energiereichen Meisenkn\u00f6del k\u00f6nnen das ganze Jahr \u00fcber gef\u00fcttert werden.<\/p>\n<p>&#8211; recycelbare und wiederverschlie\u00dfbare Verpackung<br \/>\n\u2013 20 St\u00fcck im Eimer<\/p>\n<p>Das Nahrungsangebot f\u00fcr V\u00f6gel wird immer knapper und verschiedene Vogelarten werden dadurch seltener.<br \/>\nIm Fr\u00fchling sind die V\u00f6gel sehr besch\u00e4ftigt. Zuerst suchen sie einen Partner, dann einen Wohnort, legen Eier und ziehen Junge gro\u00df. Im Sommer beginnt die Mauser und sie bekommen ein neues Fell. Im Herbst bereiten sie sich auf den Winter vor und im Winter ben\u00f6tigen V\u00f6gel mehr Fett, um sich warm zu halten. In einer kalten Nacht k\u00f6nnen sie bis zu 10 % ihres K\u00f6rpergewichts verlieren. Das Nahrungsangebot f\u00fcr V\u00f6gel wird immer knapper und verschiedene Vogelarten werden dadurch seltener.<br \/>\nDiese Vogelsnacks enthalten einen hohen Proteinanteil und k\u00f6nnen das ganze Jahr \u00fcber gef\u00fcttert werden.<\/p>\n<p>Artikelname: Meisenkn\u00f6del ohne Netz 20Stk Eimer<br \/>\nArtikelnummer FB946<br \/>\nProduktgruppe(n) V\u00f6gel&amp;Gartentiere, Futter, Fettb\u00e4lle und Fettbl\u00f6cke<br \/>\nProduktabmessungen in cm L 19,5 x T 19,5 x H 15,3<br \/>\nMaterial Gerste, Weizenflocken, Rindertalg, Calciumcarbonat, Maismehl, Sonnenblumenkerne, Erdn\u00fcsse, Mariendistel\u00f6l<br \/>\nNettogewicht 1,865 kg<br \/>\nBarcode 8714982258152<\/p>\n","protected":false},"excerpt":{"rendered":"<p>-Artikelname: Meisenkn\u00f6del ohne Netz 20Stk Eimer<br \/>\n-Artikelnummer FB946<br \/>\n-Nettogewicht 1,865 kg<br \/>\n-Barcode 8714982258152<br \/>\n-Recycelbare und wiederverschlie\u00dfbare Verpackung<br \/>\n\u201320 St\u00fcck im Eimer<\/p>\n","protected":false},"featured_media":10685,"template":"","meta":[],"product_brand":[9597,9598],"product_cat":[1315],"product_tag":[8160,8610,8609,6714,6953,7845],"class_list":{"0":"post-10684","1":"product","2":"type-product","3":"status-publish","4":"has-post-thumbnail","6":"product_brand-esschert-design","7":"product_brand-trends-and-vision","8":"product_cat-best-for-birds","9":"product_tag-meisenknoedel","10":"product_tag-ohne-netz","11":"product_tag-unterstuetzend","12":"product_tag-voegel","13":"product_tag-vogelfutter","14":"product_tag-wiederverschliessbar","15":"pa_anbieter-esschert-design","16":"pa_ean-code-5860","17":"pa_messungen-200x200x156-cm","19":"first","20":"instock","21":"sale","22":"taxable","23":"shipping-taxable","24":"purchasable","25":"product-type-simple","26":"czr-hentry"},"yoast_head":"<!-- This site is optimized with the Yoast SEO Premium plugin v26.4 (Yoast SEO v27.4) - https:\/\/yoast.com\/product\/yoast-seo-premium-wordpress\/ -->\n<title>Esschert Design Meisenkn\u00f6del ohne Netz 20Stk Eimer (FB946 8714982258152)<\/title>\n<meta name=\"description\" content=\"Esschert Design Meisenkn\u00f6del ohne Netz 20Stk Eimer - 0...\" \/>\n<meta name=\"robots\" content=\"index, follow, max-snippet:-1, max-image-preview:large, max-video-preview:-1\" \/>\n<link rel=\"canonical\" href=\"https:\/\/trendsandvision.nl\/de\/product\/esschert-design-meisenknoedel-ohne-netz-20stk-eimer\/\" \/>\n<meta property=\"og:locale\" content=\"de_DE\" \/>\n<meta property=\"og:type\" content=\"article\" \/>\n<meta property=\"og:title\" content=\"Esschert Design Meisenkn\u00f6del ohne Netz 20Stk Eimer\" \/>\n<meta property=\"og:description\" content=\"Esschert Design Meisenkn\u00f6del ohne Netz 20Stk Eimer - 0...\" \/>\n<meta property=\"og:url\" content=\"https:\/\/trendsandvision.nl\/de\/product\/esschert-design-meisenknoedel-ohne-netz-20stk-eimer\/\" \/>\n<meta property=\"og:site_name\" content=\"Trends &amp; Vision (DE)\" \/>\n<meta property=\"article:modified_time\" content=\"2026-04-07T08:28:10+00:00\" \/>\n<meta property=\"og:image\" content=\"https:\/\/trendsandvision.nl\/de\/wp-content\/uploads\/sites\/3\/2023\/08\/FB946_01.jpg\" \/>\n\t<meta property=\"og:image:width\" content=\"800\" \/>\n\t<meta property=\"og:image:height\" content=\"800\" \/>\n\t<meta property=\"og:image:type\" content=\"image\/jpeg\" \/>\n<meta name=\"twitter:card\" content=\"summary_large_image\" \/>\n<meta name=\"twitter:label1\" content=\"Gesch\u00e4tzte Lesezeit\" \/>\n\t<meta name=\"twitter:data1\" content=\"2\u00a0Minuten\" \/>\n<script type=\"application\/ld+json\" class=\"yoast-schema-graph\">{\"@context\":\"https:\\\/\\\/schema.org\",\"@graph\":[{\"@type\":\"WebPage\",\"@id\":\"https:\\\/\\\/trendsandvision.nl\\\/de\\\/product\\\/esschert-design-meisenknoedel-ohne-netz-20stk-eimer\\\/\",\"url\":\"https:\\\/\\\/trendsandvision.nl\\\/de\\\/product\\\/esschert-design-meisenknoedel-ohne-netz-20stk-eimer\\\/\",\"name\":\"Esschert Design Meisenkn\u00f6del ohne Netz 20Stk Eimer (FB946 8714982258152)\",\"isPartOf\":{\"@id\":\"https:\\\/\\\/trendsandvision.nl\\\/de\\\/#website\"},\"primaryImageOfPage\":{\"@id\":\"https:\\\/\\\/trendsandvision.nl\\\/de\\\/product\\\/esschert-design-meisenknoedel-ohne-netz-20stk-eimer\\\/#primaryimage\"},\"image\":{\"@id\":\"https:\\\/\\\/trendsandvision.nl\\\/de\\\/product\\\/esschert-design-meisenknoedel-ohne-netz-20stk-eimer\\\/#primaryimage\"},\"thumbnailUrl\":\"https:\\\/\\\/trendsandvision.nl\\\/de\\\/wp-content\\\/uploads\\\/sites\\\/3\\\/2023\\\/08\\\/FB946_01.jpg\",\"datePublished\":\"2023-08-01T08:31:02+00:00\",\"dateModified\":\"2026-04-07T08:28:10+00:00\",\"description\":\"Esschert Design Meisenkn\u00f6del ohne Netz 20Stk Eimer - 0...\",\"breadcrumb\":{\"@id\":\"https:\\\/\\\/trendsandvision.nl\\\/de\\\/product\\\/esschert-design-meisenknoedel-ohne-netz-20stk-eimer\\\/#breadcrumb\"},\"inLanguage\":\"de\",\"potentialAction\":[{\"@type\":\"ReadAction\",\"target\":[\"https:\\\/\\\/trendsandvision.nl\\\/de\\\/product\\\/esschert-design-meisenknoedel-ohne-netz-20stk-eimer\\\/\"]}]},{\"@type\":\"ImageObject\",\"inLanguage\":\"de\",\"@id\":\"https:\\\/\\\/trendsandvision.nl\\\/de\\\/product\\\/esschert-design-meisenknoedel-ohne-netz-20stk-eimer\\\/#primaryimage\",\"url\":\"https:\\\/\\\/trendsandvision.nl\\\/de\\\/wp-content\\\/uploads\\\/sites\\\/3\\\/2023\\\/08\\\/FB946_01.jpg\",\"contentUrl\":\"https:\\\/\\\/trendsandvision.nl\\\/de\\\/wp-content\\\/uploads\\\/sites\\\/3\\\/2023\\\/08\\\/FB946_01.jpg\",\"width\":800,\"height\":800,\"caption\":\"Esschert Design Meisenkn\u00f6del ohne Netz 20Stk Eimer (FB946 8714982258152) - 01\"},{\"@type\":\"BreadcrumbList\",\"@id\":\"https:\\\/\\\/trendsandvision.nl\\\/de\\\/product\\\/esschert-design-meisenknoedel-ohne-netz-20stk-eimer\\\/#breadcrumb\",\"itemListElement\":[{\"@type\":\"ListItem\",\"position\":1,\"name\":\"Home\",\"item\":\"https:\\\/\\\/trendsandvision.nl\\\/de\\\/\"},{\"@type\":\"ListItem\",\"position\":2,\"name\":\"Gesch\u00e4ft\",\"item\":\"https:\\\/\\\/trendsandvision.nl\\\/de\\\/geschaft\\\/\"},{\"@type\":\"ListItem\",\"position\":3,\"name\":\"Esschert Design Meisenkn\u00f6del ohne Netz 20Stk Eimer\"}]},{\"@type\":\"WebSite\",\"@id\":\"https:\\\/\\\/trendsandvision.nl\\\/de\\\/#website\",\"url\":\"https:\\\/\\\/trendsandvision.nl\\\/de\\\/\",\"name\":\"Trends &amp; Vision (DE)\",\"description\":\"Der Webshop f\u00fcr Esschert Design Artikel\",\"publisher\":{\"@id\":\"https:\\\/\\\/trendsandvision.nl\\\/de\\\/#organization\"},\"potentialAction\":[{\"@type\":\"SearchAction\",\"target\":{\"@type\":\"EntryPoint\",\"urlTemplate\":\"https:\\\/\\\/trendsandvision.nl\\\/de\\\/?s={search_term_string}\"},\"query-input\":{\"@type\":\"PropertyValueSpecification\",\"valueRequired\":true,\"valueName\":\"search_term_string\"}}],\"inLanguage\":\"de\"},{\"@type\":\"Organization\",\"@id\":\"https:\\\/\\\/trendsandvision.nl\\\/de\\\/#organization\",\"name\":\"Trends &amp; Vision (DE)\",\"url\":\"https:\\\/\\\/trendsandvision.nl\\\/de\\\/\",\"logo\":{\"@type\":\"ImageObject\",\"inLanguage\":\"de\",\"@id\":\"https:\\\/\\\/trendsandvision.nl\\\/de\\\/#\\\/schema\\\/logo\\\/image\\\/\",\"url\":\"https:\\\/\\\/trendsandvision.nl\\\/de\\\/wp-content\\\/uploads\\\/sites\\\/3\\\/2022\\\/04\\\/trends-and-vision-logo.jpg\",\"contentUrl\":\"https:\\\/\\\/trendsandvision.nl\\\/de\\\/wp-content\\\/uploads\\\/sites\\\/3\\\/2022\\\/04\\\/trends-and-vision-logo.jpg\",\"width\":213,\"height\":100,\"caption\":\"Trends &amp; Vision (DE)\"},\"image\":{\"@id\":\"https:\\\/\\\/trendsandvision.nl\\\/de\\\/#\\\/schema\\\/logo\\\/image\\\/\"}}]}<\/script>\n<!-- \/ Yoast SEO Premium plugin. -->","yoast_head_json":{"title":"Esschert Design Meisenkn\u00f6del ohne Netz 20Stk Eimer (FB946 8714982258152)","description":"Esschert Design Meisenkn\u00f6del ohne Netz 20Stk Eimer - 0...","robots":{"index":"index","follow":"follow","max-snippet":"max-snippet:-1","max-image-preview":"max-image-preview:large","max-video-preview":"max-video-preview:-1"},"canonical":"https:\/\/trendsandvision.nl\/de\/product\/esschert-design-meisenknoedel-ohne-netz-20stk-eimer\/","og_locale":"de_DE","og_type":"article","og_title":"Esschert Design Meisenkn\u00f6del ohne Netz 20Stk Eimer","og_description":"Esschert Design Meisenkn\u00f6del ohne Netz 20Stk Eimer - 0...","og_url":"https:\/\/trendsandvision.nl\/de\/product\/esschert-design-meisenknoedel-ohne-netz-20stk-eimer\/","og_site_name":"Trends &amp; Vision (DE)","article_modified_time":"2026-04-07T08:28:10+00:00","og_image":[{"width":800,"height":800,"url":"https:\/\/trendsandvision.nl\/de\/wp-content\/uploads\/sites\/3\/2023\/08\/FB946_01.jpg","type":"image\/jpeg"}],"twitter_card":"summary_large_image","twitter_misc":{"Gesch\u00e4tzte Lesezeit":"2\u00a0Minuten"},"schema":{"@context":"https:\/\/schema.org","@graph":[{"@type":"WebPage","@id":"https:\/\/trendsandvision.nl\/de\/product\/esschert-design-meisenknoedel-ohne-netz-20stk-eimer\/","url":"https:\/\/trendsandvision.nl\/de\/product\/esschert-design-meisenknoedel-ohne-netz-20stk-eimer\/","name":"Esschert Design Meisenkn\u00f6del ohne Netz 20Stk Eimer (FB946 8714982258152)","isPartOf":{"@id":"https:\/\/trendsandvision.nl\/de\/#website"},"primaryImageOfPage":{"@id":"https:\/\/trendsandvision.nl\/de\/product\/esschert-design-meisenknoedel-ohne-netz-20stk-eimer\/#primaryimage"},"image":{"@id":"https:\/\/trendsandvision.nl\/de\/product\/esschert-design-meisenknoedel-ohne-netz-20stk-eimer\/#primaryimage"},"thumbnailUrl":"https:\/\/trendsandvision.nl\/de\/wp-content\/uploads\/sites\/3\/2023\/08\/FB946_01.jpg","datePublished":"2023-08-01T08:31:02+00:00","dateModified":"2026-04-07T08:28:10+00:00","description":"Esschert Design Meisenkn\u00f6del ohne Netz 20Stk Eimer - 0...","breadcrumb":{"@id":"https:\/\/trendsandvision.nl\/de\/product\/esschert-design-meisenknoedel-ohne-netz-20stk-eimer\/#breadcrumb"},"inLanguage":"de","potentialAction":[{"@type":"ReadAction","target":["https:\/\/trendsandvision.nl\/de\/product\/esschert-design-meisenknoedel-ohne-netz-20stk-eimer\/"]}]},{"@type":"ImageObject","inLanguage":"de","@id":"https:\/\/trendsandvision.nl\/de\/product\/esschert-design-meisenknoedel-ohne-netz-20stk-eimer\/#primaryimage","url":"https:\/\/trendsandvision.nl\/de\/wp-content\/uploads\/sites\/3\/2023\/08\/FB946_01.jpg","contentUrl":"https:\/\/trendsandvision.nl\/de\/wp-content\/uploads\/sites\/3\/2023\/08\/FB946_01.jpg","width":800,"height":800,"caption":"Esschert Design Meisenkn\u00f6del ohne Netz 20Stk Eimer (FB946 8714982258152) - 01"},{"@type":"BreadcrumbList","@id":"https:\/\/trendsandvision.nl\/de\/product\/esschert-design-meisenknoedel-ohne-netz-20stk-eimer\/#breadcrumb","itemListElement":[{"@type":"ListItem","position":1,"name":"Home","item":"https:\/\/trendsandvision.nl\/de\/"},{"@type":"ListItem","position":2,"name":"Gesch\u00e4ft","item":"https:\/\/trendsandvision.nl\/de\/geschaft\/"},{"@type":"ListItem","position":3,"name":"Esschert Design Meisenkn\u00f6del ohne Netz 20Stk Eimer"}]},{"@type":"WebSite","@id":"https:\/\/trendsandvision.nl\/de\/#website","url":"https:\/\/trendsandvision.nl\/de\/","name":"Trends &amp; Vision (DE)","description":"Der Webshop f\u00fcr Esschert Design Artikel","publisher":{"@id":"https:\/\/trendsandvision.nl\/de\/#organization"},"potentialAction":[{"@type":"SearchAction","target":{"@type":"EntryPoint","urlTemplate":"https:\/\/trendsandvision.nl\/de\/?s={search_term_string}"},"query-input":{"@type":"PropertyValueSpecification","valueRequired":true,"valueName":"search_term_string"}}],"inLanguage":"de"},{"@type":"Organization","@id":"https:\/\/trendsandvision.nl\/de\/#organization","name":"Trends &amp; Vision (DE)","url":"https:\/\/trendsandvision.nl\/de\/","logo":{"@type":"ImageObject","inLanguage":"de","@id":"https:\/\/trendsandvision.nl\/de\/#\/schema\/logo\/image\/","url":"https:\/\/trendsandvision.nl\/de\/wp-content\/uploads\/sites\/3\/2022\/04\/trends-and-vision-logo.jpg","contentUrl":"https:\/\/trendsandvision.nl\/de\/wp-content\/uploads\/sites\/3\/2022\/04\/trends-and-vision-logo.jpg","width":213,"height":100,"caption":"Trends &amp; Vision (DE)"},"image":{"@id":"https:\/\/trendsandvision.nl\/de\/#\/schema\/logo\/image\/"}}]}},"_links":{"self":[{"href":"https:\/\/trendsandvision.nl\/de\/wp-json\/wp\/v2\/product\/10684","targetHints":{"allow":["GET"]}}],"collection":[{"href":"https:\/\/trendsandvision.nl\/de\/wp-json\/wp\/v2\/product"}],"about":[{"href":"https:\/\/trendsandvision.nl\/de\/wp-json\/wp\/v2\/types\/product"}],"wp:featuredmedia":[{"embeddable":true,"href":"https:\/\/trendsandvision.nl\/de\/wp-json\/wp\/v2\/media\/10685"}],"wp:attachment":[{"href":"https:\/\/trendsandvision.nl\/de\/wp-json\/wp\/v2\/media?parent=10684"}],"wp:term":[{"taxonomy":"product_brand","embeddable":true,"href":"https:\/\/trendsandvision.nl\/de\/wp-json\/wp\/v2\/product_brand?post=10684"},{"taxonomy":"product_cat","embeddable":true,"href":"https:\/\/trendsandvision.nl\/de\/wp-json\/wp\/v2\/product_cat?post=10684"},{"taxonomy":"product_tag","embeddable":true,"href":"https:\/\/trendsandvision.nl\/de\/wp-json\/wp\/v2\/product_tag?post=10684"}],"curies":[{"name":"wp","href":"https:\/\/api.w.org\/{rel}","templated":true}]}}