{"id":10672,"date":"2023-08-01T10:30:23","date_gmt":"2023-08-01T08:30:23","guid":{"rendered":"https:\/\/trendsandvision.nl\/de\/product\/esschert-design-erdnussbutter-mehlwuermer-pet\/"},"modified":"2026-04-07T10:28:09","modified_gmt":"2026-04-07T08:28:09","slug":"esschert-design-erdnussbutter-mehlwuermer-pet","status":"publish","type":"product","link":"https:\/\/trendsandvision.nl\/de\/product\/esschert-design-erdnussbutter-mehlwuermer-pet\/","title":{"rendered":"Esschert Design Erdnussbutter Mehlw\u00fcrmer PET"},"content":{"rendered":"<p>Erdnussbutter Mehlw\u00fcrmer PET<\/p>\n<p>Vogel-Erdnussbutter ist ein wahrer Leckerbissen f\u00fcr V\u00f6gel! Es enth\u00e4lt gute N\u00e4hrstoffe f\u00fcr V\u00f6gel, ist kalorienreich, nahrhaft und gesund.<br \/>\nNormale Erdnussbutter enth\u00e4lt viel zu viel Salz, was schlecht f\u00fcr V\u00f6gel ist. Diese Erdnussbutter mit Mehlw\u00fcrmern wurde speziell f\u00fcr V\u00f6gel hergestellt und enth\u00e4lt viele der wesentlichen Zutaten, die Gartenv\u00f6gel ben\u00f6tigen, ohne Salzzusatz.<br \/>\nGeben Sie die Erdnussbutter in das spezielle <strong><a href=\"https:\/\/trendsandvision.de\/?s= Erdnussbutterh&amp;post_type=product&amp;dgwt_wcas=1\">Erdnussbutterhaus<\/a><\/strong> und genie\u00dfen Sie es all die Gartenv\u00f6gel, die es anlocken.<\/p>\n<p>&#8211; ohne Salzzusatz<br \/>\n&#8211; geeignet zum Beispiel f\u00fcr Meisen, Blaumeisen und Kleiber<br \/>\n&#8211; pro St\u00fcck erh\u00e4ltlich<\/p>\n<p>Artikelname Erdnussbutter mit Mehlw\u00fcrmern<br \/>\nArtikelnummer FB939<br \/>\nProduktgruppe(n) V\u00f6gel&amp;Gartentiere, Futter, Erdnussbutter<br \/>\nProduktabmessungen in cm L 8 x T 8 x H 9,3<br \/>\nMaterial Erdn\u00fcsse 60%, Mais, Weizen, Dari, Pflanzenfett, Mehlw\u00fcrmer 1%<br \/>\nBruttogewicht 0,365 kg<br \/>\nNettogewicht 0,34 kg<br \/>\nBarcode 8714982250682<\/p>\n","protected":false},"excerpt":{"rendered":"<p>&#8211; Ohne Salzzusatz<br \/>\n&#8211; Geeignet zum Beispiel f\u00fcr Meisen, Blaumeisen und Kleiber<br \/>\n&#8211; Pro St\u00fcck erh\u00e4ltlich<br \/>\n&#8211; Produktabmessungen in cm L 8 x T 8 x H 9,3<br \/>\n&#8211; Material Erdn\u00fcsse 60%, Mais, Weizen, Dari, Pflanzenfett, Mehlw\u00fcrmer 1%<br \/>\n&#8211; Nettogewicht 0,34 kg<br \/>\n&#8211; Barcode 8714982250682<\/p>\n","protected":false},"featured_media":12163,"template":"","meta":[],"product_brand":[9597,9598],"product_cat":[1315],"product_tag":[6946,8179,8609,6714,6953,7845],"class_list":{"0":"post-10672","1":"product","2":"type-product","3":"status-publish","4":"has-post-thumbnail","6":"product_brand-esschert-design","7":"product_brand-trends-and-vision","8":"product_cat-best-for-birds","9":"product_tag-erdnussbutter","10":"product_tag-mehlwuermer","11":"product_tag-unterstuetzend","12":"product_tag-voegel","13":"product_tag-vogelfutter","14":"product_tag-wiederverschliessbar","15":"pa_anbieter-esschert-design","16":"pa_ean-code-5848","17":"pa_messungen-80x80x93-cm","19":"first","20":"instock","21":"sale","22":"taxable","23":"shipping-taxable","24":"purchasable","25":"product-type-simple","26":"czr-hentry"},"yoast_head":"<!-- This site is optimized with the Yoast SEO Premium plugin v26.4 (Yoast SEO v27.3) - https:\/\/yoast.com\/product\/yoast-seo-premium-wordpress\/ -->\n<title>Esschert Design Erdnussbutter Mehlw\u00fcrmer PET (FB939 8714982250682)<\/title>\n<meta name=\"description\" content=\"Esschert Design Erdnussbutter Mehlw\u00fcrmer PET - 0...\" \/>\n<meta name=\"robots\" content=\"index, follow, max-snippet:-1, max-image-preview:large, max-video-preview:-1\" \/>\n<link rel=\"canonical\" href=\"https:\/\/trendsandvision.nl\/de\/product\/esschert-design-erdnussbutter-mehlwuermer-pet\/\" \/>\n<meta property=\"og:locale\" content=\"de_DE\" \/>\n<meta property=\"og:type\" content=\"article\" \/>\n<meta property=\"og:title\" content=\"Esschert Design Erdnussbutter Mehlw\u00fcrmer PET\" \/>\n<meta property=\"og:description\" content=\"Esschert Design Erdnussbutter Mehlw\u00fcrmer PET - 0...\" \/>\n<meta property=\"og:url\" content=\"https:\/\/trendsandvision.nl\/de\/product\/esschert-design-erdnussbutter-mehlwuermer-pet\/\" \/>\n<meta property=\"og:site_name\" content=\"Trends &amp; Vision (DE)\" \/>\n<meta property=\"article:modified_time\" content=\"2026-04-07T08:28:09+00:00\" \/>\n<meta property=\"og:image\" content=\"https:\/\/trendsandvision.nl\/de\/wp-content\/uploads\/sites\/3\/2024\/07\/FB939_01.jpg\" \/>\n\t<meta property=\"og:image:width\" content=\"800\" \/>\n\t<meta property=\"og:image:height\" content=\"800\" \/>\n\t<meta property=\"og:image:type\" content=\"image\/jpeg\" \/>\n<meta name=\"twitter:card\" content=\"summary_large_image\" \/>\n<meta name=\"twitter:label1\" content=\"Gesch\u00e4tzte Lesezeit\" \/>\n\t<meta name=\"twitter:data1\" content=\"1\u00a0Minute\" \/>\n<script type=\"application\/ld+json\" class=\"yoast-schema-graph\">{\"@context\":\"https:\\\/\\\/schema.org\",\"@graph\":[{\"@type\":\"WebPage\",\"@id\":\"https:\\\/\\\/trendsandvision.nl\\\/de\\\/product\\\/esschert-design-erdnussbutter-mehlwuermer-pet\\\/\",\"url\":\"https:\\\/\\\/trendsandvision.nl\\\/de\\\/product\\\/esschert-design-erdnussbutter-mehlwuermer-pet\\\/\",\"name\":\"Esschert Design Erdnussbutter Mehlw\u00fcrmer PET (FB939 8714982250682)\",\"isPartOf\":{\"@id\":\"https:\\\/\\\/trendsandvision.nl\\\/de\\\/#website\"},\"primaryImageOfPage\":{\"@id\":\"https:\\\/\\\/trendsandvision.nl\\\/de\\\/product\\\/esschert-design-erdnussbutter-mehlwuermer-pet\\\/#primaryimage\"},\"image\":{\"@id\":\"https:\\\/\\\/trendsandvision.nl\\\/de\\\/product\\\/esschert-design-erdnussbutter-mehlwuermer-pet\\\/#primaryimage\"},\"thumbnailUrl\":\"https:\\\/\\\/trendsandvision.nl\\\/de\\\/wp-content\\\/uploads\\\/sites\\\/3\\\/2024\\\/07\\\/FB939_01.jpg\",\"datePublished\":\"2023-08-01T08:30:23+00:00\",\"dateModified\":\"2026-04-07T08:28:09+00:00\",\"description\":\"Esschert Design Erdnussbutter Mehlw\u00fcrmer PET - 0...\",\"breadcrumb\":{\"@id\":\"https:\\\/\\\/trendsandvision.nl\\\/de\\\/product\\\/esschert-design-erdnussbutter-mehlwuermer-pet\\\/#breadcrumb\"},\"inLanguage\":\"de\",\"potentialAction\":[{\"@type\":\"ReadAction\",\"target\":[\"https:\\\/\\\/trendsandvision.nl\\\/de\\\/product\\\/esschert-design-erdnussbutter-mehlwuermer-pet\\\/\"]}]},{\"@type\":\"ImageObject\",\"inLanguage\":\"de\",\"@id\":\"https:\\\/\\\/trendsandvision.nl\\\/de\\\/product\\\/esschert-design-erdnussbutter-mehlwuermer-pet\\\/#primaryimage\",\"url\":\"https:\\\/\\\/trendsandvision.nl\\\/de\\\/wp-content\\\/uploads\\\/sites\\\/3\\\/2024\\\/07\\\/FB939_01.jpg\",\"contentUrl\":\"https:\\\/\\\/trendsandvision.nl\\\/de\\\/wp-content\\\/uploads\\\/sites\\\/3\\\/2024\\\/07\\\/FB939_01.jpg\",\"width\":800,\"height\":800,\"caption\":\"Esschert Design FB939\"},{\"@type\":\"BreadcrumbList\",\"@id\":\"https:\\\/\\\/trendsandvision.nl\\\/de\\\/product\\\/esschert-design-erdnussbutter-mehlwuermer-pet\\\/#breadcrumb\",\"itemListElement\":[{\"@type\":\"ListItem\",\"position\":1,\"name\":\"Home\",\"item\":\"https:\\\/\\\/trendsandvision.nl\\\/de\\\/\"},{\"@type\":\"ListItem\",\"position\":2,\"name\":\"Gesch\u00e4ft\",\"item\":\"https:\\\/\\\/trendsandvision.nl\\\/de\\\/geschaft\\\/\"},{\"@type\":\"ListItem\",\"position\":3,\"name\":\"Esschert Design Erdnussbutter Mehlw\u00fcrmer PET\"}]},{\"@type\":\"WebSite\",\"@id\":\"https:\\\/\\\/trendsandvision.nl\\\/de\\\/#website\",\"url\":\"https:\\\/\\\/trendsandvision.nl\\\/de\\\/\",\"name\":\"Trends &amp; Vision (DE)\",\"description\":\"Der Webshop f\u00fcr Esschert Design Artikel\",\"publisher\":{\"@id\":\"https:\\\/\\\/trendsandvision.nl\\\/de\\\/#organization\"},\"potentialAction\":[{\"@type\":\"SearchAction\",\"target\":{\"@type\":\"EntryPoint\",\"urlTemplate\":\"https:\\\/\\\/trendsandvision.nl\\\/de\\\/?s={search_term_string}\"},\"query-input\":{\"@type\":\"PropertyValueSpecification\",\"valueRequired\":true,\"valueName\":\"search_term_string\"}}],\"inLanguage\":\"de\"},{\"@type\":\"Organization\",\"@id\":\"https:\\\/\\\/trendsandvision.nl\\\/de\\\/#organization\",\"name\":\"Trends &amp; Vision (DE)\",\"url\":\"https:\\\/\\\/trendsandvision.nl\\\/de\\\/\",\"logo\":{\"@type\":\"ImageObject\",\"inLanguage\":\"de\",\"@id\":\"https:\\\/\\\/trendsandvision.nl\\\/de\\\/#\\\/schema\\\/logo\\\/image\\\/\",\"url\":\"https:\\\/\\\/trendsandvision.nl\\\/de\\\/wp-content\\\/uploads\\\/sites\\\/3\\\/2022\\\/04\\\/trends-and-vision-logo.jpg\",\"contentUrl\":\"https:\\\/\\\/trendsandvision.nl\\\/de\\\/wp-content\\\/uploads\\\/sites\\\/3\\\/2022\\\/04\\\/trends-and-vision-logo.jpg\",\"width\":213,\"height\":100,\"caption\":\"Trends &amp; Vision (DE)\"},\"image\":{\"@id\":\"https:\\\/\\\/trendsandvision.nl\\\/de\\\/#\\\/schema\\\/logo\\\/image\\\/\"}}]}<\/script>\n<!-- \/ Yoast SEO Premium plugin. -->","yoast_head_json":{"title":"Esschert Design Erdnussbutter Mehlw\u00fcrmer PET (FB939 8714982250682)","description":"Esschert Design Erdnussbutter Mehlw\u00fcrmer PET - 0...","robots":{"index":"index","follow":"follow","max-snippet":"max-snippet:-1","max-image-preview":"max-image-preview:large","max-video-preview":"max-video-preview:-1"},"canonical":"https:\/\/trendsandvision.nl\/de\/product\/esschert-design-erdnussbutter-mehlwuermer-pet\/","og_locale":"de_DE","og_type":"article","og_title":"Esschert Design Erdnussbutter Mehlw\u00fcrmer PET","og_description":"Esschert Design Erdnussbutter Mehlw\u00fcrmer PET - 0...","og_url":"https:\/\/trendsandvision.nl\/de\/product\/esschert-design-erdnussbutter-mehlwuermer-pet\/","og_site_name":"Trends &amp; Vision (DE)","article_modified_time":"2026-04-07T08:28:09+00:00","og_image":[{"width":800,"height":800,"url":"https:\/\/trendsandvision.nl\/de\/wp-content\/uploads\/sites\/3\/2024\/07\/FB939_01.jpg","type":"image\/jpeg"}],"twitter_card":"summary_large_image","twitter_misc":{"Gesch\u00e4tzte Lesezeit":"1\u00a0Minute"},"schema":{"@context":"https:\/\/schema.org","@graph":[{"@type":"WebPage","@id":"https:\/\/trendsandvision.nl\/de\/product\/esschert-design-erdnussbutter-mehlwuermer-pet\/","url":"https:\/\/trendsandvision.nl\/de\/product\/esschert-design-erdnussbutter-mehlwuermer-pet\/","name":"Esschert Design Erdnussbutter Mehlw\u00fcrmer PET (FB939 8714982250682)","isPartOf":{"@id":"https:\/\/trendsandvision.nl\/de\/#website"},"primaryImageOfPage":{"@id":"https:\/\/trendsandvision.nl\/de\/product\/esschert-design-erdnussbutter-mehlwuermer-pet\/#primaryimage"},"image":{"@id":"https:\/\/trendsandvision.nl\/de\/product\/esschert-design-erdnussbutter-mehlwuermer-pet\/#primaryimage"},"thumbnailUrl":"https:\/\/trendsandvision.nl\/de\/wp-content\/uploads\/sites\/3\/2024\/07\/FB939_01.jpg","datePublished":"2023-08-01T08:30:23+00:00","dateModified":"2026-04-07T08:28:09+00:00","description":"Esschert Design Erdnussbutter Mehlw\u00fcrmer PET - 0...","breadcrumb":{"@id":"https:\/\/trendsandvision.nl\/de\/product\/esschert-design-erdnussbutter-mehlwuermer-pet\/#breadcrumb"},"inLanguage":"de","potentialAction":[{"@type":"ReadAction","target":["https:\/\/trendsandvision.nl\/de\/product\/esschert-design-erdnussbutter-mehlwuermer-pet\/"]}]},{"@type":"ImageObject","inLanguage":"de","@id":"https:\/\/trendsandvision.nl\/de\/product\/esschert-design-erdnussbutter-mehlwuermer-pet\/#primaryimage","url":"https:\/\/trendsandvision.nl\/de\/wp-content\/uploads\/sites\/3\/2024\/07\/FB939_01.jpg","contentUrl":"https:\/\/trendsandvision.nl\/de\/wp-content\/uploads\/sites\/3\/2024\/07\/FB939_01.jpg","width":800,"height":800,"caption":"Esschert Design FB939"},{"@type":"BreadcrumbList","@id":"https:\/\/trendsandvision.nl\/de\/product\/esschert-design-erdnussbutter-mehlwuermer-pet\/#breadcrumb","itemListElement":[{"@type":"ListItem","position":1,"name":"Home","item":"https:\/\/trendsandvision.nl\/de\/"},{"@type":"ListItem","position":2,"name":"Gesch\u00e4ft","item":"https:\/\/trendsandvision.nl\/de\/geschaft\/"},{"@type":"ListItem","position":3,"name":"Esschert Design Erdnussbutter Mehlw\u00fcrmer PET"}]},{"@type":"WebSite","@id":"https:\/\/trendsandvision.nl\/de\/#website","url":"https:\/\/trendsandvision.nl\/de\/","name":"Trends &amp; Vision (DE)","description":"Der Webshop f\u00fcr Esschert Design Artikel","publisher":{"@id":"https:\/\/trendsandvision.nl\/de\/#organization"},"potentialAction":[{"@type":"SearchAction","target":{"@type":"EntryPoint","urlTemplate":"https:\/\/trendsandvision.nl\/de\/?s={search_term_string}"},"query-input":{"@type":"PropertyValueSpecification","valueRequired":true,"valueName":"search_term_string"}}],"inLanguage":"de"},{"@type":"Organization","@id":"https:\/\/trendsandvision.nl\/de\/#organization","name":"Trends &amp; Vision (DE)","url":"https:\/\/trendsandvision.nl\/de\/","logo":{"@type":"ImageObject","inLanguage":"de","@id":"https:\/\/trendsandvision.nl\/de\/#\/schema\/logo\/image\/","url":"https:\/\/trendsandvision.nl\/de\/wp-content\/uploads\/sites\/3\/2022\/04\/trends-and-vision-logo.jpg","contentUrl":"https:\/\/trendsandvision.nl\/de\/wp-content\/uploads\/sites\/3\/2022\/04\/trends-and-vision-logo.jpg","width":213,"height":100,"caption":"Trends &amp; Vision (DE)"},"image":{"@id":"https:\/\/trendsandvision.nl\/de\/#\/schema\/logo\/image\/"}}]}},"_links":{"self":[{"href":"https:\/\/trendsandvision.nl\/de\/wp-json\/wp\/v2\/product\/10672","targetHints":{"allow":["GET"]}}],"collection":[{"href":"https:\/\/trendsandvision.nl\/de\/wp-json\/wp\/v2\/product"}],"about":[{"href":"https:\/\/trendsandvision.nl\/de\/wp-json\/wp\/v2\/types\/product"}],"wp:featuredmedia":[{"embeddable":true,"href":"https:\/\/trendsandvision.nl\/de\/wp-json\/wp\/v2\/media\/12163"}],"wp:attachment":[{"href":"https:\/\/trendsandvision.nl\/de\/wp-json\/wp\/v2\/media?parent=10672"}],"wp:term":[{"taxonomy":"product_brand","embeddable":true,"href":"https:\/\/trendsandvision.nl\/de\/wp-json\/wp\/v2\/product_brand?post=10672"},{"taxonomy":"product_cat","embeddable":true,"href":"https:\/\/trendsandvision.nl\/de\/wp-json\/wp\/v2\/product_cat?post=10672"},{"taxonomy":"product_tag","embeddable":true,"href":"https:\/\/trendsandvision.nl\/de\/wp-json\/wp\/v2\/product_tag?post=10672"}],"curies":[{"name":"wp","href":"https:\/\/api.w.org\/{rel}","templated":true}]}}