{"id":10663,"date":"2023-08-01T10:29:55","date_gmt":"2023-08-01T08:29:55","guid":{"rendered":"https:\/\/trendsandvision.nl\/de\/product\/esschert-design-erdnussbutter-frucht-pet\/"},"modified":"2026-04-22T15:00:05","modified_gmt":"2026-04-22T13:00:05","slug":"esschert-design-erdnussbutter-frucht-pet","status":"publish","type":"product","link":"https:\/\/trendsandvision.nl\/de\/product\/esschert-design-erdnussbutter-frucht-pet\/","title":{"rendered":"Esschert Design Erdnussbutter Frucht PET"},"content":{"rendered":"<p>Das richtige Futter f\u00fcr jede Jahreszeit. V\u00f6gel sind im Fr\u00fchjahr sehr besch\u00e4ftigt.<br \/>\nZuerst suchen sie einen Partner, dann Wohnraum, dann legen sie Eier und ziehen die Jungen gro\u00df.<br \/>\nIm Sommer beginnt die Mauser und bekommen sie einen neues Federkleit.<br \/>\nIm Herbst bereiten sie sich auf den Winter vor und im Winter brauchen V\u00f6gel mehr Fett, um sich warmzuhalten.<br \/>\nIn einer kalten Nacht k\u00f6nnen sie bis zu 10% ihres K\u00f6rpergewichts verlieren.<br \/>\nDiese Frucht-Erdnussbutter kann das ganze Jahr \u00fcber verf\u00fcttert werden.<\/p>\n<p>&#8211; Deckel aus recyceltem Kunststoff<br \/>\n&#8211; Tintenetikett auf Wasserbasis<\/p>\n<p>Artikelname: Frucht-Erdnussbutter<br \/>\nArtikelnummer FB936<br \/>\nProduktgruppe(n) V\u00f6gel&amp;Gartentiere, Futter, Erdnussbutter<br \/>\nProduktabmessungen in cm L 8 x T 8 x H 9,3<br \/>\nMaterial Erdn\u00fcsse 60%, Mais, Weizen, Dari, Pflanzenfett, Rosine 1%<br \/>\nBruttogewicht 0,371 kg<br \/>\nNettogewicht 0,34 kg<br \/>\nBarcode 8714982250590<\/p>\n","protected":false},"excerpt":{"rendered":"<p>&#8211; Das richtige Futter f\u00fcr jede Jahreszeit.<br \/>\n&#8211; Deckel aus recyceltem Kunststoff<br \/>\n&#8211; Tintenetikett auf Wasserbasis<br \/>\n&#8211; L 8 x T 8 x H 9,3<br \/>\n&#8211; Material Erdn\u00fcsse 60%, Mais, Weizen, Dari, Pflanzenfett, Rosine 1%<br \/>\n&#8211; Nettogewicht 0,34 kg<br \/>\n&#8211; Barcode 8714982250590<\/p>\n","protected":false},"featured_media":12158,"template":"","meta":[],"product_brand":[9597,9598],"product_cat":[1315],"product_tag":[6946,7081,8609,6953,7845],"class_list":{"0":"post-10663","1":"product","2":"type-product","3":"status-publish","4":"has-post-thumbnail","6":"product_brand-esschert-design","7":"product_brand-trends-and-vision","8":"product_cat-best-for-birds","9":"product_tag-erdnussbutter","10":"product_tag-recyceltem-kunststoff","11":"product_tag-unterstuetzend","12":"product_tag-vogelfutter","13":"product_tag-wiederverschliessbar","14":"pa_anbieter-esschert-design","15":"pa_ean-code-5837","16":"pa_messungen-80x80x93-cm","18":"first","19":"instock","20":"sale","21":"taxable","22":"shipping-taxable","23":"purchasable","24":"product-type-simple","25":"czr-hentry"},"yoast_head":"<!-- This site is optimized with the Yoast SEO Premium plugin v27.4 (Yoast SEO v27.4) - https:\/\/yoast.com\/product\/yoast-seo-premium-wordpress\/ -->\n<title>Esschert Design Erdnussbutter Frucht PET (FB936 8714982250590)<\/title>\n<meta name=\"description\" content=\"Esschert Design Erdnussbutter Frucht PET - Das richtige Futter f\u00fcr jede Jahreszeit. V\u00f6gel sind im Fr\u00fchjahr sehr besch\u00e4ftigt. Zuerst suchen sie ...\" \/>\n<meta name=\"robots\" content=\"index, follow, max-snippet:-1, max-image-preview:large, max-video-preview:-1\" \/>\n<link rel=\"canonical\" href=\"https:\/\/trendsandvision.nl\/de\/product\/esschert-design-erdnussbutter-frucht-pet\/\" \/>\n<meta property=\"og:locale\" content=\"de_DE\" \/>\n<meta property=\"og:type\" content=\"article\" \/>\n<meta property=\"og:title\" content=\"Esschert Design Erdnussbutter Frucht PET\" \/>\n<meta property=\"og:description\" content=\"Esschert Design Erdnussbutter Frucht PET - Das richtige Futter f\u00fcr jede Jahreszeit. V\u00f6gel sind im Fr\u00fchjahr sehr besch\u00e4ftigt. Zuerst suchen sie ...\" \/>\n<meta property=\"og:url\" content=\"https:\/\/trendsandvision.nl\/de\/product\/esschert-design-erdnussbutter-frucht-pet\/\" \/>\n<meta property=\"og:site_name\" content=\"Trends &amp; Vision (DE)\" \/>\n<meta property=\"article:modified_time\" content=\"2026-04-22T13:00:05+00:00\" \/>\n<meta property=\"og:image\" content=\"https:\/\/trendsandvision.nl\/de\/wp-content\/uploads\/sites\/3\/2024\/07\/FB936_01.jpg\" \/>\n\t<meta property=\"og:image:width\" content=\"800\" \/>\n\t<meta property=\"og:image:height\" content=\"800\" \/>\n\t<meta property=\"og:image:type\" content=\"image\/jpeg\" \/>\n<meta name=\"twitter:card\" content=\"summary_large_image\" \/>\n<meta name=\"twitter:label1\" content=\"Gesch\u00e4tzte Lesezeit\" \/>\n\t<meta name=\"twitter:data1\" content=\"1\u00a0Minute\" \/>\n<script type=\"application\/ld+json\" class=\"yoast-schema-graph\">{\"@context\":\"https:\\\/\\\/schema.org\",\"@graph\":[{\"@type\":\"WebPage\",\"@id\":\"https:\\\/\\\/trendsandvision.nl\\\/de\\\/product\\\/esschert-design-erdnussbutter-frucht-pet\\\/\",\"url\":\"https:\\\/\\\/trendsandvision.nl\\\/de\\\/product\\\/esschert-design-erdnussbutter-frucht-pet\\\/\",\"name\":\"Esschert Design Erdnussbutter Frucht PET (FB936 8714982250590)\",\"isPartOf\":{\"@id\":\"https:\\\/\\\/trendsandvision.nl\\\/de\\\/#website\"},\"primaryImageOfPage\":{\"@id\":\"https:\\\/\\\/trendsandvision.nl\\\/de\\\/product\\\/esschert-design-erdnussbutter-frucht-pet\\\/#primaryimage\"},\"image\":{\"@id\":\"https:\\\/\\\/trendsandvision.nl\\\/de\\\/product\\\/esschert-design-erdnussbutter-frucht-pet\\\/#primaryimage\"},\"thumbnailUrl\":\"https:\\\/\\\/trendsandvision.nl\\\/de\\\/wp-content\\\/uploads\\\/sites\\\/3\\\/2024\\\/07\\\/FB936_01.jpg\",\"datePublished\":\"2023-08-01T08:29:55+00:00\",\"dateModified\":\"2026-04-22T13:00:05+00:00\",\"description\":\"Esschert Design Erdnussbutter Frucht PET - Das richtige Futter f\u00fcr jede Jahreszeit. V\u00f6gel sind im Fr\u00fchjahr sehr besch\u00e4ftigt. Zuerst suchen sie ...\",\"breadcrumb\":{\"@id\":\"https:\\\/\\\/trendsandvision.nl\\\/de\\\/product\\\/esschert-design-erdnussbutter-frucht-pet\\\/#breadcrumb\"},\"inLanguage\":\"de\",\"potentialAction\":[{\"@type\":\"ReadAction\",\"target\":[\"https:\\\/\\\/trendsandvision.nl\\\/de\\\/product\\\/esschert-design-erdnussbutter-frucht-pet\\\/\"]}]},{\"@type\":\"ImageObject\",\"inLanguage\":\"de\",\"@id\":\"https:\\\/\\\/trendsandvision.nl\\\/de\\\/product\\\/esschert-design-erdnussbutter-frucht-pet\\\/#primaryimage\",\"url\":\"https:\\\/\\\/trendsandvision.nl\\\/de\\\/wp-content\\\/uploads\\\/sites\\\/3\\\/2024\\\/07\\\/FB936_01.jpg\",\"contentUrl\":\"https:\\\/\\\/trendsandvision.nl\\\/de\\\/wp-content\\\/uploads\\\/sites\\\/3\\\/2024\\\/07\\\/FB936_01.jpg\",\"width\":800,\"height\":800,\"caption\":\"Esschert Design FB936\"},{\"@type\":\"BreadcrumbList\",\"@id\":\"https:\\\/\\\/trendsandvision.nl\\\/de\\\/product\\\/esschert-design-erdnussbutter-frucht-pet\\\/#breadcrumb\",\"itemListElement\":[{\"@type\":\"ListItem\",\"position\":1,\"name\":\"Home\",\"item\":\"https:\\\/\\\/trendsandvision.nl\\\/de\\\/\"},{\"@type\":\"ListItem\",\"position\":2,\"name\":\"Gesch\u00e4ft\",\"item\":\"https:\\\/\\\/trendsandvision.nl\\\/de\\\/geschaft\\\/\"},{\"@type\":\"ListItem\",\"position\":3,\"name\":\"Esschert Design Erdnussbutter Frucht PET\"}]},{\"@type\":\"WebSite\",\"@id\":\"https:\\\/\\\/trendsandvision.nl\\\/de\\\/#website\",\"url\":\"https:\\\/\\\/trendsandvision.nl\\\/de\\\/\",\"name\":\"Trends &amp; Vision (DE)\",\"description\":\"Der Webshop f\u00fcr Esschert Design Artikel\",\"publisher\":{\"@id\":\"https:\\\/\\\/trendsandvision.nl\\\/de\\\/#organization\"},\"potentialAction\":[{\"@type\":\"SearchAction\",\"target\":{\"@type\":\"EntryPoint\",\"urlTemplate\":\"https:\\\/\\\/trendsandvision.nl\\\/de\\\/?s={search_term_string}\"},\"query-input\":{\"@type\":\"PropertyValueSpecification\",\"valueRequired\":true,\"valueName\":\"search_term_string\"}}],\"inLanguage\":\"de\"},{\"@type\":\"Organization\",\"@id\":\"https:\\\/\\\/trendsandvision.nl\\\/de\\\/#organization\",\"name\":\"Trends &amp; Vision (DE)\",\"url\":\"https:\\\/\\\/trendsandvision.nl\\\/de\\\/\",\"logo\":{\"@type\":\"ImageObject\",\"inLanguage\":\"de\",\"@id\":\"https:\\\/\\\/trendsandvision.nl\\\/de\\\/#\\\/schema\\\/logo\\\/image\\\/\",\"url\":\"https:\\\/\\\/trendsandvision.nl\\\/de\\\/wp-content\\\/uploads\\\/sites\\\/3\\\/2022\\\/04\\\/trends-and-vision-logo.jpg\",\"contentUrl\":\"https:\\\/\\\/trendsandvision.nl\\\/de\\\/wp-content\\\/uploads\\\/sites\\\/3\\\/2022\\\/04\\\/trends-and-vision-logo.jpg\",\"width\":213,\"height\":100,\"caption\":\"Trends &amp; Vision (DE)\"},\"image\":{\"@id\":\"https:\\\/\\\/trendsandvision.nl\\\/de\\\/#\\\/schema\\\/logo\\\/image\\\/\"}}]}<\/script>\n<!-- \/ Yoast SEO Premium plugin. -->","yoast_head_json":{"title":"Esschert Design Erdnussbutter Frucht PET (FB936 8714982250590)","description":"Esschert Design Erdnussbutter Frucht PET - Das richtige Futter f\u00fcr jede Jahreszeit. V\u00f6gel sind im Fr\u00fchjahr sehr besch\u00e4ftigt. Zuerst suchen sie ...","robots":{"index":"index","follow":"follow","max-snippet":"max-snippet:-1","max-image-preview":"max-image-preview:large","max-video-preview":"max-video-preview:-1"},"canonical":"https:\/\/trendsandvision.nl\/de\/product\/esschert-design-erdnussbutter-frucht-pet\/","og_locale":"de_DE","og_type":"article","og_title":"Esschert Design Erdnussbutter Frucht PET","og_description":"Esschert Design Erdnussbutter Frucht PET - Das richtige Futter f\u00fcr jede Jahreszeit. V\u00f6gel sind im Fr\u00fchjahr sehr besch\u00e4ftigt. Zuerst suchen sie ...","og_url":"https:\/\/trendsandvision.nl\/de\/product\/esschert-design-erdnussbutter-frucht-pet\/","og_site_name":"Trends &amp; Vision (DE)","article_modified_time":"2026-04-22T13:00:05+00:00","og_image":[{"width":800,"height":800,"url":"https:\/\/trendsandvision.nl\/de\/wp-content\/uploads\/sites\/3\/2024\/07\/FB936_01.jpg","type":"image\/jpeg"}],"twitter_card":"summary_large_image","twitter_misc":{"Gesch\u00e4tzte Lesezeit":"1\u00a0Minute"},"schema":{"@context":"https:\/\/schema.org","@graph":[{"@type":"WebPage","@id":"https:\/\/trendsandvision.nl\/de\/product\/esschert-design-erdnussbutter-frucht-pet\/","url":"https:\/\/trendsandvision.nl\/de\/product\/esschert-design-erdnussbutter-frucht-pet\/","name":"Esschert Design Erdnussbutter Frucht PET (FB936 8714982250590)","isPartOf":{"@id":"https:\/\/trendsandvision.nl\/de\/#website"},"primaryImageOfPage":{"@id":"https:\/\/trendsandvision.nl\/de\/product\/esschert-design-erdnussbutter-frucht-pet\/#primaryimage"},"image":{"@id":"https:\/\/trendsandvision.nl\/de\/product\/esschert-design-erdnussbutter-frucht-pet\/#primaryimage"},"thumbnailUrl":"https:\/\/trendsandvision.nl\/de\/wp-content\/uploads\/sites\/3\/2024\/07\/FB936_01.jpg","datePublished":"2023-08-01T08:29:55+00:00","dateModified":"2026-04-22T13:00:05+00:00","description":"Esschert Design Erdnussbutter Frucht PET - Das richtige Futter f\u00fcr jede Jahreszeit. V\u00f6gel sind im Fr\u00fchjahr sehr besch\u00e4ftigt. Zuerst suchen sie ...","breadcrumb":{"@id":"https:\/\/trendsandvision.nl\/de\/product\/esschert-design-erdnussbutter-frucht-pet\/#breadcrumb"},"inLanguage":"de","potentialAction":[{"@type":"ReadAction","target":["https:\/\/trendsandvision.nl\/de\/product\/esschert-design-erdnussbutter-frucht-pet\/"]}]},{"@type":"ImageObject","inLanguage":"de","@id":"https:\/\/trendsandvision.nl\/de\/product\/esschert-design-erdnussbutter-frucht-pet\/#primaryimage","url":"https:\/\/trendsandvision.nl\/de\/wp-content\/uploads\/sites\/3\/2024\/07\/FB936_01.jpg","contentUrl":"https:\/\/trendsandvision.nl\/de\/wp-content\/uploads\/sites\/3\/2024\/07\/FB936_01.jpg","width":800,"height":800,"caption":"Esschert Design FB936"},{"@type":"BreadcrumbList","@id":"https:\/\/trendsandvision.nl\/de\/product\/esschert-design-erdnussbutter-frucht-pet\/#breadcrumb","itemListElement":[{"@type":"ListItem","position":1,"name":"Home","item":"https:\/\/trendsandvision.nl\/de\/"},{"@type":"ListItem","position":2,"name":"Gesch\u00e4ft","item":"https:\/\/trendsandvision.nl\/de\/geschaft\/"},{"@type":"ListItem","position":3,"name":"Esschert Design Erdnussbutter Frucht PET"}]},{"@type":"WebSite","@id":"https:\/\/trendsandvision.nl\/de\/#website","url":"https:\/\/trendsandvision.nl\/de\/","name":"Trends &amp; Vision (DE)","description":"Der Webshop f\u00fcr Esschert Design Artikel","publisher":{"@id":"https:\/\/trendsandvision.nl\/de\/#organization"},"potentialAction":[{"@type":"SearchAction","target":{"@type":"EntryPoint","urlTemplate":"https:\/\/trendsandvision.nl\/de\/?s={search_term_string}"},"query-input":{"@type":"PropertyValueSpecification","valueRequired":true,"valueName":"search_term_string"}}],"inLanguage":"de"},{"@type":"Organization","@id":"https:\/\/trendsandvision.nl\/de\/#organization","name":"Trends &amp; Vision (DE)","url":"https:\/\/trendsandvision.nl\/de\/","logo":{"@type":"ImageObject","inLanguage":"de","@id":"https:\/\/trendsandvision.nl\/de\/#\/schema\/logo\/image\/","url":"https:\/\/trendsandvision.nl\/de\/wp-content\/uploads\/sites\/3\/2022\/04\/trends-and-vision-logo.jpg","contentUrl":"https:\/\/trendsandvision.nl\/de\/wp-content\/uploads\/sites\/3\/2022\/04\/trends-and-vision-logo.jpg","width":213,"height":100,"caption":"Trends &amp; Vision (DE)"},"image":{"@id":"https:\/\/trendsandvision.nl\/de\/#\/schema\/logo\/image\/"}}]}},"_links":{"self":[{"href":"https:\/\/trendsandvision.nl\/de\/wp-json\/wp\/v2\/product\/10663","targetHints":{"allow":["GET"]}}],"collection":[{"href":"https:\/\/trendsandvision.nl\/de\/wp-json\/wp\/v2\/product"}],"about":[{"href":"https:\/\/trendsandvision.nl\/de\/wp-json\/wp\/v2\/types\/product"}],"wp:featuredmedia":[{"embeddable":true,"href":"https:\/\/trendsandvision.nl\/de\/wp-json\/wp\/v2\/media\/12158"}],"wp:attachment":[{"href":"https:\/\/trendsandvision.nl\/de\/wp-json\/wp\/v2\/media?parent=10663"}],"wp:term":[{"taxonomy":"product_brand","embeddable":true,"href":"https:\/\/trendsandvision.nl\/de\/wp-json\/wp\/v2\/product_brand?post=10663"},{"taxonomy":"product_cat","embeddable":true,"href":"https:\/\/trendsandvision.nl\/de\/wp-json\/wp\/v2\/product_cat?post=10663"},{"taxonomy":"product_tag","embeddable":true,"href":"https:\/\/trendsandvision.nl\/de\/wp-json\/wp\/v2\/product_tag?post=10663"}],"curies":[{"name":"wp","href":"https:\/\/api.w.org\/{rel}","templated":true}]}}