{"id":10370,"date":"2023-01-06T15:54:37","date_gmt":"2023-01-06T14:54:37","guid":{"rendered":"https:\/\/trendsandvision.nl\/de\/product\/esschert-design-desert-dream-beistelltisch\/"},"modified":"2026-04-22T15:24:24","modified_gmt":"2026-04-22T13:24:24","slug":"esschert-design-desert-dream-klappbare-beistelltisch","status":"publish","type":"product","link":"https:\/\/trendsandvision.nl\/de\/product\/esschert-design-desert-dream-klappbare-beistelltisch\/","title":{"rendered":"Esschert Design Desert Dream klappbare Beistelltisch"},"content":{"rendered":"<p>Desert Dream zusammenklappbare Beistelltisch<br \/>\nDieser Beistelltisch aus der Desert Dream-Linie ist multifunktional.<br \/>\nDie Tischplatte kann auch als Tablett verwendet werden! Der Beistelltisch ist eine Bereicherung f\u00fcr den Garten und Balkon! Genie\u00dfen Sie das sch\u00f6ne Sommerwetter mit diesem praktischen Beistelltisch.<br \/>\nDer Tisch ist f\u00fcr jede Art von Garten geeignet und nimmt wenig Platz ein.<br \/>\nSchaffen Sie mit diesem praktischen klappbaren Beistelltisch eine nostalgische und authentische Atmosph\u00e4re in jedem Garten.<\/p>\n<p>Artikelname: Desert Dream Beistelltisch<br \/>\nArtikelnummer TR003<br \/>\nProduktgruppe(n) M\u00f6bel, Tische<br \/>\nProduktabmessungen in cm L 46 x T 46 x H 52,2<br \/>\nMaterial Stahl<br \/>\nNettogewicht 1,845 kg<br \/>\nBarcode 8714982223792<br \/>\nTragf\u00e4higkeit 30<br \/>\nLeicht zusammenklappbar<br \/>\nIdeal f\u00fcr einen kleinen Garten, eine kleine Terrasse oder einen kleinen Balkon<br \/>\nLeicht zu reinigen<\/p>\n","protected":false},"excerpt":{"rendered":"<p>L 46 x T 46 x H 52,2 cm<br \/>\nMaterial Stahl<br \/>\nNettogewicht 1,845 kg<br \/>\nBarcode 8714982223792<br \/>\nTragf\u00e4higkeit 30<br \/>\nLeicht zusammenklappbar<br \/>\nIdeal f\u00fcr einen kleinen Garten<br \/>\nLeicht zu reinigen<\/p>\n","protected":false},"featured_media":10371,"template":"","meta":[],"product_brand":[9597,9598],"product_cat":[741],"product_tag":[7080,7077],"class_list":{"0":"post-10370","1":"product","2":"type-product","3":"status-publish","4":"has-post-thumbnail","6":"product_brand-esschert-design","7":"product_brand-trends-and-vision","8":"product_cat-garden-furniture","9":"product_tag-klappbare-beistelltisch","10":"product_tag-leicht-zusammenklappbar","11":"pa_anbieter-esschert-design","12":"pa_ean-code-5751","13":"pa_messungen-460x460x522-cm","15":"first","16":"instock","17":"sale","18":"taxable","19":"shipping-taxable","20":"purchasable","21":"product-type-simple","22":"czr-hentry"},"yoast_head":"<!-- This site is optimized with the Yoast SEO Premium plugin v27.4 (Yoast SEO v27.5) - https:\/\/yoast.com\/product\/yoast-seo-premium-wordpress\/ -->\n<title>Esschert Design Desert Dream Beistelltisch (TR003, 8714982223792) - Trends &amp; Vision<\/title>\n<meta name=\"description\" content=\"Esschert Design Desert Dream Beistelltisch (TR003, 8714982223792) - ...\" \/>\n<meta name=\"robots\" content=\"index, follow, max-snippet:-1, max-image-preview:large, max-video-preview:-1\" \/>\n<link rel=\"canonical\" href=\"https:\/\/trendsandvision.nl\/de\/product\/esschert-design-desert-dream-klappbare-beistelltisch\/\" \/>\n<meta property=\"og:locale\" content=\"de_DE\" \/>\n<meta property=\"og:type\" content=\"article\" \/>\n<meta property=\"og:title\" content=\"Esschert Design Desert Dream klappbare Beistelltisch\" \/>\n<meta property=\"og:description\" content=\"Esschert Design Desert Dream Beistelltisch (TR003, 8714982223792) - ...\" \/>\n<meta property=\"og:url\" content=\"https:\/\/trendsandvision.nl\/de\/product\/esschert-design-desert-dream-klappbare-beistelltisch\/\" \/>\n<meta property=\"og:site_name\" content=\"Trends &amp; Vision (DE)\" \/>\n<meta property=\"article:modified_time\" content=\"2026-04-22T13:24:24+00:00\" \/>\n<meta property=\"og:image\" content=\"https:\/\/trendsandvision.nl\/de\/wp-content\/uploads\/sites\/3\/2023\/01\/TR003_01.jpg\" \/>\n\t<meta property=\"og:image:width\" content=\"800\" \/>\n\t<meta property=\"og:image:height\" content=\"800\" \/>\n\t<meta property=\"og:image:type\" content=\"image\/jpeg\" \/>\n<meta name=\"twitter:card\" content=\"summary_large_image\" \/>\n<meta name=\"twitter:label1\" content=\"Gesch\u00e4tzte Lesezeit\" \/>\n\t<meta name=\"twitter:data1\" content=\"1\u00a0Minute\" \/>\n<script type=\"application\/ld+json\" class=\"yoast-schema-graph\">{\"@context\":\"https:\\\/\\\/schema.org\",\"@graph\":[{\"@type\":\"WebPage\",\"@id\":\"https:\\\/\\\/trendsandvision.nl\\\/de\\\/product\\\/esschert-design-desert-dream-klappbare-beistelltisch\\\/\",\"url\":\"https:\\\/\\\/trendsandvision.nl\\\/de\\\/product\\\/esschert-design-desert-dream-klappbare-beistelltisch\\\/\",\"name\":\"Esschert Design Desert Dream Beistelltisch (TR003, 8714982223792) - Trends & Vision\",\"isPartOf\":{\"@id\":\"https:\\\/\\\/trendsandvision.nl\\\/de\\\/#website\"},\"primaryImageOfPage\":{\"@id\":\"https:\\\/\\\/trendsandvision.nl\\\/de\\\/product\\\/esschert-design-desert-dream-klappbare-beistelltisch\\\/#primaryimage\"},\"image\":{\"@id\":\"https:\\\/\\\/trendsandvision.nl\\\/de\\\/product\\\/esschert-design-desert-dream-klappbare-beistelltisch\\\/#primaryimage\"},\"thumbnailUrl\":\"https:\\\/\\\/trendsandvision.nl\\\/de\\\/wp-content\\\/uploads\\\/sites\\\/3\\\/2023\\\/01\\\/TR003_01.jpg\",\"datePublished\":\"2023-01-06T14:54:37+00:00\",\"dateModified\":\"2026-04-22T13:24:24+00:00\",\"description\":\"Esschert Design Desert Dream Beistelltisch (TR003, 8714982223792) - ...\",\"breadcrumb\":{\"@id\":\"https:\\\/\\\/trendsandvision.nl\\\/de\\\/product\\\/esschert-design-desert-dream-klappbare-beistelltisch\\\/#breadcrumb\"},\"inLanguage\":\"de\",\"potentialAction\":[{\"@type\":\"ReadAction\",\"target\":[\"https:\\\/\\\/trendsandvision.nl\\\/de\\\/product\\\/esschert-design-desert-dream-klappbare-beistelltisch\\\/\"]}]},{\"@type\":\"ImageObject\",\"inLanguage\":\"de\",\"@id\":\"https:\\\/\\\/trendsandvision.nl\\\/de\\\/product\\\/esschert-design-desert-dream-klappbare-beistelltisch\\\/#primaryimage\",\"url\":\"https:\\\/\\\/trendsandvision.nl\\\/de\\\/wp-content\\\/uploads\\\/sites\\\/3\\\/2023\\\/01\\\/TR003_01.jpg\",\"contentUrl\":\"https:\\\/\\\/trendsandvision.nl\\\/de\\\/wp-content\\\/uploads\\\/sites\\\/3\\\/2023\\\/01\\\/TR003_01.jpg\",\"width\":800,\"height\":800,\"caption\":\"Esschert Design Desert Dream Beistelltisch (TR003 8714982223792) - 01\"},{\"@type\":\"BreadcrumbList\",\"@id\":\"https:\\\/\\\/trendsandvision.nl\\\/de\\\/product\\\/esschert-design-desert-dream-klappbare-beistelltisch\\\/#breadcrumb\",\"itemListElement\":[{\"@type\":\"ListItem\",\"position\":1,\"name\":\"Home\",\"item\":\"https:\\\/\\\/trendsandvision.nl\\\/de\\\/\"},{\"@type\":\"ListItem\",\"position\":2,\"name\":\"Gesch\u00e4ft\",\"item\":\"https:\\\/\\\/trendsandvision.nl\\\/de\\\/geschaft\\\/\"},{\"@type\":\"ListItem\",\"position\":3,\"name\":\"Esschert Design Desert Dream klappbare Beistelltisch\"}]},{\"@type\":\"WebSite\",\"@id\":\"https:\\\/\\\/trendsandvision.nl\\\/de\\\/#website\",\"url\":\"https:\\\/\\\/trendsandvision.nl\\\/de\\\/\",\"name\":\"Trends &amp; Vision (DE)\",\"description\":\"Der Webshop f\u00fcr Esschert Design Artikel\",\"publisher\":{\"@id\":\"https:\\\/\\\/trendsandvision.nl\\\/de\\\/#organization\"},\"potentialAction\":[{\"@type\":\"SearchAction\",\"target\":{\"@type\":\"EntryPoint\",\"urlTemplate\":\"https:\\\/\\\/trendsandvision.nl\\\/de\\\/?s={search_term_string}\"},\"query-input\":{\"@type\":\"PropertyValueSpecification\",\"valueRequired\":true,\"valueName\":\"search_term_string\"}}],\"inLanguage\":\"de\"},{\"@type\":\"Organization\",\"@id\":\"https:\\\/\\\/trendsandvision.nl\\\/de\\\/#organization\",\"name\":\"Trends &amp; Vision (DE)\",\"url\":\"https:\\\/\\\/trendsandvision.nl\\\/de\\\/\",\"logo\":{\"@type\":\"ImageObject\",\"inLanguage\":\"de\",\"@id\":\"https:\\\/\\\/trendsandvision.nl\\\/de\\\/#\\\/schema\\\/logo\\\/image\\\/\",\"url\":\"https:\\\/\\\/trendsandvision.nl\\\/de\\\/wp-content\\\/uploads\\\/sites\\\/3\\\/2022\\\/04\\\/trends-and-vision-logo.jpg\",\"contentUrl\":\"https:\\\/\\\/trendsandvision.nl\\\/de\\\/wp-content\\\/uploads\\\/sites\\\/3\\\/2022\\\/04\\\/trends-and-vision-logo.jpg\",\"width\":213,\"height\":100,\"caption\":\"Trends &amp; Vision (DE)\"},\"image\":{\"@id\":\"https:\\\/\\\/trendsandvision.nl\\\/de\\\/#\\\/schema\\\/logo\\\/image\\\/\"}}]}<\/script>\n<!-- \/ Yoast SEO Premium plugin. -->","yoast_head_json":{"title":"Esschert Design Desert Dream Beistelltisch (TR003, 8714982223792) - Trends & Vision","description":"Esschert Design Desert Dream Beistelltisch (TR003, 8714982223792) - ...","robots":{"index":"index","follow":"follow","max-snippet":"max-snippet:-1","max-image-preview":"max-image-preview:large","max-video-preview":"max-video-preview:-1"},"canonical":"https:\/\/trendsandvision.nl\/de\/product\/esschert-design-desert-dream-klappbare-beistelltisch\/","og_locale":"de_DE","og_type":"article","og_title":"Esschert Design Desert Dream klappbare Beistelltisch","og_description":"Esschert Design Desert Dream Beistelltisch (TR003, 8714982223792) - ...","og_url":"https:\/\/trendsandvision.nl\/de\/product\/esschert-design-desert-dream-klappbare-beistelltisch\/","og_site_name":"Trends &amp; Vision (DE)","article_modified_time":"2026-04-22T13:24:24+00:00","og_image":[{"width":800,"height":800,"url":"https:\/\/trendsandvision.nl\/de\/wp-content\/uploads\/sites\/3\/2023\/01\/TR003_01.jpg","type":"image\/jpeg"}],"twitter_card":"summary_large_image","twitter_misc":{"Gesch\u00e4tzte Lesezeit":"1\u00a0Minute"},"schema":{"@context":"https:\/\/schema.org","@graph":[{"@type":"WebPage","@id":"https:\/\/trendsandvision.nl\/de\/product\/esschert-design-desert-dream-klappbare-beistelltisch\/","url":"https:\/\/trendsandvision.nl\/de\/product\/esschert-design-desert-dream-klappbare-beistelltisch\/","name":"Esschert Design Desert Dream Beistelltisch (TR003, 8714982223792) - Trends & Vision","isPartOf":{"@id":"https:\/\/trendsandvision.nl\/de\/#website"},"primaryImageOfPage":{"@id":"https:\/\/trendsandvision.nl\/de\/product\/esschert-design-desert-dream-klappbare-beistelltisch\/#primaryimage"},"image":{"@id":"https:\/\/trendsandvision.nl\/de\/product\/esschert-design-desert-dream-klappbare-beistelltisch\/#primaryimage"},"thumbnailUrl":"https:\/\/trendsandvision.nl\/de\/wp-content\/uploads\/sites\/3\/2023\/01\/TR003_01.jpg","datePublished":"2023-01-06T14:54:37+00:00","dateModified":"2026-04-22T13:24:24+00:00","description":"Esschert Design Desert Dream Beistelltisch (TR003, 8714982223792) - ...","breadcrumb":{"@id":"https:\/\/trendsandvision.nl\/de\/product\/esschert-design-desert-dream-klappbare-beistelltisch\/#breadcrumb"},"inLanguage":"de","potentialAction":[{"@type":"ReadAction","target":["https:\/\/trendsandvision.nl\/de\/product\/esschert-design-desert-dream-klappbare-beistelltisch\/"]}]},{"@type":"ImageObject","inLanguage":"de","@id":"https:\/\/trendsandvision.nl\/de\/product\/esschert-design-desert-dream-klappbare-beistelltisch\/#primaryimage","url":"https:\/\/trendsandvision.nl\/de\/wp-content\/uploads\/sites\/3\/2023\/01\/TR003_01.jpg","contentUrl":"https:\/\/trendsandvision.nl\/de\/wp-content\/uploads\/sites\/3\/2023\/01\/TR003_01.jpg","width":800,"height":800,"caption":"Esschert Design Desert Dream Beistelltisch (TR003 8714982223792) - 01"},{"@type":"BreadcrumbList","@id":"https:\/\/trendsandvision.nl\/de\/product\/esschert-design-desert-dream-klappbare-beistelltisch\/#breadcrumb","itemListElement":[{"@type":"ListItem","position":1,"name":"Home","item":"https:\/\/trendsandvision.nl\/de\/"},{"@type":"ListItem","position":2,"name":"Gesch\u00e4ft","item":"https:\/\/trendsandvision.nl\/de\/geschaft\/"},{"@type":"ListItem","position":3,"name":"Esschert Design Desert Dream klappbare Beistelltisch"}]},{"@type":"WebSite","@id":"https:\/\/trendsandvision.nl\/de\/#website","url":"https:\/\/trendsandvision.nl\/de\/","name":"Trends &amp; Vision (DE)","description":"Der Webshop f\u00fcr Esschert Design Artikel","publisher":{"@id":"https:\/\/trendsandvision.nl\/de\/#organization"},"potentialAction":[{"@type":"SearchAction","target":{"@type":"EntryPoint","urlTemplate":"https:\/\/trendsandvision.nl\/de\/?s={search_term_string}"},"query-input":{"@type":"PropertyValueSpecification","valueRequired":true,"valueName":"search_term_string"}}],"inLanguage":"de"},{"@type":"Organization","@id":"https:\/\/trendsandvision.nl\/de\/#organization","name":"Trends &amp; Vision (DE)","url":"https:\/\/trendsandvision.nl\/de\/","logo":{"@type":"ImageObject","inLanguage":"de","@id":"https:\/\/trendsandvision.nl\/de\/#\/schema\/logo\/image\/","url":"https:\/\/trendsandvision.nl\/de\/wp-content\/uploads\/sites\/3\/2022\/04\/trends-and-vision-logo.jpg","contentUrl":"https:\/\/trendsandvision.nl\/de\/wp-content\/uploads\/sites\/3\/2022\/04\/trends-and-vision-logo.jpg","width":213,"height":100,"caption":"Trends &amp; Vision (DE)"},"image":{"@id":"https:\/\/trendsandvision.nl\/de\/#\/schema\/logo\/image\/"}}]}},"_links":{"self":[{"href":"https:\/\/trendsandvision.nl\/de\/wp-json\/wp\/v2\/product\/10370","targetHints":{"allow":["GET"]}}],"collection":[{"href":"https:\/\/trendsandvision.nl\/de\/wp-json\/wp\/v2\/product"}],"about":[{"href":"https:\/\/trendsandvision.nl\/de\/wp-json\/wp\/v2\/types\/product"}],"wp:featuredmedia":[{"embeddable":true,"href":"https:\/\/trendsandvision.nl\/de\/wp-json\/wp\/v2\/media\/10371"}],"wp:attachment":[{"href":"https:\/\/trendsandvision.nl\/de\/wp-json\/wp\/v2\/media?parent=10370"}],"wp:term":[{"taxonomy":"product_brand","embeddable":true,"href":"https:\/\/trendsandvision.nl\/de\/wp-json\/wp\/v2\/product_brand?post=10370"},{"taxonomy":"product_cat","embeddable":true,"href":"https:\/\/trendsandvision.nl\/de\/wp-json\/wp\/v2\/product_cat?post=10370"},{"taxonomy":"product_tag","embeddable":true,"href":"https:\/\/trendsandvision.nl\/de\/wp-json\/wp\/v2\/product_tag?post=10370"}],"curies":[{"name":"wp","href":"https:\/\/api.w.org\/{rel}","templated":true}]}}