{"id":10168,"date":"2023-01-06T15:51:14","date_gmt":"2023-01-06T14:51:14","guid":{"rendered":"https:\/\/trendsandvision.nl\/de\/product\/esschert-design-balkonteppich-bayadere-streifen-l\/"},"modified":"2026-04-22T15:15:49","modified_gmt":"2026-04-22T13:15:49","slug":"esschert-design-balkonteppich-bayadere-streifen-l","status":"publish","type":"product","link":"https:\/\/trendsandvision.nl\/de\/product\/esschert-design-balkonteppich-bayadere-streifen-l\/","title":{"rendered":"Esschert Design Balkonteppich Bayadere Streifen L"},"content":{"rendered":"<p>Pflegeleichter Balkonteppich\/ <strong><a href=\"https:\/\/trendsandvision.nl\/de\/?s=Gartenteppich&amp;post_type=product&amp;dgwt_wcas=1\">Gartenteppich<\/a><\/strong> Bayadere Streifen L<br \/>\nDieser Outdoorteppich wurde speziell f\u00fcr den Balkon entwickelt. Dieser Balkonteppich ist mit verschiedenen Streifen ausgestattet und ist eine Erg\u00e4nzung f\u00fcr den Balkon. Der Teppich ist beidseitig verwendbar und leicht zu reinigen.<\/p>\n<p>&#8211; Leicht zu reinigen<br \/>\n&#8211; Wasserdurchl\u00e4ssig<br \/>\n&#8211; Beidseitig verwendbar<\/p>\n<p>Artikelname: Balkonteppich Bayadere Streifen L<br \/>\nArtikelnummer OC52<br \/>\nProduktgruppe(n) Garten&amp;Terrasse, Gartenteppiche, M\u00f6bel, Gartenteppiche<br \/>\nProduktabmessungen in cm L 68,5 x T 197,5 x H 0,6<br \/>\nMaterial PP<br \/>\nBruttogewicht 0,63 kg<br \/>\nNettogewicht 0,62 kg<br \/>\nBarcode 8714982248153<br \/>\nF\u00fcr andere Farben, Formen und\/oder Designs klicken Sie <a href=\"https:\/\/trendsandvision.de\/?s=teppich&amp;post_type=product&amp;dgwt_wcas=1\" rel=\"noopener\" target=\"_blank\">HIER <\/a><\/p>\n","protected":false},"excerpt":{"rendered":"<p>L 68,5 x T 197,5 x H 0,6 cm<br \/>\nMaterial PP<br \/>\nNettogewicht 0,62 kg<br \/>\nBarcode 8714982248153<\/p>\n<p>F\u00fcr andere Farben, Formen und\/oder Designs klicken Sie <a href=\"https:\/\/trendsandvision.de\/?s=teppich&amp;post_type=product&amp;dgwt_wcas=1\" rel=\"noopener\" target=\"_blank\">HIER <\/a><\/p>\n","protected":false},"featured_media":10169,"template":"","meta":[],"product_brand":[9597,9598],"product_cat":[851],"product_tag":[10220,6985,7381],"class_list":{"0":"post-10168","1":"product","2":"type-product","3":"status-publish","4":"has-post-thumbnail","6":"product_brand-esschert-design","7":"product_brand-trends-and-vision","8":"product_cat-best-for-boots","9":"product_tag-bayadere-streifen-l","10":"product_tag-gartenteppiche","11":"product_tag-pflegeleichter-balkonteppich","12":"pa_anbieter-esschert-design","13":"pa_ean-code-5646","14":"pa_messungen-685x1975x06-cm","16":"first","17":"instock","18":"sale","19":"taxable","20":"shipping-taxable","21":"purchasable","22":"product-type-simple","23":"czr-hentry"},"yoast_head":"<!-- This site is optimized with the Yoast SEO Premium plugin v27.4 (Yoast SEO v27.5) - https:\/\/yoast.com\/product\/yoast-seo-premium-wordpress\/ -->\n<title>Esschert Design Balkonteppich Bayadere Streifen L (OC52, 8714982248153) - Trends &amp; Vision<\/title>\n<meta name=\"description\" content=\"Esschert Design Balkonteppich Bayadere Streifen L (OC52, 8714982248153) - ...\" \/>\n<meta name=\"robots\" content=\"index, follow, max-snippet:-1, max-image-preview:large, max-video-preview:-1\" \/>\n<link rel=\"canonical\" href=\"https:\/\/trendsandvision.nl\/de\/product\/esschert-design-balkonteppich-bayadere-streifen-l\/\" \/>\n<meta property=\"og:locale\" content=\"de_DE\" \/>\n<meta property=\"og:type\" content=\"article\" \/>\n<meta property=\"og:title\" content=\"Esschert Design Balkonteppich Bayadere Streifen L\" \/>\n<meta property=\"og:description\" content=\"Esschert Design Balkonteppich Bayadere Streifen L (OC52, 8714982248153) - ...\" \/>\n<meta property=\"og:url\" content=\"https:\/\/trendsandvision.nl\/de\/product\/esschert-design-balkonteppich-bayadere-streifen-l\/\" \/>\n<meta property=\"og:site_name\" content=\"Trends &amp; Vision (DE)\" \/>\n<meta property=\"article:modified_time\" content=\"2026-04-22T13:15:49+00:00\" \/>\n<meta property=\"og:image\" content=\"https:\/\/trendsandvision.nl\/de\/wp-content\/uploads\/sites\/3\/2023\/01\/OC52_01.jpg\" \/>\n\t<meta property=\"og:image:width\" content=\"800\" \/>\n\t<meta property=\"og:image:height\" content=\"800\" \/>\n\t<meta property=\"og:image:type\" content=\"image\/jpeg\" \/>\n<meta name=\"twitter:card\" content=\"summary_large_image\" \/>\n<meta name=\"twitter:label1\" content=\"Gesch\u00e4tzte Lesezeit\" \/>\n\t<meta name=\"twitter:data1\" content=\"1\u00a0Minute\" \/>\n<script type=\"application\/ld+json\" class=\"yoast-schema-graph\">{\"@context\":\"https:\\\/\\\/schema.org\",\"@graph\":[{\"@type\":\"WebPage\",\"@id\":\"https:\\\/\\\/trendsandvision.nl\\\/de\\\/product\\\/esschert-design-balkonteppich-bayadere-streifen-l\\\/\",\"url\":\"https:\\\/\\\/trendsandvision.nl\\\/de\\\/product\\\/esschert-design-balkonteppich-bayadere-streifen-l\\\/\",\"name\":\"Esschert Design Balkonteppich Bayadere Streifen L (OC52, 8714982248153) - Trends & Vision\",\"isPartOf\":{\"@id\":\"https:\\\/\\\/trendsandvision.nl\\\/de\\\/#website\"},\"primaryImageOfPage\":{\"@id\":\"https:\\\/\\\/trendsandvision.nl\\\/de\\\/product\\\/esschert-design-balkonteppich-bayadere-streifen-l\\\/#primaryimage\"},\"image\":{\"@id\":\"https:\\\/\\\/trendsandvision.nl\\\/de\\\/product\\\/esschert-design-balkonteppich-bayadere-streifen-l\\\/#primaryimage\"},\"thumbnailUrl\":\"https:\\\/\\\/trendsandvision.nl\\\/de\\\/wp-content\\\/uploads\\\/sites\\\/3\\\/2023\\\/01\\\/OC52_01.jpg\",\"datePublished\":\"2023-01-06T14:51:14+00:00\",\"dateModified\":\"2026-04-22T13:15:49+00:00\",\"description\":\"Esschert Design Balkonteppich Bayadere Streifen L (OC52, 8714982248153) - ...\",\"breadcrumb\":{\"@id\":\"https:\\\/\\\/trendsandvision.nl\\\/de\\\/product\\\/esschert-design-balkonteppich-bayadere-streifen-l\\\/#breadcrumb\"},\"inLanguage\":\"de\",\"potentialAction\":[{\"@type\":\"ReadAction\",\"target\":[\"https:\\\/\\\/trendsandvision.nl\\\/de\\\/product\\\/esschert-design-balkonteppich-bayadere-streifen-l\\\/\"]}]},{\"@type\":\"ImageObject\",\"inLanguage\":\"de\",\"@id\":\"https:\\\/\\\/trendsandvision.nl\\\/de\\\/product\\\/esschert-design-balkonteppich-bayadere-streifen-l\\\/#primaryimage\",\"url\":\"https:\\\/\\\/trendsandvision.nl\\\/de\\\/wp-content\\\/uploads\\\/sites\\\/3\\\/2023\\\/01\\\/OC52_01.jpg\",\"contentUrl\":\"https:\\\/\\\/trendsandvision.nl\\\/de\\\/wp-content\\\/uploads\\\/sites\\\/3\\\/2023\\\/01\\\/OC52_01.jpg\",\"width\":800,\"height\":800,\"caption\":\"Esschert Design Balkonteppich Bayadere Streifen L (OC52 8714982248153) - 01\"},{\"@type\":\"BreadcrumbList\",\"@id\":\"https:\\\/\\\/trendsandvision.nl\\\/de\\\/product\\\/esschert-design-balkonteppich-bayadere-streifen-l\\\/#breadcrumb\",\"itemListElement\":[{\"@type\":\"ListItem\",\"position\":1,\"name\":\"Home\",\"item\":\"https:\\\/\\\/trendsandvision.nl\\\/de\\\/\"},{\"@type\":\"ListItem\",\"position\":2,\"name\":\"Gesch\u00e4ft\",\"item\":\"https:\\\/\\\/trendsandvision.nl\\\/de\\\/geschaft\\\/\"},{\"@type\":\"ListItem\",\"position\":3,\"name\":\"Esschert Design Balkonteppich Bayadere Streifen L\"}]},{\"@type\":\"WebSite\",\"@id\":\"https:\\\/\\\/trendsandvision.nl\\\/de\\\/#website\",\"url\":\"https:\\\/\\\/trendsandvision.nl\\\/de\\\/\",\"name\":\"Trends &amp; Vision (DE)\",\"description\":\"Der Webshop f\u00fcr Esschert Design Artikel\",\"publisher\":{\"@id\":\"https:\\\/\\\/trendsandvision.nl\\\/de\\\/#organization\"},\"potentialAction\":[{\"@type\":\"SearchAction\",\"target\":{\"@type\":\"EntryPoint\",\"urlTemplate\":\"https:\\\/\\\/trendsandvision.nl\\\/de\\\/?s={search_term_string}\"},\"query-input\":{\"@type\":\"PropertyValueSpecification\",\"valueRequired\":true,\"valueName\":\"search_term_string\"}}],\"inLanguage\":\"de\"},{\"@type\":\"Organization\",\"@id\":\"https:\\\/\\\/trendsandvision.nl\\\/de\\\/#organization\",\"name\":\"Trends &amp; Vision (DE)\",\"url\":\"https:\\\/\\\/trendsandvision.nl\\\/de\\\/\",\"logo\":{\"@type\":\"ImageObject\",\"inLanguage\":\"de\",\"@id\":\"https:\\\/\\\/trendsandvision.nl\\\/de\\\/#\\\/schema\\\/logo\\\/image\\\/\",\"url\":\"https:\\\/\\\/trendsandvision.nl\\\/de\\\/wp-content\\\/uploads\\\/sites\\\/3\\\/2022\\\/04\\\/trends-and-vision-logo.jpg\",\"contentUrl\":\"https:\\\/\\\/trendsandvision.nl\\\/de\\\/wp-content\\\/uploads\\\/sites\\\/3\\\/2022\\\/04\\\/trends-and-vision-logo.jpg\",\"width\":213,\"height\":100,\"caption\":\"Trends &amp; Vision (DE)\"},\"image\":{\"@id\":\"https:\\\/\\\/trendsandvision.nl\\\/de\\\/#\\\/schema\\\/logo\\\/image\\\/\"}}]}<\/script>\n<!-- \/ Yoast SEO Premium plugin. -->","yoast_head_json":{"title":"Esschert Design Balkonteppich Bayadere Streifen L (OC52, 8714982248153) - Trends & Vision","description":"Esschert Design Balkonteppich Bayadere Streifen L (OC52, 8714982248153) - ...","robots":{"index":"index","follow":"follow","max-snippet":"max-snippet:-1","max-image-preview":"max-image-preview:large","max-video-preview":"max-video-preview:-1"},"canonical":"https:\/\/trendsandvision.nl\/de\/product\/esschert-design-balkonteppich-bayadere-streifen-l\/","og_locale":"de_DE","og_type":"article","og_title":"Esschert Design Balkonteppich Bayadere Streifen L","og_description":"Esschert Design Balkonteppich Bayadere Streifen L (OC52, 8714982248153) - ...","og_url":"https:\/\/trendsandvision.nl\/de\/product\/esschert-design-balkonteppich-bayadere-streifen-l\/","og_site_name":"Trends &amp; Vision (DE)","article_modified_time":"2026-04-22T13:15:49+00:00","og_image":[{"width":800,"height":800,"url":"https:\/\/trendsandvision.nl\/de\/wp-content\/uploads\/sites\/3\/2023\/01\/OC52_01.jpg","type":"image\/jpeg"}],"twitter_card":"summary_large_image","twitter_misc":{"Gesch\u00e4tzte Lesezeit":"1\u00a0Minute"},"schema":{"@context":"https:\/\/schema.org","@graph":[{"@type":"WebPage","@id":"https:\/\/trendsandvision.nl\/de\/product\/esschert-design-balkonteppich-bayadere-streifen-l\/","url":"https:\/\/trendsandvision.nl\/de\/product\/esschert-design-balkonteppich-bayadere-streifen-l\/","name":"Esschert Design Balkonteppich Bayadere Streifen L (OC52, 8714982248153) - Trends & Vision","isPartOf":{"@id":"https:\/\/trendsandvision.nl\/de\/#website"},"primaryImageOfPage":{"@id":"https:\/\/trendsandvision.nl\/de\/product\/esschert-design-balkonteppich-bayadere-streifen-l\/#primaryimage"},"image":{"@id":"https:\/\/trendsandvision.nl\/de\/product\/esschert-design-balkonteppich-bayadere-streifen-l\/#primaryimage"},"thumbnailUrl":"https:\/\/trendsandvision.nl\/de\/wp-content\/uploads\/sites\/3\/2023\/01\/OC52_01.jpg","datePublished":"2023-01-06T14:51:14+00:00","dateModified":"2026-04-22T13:15:49+00:00","description":"Esschert Design Balkonteppich Bayadere Streifen L (OC52, 8714982248153) - ...","breadcrumb":{"@id":"https:\/\/trendsandvision.nl\/de\/product\/esschert-design-balkonteppich-bayadere-streifen-l\/#breadcrumb"},"inLanguage":"de","potentialAction":[{"@type":"ReadAction","target":["https:\/\/trendsandvision.nl\/de\/product\/esschert-design-balkonteppich-bayadere-streifen-l\/"]}]},{"@type":"ImageObject","inLanguage":"de","@id":"https:\/\/trendsandvision.nl\/de\/product\/esschert-design-balkonteppich-bayadere-streifen-l\/#primaryimage","url":"https:\/\/trendsandvision.nl\/de\/wp-content\/uploads\/sites\/3\/2023\/01\/OC52_01.jpg","contentUrl":"https:\/\/trendsandvision.nl\/de\/wp-content\/uploads\/sites\/3\/2023\/01\/OC52_01.jpg","width":800,"height":800,"caption":"Esschert Design Balkonteppich Bayadere Streifen L (OC52 8714982248153) - 01"},{"@type":"BreadcrumbList","@id":"https:\/\/trendsandvision.nl\/de\/product\/esschert-design-balkonteppich-bayadere-streifen-l\/#breadcrumb","itemListElement":[{"@type":"ListItem","position":1,"name":"Home","item":"https:\/\/trendsandvision.nl\/de\/"},{"@type":"ListItem","position":2,"name":"Gesch\u00e4ft","item":"https:\/\/trendsandvision.nl\/de\/geschaft\/"},{"@type":"ListItem","position":3,"name":"Esschert Design Balkonteppich Bayadere Streifen L"}]},{"@type":"WebSite","@id":"https:\/\/trendsandvision.nl\/de\/#website","url":"https:\/\/trendsandvision.nl\/de\/","name":"Trends &amp; Vision (DE)","description":"Der Webshop f\u00fcr Esschert Design Artikel","publisher":{"@id":"https:\/\/trendsandvision.nl\/de\/#organization"},"potentialAction":[{"@type":"SearchAction","target":{"@type":"EntryPoint","urlTemplate":"https:\/\/trendsandvision.nl\/de\/?s={search_term_string}"},"query-input":{"@type":"PropertyValueSpecification","valueRequired":true,"valueName":"search_term_string"}}],"inLanguage":"de"},{"@type":"Organization","@id":"https:\/\/trendsandvision.nl\/de\/#organization","name":"Trends &amp; Vision (DE)","url":"https:\/\/trendsandvision.nl\/de\/","logo":{"@type":"ImageObject","inLanguage":"de","@id":"https:\/\/trendsandvision.nl\/de\/#\/schema\/logo\/image\/","url":"https:\/\/trendsandvision.nl\/de\/wp-content\/uploads\/sites\/3\/2022\/04\/trends-and-vision-logo.jpg","contentUrl":"https:\/\/trendsandvision.nl\/de\/wp-content\/uploads\/sites\/3\/2022\/04\/trends-and-vision-logo.jpg","width":213,"height":100,"caption":"Trends &amp; Vision (DE)"},"image":{"@id":"https:\/\/trendsandvision.nl\/de\/#\/schema\/logo\/image\/"}}]}},"_links":{"self":[{"href":"https:\/\/trendsandvision.nl\/de\/wp-json\/wp\/v2\/product\/10168","targetHints":{"allow":["GET"]}}],"collection":[{"href":"https:\/\/trendsandvision.nl\/de\/wp-json\/wp\/v2\/product"}],"about":[{"href":"https:\/\/trendsandvision.nl\/de\/wp-json\/wp\/v2\/types\/product"}],"wp:featuredmedia":[{"embeddable":true,"href":"https:\/\/trendsandvision.nl\/de\/wp-json\/wp\/v2\/media\/10169"}],"wp:attachment":[{"href":"https:\/\/trendsandvision.nl\/de\/wp-json\/wp\/v2\/media?parent=10168"}],"wp:term":[{"taxonomy":"product_brand","embeddable":true,"href":"https:\/\/trendsandvision.nl\/de\/wp-json\/wp\/v2\/product_brand?post=10168"},{"taxonomy":"product_cat","embeddable":true,"href":"https:\/\/trendsandvision.nl\/de\/wp-json\/wp\/v2\/product_cat?post=10168"},{"taxonomy":"product_tag","embeddable":true,"href":"https:\/\/trendsandvision.nl\/de\/wp-json\/wp\/v2\/product_tag?post=10168"}],"curies":[{"name":"wp","href":"https:\/\/api.w.org\/{rel}","templated":true}]}}