{"id":10094,"date":"2023-01-06T15:50:03","date_gmt":"2023-01-06T14:50:03","guid":{"rendered":"https:\/\/trendsandvision.nl\/de\/product\/esschert-design-gewaechshaus-blank-s\/"},"modified":"2026-04-07T10:42:06","modified_gmt":"2026-04-07T08:42:06","slug":"esschert-design-gewaechshaus-blank-s","status":"publish","type":"product","link":"https:\/\/trendsandvision.nl\/de\/product\/esschert-design-gewaechshaus-blank-s\/","title":{"rendered":"Esschert Design Gew\u00e4chshaus blank S"},"content":{"rendered":"<p>Dieses Gew\u00e4chshaus in Gr\u00f6\u00dfe S bietet Ihren Pflanzen und Setzlingen jede Menge Platz.<br \/>\nDie Polycarbonatfenster streuen das Licht, damit die Pflanzen nicht (schnell) verbrennen.<br \/>\nDas Dach des Gew\u00e4chshauses kann zwecks eines zus\u00e4tzlichen &#8222;Schubs&#8220; Sonnenlicht ge\u00f6ffnet werden.<\/p>\n<p>&#8211; Zerlegbar verpackt<br \/>\n&#8211; ideal f\u00fcr den kleinen Garten oder Balkon<br \/>\n&#8211; 2 Regale<br \/>\n&#8211; Polycarbonatfenster<br \/>\n&#8211; Dach kann ge\u00f6ffnet werden<\/p>\n<p>Artikelname: Gew\u00e4chshaus blank S<br \/>\nArtikelnummer NG139<br \/>\nProduktgruppe(n) Kultivierung, Gew\u00e4chsh\u00e4user und Fr\u00fchbeete, Gew\u00e4chsh\u00e4user<br \/>\nProduktabmessungen in cm L 69,4 x T 54 x H 85<br \/>\nMaterial Kiefernholz, PP<br \/>\nBruttogewicht 11,497 kg<br \/>\nNettogewicht 10,452 kg<br \/>\nBarcode 8714982225956<\/p>\n","protected":false},"excerpt":{"rendered":"<p>&#8211; Gew\u00e4chshaus blank S<br \/>\n&#8211; L 69,4 x T 54 x H 85 cm<br \/>\n&#8211; Material Kiefernholz, PP<br \/>\n&#8211; Nettogewicht 10,452 kg<br \/>\n&#8211; Barcode 8714982225956<br \/>\n&#8211; zerlegbar verpackt<br \/>\n&#8211; ideal f\u00fcr den kleinen Garten oder Balkon<br \/>\n&#8211; 2 Regale<br \/>\n&#8211; Polycarbonatfenster<br \/>\n&#8211; Dach kann ge\u00f6ffnet werden <\/p>\n","protected":false},"featured_media":10095,"template":"","meta":[],"product_brand":[9597,9598],"product_cat":[741],"product_tag":[7332,7026,7333,7331],"class_list":{"0":"post-10094","1":"product","2":"type-product","3":"status-publish","4":"has-post-thumbnail","6":"product_brand-esschert-design","7":"product_brand-trends-and-vision","8":"product_cat-garden-furniture","9":"product_tag-fruehbeete","10":"product_tag-gewaechshaeuser","11":"product_tag-kleinen-garten","12":"product_tag-zerlegbar-verpackt","13":"pa_anbieter-esschert-design","14":"pa_ean-code-5619","15":"pa_material-kiefernholz-pp","16":"pa_messungen-694x540x850-cm","18":"first","19":"instock","20":"sale","21":"taxable","22":"shipping-taxable","23":"purchasable","24":"product-type-simple","25":"czr-hentry"},"yoast_head":"<!-- This site is optimized with the Yoast SEO Premium plugin v26.4 (Yoast SEO v27.4) - https:\/\/yoast.com\/product\/yoast-seo-premium-wordpress\/ -->\n<title>Esschert Design Gew\u00e4chshaus blank S (NG139, 8714982225956) - Trends &amp; Vision<\/title>\n<meta name=\"description\" content=\"Esschert Design Gew\u00e4chshaus blank S (NG139, 8714982225956) - Dieses Gew\u00e4chshaus in Gr\u00f6\u00dfe S bietet Ihren Pflanzen und Setzlingen jede Menge Platz. Die Polycarbona...\" \/>\n<meta name=\"robots\" content=\"index, follow, max-snippet:-1, max-image-preview:large, max-video-preview:-1\" \/>\n<link rel=\"canonical\" href=\"https:\/\/trendsandvision.nl\/de\/product\/esschert-design-gewaechshaus-blank-s\/\" \/>\n<meta property=\"og:locale\" content=\"de_DE\" \/>\n<meta property=\"og:type\" content=\"article\" \/>\n<meta property=\"og:title\" content=\"Esschert Design Gew\u00e4chshaus blank S\" \/>\n<meta property=\"og:description\" content=\"Esschert Design Gew\u00e4chshaus blank S (NG139, 8714982225956) - Dieses Gew\u00e4chshaus in Gr\u00f6\u00dfe S bietet Ihren Pflanzen und Setzlingen jede Menge Platz. Die Polycarbona...\" \/>\n<meta property=\"og:url\" content=\"https:\/\/trendsandvision.nl\/de\/product\/esschert-design-gewaechshaus-blank-s\/\" \/>\n<meta property=\"og:site_name\" content=\"Trends &amp; Vision (DE)\" \/>\n<meta property=\"article:modified_time\" content=\"2026-04-07T08:42:06+00:00\" \/>\n<meta property=\"og:image\" content=\"https:\/\/trendsandvision.nl\/de\/wp-content\/uploads\/sites\/3\/2023\/01\/NG139_01.jpg\" \/>\n\t<meta property=\"og:image:width\" content=\"800\" \/>\n\t<meta property=\"og:image:height\" content=\"800\" \/>\n\t<meta property=\"og:image:type\" content=\"image\/jpeg\" \/>\n<meta name=\"twitter:card\" content=\"summary_large_image\" \/>\n<meta name=\"twitter:label1\" content=\"Gesch\u00e4tzte Lesezeit\" \/>\n\t<meta name=\"twitter:data1\" content=\"1\u00a0Minute\" \/>\n<script type=\"application\/ld+json\" class=\"yoast-schema-graph\">{\"@context\":\"https:\\\/\\\/schema.org\",\"@graph\":[{\"@type\":\"WebPage\",\"@id\":\"https:\\\/\\\/trendsandvision.nl\\\/de\\\/product\\\/esschert-design-gewaechshaus-blank-s\\\/\",\"url\":\"https:\\\/\\\/trendsandvision.nl\\\/de\\\/product\\\/esschert-design-gewaechshaus-blank-s\\\/\",\"name\":\"Esschert Design Gew\u00e4chshaus blank S (NG139, 8714982225956) - Trends & Vision\",\"isPartOf\":{\"@id\":\"https:\\\/\\\/trendsandvision.nl\\\/de\\\/#website\"},\"primaryImageOfPage\":{\"@id\":\"https:\\\/\\\/trendsandvision.nl\\\/de\\\/product\\\/esschert-design-gewaechshaus-blank-s\\\/#primaryimage\"},\"image\":{\"@id\":\"https:\\\/\\\/trendsandvision.nl\\\/de\\\/product\\\/esschert-design-gewaechshaus-blank-s\\\/#primaryimage\"},\"thumbnailUrl\":\"https:\\\/\\\/trendsandvision.nl\\\/de\\\/wp-content\\\/uploads\\\/sites\\\/3\\\/2023\\\/01\\\/NG139_01.jpg\",\"datePublished\":\"2023-01-06T14:50:03+00:00\",\"dateModified\":\"2026-04-07T08:42:06+00:00\",\"description\":\"Esschert Design Gew\u00e4chshaus blank S (NG139, 8714982225956) - Dieses Gew\u00e4chshaus in Gr\u00f6\u00dfe S bietet Ihren Pflanzen und Setzlingen jede Menge Platz. Die Polycarbona...\",\"breadcrumb\":{\"@id\":\"https:\\\/\\\/trendsandvision.nl\\\/de\\\/product\\\/esschert-design-gewaechshaus-blank-s\\\/#breadcrumb\"},\"inLanguage\":\"de\",\"potentialAction\":[{\"@type\":\"ReadAction\",\"target\":[\"https:\\\/\\\/trendsandvision.nl\\\/de\\\/product\\\/esschert-design-gewaechshaus-blank-s\\\/\"]}]},{\"@type\":\"ImageObject\",\"inLanguage\":\"de\",\"@id\":\"https:\\\/\\\/trendsandvision.nl\\\/de\\\/product\\\/esschert-design-gewaechshaus-blank-s\\\/#primaryimage\",\"url\":\"https:\\\/\\\/trendsandvision.nl\\\/de\\\/wp-content\\\/uploads\\\/sites\\\/3\\\/2023\\\/01\\\/NG139_01.jpg\",\"contentUrl\":\"https:\\\/\\\/trendsandvision.nl\\\/de\\\/wp-content\\\/uploads\\\/sites\\\/3\\\/2023\\\/01\\\/NG139_01.jpg\",\"width\":800,\"height\":800,\"caption\":\"Esschert Design Gew\u00e4chshaus blank S (NG139 8714982225956) - 01\"},{\"@type\":\"BreadcrumbList\",\"@id\":\"https:\\\/\\\/trendsandvision.nl\\\/de\\\/product\\\/esschert-design-gewaechshaus-blank-s\\\/#breadcrumb\",\"itemListElement\":[{\"@type\":\"ListItem\",\"position\":1,\"name\":\"Home\",\"item\":\"https:\\\/\\\/trendsandvision.nl\\\/de\\\/\"},{\"@type\":\"ListItem\",\"position\":2,\"name\":\"Gesch\u00e4ft\",\"item\":\"https:\\\/\\\/trendsandvision.nl\\\/de\\\/geschaft\\\/\"},{\"@type\":\"ListItem\",\"position\":3,\"name\":\"Esschert Design Gew\u00e4chshaus blank S\"}]},{\"@type\":\"WebSite\",\"@id\":\"https:\\\/\\\/trendsandvision.nl\\\/de\\\/#website\",\"url\":\"https:\\\/\\\/trendsandvision.nl\\\/de\\\/\",\"name\":\"Trends &amp; Vision (DE)\",\"description\":\"Der Webshop f\u00fcr Esschert Design Artikel\",\"publisher\":{\"@id\":\"https:\\\/\\\/trendsandvision.nl\\\/de\\\/#organization\"},\"potentialAction\":[{\"@type\":\"SearchAction\",\"target\":{\"@type\":\"EntryPoint\",\"urlTemplate\":\"https:\\\/\\\/trendsandvision.nl\\\/de\\\/?s={search_term_string}\"},\"query-input\":{\"@type\":\"PropertyValueSpecification\",\"valueRequired\":true,\"valueName\":\"search_term_string\"}}],\"inLanguage\":\"de\"},{\"@type\":\"Organization\",\"@id\":\"https:\\\/\\\/trendsandvision.nl\\\/de\\\/#organization\",\"name\":\"Trends &amp; Vision (DE)\",\"url\":\"https:\\\/\\\/trendsandvision.nl\\\/de\\\/\",\"logo\":{\"@type\":\"ImageObject\",\"inLanguage\":\"de\",\"@id\":\"https:\\\/\\\/trendsandvision.nl\\\/de\\\/#\\\/schema\\\/logo\\\/image\\\/\",\"url\":\"https:\\\/\\\/trendsandvision.nl\\\/de\\\/wp-content\\\/uploads\\\/sites\\\/3\\\/2022\\\/04\\\/trends-and-vision-logo.jpg\",\"contentUrl\":\"https:\\\/\\\/trendsandvision.nl\\\/de\\\/wp-content\\\/uploads\\\/sites\\\/3\\\/2022\\\/04\\\/trends-and-vision-logo.jpg\",\"width\":213,\"height\":100,\"caption\":\"Trends &amp; Vision (DE)\"},\"image\":{\"@id\":\"https:\\\/\\\/trendsandvision.nl\\\/de\\\/#\\\/schema\\\/logo\\\/image\\\/\"}}]}<\/script>\n<!-- \/ Yoast SEO Premium plugin. -->","yoast_head_json":{"title":"Esschert Design Gew\u00e4chshaus blank S (NG139, 8714982225956) - Trends & Vision","description":"Esschert Design Gew\u00e4chshaus blank S (NG139, 8714982225956) - Dieses Gew\u00e4chshaus in Gr\u00f6\u00dfe S bietet Ihren Pflanzen und Setzlingen jede Menge Platz. Die Polycarbona...","robots":{"index":"index","follow":"follow","max-snippet":"max-snippet:-1","max-image-preview":"max-image-preview:large","max-video-preview":"max-video-preview:-1"},"canonical":"https:\/\/trendsandvision.nl\/de\/product\/esschert-design-gewaechshaus-blank-s\/","og_locale":"de_DE","og_type":"article","og_title":"Esschert Design Gew\u00e4chshaus blank S","og_description":"Esschert Design Gew\u00e4chshaus blank S (NG139, 8714982225956) - Dieses Gew\u00e4chshaus in Gr\u00f6\u00dfe S bietet Ihren Pflanzen und Setzlingen jede Menge Platz. Die Polycarbona...","og_url":"https:\/\/trendsandvision.nl\/de\/product\/esschert-design-gewaechshaus-blank-s\/","og_site_name":"Trends &amp; Vision (DE)","article_modified_time":"2026-04-07T08:42:06+00:00","og_image":[{"width":800,"height":800,"url":"https:\/\/trendsandvision.nl\/de\/wp-content\/uploads\/sites\/3\/2023\/01\/NG139_01.jpg","type":"image\/jpeg"}],"twitter_card":"summary_large_image","twitter_misc":{"Gesch\u00e4tzte Lesezeit":"1\u00a0Minute"},"schema":{"@context":"https:\/\/schema.org","@graph":[{"@type":"WebPage","@id":"https:\/\/trendsandvision.nl\/de\/product\/esschert-design-gewaechshaus-blank-s\/","url":"https:\/\/trendsandvision.nl\/de\/product\/esschert-design-gewaechshaus-blank-s\/","name":"Esschert Design Gew\u00e4chshaus blank S (NG139, 8714982225956) - Trends & Vision","isPartOf":{"@id":"https:\/\/trendsandvision.nl\/de\/#website"},"primaryImageOfPage":{"@id":"https:\/\/trendsandvision.nl\/de\/product\/esschert-design-gewaechshaus-blank-s\/#primaryimage"},"image":{"@id":"https:\/\/trendsandvision.nl\/de\/product\/esschert-design-gewaechshaus-blank-s\/#primaryimage"},"thumbnailUrl":"https:\/\/trendsandvision.nl\/de\/wp-content\/uploads\/sites\/3\/2023\/01\/NG139_01.jpg","datePublished":"2023-01-06T14:50:03+00:00","dateModified":"2026-04-07T08:42:06+00:00","description":"Esschert Design Gew\u00e4chshaus blank S (NG139, 8714982225956) - Dieses Gew\u00e4chshaus in Gr\u00f6\u00dfe S bietet Ihren Pflanzen und Setzlingen jede Menge Platz. Die Polycarbona...","breadcrumb":{"@id":"https:\/\/trendsandvision.nl\/de\/product\/esschert-design-gewaechshaus-blank-s\/#breadcrumb"},"inLanguage":"de","potentialAction":[{"@type":"ReadAction","target":["https:\/\/trendsandvision.nl\/de\/product\/esschert-design-gewaechshaus-blank-s\/"]}]},{"@type":"ImageObject","inLanguage":"de","@id":"https:\/\/trendsandvision.nl\/de\/product\/esschert-design-gewaechshaus-blank-s\/#primaryimage","url":"https:\/\/trendsandvision.nl\/de\/wp-content\/uploads\/sites\/3\/2023\/01\/NG139_01.jpg","contentUrl":"https:\/\/trendsandvision.nl\/de\/wp-content\/uploads\/sites\/3\/2023\/01\/NG139_01.jpg","width":800,"height":800,"caption":"Esschert Design Gew\u00e4chshaus blank S (NG139 8714982225956) - 01"},{"@type":"BreadcrumbList","@id":"https:\/\/trendsandvision.nl\/de\/product\/esschert-design-gewaechshaus-blank-s\/#breadcrumb","itemListElement":[{"@type":"ListItem","position":1,"name":"Home","item":"https:\/\/trendsandvision.nl\/de\/"},{"@type":"ListItem","position":2,"name":"Gesch\u00e4ft","item":"https:\/\/trendsandvision.nl\/de\/geschaft\/"},{"@type":"ListItem","position":3,"name":"Esschert Design Gew\u00e4chshaus blank S"}]},{"@type":"WebSite","@id":"https:\/\/trendsandvision.nl\/de\/#website","url":"https:\/\/trendsandvision.nl\/de\/","name":"Trends &amp; Vision (DE)","description":"Der Webshop f\u00fcr Esschert Design Artikel","publisher":{"@id":"https:\/\/trendsandvision.nl\/de\/#organization"},"potentialAction":[{"@type":"SearchAction","target":{"@type":"EntryPoint","urlTemplate":"https:\/\/trendsandvision.nl\/de\/?s={search_term_string}"},"query-input":{"@type":"PropertyValueSpecification","valueRequired":true,"valueName":"search_term_string"}}],"inLanguage":"de"},{"@type":"Organization","@id":"https:\/\/trendsandvision.nl\/de\/#organization","name":"Trends &amp; Vision (DE)","url":"https:\/\/trendsandvision.nl\/de\/","logo":{"@type":"ImageObject","inLanguage":"de","@id":"https:\/\/trendsandvision.nl\/de\/#\/schema\/logo\/image\/","url":"https:\/\/trendsandvision.nl\/de\/wp-content\/uploads\/sites\/3\/2022\/04\/trends-and-vision-logo.jpg","contentUrl":"https:\/\/trendsandvision.nl\/de\/wp-content\/uploads\/sites\/3\/2022\/04\/trends-and-vision-logo.jpg","width":213,"height":100,"caption":"Trends &amp; Vision (DE)"},"image":{"@id":"https:\/\/trendsandvision.nl\/de\/#\/schema\/logo\/image\/"}}]}},"_links":{"self":[{"href":"https:\/\/trendsandvision.nl\/de\/wp-json\/wp\/v2\/product\/10094","targetHints":{"allow":["GET"]}}],"collection":[{"href":"https:\/\/trendsandvision.nl\/de\/wp-json\/wp\/v2\/product"}],"about":[{"href":"https:\/\/trendsandvision.nl\/de\/wp-json\/wp\/v2\/types\/product"}],"wp:featuredmedia":[{"embeddable":true,"href":"https:\/\/trendsandvision.nl\/de\/wp-json\/wp\/v2\/media\/10095"}],"wp:attachment":[{"href":"https:\/\/trendsandvision.nl\/de\/wp-json\/wp\/v2\/media?parent=10094"}],"wp:term":[{"taxonomy":"product_brand","embeddable":true,"href":"https:\/\/trendsandvision.nl\/de\/wp-json\/wp\/v2\/product_brand?post=10094"},{"taxonomy":"product_cat","embeddable":true,"href":"https:\/\/trendsandvision.nl\/de\/wp-json\/wp\/v2\/product_cat?post=10094"},{"taxonomy":"product_tag","embeddable":true,"href":"https:\/\/trendsandvision.nl\/de\/wp-json\/wp\/v2\/product_tag?post=10094"}],"curies":[{"name":"wp","href":"https:\/\/api.w.org\/{rel}","templated":true}]}}