{"id":10042,"date":"2023-01-06T15:49:11","date_gmt":"2023-01-06T14:49:11","guid":{"rendered":"https:\/\/trendsandvision.nl\/de\/product\/esschert-design-tuerstopper-beton-kugel\/"},"modified":"2026-04-07T10:40:22","modified_gmt":"2026-04-07T08:40:22","slug":"esschert-design-tuerstopper-beton-kugel","status":"publish","type":"product","link":"https:\/\/trendsandvision.nl\/de\/product\/esschert-design-tuerstopper-beton-kugel\/","title":{"rendered":"Esschert Design T\u00fcrstopper Beton Kugel"},"content":{"rendered":"<p>Dieser T\u00fcrkeil in Betonoptik in Form einer Kugel mit dem Schriftzug Home hat einen neutralen Look. Dank der praktischen Schlaufe l\u00e4sst sich der T\u00fcrkeil leicht verschieben. Der T\u00fcrkeil kann sowohl drinnen als auch drau\u00dfen verwendet werden. Die Schaumstoffaufkleber auf der Unterseite verhindern Kratzer. <\/p>\n<p>&#8211; kratzfrei durch Schaumstoffaufkleber auf der Unterseite<br \/>\n&#8211; ausgestattet mit einer praktischen Schlaufe, mit der Sie den T\u00fcrkeil verschieben k\u00f6nnen<\/p>\n<p>Artikelname: T\u00fcrstopper Beton Kugel<br \/>\nArtikelnummer LH309<br \/>\nProduktgruppe(n) T\u00fcr&amp;Halle, T\u00fcrstopper<br \/>\nProduktabmessungen in cm L 15,4 x T 15,4 x H 12,8<br \/>\nMaterial Beton, Jute, Gummi<br \/>\nNettogewicht 2,041 kg<br \/>\nBarcode 8714982216497<\/p>\n","protected":false},"excerpt":{"rendered":"<p>T\u00fcrstopper: Beton Kugel<br \/>\nArtikelnummer LH309<br \/>\nL 15,4 x T 15,4 x H 12,8 cm<br \/>\nMaterial Beton, Jute, Gummi<br \/>\nNettogewicht 2,041 kg<br \/>\nBarcode 8714982216497<\/p>\n","protected":false},"featured_media":10043,"template":"","meta":[],"product_brand":[9597,9598],"product_cat":[851],"product_tag":[7169,6864],"class_list":{"0":"post-10042","1":"product","2":"type-product","3":"status-publish","4":"has-post-thumbnail","6":"product_brand-esschert-design","7":"product_brand-trends-and-vision","8":"product_cat-best-for-boots","9":"product_tag-beton","10":"product_tag-tuerstopper","11":"pa_anbieter-esschert-design","12":"pa_ean-code-5600","13":"pa_material-beton-jute-gummi","14":"pa_messungen-154x154x128-cm","16":"first","17":"instock","18":"sale","19":"taxable","20":"shipping-taxable","21":"purchasable","22":"product-type-simple","23":"czr-hentry"},"yoast_head":"<!-- This site is optimized with the Yoast SEO Premium plugin v26.4 (Yoast SEO v27.3) - https:\/\/yoast.com\/product\/yoast-seo-premium-wordpress\/ -->\n<title>Esschert Design T\u00fcrstopper Beton Kugel (LH309, 8714982216497) - Trends &amp; Vision<\/title>\n<meta name=\"description\" content=\"Esschert Design T\u00fcrstopper Beton Kugel (LH309, 8714982216497) - Dieser T\u00fcrkeil in Betonoptik in Form einer Kugel mit dem Schriftzug Home hat einen neutralen Look. D...\" \/>\n<meta name=\"robots\" content=\"index, follow, max-snippet:-1, max-image-preview:large, max-video-preview:-1\" \/>\n<link rel=\"canonical\" href=\"https:\/\/trendsandvision.nl\/de\/product\/esschert-design-tuerstopper-beton-kugel\/\" \/>\n<meta property=\"og:locale\" content=\"de_DE\" \/>\n<meta property=\"og:type\" content=\"article\" \/>\n<meta property=\"og:title\" content=\"Esschert Design T\u00fcrstopper Beton Kugel\" \/>\n<meta property=\"og:description\" content=\"Esschert Design T\u00fcrstopper Beton Kugel (LH309, 8714982216497) - Dieser T\u00fcrkeil in Betonoptik in Form einer Kugel mit dem Schriftzug Home hat einen neutralen Look. D...\" \/>\n<meta property=\"og:url\" content=\"https:\/\/trendsandvision.nl\/de\/product\/esschert-design-tuerstopper-beton-kugel\/\" \/>\n<meta property=\"og:site_name\" content=\"Trends &amp; Vision (DE)\" \/>\n<meta property=\"article:modified_time\" content=\"2026-04-07T08:40:22+00:00\" \/>\n<meta property=\"og:image\" content=\"https:\/\/trendsandvision.nl\/de\/wp-content\/uploads\/sites\/3\/2023\/01\/LH309_01.jpg\" \/>\n\t<meta property=\"og:image:width\" content=\"800\" \/>\n\t<meta property=\"og:image:height\" content=\"800\" \/>\n\t<meta property=\"og:image:type\" content=\"image\/jpeg\" \/>\n<meta name=\"twitter:card\" content=\"summary_large_image\" \/>\n<meta name=\"twitter:label1\" content=\"Gesch\u00e4tzte Lesezeit\" \/>\n\t<meta name=\"twitter:data1\" content=\"1\u00a0Minute\" \/>\n<script type=\"application\/ld+json\" class=\"yoast-schema-graph\">{\"@context\":\"https:\\\/\\\/schema.org\",\"@graph\":[{\"@type\":\"WebPage\",\"@id\":\"https:\\\/\\\/trendsandvision.nl\\\/de\\\/product\\\/esschert-design-tuerstopper-beton-kugel\\\/\",\"url\":\"https:\\\/\\\/trendsandvision.nl\\\/de\\\/product\\\/esschert-design-tuerstopper-beton-kugel\\\/\",\"name\":\"Esschert Design T\u00fcrstopper Beton Kugel (LH309, 8714982216497) - Trends & Vision\",\"isPartOf\":{\"@id\":\"https:\\\/\\\/trendsandvision.nl\\\/de\\\/#website\"},\"primaryImageOfPage\":{\"@id\":\"https:\\\/\\\/trendsandvision.nl\\\/de\\\/product\\\/esschert-design-tuerstopper-beton-kugel\\\/#primaryimage\"},\"image\":{\"@id\":\"https:\\\/\\\/trendsandvision.nl\\\/de\\\/product\\\/esschert-design-tuerstopper-beton-kugel\\\/#primaryimage\"},\"thumbnailUrl\":\"https:\\\/\\\/trendsandvision.nl\\\/de\\\/wp-content\\\/uploads\\\/sites\\\/3\\\/2023\\\/01\\\/LH309_01.jpg\",\"datePublished\":\"2023-01-06T14:49:11+00:00\",\"dateModified\":\"2026-04-07T08:40:22+00:00\",\"description\":\"Esschert Design T\u00fcrstopper Beton Kugel (LH309, 8714982216497) - Dieser T\u00fcrkeil in Betonoptik in Form einer Kugel mit dem Schriftzug Home hat einen neutralen Look. D...\",\"breadcrumb\":{\"@id\":\"https:\\\/\\\/trendsandvision.nl\\\/de\\\/product\\\/esschert-design-tuerstopper-beton-kugel\\\/#breadcrumb\"},\"inLanguage\":\"de\",\"potentialAction\":[{\"@type\":\"ReadAction\",\"target\":[\"https:\\\/\\\/trendsandvision.nl\\\/de\\\/product\\\/esschert-design-tuerstopper-beton-kugel\\\/\"]}]},{\"@type\":\"ImageObject\",\"inLanguage\":\"de\",\"@id\":\"https:\\\/\\\/trendsandvision.nl\\\/de\\\/product\\\/esschert-design-tuerstopper-beton-kugel\\\/#primaryimage\",\"url\":\"https:\\\/\\\/trendsandvision.nl\\\/de\\\/wp-content\\\/uploads\\\/sites\\\/3\\\/2023\\\/01\\\/LH309_01.jpg\",\"contentUrl\":\"https:\\\/\\\/trendsandvision.nl\\\/de\\\/wp-content\\\/uploads\\\/sites\\\/3\\\/2023\\\/01\\\/LH309_01.jpg\",\"width\":800,\"height\":800,\"caption\":\"Esschert Design T\u00fcrstopper Beton Kugel (LH309 8714982216497) - 01\"},{\"@type\":\"BreadcrumbList\",\"@id\":\"https:\\\/\\\/trendsandvision.nl\\\/de\\\/product\\\/esschert-design-tuerstopper-beton-kugel\\\/#breadcrumb\",\"itemListElement\":[{\"@type\":\"ListItem\",\"position\":1,\"name\":\"Home\",\"item\":\"https:\\\/\\\/trendsandvision.nl\\\/de\\\/\"},{\"@type\":\"ListItem\",\"position\":2,\"name\":\"Gesch\u00e4ft\",\"item\":\"https:\\\/\\\/trendsandvision.nl\\\/de\\\/geschaft\\\/\"},{\"@type\":\"ListItem\",\"position\":3,\"name\":\"Esschert Design T\u00fcrstopper Beton Kugel\"}]},{\"@type\":\"WebSite\",\"@id\":\"https:\\\/\\\/trendsandvision.nl\\\/de\\\/#website\",\"url\":\"https:\\\/\\\/trendsandvision.nl\\\/de\\\/\",\"name\":\"Trends &amp; Vision (DE)\",\"description\":\"Der Webshop f\u00fcr Esschert Design Artikel\",\"publisher\":{\"@id\":\"https:\\\/\\\/trendsandvision.nl\\\/de\\\/#organization\"},\"potentialAction\":[{\"@type\":\"SearchAction\",\"target\":{\"@type\":\"EntryPoint\",\"urlTemplate\":\"https:\\\/\\\/trendsandvision.nl\\\/de\\\/?s={search_term_string}\"},\"query-input\":{\"@type\":\"PropertyValueSpecification\",\"valueRequired\":true,\"valueName\":\"search_term_string\"}}],\"inLanguage\":\"de\"},{\"@type\":\"Organization\",\"@id\":\"https:\\\/\\\/trendsandvision.nl\\\/de\\\/#organization\",\"name\":\"Trends &amp; Vision (DE)\",\"url\":\"https:\\\/\\\/trendsandvision.nl\\\/de\\\/\",\"logo\":{\"@type\":\"ImageObject\",\"inLanguage\":\"de\",\"@id\":\"https:\\\/\\\/trendsandvision.nl\\\/de\\\/#\\\/schema\\\/logo\\\/image\\\/\",\"url\":\"https:\\\/\\\/trendsandvision.nl\\\/de\\\/wp-content\\\/uploads\\\/sites\\\/3\\\/2022\\\/04\\\/trends-and-vision-logo.jpg\",\"contentUrl\":\"https:\\\/\\\/trendsandvision.nl\\\/de\\\/wp-content\\\/uploads\\\/sites\\\/3\\\/2022\\\/04\\\/trends-and-vision-logo.jpg\",\"width\":213,\"height\":100,\"caption\":\"Trends &amp; Vision (DE)\"},\"image\":{\"@id\":\"https:\\\/\\\/trendsandvision.nl\\\/de\\\/#\\\/schema\\\/logo\\\/image\\\/\"}}]}<\/script>\n<!-- \/ Yoast SEO Premium plugin. -->","yoast_head_json":{"title":"Esschert Design T\u00fcrstopper Beton Kugel (LH309, 8714982216497) - Trends & Vision","description":"Esschert Design T\u00fcrstopper Beton Kugel (LH309, 8714982216497) - Dieser T\u00fcrkeil in Betonoptik in Form einer Kugel mit dem Schriftzug Home hat einen neutralen Look. D...","robots":{"index":"index","follow":"follow","max-snippet":"max-snippet:-1","max-image-preview":"max-image-preview:large","max-video-preview":"max-video-preview:-1"},"canonical":"https:\/\/trendsandvision.nl\/de\/product\/esschert-design-tuerstopper-beton-kugel\/","og_locale":"de_DE","og_type":"article","og_title":"Esschert Design T\u00fcrstopper Beton Kugel","og_description":"Esschert Design T\u00fcrstopper Beton Kugel (LH309, 8714982216497) - Dieser T\u00fcrkeil in Betonoptik in Form einer Kugel mit dem Schriftzug Home hat einen neutralen Look. D...","og_url":"https:\/\/trendsandvision.nl\/de\/product\/esschert-design-tuerstopper-beton-kugel\/","og_site_name":"Trends &amp; Vision (DE)","article_modified_time":"2026-04-07T08:40:22+00:00","og_image":[{"width":800,"height":800,"url":"https:\/\/trendsandvision.nl\/de\/wp-content\/uploads\/sites\/3\/2023\/01\/LH309_01.jpg","type":"image\/jpeg"}],"twitter_card":"summary_large_image","twitter_misc":{"Gesch\u00e4tzte Lesezeit":"1\u00a0Minute"},"schema":{"@context":"https:\/\/schema.org","@graph":[{"@type":"WebPage","@id":"https:\/\/trendsandvision.nl\/de\/product\/esschert-design-tuerstopper-beton-kugel\/","url":"https:\/\/trendsandvision.nl\/de\/product\/esschert-design-tuerstopper-beton-kugel\/","name":"Esschert Design T\u00fcrstopper Beton Kugel (LH309, 8714982216497) - Trends & Vision","isPartOf":{"@id":"https:\/\/trendsandvision.nl\/de\/#website"},"primaryImageOfPage":{"@id":"https:\/\/trendsandvision.nl\/de\/product\/esschert-design-tuerstopper-beton-kugel\/#primaryimage"},"image":{"@id":"https:\/\/trendsandvision.nl\/de\/product\/esschert-design-tuerstopper-beton-kugel\/#primaryimage"},"thumbnailUrl":"https:\/\/trendsandvision.nl\/de\/wp-content\/uploads\/sites\/3\/2023\/01\/LH309_01.jpg","datePublished":"2023-01-06T14:49:11+00:00","dateModified":"2026-04-07T08:40:22+00:00","description":"Esschert Design T\u00fcrstopper Beton Kugel (LH309, 8714982216497) - Dieser T\u00fcrkeil in Betonoptik in Form einer Kugel mit dem Schriftzug Home hat einen neutralen Look. D...","breadcrumb":{"@id":"https:\/\/trendsandvision.nl\/de\/product\/esschert-design-tuerstopper-beton-kugel\/#breadcrumb"},"inLanguage":"de","potentialAction":[{"@type":"ReadAction","target":["https:\/\/trendsandvision.nl\/de\/product\/esschert-design-tuerstopper-beton-kugel\/"]}]},{"@type":"ImageObject","inLanguage":"de","@id":"https:\/\/trendsandvision.nl\/de\/product\/esschert-design-tuerstopper-beton-kugel\/#primaryimage","url":"https:\/\/trendsandvision.nl\/de\/wp-content\/uploads\/sites\/3\/2023\/01\/LH309_01.jpg","contentUrl":"https:\/\/trendsandvision.nl\/de\/wp-content\/uploads\/sites\/3\/2023\/01\/LH309_01.jpg","width":800,"height":800,"caption":"Esschert Design T\u00fcrstopper Beton Kugel (LH309 8714982216497) - 01"},{"@type":"BreadcrumbList","@id":"https:\/\/trendsandvision.nl\/de\/product\/esschert-design-tuerstopper-beton-kugel\/#breadcrumb","itemListElement":[{"@type":"ListItem","position":1,"name":"Home","item":"https:\/\/trendsandvision.nl\/de\/"},{"@type":"ListItem","position":2,"name":"Gesch\u00e4ft","item":"https:\/\/trendsandvision.nl\/de\/geschaft\/"},{"@type":"ListItem","position":3,"name":"Esschert Design T\u00fcrstopper Beton Kugel"}]},{"@type":"WebSite","@id":"https:\/\/trendsandvision.nl\/de\/#website","url":"https:\/\/trendsandvision.nl\/de\/","name":"Trends &amp; Vision (DE)","description":"Der Webshop f\u00fcr Esschert Design Artikel","publisher":{"@id":"https:\/\/trendsandvision.nl\/de\/#organization"},"potentialAction":[{"@type":"SearchAction","target":{"@type":"EntryPoint","urlTemplate":"https:\/\/trendsandvision.nl\/de\/?s={search_term_string}"},"query-input":{"@type":"PropertyValueSpecification","valueRequired":true,"valueName":"search_term_string"}}],"inLanguage":"de"},{"@type":"Organization","@id":"https:\/\/trendsandvision.nl\/de\/#organization","name":"Trends &amp; Vision (DE)","url":"https:\/\/trendsandvision.nl\/de\/","logo":{"@type":"ImageObject","inLanguage":"de","@id":"https:\/\/trendsandvision.nl\/de\/#\/schema\/logo\/image\/","url":"https:\/\/trendsandvision.nl\/de\/wp-content\/uploads\/sites\/3\/2022\/04\/trends-and-vision-logo.jpg","contentUrl":"https:\/\/trendsandvision.nl\/de\/wp-content\/uploads\/sites\/3\/2022\/04\/trends-and-vision-logo.jpg","width":213,"height":100,"caption":"Trends &amp; Vision (DE)"},"image":{"@id":"https:\/\/trendsandvision.nl\/de\/#\/schema\/logo\/image\/"}}]}},"_links":{"self":[{"href":"https:\/\/trendsandvision.nl\/de\/wp-json\/wp\/v2\/product\/10042","targetHints":{"allow":["GET"]}}],"collection":[{"href":"https:\/\/trendsandvision.nl\/de\/wp-json\/wp\/v2\/product"}],"about":[{"href":"https:\/\/trendsandvision.nl\/de\/wp-json\/wp\/v2\/types\/product"}],"wp:featuredmedia":[{"embeddable":true,"href":"https:\/\/trendsandvision.nl\/de\/wp-json\/wp\/v2\/media\/10043"}],"wp:attachment":[{"href":"https:\/\/trendsandvision.nl\/de\/wp-json\/wp\/v2\/media?parent=10042"}],"wp:term":[{"taxonomy":"product_brand","embeddable":true,"href":"https:\/\/trendsandvision.nl\/de\/wp-json\/wp\/v2\/product_brand?post=10042"},{"taxonomy":"product_cat","embeddable":true,"href":"https:\/\/trendsandvision.nl\/de\/wp-json\/wp\/v2\/product_cat?post=10042"},{"taxonomy":"product_tag","embeddable":true,"href":"https:\/\/trendsandvision.nl\/de\/wp-json\/wp\/v2\/product_tag?post=10042"}],"curies":[{"name":"wp","href":"https:\/\/api.w.org\/{rel}","templated":true}]}}