{"id":10035,"date":"2023-01-06T15:49:02","date_gmt":"2023-01-06T14:49:02","guid":{"rendered":"https:\/\/trendsandvision.nl\/de\/product\/esschert-design-solar-fotopapier-a4-set-6\/"},"modified":"2026-04-22T15:10:42","modified_gmt":"2026-04-22T13:10:42","slug":"esschert-design-solar-fotopapier-a4-set-6","status":"publish","type":"product","link":"https:\/\/trendsandvision.nl\/de\/product\/esschert-design-solar-fotopapier-a4-set-6\/","title":{"rendered":"Esschert Design Solar- Fotopapier A4 Set\/6"},"content":{"rendered":"<p>Mit dem Solar-Fotopapier nutzen Sie die Kraft der Sonne, um Schatten festzulegen und damit einzigartige Bilder zu schaffen. Wie funktioniert es? Legen Sie ein Blatt auf eine flache Oberfl\u00e4che und beginnen Sie mit sch\u00f6nen Objekten wie Blumen oder Federn. Legen Sie das Papier dann f\u00fcr 3 bis 10 Minuten in die Sonne. Entfernen Sie dann Ihr Objekt vom Papier. Die Schatten, die die Sonne blockierten, werden wei\u00df und erzeugen ein negatives Bild Ihrer Komposition.<\/p>\n<p>Sp\u00fclen Sie das Papier 2 Minuten lang unter flie\u00dfendem Wasser ab und h\u00e4ngen Sie es dann zum Trocknen auf. Die blaue Farbe wird mit der Zeit dunkler.<br \/>\n&#8211; UV-lichtempfindliches Papier, kann von der Sonne beleuchtet werden<\/p>\n<p>Artikelname: Solar-Fotopapier A4<br \/>\nArtikelnummer KG294<br \/>\nProduktgruppe(n) Kinder, Selber machen<br \/>\nProduktabmessungen in cm L 21 x T 29,7 x H 0,1<br \/>\nMaterial Solar- Fotopapier<br \/>\nNettogewicht 0,054 kg<br \/>\nBarcode 8714982227462<br \/>\nmit CE-Kennzeichnung Ja<\/p>\n","protected":false},"excerpt":{"rendered":"<p>&#8211; Solar-Fotopapier A4<br \/>\n&#8211; Artikelnummer KG294<br \/>\n&#8211; L 21 x T 29,7 x H 0,1<br \/>\n&#8211; Material Solar- Fotopapier<br \/>\n&#8211; Nettogewicht 0,054 kg<br \/>\n&#8211; Barcode 8714982227462<br \/>\n&#8211; mit CE-Kennzeichnung Ja- UV-lichtempfindliches Papier, kann von der Sonne beleuchtet werden<br \/>\n&#8211; Recyclingpapier<br \/>\n&#8211; mit Leitungswasser entwickeln und fixieren<br \/>\n&#8211; keine Dunkelkammer erforderlich<br \/>\n&#8211; ungiftig<\/p>\n","protected":false},"featured_media":10036,"template":"","meta":[],"product_brand":[9597,9598],"product_cat":[3056],"product_tag":[10307,6720,7324],"class_list":{"0":"post-10035","1":"product","2":"type-product","3":"status-publish","4":"has-post-thumbnail","6":"product_brand-esschert-design","7":"product_brand-trends-and-vision","8":"product_cat-kids-in-the-garden","9":"product_tag-hobby","10":"product_tag-kinder","11":"product_tag-solar-fotopapier","12":"pa_anbieter-esschert-design","13":"pa_ean-code-5591","14":"pa_material-solar-fotopapier","15":"pa_messungen-210x297x01-cm","17":"first","18":"instock","19":"sale","20":"taxable","21":"shipping-taxable","22":"purchasable","23":"product-type-simple","24":"czr-hentry"},"yoast_head":"<!-- This site is optimized with the Yoast SEO Premium plugin v27.4 (Yoast SEO v27.4) - https:\/\/yoast.com\/product\/yoast-seo-premium-wordpress\/ -->\n<title>Esschert Design Solar- Fotopapier A4 Set\/6 (KG294, 8714982227462) - Trends &amp; Vision<\/title>\n<meta name=\"description\" content=\"Esschert Design Solar- Fotopapier A4 Set\/6 (KG294, 8714982227462) - ...\" \/>\n<meta name=\"robots\" content=\"index, follow, max-snippet:-1, max-image-preview:large, max-video-preview:-1\" \/>\n<link rel=\"canonical\" href=\"https:\/\/trendsandvision.nl\/de\/product\/esschert-design-solar-fotopapier-a4-set-6\/\" \/>\n<meta property=\"og:locale\" content=\"de_DE\" \/>\n<meta property=\"og:type\" content=\"article\" \/>\n<meta property=\"og:title\" content=\"Esschert Design Solar- Fotopapier A4 Set\/6\" \/>\n<meta property=\"og:description\" content=\"Esschert Design Solar- Fotopapier A4 Set\/6 (KG294, 8714982227462) - ...\" \/>\n<meta property=\"og:url\" content=\"https:\/\/trendsandvision.nl\/de\/product\/esschert-design-solar-fotopapier-a4-set-6\/\" \/>\n<meta property=\"og:site_name\" content=\"Trends &amp; Vision (DE)\" \/>\n<meta property=\"article:modified_time\" content=\"2026-04-22T13:10:42+00:00\" \/>\n<meta property=\"og:image\" content=\"https:\/\/trendsandvision.nl\/de\/wp-content\/uploads\/sites\/3\/2023\/01\/KG294_01.jpg\" \/>\n\t<meta property=\"og:image:width\" content=\"800\" \/>\n\t<meta property=\"og:image:height\" content=\"800\" \/>\n\t<meta property=\"og:image:type\" content=\"image\/jpeg\" \/>\n<meta name=\"twitter:card\" content=\"summary_large_image\" \/>\n<meta name=\"twitter:label1\" content=\"Gesch\u00e4tzte Lesezeit\" \/>\n\t<meta name=\"twitter:data1\" content=\"1\u00a0Minute\" \/>\n<script type=\"application\/ld+json\" class=\"yoast-schema-graph\">{\"@context\":\"https:\\\/\\\/schema.org\",\"@graph\":[{\"@type\":\"WebPage\",\"@id\":\"https:\\\/\\\/trendsandvision.nl\\\/de\\\/product\\\/esschert-design-solar-fotopapier-a4-set-6\\\/\",\"url\":\"https:\\\/\\\/trendsandvision.nl\\\/de\\\/product\\\/esschert-design-solar-fotopapier-a4-set-6\\\/\",\"name\":\"Esschert Design Solar- Fotopapier A4 Set\\\/6 (KG294, 8714982227462) - Trends & Vision\",\"isPartOf\":{\"@id\":\"https:\\\/\\\/trendsandvision.nl\\\/de\\\/#website\"},\"primaryImageOfPage\":{\"@id\":\"https:\\\/\\\/trendsandvision.nl\\\/de\\\/product\\\/esschert-design-solar-fotopapier-a4-set-6\\\/#primaryimage\"},\"image\":{\"@id\":\"https:\\\/\\\/trendsandvision.nl\\\/de\\\/product\\\/esschert-design-solar-fotopapier-a4-set-6\\\/#primaryimage\"},\"thumbnailUrl\":\"https:\\\/\\\/trendsandvision.nl\\\/de\\\/wp-content\\\/uploads\\\/sites\\\/3\\\/2023\\\/01\\\/KG294_01.jpg\",\"datePublished\":\"2023-01-06T14:49:02+00:00\",\"dateModified\":\"2026-04-22T13:10:42+00:00\",\"description\":\"Esschert Design Solar- Fotopapier A4 Set\\\/6 (KG294, 8714982227462) - ...\",\"breadcrumb\":{\"@id\":\"https:\\\/\\\/trendsandvision.nl\\\/de\\\/product\\\/esschert-design-solar-fotopapier-a4-set-6\\\/#breadcrumb\"},\"inLanguage\":\"de\",\"potentialAction\":[{\"@type\":\"ReadAction\",\"target\":[\"https:\\\/\\\/trendsandvision.nl\\\/de\\\/product\\\/esschert-design-solar-fotopapier-a4-set-6\\\/\"]}]},{\"@type\":\"ImageObject\",\"inLanguage\":\"de\",\"@id\":\"https:\\\/\\\/trendsandvision.nl\\\/de\\\/product\\\/esschert-design-solar-fotopapier-a4-set-6\\\/#primaryimage\",\"url\":\"https:\\\/\\\/trendsandvision.nl\\\/de\\\/wp-content\\\/uploads\\\/sites\\\/3\\\/2023\\\/01\\\/KG294_01.jpg\",\"contentUrl\":\"https:\\\/\\\/trendsandvision.nl\\\/de\\\/wp-content\\\/uploads\\\/sites\\\/3\\\/2023\\\/01\\\/KG294_01.jpg\",\"width\":800,\"height\":800,\"caption\":\"Esschert Design Solar- Fotopapier A4 Set\\\/6 (KG294 8714982227462) - 01\"},{\"@type\":\"BreadcrumbList\",\"@id\":\"https:\\\/\\\/trendsandvision.nl\\\/de\\\/product\\\/esschert-design-solar-fotopapier-a4-set-6\\\/#breadcrumb\",\"itemListElement\":[{\"@type\":\"ListItem\",\"position\":1,\"name\":\"Home\",\"item\":\"https:\\\/\\\/trendsandvision.nl\\\/de\\\/\"},{\"@type\":\"ListItem\",\"position\":2,\"name\":\"Gesch\u00e4ft\",\"item\":\"https:\\\/\\\/trendsandvision.nl\\\/de\\\/geschaft\\\/\"},{\"@type\":\"ListItem\",\"position\":3,\"name\":\"Esschert Design Solar- Fotopapier A4 Set\\\/6\"}]},{\"@type\":\"WebSite\",\"@id\":\"https:\\\/\\\/trendsandvision.nl\\\/de\\\/#website\",\"url\":\"https:\\\/\\\/trendsandvision.nl\\\/de\\\/\",\"name\":\"Trends &amp; Vision (DE)\",\"description\":\"Der Webshop f\u00fcr Esschert Design Artikel\",\"publisher\":{\"@id\":\"https:\\\/\\\/trendsandvision.nl\\\/de\\\/#organization\"},\"potentialAction\":[{\"@type\":\"SearchAction\",\"target\":{\"@type\":\"EntryPoint\",\"urlTemplate\":\"https:\\\/\\\/trendsandvision.nl\\\/de\\\/?s={search_term_string}\"},\"query-input\":{\"@type\":\"PropertyValueSpecification\",\"valueRequired\":true,\"valueName\":\"search_term_string\"}}],\"inLanguage\":\"de\"},{\"@type\":\"Organization\",\"@id\":\"https:\\\/\\\/trendsandvision.nl\\\/de\\\/#organization\",\"name\":\"Trends &amp; Vision (DE)\",\"url\":\"https:\\\/\\\/trendsandvision.nl\\\/de\\\/\",\"logo\":{\"@type\":\"ImageObject\",\"inLanguage\":\"de\",\"@id\":\"https:\\\/\\\/trendsandvision.nl\\\/de\\\/#\\\/schema\\\/logo\\\/image\\\/\",\"url\":\"https:\\\/\\\/trendsandvision.nl\\\/de\\\/wp-content\\\/uploads\\\/sites\\\/3\\\/2022\\\/04\\\/trends-and-vision-logo.jpg\",\"contentUrl\":\"https:\\\/\\\/trendsandvision.nl\\\/de\\\/wp-content\\\/uploads\\\/sites\\\/3\\\/2022\\\/04\\\/trends-and-vision-logo.jpg\",\"width\":213,\"height\":100,\"caption\":\"Trends &amp; Vision (DE)\"},\"image\":{\"@id\":\"https:\\\/\\\/trendsandvision.nl\\\/de\\\/#\\\/schema\\\/logo\\\/image\\\/\"}}]}<\/script>\n<!-- \/ Yoast SEO Premium plugin. -->","yoast_head_json":{"title":"Esschert Design Solar- Fotopapier A4 Set\/6 (KG294, 8714982227462) - Trends & Vision","description":"Esschert Design Solar- Fotopapier A4 Set\/6 (KG294, 8714982227462) - ...","robots":{"index":"index","follow":"follow","max-snippet":"max-snippet:-1","max-image-preview":"max-image-preview:large","max-video-preview":"max-video-preview:-1"},"canonical":"https:\/\/trendsandvision.nl\/de\/product\/esschert-design-solar-fotopapier-a4-set-6\/","og_locale":"de_DE","og_type":"article","og_title":"Esschert Design Solar- Fotopapier A4 Set\/6","og_description":"Esschert Design Solar- Fotopapier A4 Set\/6 (KG294, 8714982227462) - ...","og_url":"https:\/\/trendsandvision.nl\/de\/product\/esschert-design-solar-fotopapier-a4-set-6\/","og_site_name":"Trends &amp; Vision (DE)","article_modified_time":"2026-04-22T13:10:42+00:00","og_image":[{"width":800,"height":800,"url":"https:\/\/trendsandvision.nl\/de\/wp-content\/uploads\/sites\/3\/2023\/01\/KG294_01.jpg","type":"image\/jpeg"}],"twitter_card":"summary_large_image","twitter_misc":{"Gesch\u00e4tzte Lesezeit":"1\u00a0Minute"},"schema":{"@context":"https:\/\/schema.org","@graph":[{"@type":"WebPage","@id":"https:\/\/trendsandvision.nl\/de\/product\/esschert-design-solar-fotopapier-a4-set-6\/","url":"https:\/\/trendsandvision.nl\/de\/product\/esschert-design-solar-fotopapier-a4-set-6\/","name":"Esschert Design Solar- Fotopapier A4 Set\/6 (KG294, 8714982227462) - Trends & Vision","isPartOf":{"@id":"https:\/\/trendsandvision.nl\/de\/#website"},"primaryImageOfPage":{"@id":"https:\/\/trendsandvision.nl\/de\/product\/esschert-design-solar-fotopapier-a4-set-6\/#primaryimage"},"image":{"@id":"https:\/\/trendsandvision.nl\/de\/product\/esschert-design-solar-fotopapier-a4-set-6\/#primaryimage"},"thumbnailUrl":"https:\/\/trendsandvision.nl\/de\/wp-content\/uploads\/sites\/3\/2023\/01\/KG294_01.jpg","datePublished":"2023-01-06T14:49:02+00:00","dateModified":"2026-04-22T13:10:42+00:00","description":"Esschert Design Solar- Fotopapier A4 Set\/6 (KG294, 8714982227462) - ...","breadcrumb":{"@id":"https:\/\/trendsandvision.nl\/de\/product\/esschert-design-solar-fotopapier-a4-set-6\/#breadcrumb"},"inLanguage":"de","potentialAction":[{"@type":"ReadAction","target":["https:\/\/trendsandvision.nl\/de\/product\/esschert-design-solar-fotopapier-a4-set-6\/"]}]},{"@type":"ImageObject","inLanguage":"de","@id":"https:\/\/trendsandvision.nl\/de\/product\/esschert-design-solar-fotopapier-a4-set-6\/#primaryimage","url":"https:\/\/trendsandvision.nl\/de\/wp-content\/uploads\/sites\/3\/2023\/01\/KG294_01.jpg","contentUrl":"https:\/\/trendsandvision.nl\/de\/wp-content\/uploads\/sites\/3\/2023\/01\/KG294_01.jpg","width":800,"height":800,"caption":"Esschert Design Solar- Fotopapier A4 Set\/6 (KG294 8714982227462) - 01"},{"@type":"BreadcrumbList","@id":"https:\/\/trendsandvision.nl\/de\/product\/esschert-design-solar-fotopapier-a4-set-6\/#breadcrumb","itemListElement":[{"@type":"ListItem","position":1,"name":"Home","item":"https:\/\/trendsandvision.nl\/de\/"},{"@type":"ListItem","position":2,"name":"Gesch\u00e4ft","item":"https:\/\/trendsandvision.nl\/de\/geschaft\/"},{"@type":"ListItem","position":3,"name":"Esschert Design Solar- Fotopapier A4 Set\/6"}]},{"@type":"WebSite","@id":"https:\/\/trendsandvision.nl\/de\/#website","url":"https:\/\/trendsandvision.nl\/de\/","name":"Trends &amp; Vision (DE)","description":"Der Webshop f\u00fcr Esschert Design Artikel","publisher":{"@id":"https:\/\/trendsandvision.nl\/de\/#organization"},"potentialAction":[{"@type":"SearchAction","target":{"@type":"EntryPoint","urlTemplate":"https:\/\/trendsandvision.nl\/de\/?s={search_term_string}"},"query-input":{"@type":"PropertyValueSpecification","valueRequired":true,"valueName":"search_term_string"}}],"inLanguage":"de"},{"@type":"Organization","@id":"https:\/\/trendsandvision.nl\/de\/#organization","name":"Trends &amp; Vision (DE)","url":"https:\/\/trendsandvision.nl\/de\/","logo":{"@type":"ImageObject","inLanguage":"de","@id":"https:\/\/trendsandvision.nl\/de\/#\/schema\/logo\/image\/","url":"https:\/\/trendsandvision.nl\/de\/wp-content\/uploads\/sites\/3\/2022\/04\/trends-and-vision-logo.jpg","contentUrl":"https:\/\/trendsandvision.nl\/de\/wp-content\/uploads\/sites\/3\/2022\/04\/trends-and-vision-logo.jpg","width":213,"height":100,"caption":"Trends &amp; Vision (DE)"},"image":{"@id":"https:\/\/trendsandvision.nl\/de\/#\/schema\/logo\/image\/"}}]}},"_links":{"self":[{"href":"https:\/\/trendsandvision.nl\/de\/wp-json\/wp\/v2\/product\/10035","targetHints":{"allow":["GET"]}}],"collection":[{"href":"https:\/\/trendsandvision.nl\/de\/wp-json\/wp\/v2\/product"}],"about":[{"href":"https:\/\/trendsandvision.nl\/de\/wp-json\/wp\/v2\/types\/product"}],"wp:featuredmedia":[{"embeddable":true,"href":"https:\/\/trendsandvision.nl\/de\/wp-json\/wp\/v2\/media\/10036"}],"wp:attachment":[{"href":"https:\/\/trendsandvision.nl\/de\/wp-json\/wp\/v2\/media?parent=10035"}],"wp:term":[{"taxonomy":"product_brand","embeddable":true,"href":"https:\/\/trendsandvision.nl\/de\/wp-json\/wp\/v2\/product_brand?post=10035"},{"taxonomy":"product_cat","embeddable":true,"href":"https:\/\/trendsandvision.nl\/de\/wp-json\/wp\/v2\/product_cat?post=10035"},{"taxonomy":"product_tag","embeddable":true,"href":"https:\/\/trendsandvision.nl\/de\/wp-json\/wp\/v2\/product_tag?post=10035"}],"curies":[{"name":"wp","href":"https:\/\/api.w.org\/{rel}","templated":true}]}}