{"id":39,"date":"2022-03-24T16:21:44","date_gmt":"2022-03-24T15:21:44","guid":{"rendered":"https:\/\/trendsandvision.nl\/de\/wishlist\/"},"modified":"2025-12-13T16:26:32","modified_gmt":"2025-12-13T15:26:32","slug":"wishlist","status":"publish","type":"page","link":"https:\/\/trendsandvision.nl\/de\/wishlist\/","title":{"rendered":"Wunschliste"},"content":{"rendered":"\n\n\n\n<form\n\tid=\"yith-wcwl-form\"\n\taction=\"https:\/\/trendsandvision.nl\/de\/wishlist\/\"\n\tmethod=\"post\"\n\tclass=\"woocommerce yith-wcwl-form wishlist-fragment\"\n\tdata-fragment-options=\"{&quot;per_page&quot;:5,&quot;current_page&quot;:1,&quot;pagination&quot;:&quot;no&quot;,&quot;wishlist_id&quot;:false,&quot;action_params&quot;:false,&quot;no_interactions&quot;:false,&quot;layout&quot;:&quot;&quot;,&quot;wishlist&quot;:false,&quot;is_default&quot;:true,&quot;is_custom_list&quot;:false,&quot;wishlist_token&quot;:&quot;&quot;,&quot;is_private&quot;:false,&quot;count&quot;:0,&quot;page_title&quot;:&quot;My wishlist&quot;,&quot;default_wishlsit_title&quot;:&quot;My wishlist&quot;,&quot;page_links&quot;:false,&quot;is_user_logged_in&quot;:false,&quot;is_user_owner&quot;:true,&quot;can_user_edit_title&quot;:false,&quot;show_price&quot;:true,&quot;show_dateadded&quot;:false,&quot;show_stock_status&quot;:true,&quot;show_add_to_cart&quot;:true,&quot;show_remove_product&quot;:true,&quot;add_to_cart_text&quot;:&quot;Add to cart&quot;,&quot;show_ask_estimate_button&quot;:false,&quot;ask_estimate_url&quot;:&quot;&quot;,&quot;price_excl_tax&quot;:false,&quot;show_cb&quot;:false,&quot;show_quantity&quot;:false,&quot;show_variation&quot;:false,&quot;show_price_variations&quot;:false,&quot;show_update&quot;:false,&quot;enable_drag_n_drop&quot;:false,&quot;enable_add_all_to_cart&quot;:false,&quot;move_to_another_wishlist&quot;:false,&quot;repeat_remove_button&quot;:false,&quot;show_last_column&quot;:true,&quot;heading_icon&quot;:&quot;&lt;i class=\\&quot;fa heart-outline\\&quot;&gt;&lt;\\\/i&gt;&quot;,&quot;share_enabled&quot;:false,&quot;template_part&quot;:&quot;view&quot;,&quot;additional_info&quot;:false,&quot;available_multi_wishlist&quot;:false,&quot;form_action&quot;:&quot;https:\\\/\\\/trendsandvision.nl\\\/de\\\/wishlist\\\/&quot;,&quot;item&quot;:&quot;wishlist&quot;}\"\n>\n\n\t<!-- TITLE -->\n\t\t\t<div class=\"wishlist-title-container\">\n\t\t\t<div class=\"wishlist-title \">\n\t\t\t\t<h2>My wishlist<\/h2>\t\t\t\t\t\t\t<\/div>\n\t\t\t\t\t<\/div>\n\t\n\n<!-- WISHLIST TABLE -->\n<table\n\tclass=\"shop_table cart wishlist_table wishlist_view traditional responsive   \"\n\tdata-pagination=\"no\" data-per-page=\"5\" data-page=\"1\"\n\tdata-id=\"\" data-token=\"\">\n\n\t\n\t<thead>\n\t<tr>\n\t\t\n\t\t\t\t\t\t\t\t<th class=\"product-remove\">\n\t\t\t\t<span class=\"nobr\">\n\t\t\t\t\t\t\t\t\t<\/span>\n\t\t\t<\/th>\n\t\t\n\t\t<th class=\"product-thumbnail\"><\/th>\n\n\t\t<th class=\"product-name\">\n\t\t\t<span class=\"nobr\">\n\t\t\t\tProduct name\t\t\t<\/span>\n\t\t<\/th>\n\n\t\t\t\t\t\t\t\t<th class=\"product-price\">\n\t\t\t\t<span class=\"nobr\">\n\t\t\t\t\tUnit price\t\t\t\t<\/span>\n\t\t\t<\/th>\n\t\t\n\t\t\n\t\t\t\t\t\t\t\t<th class=\"product-stock-status\">\n\t\t\t\t<span class=\"nobr\">\n\t\t\t\t\tStock status\t\t\t\t<\/span>\n\t\t\t<\/th>\n\t\t\n\t\t\t\t\t\t\t\t<th class=\"product-add-to-cart\">\n\t\t\t\t<span class=\"nobr\">\n\t\t\t\t\t\t\t\t\t<\/span>\n\t\t\t<\/th>\n\t\t\n\t\t\t<\/tr>\n\t<\/thead>\n\n\t<tbody class=\"wishlist-items-wrapper\">\n\t\t\t<tr>\n\t\t\t\t\t\t<td colspan=\"6\" class=\"wishlist-empty\">No products added to the wishlist<\/td>\n\t\t<\/tr>\n\t\t\t<\/tbody>\n\n<\/table>\n\n<div class=\"yith_wcwl_wishlist_footer\">\n\t\n\n\t\n\n\t\n\t<\/div>\n\n<input type=\"hidden\" id=\"yith_wcwl_edit_wishlist\" name=\"yith_wcwl_edit_wishlist\" value=\"017bfb6dbb\" \/><input type=\"hidden\" name=\"_wp_http_referer\" value=\"\/de\/wp-json\/wp\/v2\/pages\/39\" \/><input type=\"hidden\" value=\"\" name=\"wishlist_id\" id=\"wishlist_id\">\n\n\n<\/form>\n\n\n\n\n\r\n\r\nUnterhalb der Schaltfl\u00e4che \u201eIn den Warenkorb\u201c oder \u201eInformationen\u201c finden Sie die Schaltfl\u00e4che \u201eZur Wunschliste hinzuf\u00fcgen\u201c (das Herzsymbol).\r\n\r\nHinzugef\u00fcgt? (Das Herzsymbol \u00e4ndert seine Farbe.) Anschlie\u00dfend k\u00f6nnen Sie Ihre Wunschliste ansehen, bearbeiten oder teilen!","protected":false},"excerpt":{"rendered":"<p>Unterhalb der Schaltfl\u00e4che \u201eIn den Warenkorb\u201c oder \u201eInformationen\u201c finden Sie die Schaltfl\u00e4che \u201eZur Wunschliste hinzuf\u00fcgen\u201c (das Herzsymbol). Hinzugef\u00fcgt? (Das Herzsymbol \u00e4ndert seine Farbe.) Anschlie\u00dfend k\u00f6nnen Sie Ihre Wunschliste ansehen, bearbeiten oder teilen!<\/p>\n","protected":false},"author":1,"featured_media":0,"parent":0,"menu_order":0,"comment_status":"closed","ping_status":"closed","template":"","meta":{"footnotes":""},"class_list":["post-39","page","type-page","status-publish","czr-hentry"],"yoast_head":"<!-- This site is optimized with the Yoast SEO Premium plugin v26.4 (Yoast SEO v27.4) - https:\/\/yoast.com\/product\/yoast-seo-premium-wordpress\/ -->\n<title>Wunschliste - Trends &amp; Vision (DE)<\/title>\n<meta name=\"description\" content=\"Meine Wunschliste teilen oder verwalten bei Trends &amp; Vision\" \/>\n<meta name=\"robots\" content=\"index, follow, max-snippet:-1, max-image-preview:large, max-video-preview:-1\" \/>\n<link rel=\"canonical\" href=\"https:\/\/trendsandvision.nl\/de\/wishlist\/\" \/>\n<meta property=\"og:locale\" content=\"de_DE\" \/>\n<meta property=\"og:type\" content=\"article\" \/>\n<meta property=\"og:title\" content=\"Wunschliste\" \/>\n<meta property=\"og:description\" content=\"Meine Wunschliste teilen oder verwalten bei Trends &amp; Vision\" \/>\n<meta property=\"og:url\" content=\"https:\/\/trendsandvision.nl\/de\/wishlist\/\" \/>\n<meta property=\"og:site_name\" content=\"Trends &amp; Vision (DE)\" \/>\n<meta property=\"article:modified_time\" content=\"2025-12-13T15:26:32+00:00\" \/>\n<meta name=\"twitter:card\" content=\"summary_large_image\" \/>\n<meta name=\"twitter:label1\" content=\"Gesch\u00e4tzte Lesezeit\" \/>\n\t<meta name=\"twitter:data1\" content=\"1\u00a0Minute\" \/>\n<script type=\"application\/ld+json\" class=\"yoast-schema-graph\">{\"@context\":\"https:\\\/\\\/schema.org\",\"@graph\":[{\"@type\":\"WebPage\",\"@id\":\"https:\\\/\\\/trendsandvision.nl\\\/de\\\/wishlist\\\/\",\"url\":\"https:\\\/\\\/trendsandvision.nl\\\/de\\\/wishlist\\\/\",\"name\":\"Wunschliste - Trends &amp; Vision (DE)\",\"isPartOf\":{\"@id\":\"https:\\\/\\\/trendsandvision.nl\\\/de\\\/#website\"},\"datePublished\":\"2022-03-24T15:21:44+00:00\",\"dateModified\":\"2025-12-13T15:26:32+00:00\",\"description\":\"Meine Wunschliste teilen oder verwalten bei Trends & Vision\",\"breadcrumb\":{\"@id\":\"https:\\\/\\\/trendsandvision.nl\\\/de\\\/wishlist\\\/#breadcrumb\"},\"inLanguage\":\"de\",\"potentialAction\":[{\"@type\":\"ReadAction\",\"target\":[\"https:\\\/\\\/trendsandvision.nl\\\/de\\\/wishlist\\\/\"]}]},{\"@type\":\"BreadcrumbList\",\"@id\":\"https:\\\/\\\/trendsandvision.nl\\\/de\\\/wishlist\\\/#breadcrumb\",\"itemListElement\":[{\"@type\":\"ListItem\",\"position\":1,\"name\":\"Home\",\"item\":\"https:\\\/\\\/trendsandvision.nl\\\/de\\\/\"},{\"@type\":\"ListItem\",\"position\":2,\"name\":\"Wunschliste\"}]},{\"@type\":\"WebSite\",\"@id\":\"https:\\\/\\\/trendsandvision.nl\\\/de\\\/#website\",\"url\":\"https:\\\/\\\/trendsandvision.nl\\\/de\\\/\",\"name\":\"Trends &amp; Vision (DE)\",\"description\":\"Der Webshop f\u00fcr Esschert Design Artikel\",\"publisher\":{\"@id\":\"https:\\\/\\\/trendsandvision.nl\\\/de\\\/#organization\"},\"potentialAction\":[{\"@type\":\"SearchAction\",\"target\":{\"@type\":\"EntryPoint\",\"urlTemplate\":\"https:\\\/\\\/trendsandvision.nl\\\/de\\\/?s={search_term_string}\"},\"query-input\":{\"@type\":\"PropertyValueSpecification\",\"valueRequired\":true,\"valueName\":\"search_term_string\"}}],\"inLanguage\":\"de\"},{\"@type\":\"Organization\",\"@id\":\"https:\\\/\\\/trendsandvision.nl\\\/de\\\/#organization\",\"name\":\"Trends &amp; Vision (DE)\",\"url\":\"https:\\\/\\\/trendsandvision.nl\\\/de\\\/\",\"logo\":{\"@type\":\"ImageObject\",\"inLanguage\":\"de\",\"@id\":\"https:\\\/\\\/trendsandvision.nl\\\/de\\\/#\\\/schema\\\/logo\\\/image\\\/\",\"url\":\"https:\\\/\\\/trendsandvision.nl\\\/de\\\/wp-content\\\/uploads\\\/sites\\\/3\\\/2022\\\/04\\\/trends-and-vision-logo.jpg\",\"contentUrl\":\"https:\\\/\\\/trendsandvision.nl\\\/de\\\/wp-content\\\/uploads\\\/sites\\\/3\\\/2022\\\/04\\\/trends-and-vision-logo.jpg\",\"width\":213,\"height\":100,\"caption\":\"Trends &amp; Vision (DE)\"},\"image\":{\"@id\":\"https:\\\/\\\/trendsandvision.nl\\\/de\\\/#\\\/schema\\\/logo\\\/image\\\/\"}}]}<\/script>\n<!-- \/ Yoast SEO Premium plugin. -->","yoast_head_json":{"title":"Wunschliste - Trends &amp; Vision (DE)","description":"Meine Wunschliste teilen oder verwalten bei Trends & Vision","robots":{"index":"index","follow":"follow","max-snippet":"max-snippet:-1","max-image-preview":"max-image-preview:large","max-video-preview":"max-video-preview:-1"},"canonical":"https:\/\/trendsandvision.nl\/de\/wishlist\/","og_locale":"de_DE","og_type":"article","og_title":"Wunschliste","og_description":"Meine Wunschliste teilen oder verwalten bei Trends & Vision","og_url":"https:\/\/trendsandvision.nl\/de\/wishlist\/","og_site_name":"Trends &amp; Vision (DE)","article_modified_time":"2025-12-13T15:26:32+00:00","twitter_card":"summary_large_image","twitter_misc":{"Gesch\u00e4tzte Lesezeit":"1\u00a0Minute"},"schema":{"@context":"https:\/\/schema.org","@graph":[{"@type":"WebPage","@id":"https:\/\/trendsandvision.nl\/de\/wishlist\/","url":"https:\/\/trendsandvision.nl\/de\/wishlist\/","name":"Wunschliste - Trends &amp; Vision (DE)","isPartOf":{"@id":"https:\/\/trendsandvision.nl\/de\/#website"},"datePublished":"2022-03-24T15:21:44+00:00","dateModified":"2025-12-13T15:26:32+00:00","description":"Meine Wunschliste teilen oder verwalten bei Trends & Vision","breadcrumb":{"@id":"https:\/\/trendsandvision.nl\/de\/wishlist\/#breadcrumb"},"inLanguage":"de","potentialAction":[{"@type":"ReadAction","target":["https:\/\/trendsandvision.nl\/de\/wishlist\/"]}]},{"@type":"BreadcrumbList","@id":"https:\/\/trendsandvision.nl\/de\/wishlist\/#breadcrumb","itemListElement":[{"@type":"ListItem","position":1,"name":"Home","item":"https:\/\/trendsandvision.nl\/de\/"},{"@type":"ListItem","position":2,"name":"Wunschliste"}]},{"@type":"WebSite","@id":"https:\/\/trendsandvision.nl\/de\/#website","url":"https:\/\/trendsandvision.nl\/de\/","name":"Trends &amp; Vision (DE)","description":"Der Webshop f\u00fcr Esschert Design Artikel","publisher":{"@id":"https:\/\/trendsandvision.nl\/de\/#organization"},"potentialAction":[{"@type":"SearchAction","target":{"@type":"EntryPoint","urlTemplate":"https:\/\/trendsandvision.nl\/de\/?s={search_term_string}"},"query-input":{"@type":"PropertyValueSpecification","valueRequired":true,"valueName":"search_term_string"}}],"inLanguage":"de"},{"@type":"Organization","@id":"https:\/\/trendsandvision.nl\/de\/#organization","name":"Trends &amp; Vision (DE)","url":"https:\/\/trendsandvision.nl\/de\/","logo":{"@type":"ImageObject","inLanguage":"de","@id":"https:\/\/trendsandvision.nl\/de\/#\/schema\/logo\/image\/","url":"https:\/\/trendsandvision.nl\/de\/wp-content\/uploads\/sites\/3\/2022\/04\/trends-and-vision-logo.jpg","contentUrl":"https:\/\/trendsandvision.nl\/de\/wp-content\/uploads\/sites\/3\/2022\/04\/trends-and-vision-logo.jpg","width":213,"height":100,"caption":"Trends &amp; Vision (DE)"},"image":{"@id":"https:\/\/trendsandvision.nl\/de\/#\/schema\/logo\/image\/"}}]}},"_links":{"self":[{"href":"https:\/\/trendsandvision.nl\/de\/wp-json\/wp\/v2\/pages\/39","targetHints":{"allow":["GET"]}}],"collection":[{"href":"https:\/\/trendsandvision.nl\/de\/wp-json\/wp\/v2\/pages"}],"about":[{"href":"https:\/\/trendsandvision.nl\/de\/wp-json\/wp\/v2\/types\/page"}],"author":[{"embeddable":true,"href":"https:\/\/trendsandvision.nl\/de\/wp-json\/wp\/v2\/users\/1"}],"replies":[{"embeddable":true,"href":"https:\/\/trendsandvision.nl\/de\/wp-json\/wp\/v2\/comments?post=39"}],"version-history":[{"count":1,"href":"https:\/\/trendsandvision.nl\/de\/wp-json\/wp\/v2\/pages\/39\/revisions"}],"predecessor-version":[{"id":23639,"href":"https:\/\/trendsandvision.nl\/de\/wp-json\/wp\/v2\/pages\/39\/revisions\/23639"}],"wp:attachment":[{"href":"https:\/\/trendsandvision.nl\/de\/wp-json\/wp\/v2\/media?parent=39"}],"curies":[{"name":"wp","href":"https:\/\/api.w.org\/{rel}","templated":true}]}}