{"id":17,"date":"2022-04-22T13:14:38","date_gmt":"2022-04-22T11:14:38","guid":{"rendered":"https:\/\/trendsandvision.nl\/de\/?page_id=17"},"modified":"2025-12-13T12:59:11","modified_gmt":"2025-12-13T11:59:11","slug":"esschert-design","status":"publish","type":"page","link":"https:\/\/trendsandvision.nl\/de\/esschert-design\/","title":{"rendered":"Esschert Design"},"content":{"rendered":"<p>Trends &amp; Vision ist eine unabh\u00e4ngige Wiederverk\u00e4ufer, wo durch dieses Webshop die gesamte Kollektion Esschert Design angeboten wird, vor allem f\u00fcr private Kunden.<\/p>\n<p>Esschert Design entwickelt, produziert und vertreibt einzigartige Garten- und Geschenkartikel und bietet wohl\u00fcberlegte Entscheidungen f\u00fcr einen besseren Planeten. (thoughtfull choices for a better planet: designed to disappear, fighting food waste, clean-up, water management &amp; help the animals)<br \/>\nIdeen werden im eigenen Haus entwickelt und exklusive f\u00fcr Esschert Design durch die besten Hersteller weltweit produziert.Neben Produzent, ist \u00a0Esschert Design Gro\u00dfh\u00e4ndler und liefert nur an Wiederverk\u00e4ufer weltweit. Wiederverk\u00e4ufer k\u00f6nnen Esschert <a title=\"direkt\" href=\"http:\/\/www.esschertdesign.com\/de\/\">direkt<\/a> kontaktieren.<\/p>\n","protected":false},"excerpt":{"rendered":"<p>Trends &amp; Vision ist eine unabh\u00e4ngige Wiederverk\u00e4ufer, wo durch dieses Webshop die gesamte Kollektion Esschert Design angeboten wird, vor allem f\u00fcr private Kunden. Esschert Design entwickelt, produziert und vertreibt einzigartige Garten- und Geschenkartikel und bietet wohl\u00fcberlegte Entscheidungen f\u00fcr einen besseren Planeten. (thoughtfull choices for a better planet: designed to disappear, fighting food waste, clean-up, water [&hellip;]<\/p>\n","protected":false},"author":1,"featured_media":0,"parent":0,"menu_order":0,"comment_status":"closed","ping_status":"closed","template":"","meta":{"footnotes":""},"class_list":["post-17","page","type-page","status-publish","czr-hentry"],"yoast_head":"<!-- This site is optimized with the Yoast SEO Premium plugin v26.4 (Yoast SEO v27.3) - https:\/\/yoast.com\/product\/yoast-seo-premium-wordpress\/ -->\n<title>Esschert Design - Trends &amp; Vision (DE)<\/title>\n<meta name=\"robots\" content=\"index, follow, max-snippet:-1, max-image-preview:large, max-video-preview:-1\" \/>\n<link rel=\"canonical\" href=\"https:\/\/trendsandvision.nl\/de\/esschert-design\/\" \/>\n<meta property=\"og:locale\" content=\"de_DE\" \/>\n<meta property=\"og:type\" content=\"article\" \/>\n<meta property=\"og:title\" content=\"Esschert Design\" \/>\n<meta property=\"og:description\" content=\"Trends &amp; Vision ist eine unabh\u00e4ngige Wiederverk\u00e4ufer, wo durch dieses Webshop die gesamte Kollektion Esschert Design angeboten wird, vor allem f\u00fcr private Kunden. Esschert Design entwickelt, produziert und vertreibt einzigartige Garten- und Geschenkartikel und bietet wohl\u00fcberlegte Entscheidungen f\u00fcr einen besseren Planeten. (thoughtfull choices for a better planet: designed to disappear, fighting food waste, clean-up, water [&hellip;]\" \/>\n<meta property=\"og:url\" content=\"https:\/\/trendsandvision.nl\/de\/esschert-design\/\" \/>\n<meta property=\"og:site_name\" content=\"Trends &amp; Vision (DE)\" \/>\n<meta property=\"article:modified_time\" content=\"2025-12-13T11:59:11+00:00\" \/>\n<meta name=\"twitter:card\" content=\"summary_large_image\" \/>\n<meta name=\"twitter:label1\" content=\"Gesch\u00e4tzte Lesezeit\" \/>\n\t<meta name=\"twitter:data1\" content=\"1\u00a0Minute\" \/>\n<script type=\"application\/ld+json\" class=\"yoast-schema-graph\">{\"@context\":\"https:\\\/\\\/schema.org\",\"@graph\":[{\"@type\":\"WebPage\",\"@id\":\"https:\\\/\\\/trendsandvision.nl\\\/de\\\/esschert-design\\\/\",\"url\":\"https:\\\/\\\/trendsandvision.nl\\\/de\\\/esschert-design\\\/\",\"name\":\"Esschert Design - Trends &amp; Vision (DE)\",\"isPartOf\":{\"@id\":\"https:\\\/\\\/trendsandvision.nl\\\/de\\\/#website\"},\"datePublished\":\"2022-04-22T11:14:38+00:00\",\"dateModified\":\"2025-12-13T11:59:11+00:00\",\"breadcrumb\":{\"@id\":\"https:\\\/\\\/trendsandvision.nl\\\/de\\\/esschert-design\\\/#breadcrumb\"},\"inLanguage\":\"de\",\"potentialAction\":[{\"@type\":\"ReadAction\",\"target\":[\"https:\\\/\\\/trendsandvision.nl\\\/de\\\/esschert-design\\\/\"]}]},{\"@type\":\"BreadcrumbList\",\"@id\":\"https:\\\/\\\/trendsandvision.nl\\\/de\\\/esschert-design\\\/#breadcrumb\",\"itemListElement\":[{\"@type\":\"ListItem\",\"position\":1,\"name\":\"Home\",\"item\":\"https:\\\/\\\/trendsandvision.nl\\\/de\\\/\"},{\"@type\":\"ListItem\",\"position\":2,\"name\":\"Esschert Design\"}]},{\"@type\":\"WebSite\",\"@id\":\"https:\\\/\\\/trendsandvision.nl\\\/de\\\/#website\",\"url\":\"https:\\\/\\\/trendsandvision.nl\\\/de\\\/\",\"name\":\"Trends &amp; Vision (DE)\",\"description\":\"Der Webshop f\u00fcr Esschert Design Artikel\",\"publisher\":{\"@id\":\"https:\\\/\\\/trendsandvision.nl\\\/de\\\/#organization\"},\"potentialAction\":[{\"@type\":\"SearchAction\",\"target\":{\"@type\":\"EntryPoint\",\"urlTemplate\":\"https:\\\/\\\/trendsandvision.nl\\\/de\\\/?s={search_term_string}\"},\"query-input\":{\"@type\":\"PropertyValueSpecification\",\"valueRequired\":true,\"valueName\":\"search_term_string\"}}],\"inLanguage\":\"de\"},{\"@type\":\"Organization\",\"@id\":\"https:\\\/\\\/trendsandvision.nl\\\/de\\\/#organization\",\"name\":\"Trends &amp; Vision (DE)\",\"url\":\"https:\\\/\\\/trendsandvision.nl\\\/de\\\/\",\"logo\":{\"@type\":\"ImageObject\",\"inLanguage\":\"de\",\"@id\":\"https:\\\/\\\/trendsandvision.nl\\\/de\\\/#\\\/schema\\\/logo\\\/image\\\/\",\"url\":\"https:\\\/\\\/trendsandvision.nl\\\/de\\\/wp-content\\\/uploads\\\/sites\\\/3\\\/2022\\\/04\\\/trends-and-vision-logo.jpg\",\"contentUrl\":\"https:\\\/\\\/trendsandvision.nl\\\/de\\\/wp-content\\\/uploads\\\/sites\\\/3\\\/2022\\\/04\\\/trends-and-vision-logo.jpg\",\"width\":213,\"height\":100,\"caption\":\"Trends &amp; Vision (DE)\"},\"image\":{\"@id\":\"https:\\\/\\\/trendsandvision.nl\\\/de\\\/#\\\/schema\\\/logo\\\/image\\\/\"}}]}<\/script>\n<!-- \/ Yoast SEO Premium plugin. -->","yoast_head_json":{"title":"Esschert Design - Trends &amp; Vision (DE)","robots":{"index":"index","follow":"follow","max-snippet":"max-snippet:-1","max-image-preview":"max-image-preview:large","max-video-preview":"max-video-preview:-1"},"canonical":"https:\/\/trendsandvision.nl\/de\/esschert-design\/","og_locale":"de_DE","og_type":"article","og_title":"Esschert Design","og_description":"Trends &amp; Vision ist eine unabh\u00e4ngige Wiederverk\u00e4ufer, wo durch dieses Webshop die gesamte Kollektion Esschert Design angeboten wird, vor allem f\u00fcr private Kunden. Esschert Design entwickelt, produziert und vertreibt einzigartige Garten- und Geschenkartikel und bietet wohl\u00fcberlegte Entscheidungen f\u00fcr einen besseren Planeten. (thoughtfull choices for a better planet: designed to disappear, fighting food waste, clean-up, water [&hellip;]","og_url":"https:\/\/trendsandvision.nl\/de\/esschert-design\/","og_site_name":"Trends &amp; Vision (DE)","article_modified_time":"2025-12-13T11:59:11+00:00","twitter_card":"summary_large_image","twitter_misc":{"Gesch\u00e4tzte Lesezeit":"1\u00a0Minute"},"schema":{"@context":"https:\/\/schema.org","@graph":[{"@type":"WebPage","@id":"https:\/\/trendsandvision.nl\/de\/esschert-design\/","url":"https:\/\/trendsandvision.nl\/de\/esschert-design\/","name":"Esschert Design - Trends &amp; Vision (DE)","isPartOf":{"@id":"https:\/\/trendsandvision.nl\/de\/#website"},"datePublished":"2022-04-22T11:14:38+00:00","dateModified":"2025-12-13T11:59:11+00:00","breadcrumb":{"@id":"https:\/\/trendsandvision.nl\/de\/esschert-design\/#breadcrumb"},"inLanguage":"de","potentialAction":[{"@type":"ReadAction","target":["https:\/\/trendsandvision.nl\/de\/esschert-design\/"]}]},{"@type":"BreadcrumbList","@id":"https:\/\/trendsandvision.nl\/de\/esschert-design\/#breadcrumb","itemListElement":[{"@type":"ListItem","position":1,"name":"Home","item":"https:\/\/trendsandvision.nl\/de\/"},{"@type":"ListItem","position":2,"name":"Esschert Design"}]},{"@type":"WebSite","@id":"https:\/\/trendsandvision.nl\/de\/#website","url":"https:\/\/trendsandvision.nl\/de\/","name":"Trends &amp; Vision (DE)","description":"Der Webshop f\u00fcr Esschert Design Artikel","publisher":{"@id":"https:\/\/trendsandvision.nl\/de\/#organization"},"potentialAction":[{"@type":"SearchAction","target":{"@type":"EntryPoint","urlTemplate":"https:\/\/trendsandvision.nl\/de\/?s={search_term_string}"},"query-input":{"@type":"PropertyValueSpecification","valueRequired":true,"valueName":"search_term_string"}}],"inLanguage":"de"},{"@type":"Organization","@id":"https:\/\/trendsandvision.nl\/de\/#organization","name":"Trends &amp; Vision (DE)","url":"https:\/\/trendsandvision.nl\/de\/","logo":{"@type":"ImageObject","inLanguage":"de","@id":"https:\/\/trendsandvision.nl\/de\/#\/schema\/logo\/image\/","url":"https:\/\/trendsandvision.nl\/de\/wp-content\/uploads\/sites\/3\/2022\/04\/trends-and-vision-logo.jpg","contentUrl":"https:\/\/trendsandvision.nl\/de\/wp-content\/uploads\/sites\/3\/2022\/04\/trends-and-vision-logo.jpg","width":213,"height":100,"caption":"Trends &amp; Vision (DE)"},"image":{"@id":"https:\/\/trendsandvision.nl\/de\/#\/schema\/logo\/image\/"}}]}},"_links":{"self":[{"href":"https:\/\/trendsandvision.nl\/de\/wp-json\/wp\/v2\/pages\/17","targetHints":{"allow":["GET"]}}],"collection":[{"href":"https:\/\/trendsandvision.nl\/de\/wp-json\/wp\/v2\/pages"}],"about":[{"href":"https:\/\/trendsandvision.nl\/de\/wp-json\/wp\/v2\/types\/page"}],"author":[{"embeddable":true,"href":"https:\/\/trendsandvision.nl\/de\/wp-json\/wp\/v2\/users\/1"}],"replies":[{"embeddable":true,"href":"https:\/\/trendsandvision.nl\/de\/wp-json\/wp\/v2\/comments?post=17"}],"version-history":[{"count":1,"href":"https:\/\/trendsandvision.nl\/de\/wp-json\/wp\/v2\/pages\/17\/revisions"}],"predecessor-version":[{"id":23629,"href":"https:\/\/trendsandvision.nl\/de\/wp-json\/wp\/v2\/pages\/17\/revisions\/23629"}],"wp:attachment":[{"href":"https:\/\/trendsandvision.nl\/de\/wp-json\/wp\/v2\/media?parent=17"}],"curies":[{"name":"wp","href":"https:\/\/api.w.org\/{rel}","templated":true}]}}