{"id":16,"date":"2022-04-22T13:19:49","date_gmt":"2022-04-22T11:19:49","guid":{"rendered":"https:\/\/trendsandvision.nl\/de\/?page_id=16"},"modified":"2025-12-14T11:51:08","modified_gmt":"2025-12-14T10:51:08","slug":"presse","status":"publish","type":"page","link":"https:\/\/trendsandvision.nl\/de\/presse\/","title":{"rendered":"Presse-Cross Media Concepts"},"content":{"rendered":"<div class=\"main-container col1-layout\">\n<div class=\"main\">\n<div class=\"col-main\">\n<div class=\"page-title\">\n<h2>Trends &amp; Vision Cross Media Concepts<\/h2>\n<\/div>\n<div class=\"std\">\n<p>Als Mitglied der ver\u00f6ffentlichenden Presse k\u00f6nnen Sie fr\u00fchzeitig \u00fcber Produktneuheiten informiert werden.<\/p>\n<p>Neben dem Text und den Beschreibungen zu den einzelnen Neuheiten, haben Sie au\u00dferdem die M\u00f6glichkeit, Bilder dieser Produkte in hoher Aufl\u00f6sung auf zu fragen in 300dpi (HR\/Mood). Sollten Sie direkt ein Produktfoto ben\u00f6tigen, nehmen Sie bitte Kontakt mit uns auf \u00fcber die E-Mail-Adresse <a href=\"mailto:admin@trendsandvision.com\">admin@trendsandvision.com<\/a><\/p>\n<p>Trends &amp; Vision Cross Media Concepts.<\/p>\n<\/div>\n<\/div>\n<\/div>\n<\/div>\n","protected":false},"excerpt":{"rendered":"<p>Trends &amp; Vision Cross Media Concepts Als Mitglied der ver\u00f6ffentlichenden Presse k\u00f6nnen Sie fr\u00fchzeitig \u00fcber Produktneuheiten informiert werden. Neben dem Text und den Beschreibungen zu den einzelnen Neuheiten, haben Sie au\u00dferdem die M\u00f6glichkeit, Bilder dieser Produkte in hoher Aufl\u00f6sung auf zu fragen in 300dpi (HR\/Mood). Sollten Sie direkt ein Produktfoto ben\u00f6tigen, nehmen Sie bitte Kontakt [&hellip;]<\/p>\n","protected":false},"author":1,"featured_media":0,"parent":0,"menu_order":0,"comment_status":"closed","ping_status":"closed","template":"","meta":{"footnotes":""},"class_list":["post-16","page","type-page","status-publish","czr-hentry"],"yoast_head":"<!-- This site is optimized with the Yoast SEO Premium plugin v26.4 (Yoast SEO v27.3) - https:\/\/yoast.com\/product\/yoast-seo-premium-wordpress\/ -->\n<title>Presse-Cross Media Concepts - Trends &amp; Vision (DE)<\/title>\n<meta name=\"robots\" content=\"index, follow, max-snippet:-1, max-image-preview:large, max-video-preview:-1\" \/>\n<link rel=\"canonical\" href=\"https:\/\/trendsandvision.nl\/de\/presse\/\" \/>\n<meta property=\"og:locale\" content=\"de_DE\" \/>\n<meta property=\"og:type\" content=\"article\" \/>\n<meta property=\"og:title\" content=\"Presse-Cross Media Concepts\" \/>\n<meta property=\"og:description\" content=\"Trends &amp; Vision Cross Media Concepts Als Mitglied der ver\u00f6ffentlichenden Presse k\u00f6nnen Sie fr\u00fchzeitig \u00fcber Produktneuheiten informiert werden. Neben dem Text und den Beschreibungen zu den einzelnen Neuheiten, haben Sie au\u00dferdem die M\u00f6glichkeit, Bilder dieser Produkte in hoher Aufl\u00f6sung auf zu fragen in 300dpi (HR\/Mood). Sollten Sie direkt ein Produktfoto ben\u00f6tigen, nehmen Sie bitte Kontakt [&hellip;]\" \/>\n<meta property=\"og:url\" content=\"https:\/\/trendsandvision.nl\/de\/presse\/\" \/>\n<meta property=\"og:site_name\" content=\"Trends &amp; Vision (DE)\" \/>\n<meta property=\"article:modified_time\" content=\"2025-12-14T10:51:08+00:00\" \/>\n<meta name=\"twitter:card\" content=\"summary_large_image\" \/>\n<script type=\"application\/ld+json\" class=\"yoast-schema-graph\">{\"@context\":\"https:\\\/\\\/schema.org\",\"@graph\":[{\"@type\":\"WebPage\",\"@id\":\"https:\\\/\\\/trendsandvision.nl\\\/de\\\/presse\\\/\",\"url\":\"https:\\\/\\\/trendsandvision.nl\\\/de\\\/presse\\\/\",\"name\":\"Presse-Cross Media Concepts - Trends &amp; Vision (DE)\",\"isPartOf\":{\"@id\":\"https:\\\/\\\/trendsandvision.nl\\\/de\\\/#website\"},\"datePublished\":\"2022-04-22T11:19:49+00:00\",\"dateModified\":\"2025-12-14T10:51:08+00:00\",\"breadcrumb\":{\"@id\":\"https:\\\/\\\/trendsandvision.nl\\\/de\\\/presse\\\/#breadcrumb\"},\"inLanguage\":\"de\",\"potentialAction\":[{\"@type\":\"ReadAction\",\"target\":[\"https:\\\/\\\/trendsandvision.nl\\\/de\\\/presse\\\/\"]}]},{\"@type\":\"BreadcrumbList\",\"@id\":\"https:\\\/\\\/trendsandvision.nl\\\/de\\\/presse\\\/#breadcrumb\",\"itemListElement\":[{\"@type\":\"ListItem\",\"position\":1,\"name\":\"Home\",\"item\":\"https:\\\/\\\/trendsandvision.nl\\\/de\\\/\"},{\"@type\":\"ListItem\",\"position\":2,\"name\":\"Presse\"}]},{\"@type\":\"WebSite\",\"@id\":\"https:\\\/\\\/trendsandvision.nl\\\/de\\\/#website\",\"url\":\"https:\\\/\\\/trendsandvision.nl\\\/de\\\/\",\"name\":\"Trends &amp; Vision (DE)\",\"description\":\"Der Webshop f\u00fcr Esschert Design Artikel\",\"publisher\":{\"@id\":\"https:\\\/\\\/trendsandvision.nl\\\/de\\\/#organization\"},\"potentialAction\":[{\"@type\":\"SearchAction\",\"target\":{\"@type\":\"EntryPoint\",\"urlTemplate\":\"https:\\\/\\\/trendsandvision.nl\\\/de\\\/?s={search_term_string}\"},\"query-input\":{\"@type\":\"PropertyValueSpecification\",\"valueRequired\":true,\"valueName\":\"search_term_string\"}}],\"inLanguage\":\"de\"},{\"@type\":\"Organization\",\"@id\":\"https:\\\/\\\/trendsandvision.nl\\\/de\\\/#organization\",\"name\":\"Trends &amp; Vision (DE)\",\"url\":\"https:\\\/\\\/trendsandvision.nl\\\/de\\\/\",\"logo\":{\"@type\":\"ImageObject\",\"inLanguage\":\"de\",\"@id\":\"https:\\\/\\\/trendsandvision.nl\\\/de\\\/#\\\/schema\\\/logo\\\/image\\\/\",\"url\":\"https:\\\/\\\/trendsandvision.nl\\\/de\\\/wp-content\\\/uploads\\\/sites\\\/3\\\/2022\\\/04\\\/trends-and-vision-logo.jpg\",\"contentUrl\":\"https:\\\/\\\/trendsandvision.nl\\\/de\\\/wp-content\\\/uploads\\\/sites\\\/3\\\/2022\\\/04\\\/trends-and-vision-logo.jpg\",\"width\":213,\"height\":100,\"caption\":\"Trends &amp; Vision (DE)\"},\"image\":{\"@id\":\"https:\\\/\\\/trendsandvision.nl\\\/de\\\/#\\\/schema\\\/logo\\\/image\\\/\"}}]}<\/script>\n<!-- \/ Yoast SEO Premium plugin. -->","yoast_head_json":{"title":"Presse-Cross Media Concepts - Trends &amp; Vision (DE)","robots":{"index":"index","follow":"follow","max-snippet":"max-snippet:-1","max-image-preview":"max-image-preview:large","max-video-preview":"max-video-preview:-1"},"canonical":"https:\/\/trendsandvision.nl\/de\/presse\/","og_locale":"de_DE","og_type":"article","og_title":"Presse-Cross Media Concepts","og_description":"Trends &amp; Vision Cross Media Concepts Als Mitglied der ver\u00f6ffentlichenden Presse k\u00f6nnen Sie fr\u00fchzeitig \u00fcber Produktneuheiten informiert werden. Neben dem Text und den Beschreibungen zu den einzelnen Neuheiten, haben Sie au\u00dferdem die M\u00f6glichkeit, Bilder dieser Produkte in hoher Aufl\u00f6sung auf zu fragen in 300dpi (HR\/Mood). Sollten Sie direkt ein Produktfoto ben\u00f6tigen, nehmen Sie bitte Kontakt [&hellip;]","og_url":"https:\/\/trendsandvision.nl\/de\/presse\/","og_site_name":"Trends &amp; Vision (DE)","article_modified_time":"2025-12-14T10:51:08+00:00","twitter_card":"summary_large_image","schema":{"@context":"https:\/\/schema.org","@graph":[{"@type":"WebPage","@id":"https:\/\/trendsandvision.nl\/de\/presse\/","url":"https:\/\/trendsandvision.nl\/de\/presse\/","name":"Presse-Cross Media Concepts - Trends &amp; Vision (DE)","isPartOf":{"@id":"https:\/\/trendsandvision.nl\/de\/#website"},"datePublished":"2022-04-22T11:19:49+00:00","dateModified":"2025-12-14T10:51:08+00:00","breadcrumb":{"@id":"https:\/\/trendsandvision.nl\/de\/presse\/#breadcrumb"},"inLanguage":"de","potentialAction":[{"@type":"ReadAction","target":["https:\/\/trendsandvision.nl\/de\/presse\/"]}]},{"@type":"BreadcrumbList","@id":"https:\/\/trendsandvision.nl\/de\/presse\/#breadcrumb","itemListElement":[{"@type":"ListItem","position":1,"name":"Home","item":"https:\/\/trendsandvision.nl\/de\/"},{"@type":"ListItem","position":2,"name":"Presse"}]},{"@type":"WebSite","@id":"https:\/\/trendsandvision.nl\/de\/#website","url":"https:\/\/trendsandvision.nl\/de\/","name":"Trends &amp; Vision (DE)","description":"Der Webshop f\u00fcr Esschert Design Artikel","publisher":{"@id":"https:\/\/trendsandvision.nl\/de\/#organization"},"potentialAction":[{"@type":"SearchAction","target":{"@type":"EntryPoint","urlTemplate":"https:\/\/trendsandvision.nl\/de\/?s={search_term_string}"},"query-input":{"@type":"PropertyValueSpecification","valueRequired":true,"valueName":"search_term_string"}}],"inLanguage":"de"},{"@type":"Organization","@id":"https:\/\/trendsandvision.nl\/de\/#organization","name":"Trends &amp; Vision (DE)","url":"https:\/\/trendsandvision.nl\/de\/","logo":{"@type":"ImageObject","inLanguage":"de","@id":"https:\/\/trendsandvision.nl\/de\/#\/schema\/logo\/image\/","url":"https:\/\/trendsandvision.nl\/de\/wp-content\/uploads\/sites\/3\/2022\/04\/trends-and-vision-logo.jpg","contentUrl":"https:\/\/trendsandvision.nl\/de\/wp-content\/uploads\/sites\/3\/2022\/04\/trends-and-vision-logo.jpg","width":213,"height":100,"caption":"Trends &amp; Vision (DE)"},"image":{"@id":"https:\/\/trendsandvision.nl\/de\/#\/schema\/logo\/image\/"}}]}},"_links":{"self":[{"href":"https:\/\/trendsandvision.nl\/de\/wp-json\/wp\/v2\/pages\/16","targetHints":{"allow":["GET"]}}],"collection":[{"href":"https:\/\/trendsandvision.nl\/de\/wp-json\/wp\/v2\/pages"}],"about":[{"href":"https:\/\/trendsandvision.nl\/de\/wp-json\/wp\/v2\/types\/page"}],"author":[{"embeddable":true,"href":"https:\/\/trendsandvision.nl\/de\/wp-json\/wp\/v2\/users\/1"}],"replies":[{"embeddable":true,"href":"https:\/\/trendsandvision.nl\/de\/wp-json\/wp\/v2\/comments?post=16"}],"version-history":[{"count":2,"href":"https:\/\/trendsandvision.nl\/de\/wp-json\/wp\/v2\/pages\/16\/revisions"}],"predecessor-version":[{"id":23643,"href":"https:\/\/trendsandvision.nl\/de\/wp-json\/wp\/v2\/pages\/16\/revisions\/23643"}],"wp:attachment":[{"href":"https:\/\/trendsandvision.nl\/de\/wp-json\/wp\/v2\/media?parent=16"}],"curies":[{"name":"wp","href":"https:\/\/api.w.org\/{rel}","templated":true}]}}